{"id":7866,"date":"2026-01-26T10:05:14","date_gmt":"2026-01-26T14:05:14","guid":{"rendered":"https:\/\/www.clie.cl\/?post_type=product&#038;p=7866"},"modified":"2026-03-11T08:41:28","modified_gmt":"2026-03-11T12:41:28","slug":"plotter-multifuncional-epson-surecolor-t5170m-36-pulgadas-c11cj54201","status":"publish","type":"product","link":"https:\/\/www.clie.cl\/index.php\/producto\/plotter-multifuncional-epson-surecolor-t5170m-36-pulgadas-c11cj54201\/","title":{"rendered":"Plotter Multifuncional Epson Surecolor T5170M 36 pulgadas C11CJ54201"},"content":{"rendered":"<p>Plotter Multifuncional Epson Surecolor T5170M 36 pulgadas C11CJ54201<\/p>\n<p>Impresora Inal\u00e1mbrica SureColor T5170M 36&#8243; con Esc\u00e1ner Integrado<\/p>\n<p>Impresora de gran formato de inyecci\u00f3n de tinta A1 Epson SureColor T5170M &#8211; Includes Impresora, Esc\u00e1ner, Copiadora &#8211; 914.40mm (36&#8243;) Ancho de Impresi\u00f3n &#8211; Color &#8211; 4 Color(es) &#8211; 31Segundo Velocidad de color &#8211; 2400 x 1200 dpi &#8211; USB<\/p>\n<p>Impresi\u00f3n<\/p>\n<p>Tecnolog\u00eda de impresi\u00f3n <br \/>Tipo de tinta <br \/>Boquillas de conguraci\u00f3n <br \/>Precisi\u00f3n de l\u00ednea Tecnolog\u00eda de gotas <br \/>Resoluci\u00f3n m\u00e1xima <br \/>Velocidad de impresi\u00f3n1 <br \/>Lenguaje de impresora\/controladores<\/p>\n<p>Sensor de esc\u00e1ner Sensor CIS (alimentaci\u00f3n de hojas)<\/p>\n<p>Resoluci\u00f3n de escaneo\/copia Velocidad Hasta 600 ppp, reimpresi\u00f3n 2.400 x 2.100 ppp Hasta 1,5 ips (color) Hasta 4,5 ips (monocromo) Hasta 36&#8243; Hasta 8,9&#8242; Papel normal, papel reciclado, papel revestido, papel de calco, pel\u00edcula, plano, papel de impresi\u00f3n offset, hoja portadora. N\u00famero m\u00e1ximo de copias: hasta 99 25% a 400% Compatible con JPEG, PDF (una sola p\u00e1gina), PDF (varias p\u00e1ginas), PDF\/A, PDF cifrado, TIFF Escaneo a carpeta de red, servidor FTP, servidor FTP seguro, servidor de correo, servidor de correo seguro, l\u00e1piz de memoria USB<\/p>\n<p>de escaneo Ancho m\u00e1ximo de escaneo Longitud m\u00e1xima de escaneo Tipo de soporte de escaneo Reducci\u00f3n\/ampliaci\u00f3n Tipo de archivo Modos de escaneo Colores (C, M, Y) 26 ml. Negro (K) 50 ml Tinta de pigmento UltraChrome\u00ae XD2 Colores (C, M, Y): 26 ml o 50 ml Negro (K): 50 ml u 80 ml 2 a\u00f1os desde la fecha de producci\u00f3n impresa o 6 meses despu\u00e9s de abierto La impresora est\u00e1 dise\u00f1ada para usarse solo con cartuchos Epson, no con cartuchos o tinta de terceros*<\/p>\n<p>634970<br \/>Cartuchos de tinta inteligentes Epson6 Volumen de llenado del cartucho en la caja Tipo de tinta Volumen de llenado de cartucho minorista Vida \u00fatil del cartucho de tinta Individual de 36&#8243; de ancho Ajustables por el usuario de 2&#8243; de di\u00e1metro del n\u00facleo Cortador giratorio interno de alta velocidad Autom\u00e1tico o manual de hasta 4,3&#8243; 0,05 mm hasta 0,21 mm La cantidad de papel restante se puede controlar desde el panel de control Manipulaci\u00f3n de papel en rollo Rollo de carga superior Adaptadores de papel en rollo Rollo de corte7 Di\u00e1metro m\u00e1ximo del rollo Espesor del material Rollo de papel restante Hasta 36&#8243; de ancho Hasta 11&#8243; x 17&#8243;; hasta 50 hojas 8,27&#8243; x 11&#8243; 0,12 mm hasta 0,27 mm Manejo de hojas de papel Hoja suelta carga superior Alimentador autom\u00e1tico de hojas Tama\u00f1o m\u00ednimo de hoja (1 hoja y ASF) Espesor de la hoja 36&#8243; M\u00ednimo 3 mm cada uno Hasta 59&#8242; Rollo: 13&#8243;\/hoja: 8,27&#8243;<\/p>\n","protected":false},"excerpt":{"rendered":"<p>Producto original.<\/p>\n","protected":false},"featured_media":7758,"comment_status":"open","ping_status":"closed","template":"","meta":{"site-sidebar-layout":"default","site-content-layout":"","ast-site-content-layout":"default","site-content-style":"default","site-sidebar-style":"default","ast-global-header-display":"","ast-banner-title-visibility":"","ast-main-header-display":"","ast-hfb-above-header-display":"","ast-hfb-below-header-display":"","ast-hfb-mobile-header-display":"","site-post-title":"","ast-breadcrumbs-content":"","ast-featured-img":"","footer-sml-layout":"","ast-disable-related-posts":"","theme-transparent-header-meta":"default","adv-header-id-meta":"","stick-header-meta":"default","header-above-stick-meta":"","header-main-stick-meta":"","header-below-stick-meta":"","astra-migrate-meta-layouts":"set","ast-page-background-enabled":"default","ast-page-background-meta":{"desktop":{"background-color":"var(--ast-global-color-4)","background-image":"","background-repeat":"repeat","background-position":"center center","background-size":"auto","background-attachment":"scroll","background-type":"","background-media":"","overlay-type":"","overlay-color":"","overlay-opacity":"","overlay-gradient":""},"tablet":{"background-color":"","background-image":"","background-repeat":"repeat","background-position":"center center","background-size":"auto","background-attachment":"scroll","background-type":"","background-media":"","overlay-type":"","overlay-color":"","overlay-opacity":"","overlay-gradient":""},"mobile":{"background-color":"","background-image":"","background-repeat":"repeat","background-position":"center center","background-size":"auto","background-attachment":"scroll","background-type":"","background-media":"","overlay-type":"","overlay-color":"","overlay-opacity":"","overlay-gradient":""}},"ast-content-background-meta":{"desktop":{"background-color":"var(--ast-global-color-5)","background-image":"","background-repeat":"repeat","background-position":"center center","background-size":"auto","background-attachment":"scroll","background-type":"","background-media":"","overlay-type":"","overlay-color":"","overlay-opacity":"","overlay-gradient":""},"tablet":{"background-color":"var(--ast-global-color-5)","background-image":"","background-repeat":"repeat","background-position":"center center","background-size":"auto","background-attachment":"scroll","background-type":"","background-media":"","overlay-type":"","overlay-color":"","overlay-opacity":"","overlay-gradient":""},"mobile":{"background-color":"var(--ast-global-color-5)","background-image":"","background-repeat":"repeat","background-position":"center center","background-size":"auto","background-attachment":"scroll","background-type":"","background-media":"","overlay-type":"","overlay-color":"","overlay-opacity":"","overlay-gradient":""}}},"product_brand":[968],"product_cat":[21,41],"product_tag":[506,999],"class_list":{"0":"post-7866","1":"product","2":"type-product","3":"status-publish","4":"has-post-thumbnail","6":"product_brand-epson","7":"product_cat-impresoras","8":"product_cat-plotter","9":"product_tag-surecolor","10":"product_tag-t5170m","11":"desktop-align-left","12":"tablet-align-left","13":"mobile-align-left","14":"ast-product-gallery-layout-horizontal-slider","15":"ast-product-gallery-with-no-image","16":"ast-magnify-disabled","17":"ast-product-tabs-layout-horizontal","18":"ast-qv-on-image","20":"first","21":"instock","22":"sale","23":"taxable","24":"shipping-taxable","25":"purchasable","26":"product-type-simple"},"yoast_head":"<!-- This site is optimized with the Yoast SEO plugin v27.5 - https:\/\/yoast.com\/product\/yoast-seo-wordpress\/ -->\n<title>Plotter Multifuncional Epson Surecolor T5170M 36 pulgadas C11CJ54201 - CLIE LIMITADA<\/title>\n<meta name=\"robots\" content=\"index, follow, max-snippet:-1, max-image-preview:large, max-video-preview:-1\" \/>\n<link rel=\"canonical\" href=\"https:\/\/www.clie.cl\/index.php\/producto\/plotter-multifuncional-epson-surecolor-t5170m-36-pulgadas-c11cj54201\/\" \/>\n<meta property=\"og:locale\" content=\"es_ES\" \/>\n<meta property=\"og:type\" content=\"article\" \/>\n<meta property=\"og:title\" content=\"Plotter Multifuncional Epson Surecolor T5170M 36 pulgadas C11CJ54201 - CLIE LIMITADA\" \/>\n<meta property=\"og:description\" content=\"Producto original.\" \/>\n<meta property=\"og:url\" content=\"https:\/\/www.clie.cl\/index.php\/producto\/plotter-multifuncional-epson-surecolor-t5170m-36-pulgadas-c11cj54201\/\" \/>\n<meta property=\"og:site_name\" content=\"CLIE LIMITADA\" \/>\n<meta property=\"article:modified_time\" content=\"2026-03-11T12:41:28+00:00\" \/>\n<meta property=\"og:image\" content=\"https:\/\/www.clie.cl\/wp-content\/uploads\/2025\/11\/Plotter_Epson_T5170_clie.cl_.jpg\" \/>\n\t<meta property=\"og:image:width\" content=\"2000\" \/>\n\t<meta property=\"og:image:height\" content=\"2000\" \/>\n\t<meta property=\"og:image:type\" content=\"image\/jpeg\" \/>\n<meta name=\"twitter:card\" content=\"summary_large_image\" \/>\n<meta name=\"twitter:label1\" content=\"Tiempo de lectura\" \/>\n\t<meta name=\"twitter:data1\" content=\"3 minutos\" \/>\n<script type=\"application\/ld+json\" class=\"yoast-schema-graph\">{\"@context\":\"https:\\\/\\\/schema.org\",\"@graph\":[{\"@type\":\"WebPage\",\"@id\":\"https:\\\/\\\/www.clie.cl\\\/index.php\\\/producto\\\/plotter-multifuncional-epson-surecolor-t5170m-36-pulgadas-c11cj54201\\\/\",\"url\":\"https:\\\/\\\/www.clie.cl\\\/index.php\\\/producto\\\/plotter-multifuncional-epson-surecolor-t5170m-36-pulgadas-c11cj54201\\\/\",\"name\":\"Plotter Multifuncional Epson Surecolor T5170M 36 pulgadas C11CJ54201 - CLIE LIMITADA\",\"isPartOf\":{\"@id\":\"https:\\\/\\\/www.clie.cl\\\/#website\"},\"primaryImageOfPage\":{\"@id\":\"https:\\\/\\\/www.clie.cl\\\/index.php\\\/producto\\\/plotter-multifuncional-epson-surecolor-t5170m-36-pulgadas-c11cj54201\\\/#primaryimage\"},\"image\":{\"@id\":\"https:\\\/\\\/www.clie.cl\\\/index.php\\\/producto\\\/plotter-multifuncional-epson-surecolor-t5170m-36-pulgadas-c11cj54201\\\/#primaryimage\"},\"thumbnailUrl\":\"https:\\\/\\\/www.clie.cl\\\/wp-content\\\/uploads\\\/2025\\\/11\\\/Plotter_Epson_T5170_clie.cl_.jpg\",\"datePublished\":\"2026-01-26T14:05:14+00:00\",\"dateModified\":\"2026-03-11T12:41:28+00:00\",\"breadcrumb\":{\"@id\":\"https:\\\/\\\/www.clie.cl\\\/index.php\\\/producto\\\/plotter-multifuncional-epson-surecolor-t5170m-36-pulgadas-c11cj54201\\\/#breadcrumb\"},\"inLanguage\":\"es\",\"potentialAction\":[{\"@type\":\"ReadAction\",\"target\":[\"https:\\\/\\\/www.clie.cl\\\/index.php\\\/producto\\\/plotter-multifuncional-epson-surecolor-t5170m-36-pulgadas-c11cj54201\\\/\"]}]},{\"@type\":\"ImageObject\",\"inLanguage\":\"es\",\"@id\":\"https:\\\/\\\/www.clie.cl\\\/index.php\\\/producto\\\/plotter-multifuncional-epson-surecolor-t5170m-36-pulgadas-c11cj54201\\\/#primaryimage\",\"url\":\"https:\\\/\\\/www.clie.cl\\\/wp-content\\\/uploads\\\/2025\\\/11\\\/Plotter_Epson_T5170_clie.cl_.jpg\",\"contentUrl\":\"https:\\\/\\\/www.clie.cl\\\/wp-content\\\/uploads\\\/2025\\\/11\\\/Plotter_Epson_T5170_clie.cl_.jpg\",\"width\":2000,\"height\":2000,\"caption\":\"Plotter_Epson_T5170_clie.cl\"},{\"@type\":\"BreadcrumbList\",\"@id\":\"https:\\\/\\\/www.clie.cl\\\/index.php\\\/producto\\\/plotter-multifuncional-epson-surecolor-t5170m-36-pulgadas-c11cj54201\\\/#breadcrumb\",\"itemListElement\":[{\"@type\":\"ListItem\",\"position\":1,\"name\":\"Portada\",\"item\":\"https:\\\/\\\/www.clie.cl\\\/\"},{\"@type\":\"ListItem\",\"position\":2,\"name\":\"Productos\",\"item\":\"https:\\\/\\\/www.clie.cl\\\/index.php\\\/shop\\\/\"},{\"@type\":\"ListItem\",\"position\":3,\"name\":\"Plotter Multifuncional Epson Surecolor T5170M 36 pulgadas C11CJ54201\"}]},{\"@type\":\"WebSite\",\"@id\":\"https:\\\/\\\/www.clie.cl\\\/#website\",\"url\":\"https:\\\/\\\/www.clie.cl\\\/\",\"name\":\"CLIE.cl\",\"description\":\"Clie Limitada\",\"publisher\":{\"@id\":\"https:\\\/\\\/www.clie.cl\\\/#organization\"},\"alternateName\":\"CLIE\",\"potentialAction\":[{\"@type\":\"SearchAction\",\"target\":{\"@type\":\"EntryPoint\",\"urlTemplate\":\"https:\\\/\\\/www.clie.cl\\\/?s={search_term_string}\"},\"query-input\":{\"@type\":\"PropertyValueSpecification\",\"valueRequired\":true,\"valueName\":\"search_term_string\"}}],\"inLanguage\":\"es\"},{\"@type\":\"Organization\",\"@id\":\"https:\\\/\\\/www.clie.cl\\\/#organization\",\"name\":\"CLIE LIMITADA\",\"url\":\"https:\\\/\\\/www.clie.cl\\\/\",\"logo\":{\"@type\":\"ImageObject\",\"inLanguage\":\"es\",\"@id\":\"https:\\\/\\\/www.clie.cl\\\/#\\\/schema\\\/logo\\\/image\\\/\",\"url\":\"https:\\\/\\\/www.clie.cl\\\/wp-content\\\/uploads\\\/2023\\\/10\\\/logo_clie_front_web_2023.png\",\"contentUrl\":\"https:\\\/\\\/www.clie.cl\\\/wp-content\\\/uploads\\\/2023\\\/10\\\/logo_clie_front_web_2023.png\",\"width\":139,\"height\":118,\"caption\":\"CLIE LIMITADA\"},\"image\":{\"@id\":\"https:\\\/\\\/www.clie.cl\\\/#\\\/schema\\\/logo\\\/image\\\/\"}}]}<\/script>\n<!-- \/ Yoast SEO plugin. -->","yoast_head_json":{"title":"Plotter Multifuncional Epson Surecolor T5170M 36 pulgadas C11CJ54201 - CLIE LIMITADA","robots":{"index":"index","follow":"follow","max-snippet":"max-snippet:-1","max-image-preview":"max-image-preview:large","max-video-preview":"max-video-preview:-1"},"canonical":"https:\/\/www.clie.cl\/index.php\/producto\/plotter-multifuncional-epson-surecolor-t5170m-36-pulgadas-c11cj54201\/","og_locale":"es_ES","og_type":"article","og_title":"Plotter Multifuncional Epson Surecolor T5170M 36 pulgadas C11CJ54201 - CLIE LIMITADA","og_description":"Producto original.","og_url":"https:\/\/www.clie.cl\/index.php\/producto\/plotter-multifuncional-epson-surecolor-t5170m-36-pulgadas-c11cj54201\/","og_site_name":"CLIE LIMITADA","article_modified_time":"2026-03-11T12:41:28+00:00","og_image":[{"width":2000,"height":2000,"url":"https:\/\/www.clie.cl\/wp-content\/uploads\/2025\/11\/Plotter_Epson_T5170_clie.cl_.jpg","type":"image\/jpeg"}],"twitter_card":"summary_large_image","twitter_misc":{"Tiempo de lectura":"3 minutos"},"schema":{"@context":"https:\/\/schema.org","@graph":[{"@type":"WebPage","@id":"https:\/\/www.clie.cl\/index.php\/producto\/plotter-multifuncional-epson-surecolor-t5170m-36-pulgadas-c11cj54201\/","url":"https:\/\/www.clie.cl\/index.php\/producto\/plotter-multifuncional-epson-surecolor-t5170m-36-pulgadas-c11cj54201\/","name":"Plotter Multifuncional Epson Surecolor T5170M 36 pulgadas C11CJ54201 - CLIE LIMITADA","isPartOf":{"@id":"https:\/\/www.clie.cl\/#website"},"primaryImageOfPage":{"@id":"https:\/\/www.clie.cl\/index.php\/producto\/plotter-multifuncional-epson-surecolor-t5170m-36-pulgadas-c11cj54201\/#primaryimage"},"image":{"@id":"https:\/\/www.clie.cl\/index.php\/producto\/plotter-multifuncional-epson-surecolor-t5170m-36-pulgadas-c11cj54201\/#primaryimage"},"thumbnailUrl":"https:\/\/www.clie.cl\/wp-content\/uploads\/2025\/11\/Plotter_Epson_T5170_clie.cl_.jpg","datePublished":"2026-01-26T14:05:14+00:00","dateModified":"2026-03-11T12:41:28+00:00","breadcrumb":{"@id":"https:\/\/www.clie.cl\/index.php\/producto\/plotter-multifuncional-epson-surecolor-t5170m-36-pulgadas-c11cj54201\/#breadcrumb"},"inLanguage":"es","potentialAction":[{"@type":"ReadAction","target":["https:\/\/www.clie.cl\/index.php\/producto\/plotter-multifuncional-epson-surecolor-t5170m-36-pulgadas-c11cj54201\/"]}]},{"@type":"ImageObject","inLanguage":"es","@id":"https:\/\/www.clie.cl\/index.php\/producto\/plotter-multifuncional-epson-surecolor-t5170m-36-pulgadas-c11cj54201\/#primaryimage","url":"https:\/\/www.clie.cl\/wp-content\/uploads\/2025\/11\/Plotter_Epson_T5170_clie.cl_.jpg","contentUrl":"https:\/\/www.clie.cl\/wp-content\/uploads\/2025\/11\/Plotter_Epson_T5170_clie.cl_.jpg","width":2000,"height":2000,"caption":"Plotter_Epson_T5170_clie.cl"},{"@type":"BreadcrumbList","@id":"https:\/\/www.clie.cl\/index.php\/producto\/plotter-multifuncional-epson-surecolor-t5170m-36-pulgadas-c11cj54201\/#breadcrumb","itemListElement":[{"@type":"ListItem","position":1,"name":"Portada","item":"https:\/\/www.clie.cl\/"},{"@type":"ListItem","position":2,"name":"Productos","item":"https:\/\/www.clie.cl\/index.php\/shop\/"},{"@type":"ListItem","position":3,"name":"Plotter Multifuncional Epson Surecolor T5170M 36 pulgadas C11CJ54201"}]},{"@type":"WebSite","@id":"https:\/\/www.clie.cl\/#website","url":"https:\/\/www.clie.cl\/","name":"CLIE.cl","description":"Clie Limitada","publisher":{"@id":"https:\/\/www.clie.cl\/#organization"},"alternateName":"CLIE","potentialAction":[{"@type":"SearchAction","target":{"@type":"EntryPoint","urlTemplate":"https:\/\/www.clie.cl\/?s={search_term_string}"},"query-input":{"@type":"PropertyValueSpecification","valueRequired":true,"valueName":"search_term_string"}}],"inLanguage":"es"},{"@type":"Organization","@id":"https:\/\/www.clie.cl\/#organization","name":"CLIE LIMITADA","url":"https:\/\/www.clie.cl\/","logo":{"@type":"ImageObject","inLanguage":"es","@id":"https:\/\/www.clie.cl\/#\/schema\/logo\/image\/","url":"https:\/\/www.clie.cl\/wp-content\/uploads\/2023\/10\/logo_clie_front_web_2023.png","contentUrl":"https:\/\/www.clie.cl\/wp-content\/uploads\/2023\/10\/logo_clie_front_web_2023.png","width":139,"height":118,"caption":"CLIE LIMITADA"},"image":{"@id":"https:\/\/www.clie.cl\/#\/schema\/logo\/image\/"}}]}},"_links":{"self":[{"href":"https:\/\/www.clie.cl\/index.php\/wp-json\/wp\/v2\/product\/7866","targetHints":{"allow":["GET"]}}],"collection":[{"href":"https:\/\/www.clie.cl\/index.php\/wp-json\/wp\/v2\/product"}],"about":[{"href":"https:\/\/www.clie.cl\/index.php\/wp-json\/wp\/v2\/types\/product"}],"replies":[{"embeddable":true,"href":"https:\/\/www.clie.cl\/index.php\/wp-json\/wp\/v2\/comments?post=7866"}],"wp:featuredmedia":[{"embeddable":true,"href":"https:\/\/www.clie.cl\/index.php\/wp-json\/wp\/v2\/media\/7758"}],"wp:attachment":[{"href":"https:\/\/www.clie.cl\/index.php\/wp-json\/wp\/v2\/media?parent=7866"}],"wp:term":[{"taxonomy":"product_brand","embeddable":true,"href":"https:\/\/www.clie.cl\/index.php\/wp-json\/wp\/v2\/product_brand?post=7866"},{"taxonomy":"product_cat","embeddable":true,"href":"https:\/\/www.clie.cl\/index.php\/wp-json\/wp\/v2\/product_cat?post=7866"},{"taxonomy":"product_tag","embeddable":true,"href":"https:\/\/www.clie.cl\/index.php\/wp-json\/wp\/v2\/product_tag?post=7866"}],"curies":[{"name":"wp","href":"https:\/\/api.w.org\/{rel}","templated":true}]}}