{"id":758,"date":"2023-11-09T18:43:36","date_gmt":"2023-11-09T18:43:36","guid":{"rendered":"https:\/\/clie.cl\/?post_type=product&#038;p=758"},"modified":"2026-03-19T11:40:23","modified_gmt":"2026-03-19T15:40:23","slug":"proyector-epson-powerlite-118-de-3800-lumenes-xga-v11ha03020","status":"publish","type":"product","link":"https:\/\/www.clie.cl\/index.php\/producto\/proyector-epson-powerlite-118-de-3800-lumenes-xga-v11ha03020\/","title":{"rendered":"Proyector Epson PowerLite 118 de 3800 Lumenes XGA V11HA03020"},"content":{"rendered":"<p>Videoproyectores para educaci\u00f3n con conectividad y audio avanzado<br \/>\nPowerLite 118 es la mejor herramienta de proyecci\u00f3n para los salones actuales. Ofrece una resoluci\u00f3n XGA (1.024 x 768 pixeles), \u00f3ptima para hojas de c\u00e1lculo.<\/p>\n<p>La tecnolog\u00eda 3LCD ofrece im\u00e1genes claras, brillantes y llenas de color. Su luminosidad es de 3.800 l\u00famenes en blanco2 y 3.800 l\u00famenes en color2 lo convierten en la mejor opci\u00f3n para aulas de educaci\u00f3n bien iluminadas. Adicionalmente, ofrecen conectividad inal\u00e1mbrica opcional que permite proyectar contenido sin requerir cables. Cuenta con puertos HDMI para conectar todos los dispositivos actuales del aula educativa.<\/p>\n<p>Conectividad avanzada<br \/>\nGran calidad de audio<br \/>\nExperiencia al natural<\/p>\n<p>L\u00e1mpara con una duraci\u00f3n hasta de 17.000 horas3.<\/p>\n<p>Conectividad avanzada: se pueden conectar hasta 50 dispositivos como Chromebook\u2122, Mac\u00ae, iOS o Android\u2122 y se muestran simult\u00e1neamente hasta 4 pantallas con Epson iProjectionTM (m\u00f3dulo inal\u00e1mbrico por separado).<\/p>\n<p>Gran calidad de audio: cuentan con parlante incluido de 16 watts.<\/p>\n<p>Experiencia al natural: colores hasta 3 veces m\u00e1s brillantes1. La tecnolog\u00eda 3LCD permite un balance m\u00e1s exacto entre la luz blanca y la de color, para proyecciones realmente naturales.<\/p>\n<p>Caracter\u00edsticas ecoamigables5<\/p>\n<p>Chips 3LCD que ahorran energ\u00eda<br \/>\nL\u00e1mpara E-TORL que ahorra energ\u00eda<br \/>\nBajo consumo de energ\u00eda, de 0,3 W en modo de espera<br \/>\nDise\u00f1ados para f\u00e1cil reciclaje<br \/>\nAdheridos a las reglas RoHS<br \/>\nQue hay en la caja:<br \/>\nProyector PowerLite 118<br \/>\nCable de Corriente<br \/>\nCable HDMI<br \/>\nControl remoto con 2 bater\u00edas AA<br \/>\nGu\u00eda de instalaci\u00f3n<br \/>\nGarant\u00eda<\/p>\n<p>Especificaciones del Proyector:<br \/>\nSistema de Proyecci\u00f3n:<br \/>\nTecnolog\u00eda Epson 3LCD de 3 chips<br \/>\nM\u00e9todo de Proyecci\u00f3n:<br \/>\nFrontal \/ Posterior \/ Techo<br \/>\nPantalla LCD:<br \/>\n0,55 pulgadas (C2fine)<br \/>\nM\u00e9todo de visualizaci\u00f3n:<br \/>\nPoly-silicon TFT active matrix<br \/>\nN\u00famero de Pixeles:<br \/>\n786.432 pixeles (1.024 px x 768 px) x 3<br \/>\nLuminosidad en Color:<br \/>\n3.800 L\u00famenes<br \/>\nLuminosidad en Blanco:<br \/>\n3.800 L\u00famenes<br \/>\nRelaci\u00f3n de Aspecto:<br \/>\n4:3<br \/>\nResoluci\u00f3n Nativa:<br \/>\nXGA<br \/>\nRe escalamiento:<br \/>\n640 x 480 (VGA), 800 x 600 (SVGA), 1280 x 800 (WXGA), 1280 x 960 (SXGA2), 1280 x 1024 (SXGA3), 1366 x 768 (WXGA60-3), 1400 x 1050 (SXGA+), 1440 x 900 (WXGA+), 1680 x 900 (WXGA++), 1600 x 1200 (UXGA60)<br \/>\nTipo de L\u00e1mpara:<br \/>\n210 W UHE<br \/>\nVida \u00datil de la L\u00e1mpara:<br \/>\n8.000 horas (Normal); 17.000 horas (ECO)<br \/>\nRelaci\u00f3n de Proyecci\u00f3n:<br \/>\n1.48 (Zoom:Wide), 1.77 (Zoom:Tele)<br \/>\nTama\u00f1o &#8211; distancia projectada:<br \/>\n30&#8243; to 300&#8243; (0.89 to 9.12 m) (Zoom:Wide)<br \/>\nCorrecci\u00f3n de Trapecio:<br \/>\nVertical: -30\u00b0 +30\u00ba<br \/>\nHorizontal: -30\u00b0 +30\u00b0<br \/>\nUSB Plug &#8216;n Play:<br \/>\nProjector is compatible with PC and Mac\u00ae computers<br \/>\nRelaci\u00f3n de Contraste:<br \/>\nHasta 16.000:1<br \/>\nProcesamiento del Color:<br \/>\n10 bit<br \/>\nReproducci\u00f3n del Color:<br \/>\nHasta 1 bill\u00f3n de colores<\/p>\n<p>Lente de Proyecci\u00f3n:<br \/>\nTipo:<br \/>\nOptical Zoom (Manual) \/ Focus (Manual)<br \/>\nN\u00famero &#8211; F:<br \/>\n1,49 &#8211; 1,72<br \/>\nTama\u00f1o de la Imagen:<br \/>\n30&#8243; a 300&#8243; (0,89 m &#8211; 10,95 m)<br \/>\nLongitud Focal:<br \/>\n16,9 mm &#8211; 20,28 mm<br \/>\nRelaci\u00f3n de Zoom:<br \/>\n1 &#8211; 1,2<br \/>\nRelaci\u00f3n de Proyecci\u00f3n:<br \/>\n1,48 &#8211; 1,77<br \/>\nTapa del Lente:<br \/>\nSlide lens shutter<\/p>\n<p>Conectividad del Proyector:<br \/>\nConectividad Est\u00e1ndar:<br \/>\nEntrada computadora x 2 D-sub15 pin<br \/>\nRCA Video In: Amarillo x 1<br \/>\nHDMI\u00ae x 2<br \/>\nComputadora salida x 1 D-sub15 pin<br \/>\nAudio Entrada RCA x 2 RCA (blanco x 1, rojo x 1)<br \/>\nStereo Mini &#8211; Entrada x 2<br \/>\nStereo Mini &#8211; Salida x 1<br \/>\nEntrada micr\u00f3fono x 1<br \/>\nRS-232C x 1<br \/>\nUSB Tipo A (para m\u00f3dulo inal\u00e1mbrico) x 1<br \/>\nUSB Tipo B (para actualizaci\u00f3n Firmware) x 1<br \/>\nRJ45 x 1<br \/>\nM\u00f3dulo inal\u00e1mbrico: Accesorio opcional<\/p>\n<p>Lente de Proyecci\u00f3n:<br \/>\nTipo:<br \/>\nOptical Zoom (Manual) \/ Focus (Manual)<br \/>\nN\u00famero &#8211; F:<br \/>\n1,49 &#8211; 1,72<br \/>\nTama\u00f1o de la Imagen:<br \/>\n30&#8243; a 300&#8243; (0,89 m &#8211; 10,95 m)<br \/>\nLongitud Focal:<br \/>\n16,9 mm &#8211; 20,28 mm<br \/>\nRelaci\u00f3n de Zoom:<br \/>\n1 &#8211; 1,2<br \/>\nRelaci\u00f3n de Proyecci\u00f3n:<br \/>\n1,48 &#8211; 1,77<br \/>\nTapa del Lente:<br \/>\nSlide lens shutter<br \/>\nConectividad del Proyector:<br \/>\nConectividad Est\u00e1ndar:<br \/>\nEntrada computadora x 2 D-sub15 pin<br \/>\nRCA Video In: Amarillo x 1<br \/>\nHDMI\u00ae x 2<br \/>\nComputadora salida x 1 D-sub15 pin<br \/>\nAudio Entrada RCA x 2 RCA (blanco x 1, rojo x 1)<br \/>\nStereo Mini &#8211; Entrada x 2<br \/>\nStereo Mini &#8211; Salida x 1<br \/>\nEntrada micr\u00f3fono x 1<br \/>\nRS-232C x 1<br \/>\nUSB Tipo A (para m\u00f3dulo inal\u00e1mbrico) x 1<br \/>\nUSB Tipo B (para actualizaci\u00f3n Firmware) x 1<br \/>\nRJ45 x 1<br \/>\nM\u00f3dulo inal\u00e1mbrico: Accesorio opcional4<br \/>\nControl Remoto:<br \/>\nCaracter\u00edsticas:<br \/>\nA\/V Mute, Freeze, Split, Aspect, Color Mode, Auto, MHL Menu, Volume<br \/>\nDistancia de Operaci\u00f3n:<br \/>\n19.7&#8217; (6 m)<br \/>\n\u00c1ngulo de Operaci\u00f3n:<br \/>\nRight \/ Left: \u00b130 degrees<br \/>\nUpper \/ Lower: \u00b115 degrees<\/p>\n<p>Detalles del Proyector:<br \/>\nFormatos de Proyecci\u00f3n:<br \/>\nNTSC: 480 lines<br \/>\nPAL: 576 lines<br \/>\n(Depends on observation of the multi-burst pattern)<br \/>\nConexiones de Entrada:<br \/>\nNTSC \/ NTSC4.43 \/ PAL \/ M-PAL \/ N-PAL \/ PAL60 \/ SECAM<br \/>\nInterfaces:<br \/>\n1x USB-A<br \/>\n1x USB-B<br \/>\n1x LAN<br \/>\n2x HDMI<br \/>\n2x Computer\/Component<br \/>\n1x Video<br \/>\n1x RS-232c<br \/>\n1x Stereo Mini-jack (Mic)<br \/>\n1x Monitor Out<br \/>\nAudio 1 &amp; 2<br \/>\nAudio L &amp; R<br \/>\n1x Audio Out<br \/>\nWireless LAN port: 802.11 b\/g\/n (optional \u2013 module sold separately)<br \/>\nParlante:<br \/>\nMonoaural: 16W x 1<br \/>\nRuido del Ventilador:<br \/>\n28 dB \/ 37 dB<br \/>\nFunciones ECO:<br \/>\nRoHS compliant<br \/>\nRecyclable product7<br \/>\nEpson America, Inc. is a SmartWaySM Transport Partner<\/p>\n","protected":false},"excerpt":{"rendered":"<p>Producto original.<\/p>\n<div id=\"gtx-trans\" style=\"position: absolute; left: -35px; top: -3px;\">\n<div class=\"gtx-trans-icon\"><\/div>\n<\/div>\n","protected":false},"featured_media":7135,"comment_status":"open","ping_status":"closed","template":"","meta":{"site-sidebar-layout":"default","site-content-layout":"","ast-site-content-layout":"default","site-content-style":"default","site-sidebar-style":"default","ast-global-header-display":"","ast-banner-title-visibility":"","ast-main-header-display":"","ast-hfb-above-header-display":"","ast-hfb-below-header-display":"","ast-hfb-mobile-header-display":"","site-post-title":"","ast-breadcrumbs-content":"","ast-featured-img":"","footer-sml-layout":"","ast-disable-related-posts":"","theme-transparent-header-meta":"default","adv-header-id-meta":"","stick-header-meta":"default","header-above-stick-meta":"","header-main-stick-meta":"","header-below-stick-meta":"","astra-migrate-meta-layouts":"set","ast-page-background-enabled":"default","ast-page-background-meta":{"desktop":{"background-color":"var(--ast-global-color-4)","background-image":"","background-repeat":"repeat","background-position":"center center","background-size":"auto","background-attachment":"scroll","background-type":"","background-media":"","overlay-type":"","overlay-color":"","overlay-opacity":"","overlay-gradient":""},"tablet":{"background-color":"","background-image":"","background-repeat":"repeat","background-position":"center center","background-size":"auto","background-attachment":"scroll","background-type":"","background-media":"","overlay-type":"","overlay-color":"","overlay-opacity":"","overlay-gradient":""},"mobile":{"background-color":"","background-image":"","background-repeat":"repeat","background-position":"center center","background-size":"auto","background-attachment":"scroll","background-type":"","background-media":"","overlay-type":"","overlay-color":"","overlay-opacity":"","overlay-gradient":""}},"ast-content-background-meta":{"desktop":{"background-color":"var(--ast-global-color-5)","background-image":"","background-repeat":"repeat","background-position":"center center","background-size":"auto","background-attachment":"scroll","background-type":"","background-media":"","overlay-type":"","overlay-color":"","overlay-opacity":"","overlay-gradient":""},"tablet":{"background-color":"var(--ast-global-color-5)","background-image":"","background-repeat":"repeat","background-position":"center center","background-size":"auto","background-attachment":"scroll","background-type":"","background-media":"","overlay-type":"","overlay-color":"","overlay-opacity":"","overlay-gradient":""},"mobile":{"background-color":"var(--ast-global-color-5)","background-image":"","background-repeat":"repeat","background-position":"center center","background-size":"auto","background-attachment":"scroll","background-type":"","background-media":"","overlay-type":"","overlay-color":"","overlay-opacity":"","overlay-gradient":""}}},"product_brand":[968],"product_cat":[55,56],"product_tag":[872,873],"class_list":{"0":"post-758","1":"product","2":"type-product","3":"status-publish","4":"has-post-thumbnail","6":"product_brand-epson","7":"product_cat-audio-y-video","8":"product_cat-proyectores","9":"product_tag-proyector-epson-powerlite-118","10":"product_tag-v11ha03020","11":"desktop-align-left","12":"tablet-align-left","13":"mobile-align-left","14":"ast-product-gallery-layout-horizontal-slider","15":"ast-magnify-disabled","16":"ast-product-tabs-layout-horizontal","17":"ast-qv-on-image","19":"first","20":"instock","21":"sale","22":"taxable","23":"shipping-taxable","24":"purchasable","25":"product-type-simple"},"yoast_head":"<!-- This site is optimized with the Yoast SEO plugin v27.5 - https:\/\/yoast.com\/product\/yoast-seo-wordpress\/ -->\n<title>Proyector Epson PowerLite 118 de 3800 Lumenes XGA V11HA03020 - CLIE LIMITADA<\/title>\n<meta name=\"robots\" content=\"index, follow, max-snippet:-1, max-image-preview:large, max-video-preview:-1\" \/>\n<link rel=\"canonical\" href=\"https:\/\/www.clie.cl\/index.php\/producto\/proyector-epson-powerlite-118-de-3800-lumenes-xga-v11ha03020\/\" \/>\n<meta property=\"og:locale\" content=\"es_ES\" \/>\n<meta property=\"og:type\" content=\"article\" \/>\n<meta property=\"og:title\" content=\"Proyector Epson PowerLite 118 de 3800 Lumenes XGA V11HA03020 - CLIE LIMITADA\" \/>\n<meta property=\"og:description\" content=\"Producto original.\" \/>\n<meta property=\"og:url\" content=\"https:\/\/www.clie.cl\/index.php\/producto\/proyector-epson-powerlite-118-de-3800-lumenes-xga-v11ha03020\/\" \/>\n<meta property=\"og:site_name\" content=\"CLIE LIMITADA\" \/>\n<meta property=\"article:modified_time\" content=\"2026-03-19T15:40:23+00:00\" \/>\n<meta property=\"og:image\" content=\"https:\/\/www.clie.cl\/wp-content\/uploads\/2025\/07\/Proyector_Epson_PowerLite_118_clie.cl_.jpg\" \/>\n\t<meta property=\"og:image:width\" content=\"2000\" \/>\n\t<meta property=\"og:image:height\" content=\"2000\" \/>\n\t<meta property=\"og:image:type\" content=\"image\/jpeg\" \/>\n<meta name=\"twitter:card\" content=\"summary_large_image\" \/>\n<meta name=\"twitter:label1\" content=\"Tiempo de lectura\" \/>\n\t<meta name=\"twitter:data1\" content=\"4 minutos\" \/>\n<script type=\"application\/ld+json\" class=\"yoast-schema-graph\">{\"@context\":\"https:\\\/\\\/schema.org\",\"@graph\":[{\"@type\":\"WebPage\",\"@id\":\"https:\\\/\\\/www.clie.cl\\\/index.php\\\/producto\\\/proyector-epson-powerlite-118-de-3800-lumenes-xga-v11ha03020\\\/\",\"url\":\"https:\\\/\\\/www.clie.cl\\\/index.php\\\/producto\\\/proyector-epson-powerlite-118-de-3800-lumenes-xga-v11ha03020\\\/\",\"name\":\"Proyector Epson PowerLite 118 de 3800 Lumenes XGA V11HA03020 - CLIE LIMITADA\",\"isPartOf\":{\"@id\":\"https:\\\/\\\/www.clie.cl\\\/#website\"},\"primaryImageOfPage\":{\"@id\":\"https:\\\/\\\/www.clie.cl\\\/index.php\\\/producto\\\/proyector-epson-powerlite-118-de-3800-lumenes-xga-v11ha03020\\\/#primaryimage\"},\"image\":{\"@id\":\"https:\\\/\\\/www.clie.cl\\\/index.php\\\/producto\\\/proyector-epson-powerlite-118-de-3800-lumenes-xga-v11ha03020\\\/#primaryimage\"},\"thumbnailUrl\":\"https:\\\/\\\/www.clie.cl\\\/wp-content\\\/uploads\\\/2025\\\/07\\\/Proyector_Epson_PowerLite_118_clie.cl_.jpg\",\"datePublished\":\"2023-11-09T18:43:36+00:00\",\"dateModified\":\"2026-03-19T15:40:23+00:00\",\"breadcrumb\":{\"@id\":\"https:\\\/\\\/www.clie.cl\\\/index.php\\\/producto\\\/proyector-epson-powerlite-118-de-3800-lumenes-xga-v11ha03020\\\/#breadcrumb\"},\"inLanguage\":\"es\",\"potentialAction\":[{\"@type\":\"ReadAction\",\"target\":[\"https:\\\/\\\/www.clie.cl\\\/index.php\\\/producto\\\/proyector-epson-powerlite-118-de-3800-lumenes-xga-v11ha03020\\\/\"]}]},{\"@type\":\"ImageObject\",\"inLanguage\":\"es\",\"@id\":\"https:\\\/\\\/www.clie.cl\\\/index.php\\\/producto\\\/proyector-epson-powerlite-118-de-3800-lumenes-xga-v11ha03020\\\/#primaryimage\",\"url\":\"https:\\\/\\\/www.clie.cl\\\/wp-content\\\/uploads\\\/2025\\\/07\\\/Proyector_Epson_PowerLite_118_clie.cl_.jpg\",\"contentUrl\":\"https:\\\/\\\/www.clie.cl\\\/wp-content\\\/uploads\\\/2025\\\/07\\\/Proyector_Epson_PowerLite_118_clie.cl_.jpg\",\"width\":2000,\"height\":2000,\"caption\":\"Proyector_Epson_PowerLite_118_clie.cl\"},{\"@type\":\"BreadcrumbList\",\"@id\":\"https:\\\/\\\/www.clie.cl\\\/index.php\\\/producto\\\/proyector-epson-powerlite-118-de-3800-lumenes-xga-v11ha03020\\\/#breadcrumb\",\"itemListElement\":[{\"@type\":\"ListItem\",\"position\":1,\"name\":\"Portada\",\"item\":\"https:\\\/\\\/www.clie.cl\\\/\"},{\"@type\":\"ListItem\",\"position\":2,\"name\":\"Productos\",\"item\":\"https:\\\/\\\/www.clie.cl\\\/index.php\\\/shop\\\/\"},{\"@type\":\"ListItem\",\"position\":3,\"name\":\"Proyector Epson PowerLite 118 de 3800 Lumenes XGA V11HA03020\"}]},{\"@type\":\"WebSite\",\"@id\":\"https:\\\/\\\/www.clie.cl\\\/#website\",\"url\":\"https:\\\/\\\/www.clie.cl\\\/\",\"name\":\"CLIE.cl\",\"description\":\"Clie Limitada\",\"publisher\":{\"@id\":\"https:\\\/\\\/www.clie.cl\\\/#organization\"},\"alternateName\":\"CLIE\",\"potentialAction\":[{\"@type\":\"SearchAction\",\"target\":{\"@type\":\"EntryPoint\",\"urlTemplate\":\"https:\\\/\\\/www.clie.cl\\\/?s={search_term_string}\"},\"query-input\":{\"@type\":\"PropertyValueSpecification\",\"valueRequired\":true,\"valueName\":\"search_term_string\"}}],\"inLanguage\":\"es\"},{\"@type\":\"Organization\",\"@id\":\"https:\\\/\\\/www.clie.cl\\\/#organization\",\"name\":\"CLIE LIMITADA\",\"url\":\"https:\\\/\\\/www.clie.cl\\\/\",\"logo\":{\"@type\":\"ImageObject\",\"inLanguage\":\"es\",\"@id\":\"https:\\\/\\\/www.clie.cl\\\/#\\\/schema\\\/logo\\\/image\\\/\",\"url\":\"https:\\\/\\\/www.clie.cl\\\/wp-content\\\/uploads\\\/2023\\\/10\\\/logo_clie_front_web_2023.png\",\"contentUrl\":\"https:\\\/\\\/www.clie.cl\\\/wp-content\\\/uploads\\\/2023\\\/10\\\/logo_clie_front_web_2023.png\",\"width\":139,\"height\":118,\"caption\":\"CLIE LIMITADA\"},\"image\":{\"@id\":\"https:\\\/\\\/www.clie.cl\\\/#\\\/schema\\\/logo\\\/image\\\/\"}}]}<\/script>\n<!-- \/ Yoast SEO plugin. -->","yoast_head_json":{"title":"Proyector Epson PowerLite 118 de 3800 Lumenes XGA V11HA03020 - CLIE LIMITADA","robots":{"index":"index","follow":"follow","max-snippet":"max-snippet:-1","max-image-preview":"max-image-preview:large","max-video-preview":"max-video-preview:-1"},"canonical":"https:\/\/www.clie.cl\/index.php\/producto\/proyector-epson-powerlite-118-de-3800-lumenes-xga-v11ha03020\/","og_locale":"es_ES","og_type":"article","og_title":"Proyector Epson PowerLite 118 de 3800 Lumenes XGA V11HA03020 - CLIE LIMITADA","og_description":"Producto original.","og_url":"https:\/\/www.clie.cl\/index.php\/producto\/proyector-epson-powerlite-118-de-3800-lumenes-xga-v11ha03020\/","og_site_name":"CLIE LIMITADA","article_modified_time":"2026-03-19T15:40:23+00:00","og_image":[{"width":2000,"height":2000,"url":"https:\/\/www.clie.cl\/wp-content\/uploads\/2025\/07\/Proyector_Epson_PowerLite_118_clie.cl_.jpg","type":"image\/jpeg"}],"twitter_card":"summary_large_image","twitter_misc":{"Tiempo de lectura":"4 minutos"},"schema":{"@context":"https:\/\/schema.org","@graph":[{"@type":"WebPage","@id":"https:\/\/www.clie.cl\/index.php\/producto\/proyector-epson-powerlite-118-de-3800-lumenes-xga-v11ha03020\/","url":"https:\/\/www.clie.cl\/index.php\/producto\/proyector-epson-powerlite-118-de-3800-lumenes-xga-v11ha03020\/","name":"Proyector Epson PowerLite 118 de 3800 Lumenes XGA V11HA03020 - CLIE LIMITADA","isPartOf":{"@id":"https:\/\/www.clie.cl\/#website"},"primaryImageOfPage":{"@id":"https:\/\/www.clie.cl\/index.php\/producto\/proyector-epson-powerlite-118-de-3800-lumenes-xga-v11ha03020\/#primaryimage"},"image":{"@id":"https:\/\/www.clie.cl\/index.php\/producto\/proyector-epson-powerlite-118-de-3800-lumenes-xga-v11ha03020\/#primaryimage"},"thumbnailUrl":"https:\/\/www.clie.cl\/wp-content\/uploads\/2025\/07\/Proyector_Epson_PowerLite_118_clie.cl_.jpg","datePublished":"2023-11-09T18:43:36+00:00","dateModified":"2026-03-19T15:40:23+00:00","breadcrumb":{"@id":"https:\/\/www.clie.cl\/index.php\/producto\/proyector-epson-powerlite-118-de-3800-lumenes-xga-v11ha03020\/#breadcrumb"},"inLanguage":"es","potentialAction":[{"@type":"ReadAction","target":["https:\/\/www.clie.cl\/index.php\/producto\/proyector-epson-powerlite-118-de-3800-lumenes-xga-v11ha03020\/"]}]},{"@type":"ImageObject","inLanguage":"es","@id":"https:\/\/www.clie.cl\/index.php\/producto\/proyector-epson-powerlite-118-de-3800-lumenes-xga-v11ha03020\/#primaryimage","url":"https:\/\/www.clie.cl\/wp-content\/uploads\/2025\/07\/Proyector_Epson_PowerLite_118_clie.cl_.jpg","contentUrl":"https:\/\/www.clie.cl\/wp-content\/uploads\/2025\/07\/Proyector_Epson_PowerLite_118_clie.cl_.jpg","width":2000,"height":2000,"caption":"Proyector_Epson_PowerLite_118_clie.cl"},{"@type":"BreadcrumbList","@id":"https:\/\/www.clie.cl\/index.php\/producto\/proyector-epson-powerlite-118-de-3800-lumenes-xga-v11ha03020\/#breadcrumb","itemListElement":[{"@type":"ListItem","position":1,"name":"Portada","item":"https:\/\/www.clie.cl\/"},{"@type":"ListItem","position":2,"name":"Productos","item":"https:\/\/www.clie.cl\/index.php\/shop\/"},{"@type":"ListItem","position":3,"name":"Proyector Epson PowerLite 118 de 3800 Lumenes XGA V11HA03020"}]},{"@type":"WebSite","@id":"https:\/\/www.clie.cl\/#website","url":"https:\/\/www.clie.cl\/","name":"CLIE.cl","description":"Clie Limitada","publisher":{"@id":"https:\/\/www.clie.cl\/#organization"},"alternateName":"CLIE","potentialAction":[{"@type":"SearchAction","target":{"@type":"EntryPoint","urlTemplate":"https:\/\/www.clie.cl\/?s={search_term_string}"},"query-input":{"@type":"PropertyValueSpecification","valueRequired":true,"valueName":"search_term_string"}}],"inLanguage":"es"},{"@type":"Organization","@id":"https:\/\/www.clie.cl\/#organization","name":"CLIE LIMITADA","url":"https:\/\/www.clie.cl\/","logo":{"@type":"ImageObject","inLanguage":"es","@id":"https:\/\/www.clie.cl\/#\/schema\/logo\/image\/","url":"https:\/\/www.clie.cl\/wp-content\/uploads\/2023\/10\/logo_clie_front_web_2023.png","contentUrl":"https:\/\/www.clie.cl\/wp-content\/uploads\/2023\/10\/logo_clie_front_web_2023.png","width":139,"height":118,"caption":"CLIE LIMITADA"},"image":{"@id":"https:\/\/www.clie.cl\/#\/schema\/logo\/image\/"}}]}},"_links":{"self":[{"href":"https:\/\/www.clie.cl\/index.php\/wp-json\/wp\/v2\/product\/758","targetHints":{"allow":["GET"]}}],"collection":[{"href":"https:\/\/www.clie.cl\/index.php\/wp-json\/wp\/v2\/product"}],"about":[{"href":"https:\/\/www.clie.cl\/index.php\/wp-json\/wp\/v2\/types\/product"}],"replies":[{"embeddable":true,"href":"https:\/\/www.clie.cl\/index.php\/wp-json\/wp\/v2\/comments?post=758"}],"wp:featuredmedia":[{"embeddable":true,"href":"https:\/\/www.clie.cl\/index.php\/wp-json\/wp\/v2\/media\/7135"}],"wp:attachment":[{"href":"https:\/\/www.clie.cl\/index.php\/wp-json\/wp\/v2\/media?parent=758"}],"wp:term":[{"taxonomy":"product_brand","embeddable":true,"href":"https:\/\/www.clie.cl\/index.php\/wp-json\/wp\/v2\/product_brand?post=758"},{"taxonomy":"product_cat","embeddable":true,"href":"https:\/\/www.clie.cl\/index.php\/wp-json\/wp\/v2\/product_cat?post=758"},{"taxonomy":"product_tag","embeddable":true,"href":"https:\/\/www.clie.cl\/index.php\/wp-json\/wp\/v2\/product_tag?post=758"}],"curies":[{"name":"wp","href":"https:\/\/api.w.org\/{rel}","templated":true}]}}