{"id":7028,"date":"2025-06-03T16:42:23","date_gmt":"2025-06-03T20:42:23","guid":{"rendered":"https:\/\/www.clie.cl\/?post_type=product&#038;p=7028"},"modified":"2026-01-26T11:44:01","modified_gmt":"2026-01-26T15:44:01","slug":"cabezal-canon-pf-10","status":"publish","type":"product","link":"https:\/\/www.clie.cl\/index.php\/producto\/cabezal-canon-pf-10\/","title":{"rendered":"Cabezal Canon PF-10 Original"},"content":{"rendered":"<h3 data-start=\"153\" data-end=\"209\">Modelos de impresoras compatibles con el Canon PF-10<\/h3>\n<h4 data-start=\"211\" data-end=\"238\">Serie image PROGRAF PRO<\/h4>\n<ul data-start=\"239\" data-end=\"452\">\n<li data-start=\"239\" data-end=\"253\">\n<p data-start=\"241\" data-end=\"253\"><strong data-start=\"241\" data-end=\"253\">PRO-1000<\/strong><\/p>\n<\/li>\n<li data-start=\"254\" data-end=\"268\">\n<p data-start=\"256\" data-end=\"268\"><strong data-start=\"256\" data-end=\"268\">PRO-2000<\/strong><\/p>\n<\/li>\n<li data-start=\"269\" data-end=\"283\">\n<p data-start=\"271\" data-end=\"283\"><strong data-start=\"271\" data-end=\"283\">PRO-2100<\/strong><\/p>\n<\/li>\n<li data-start=\"284\" data-end=\"298\">\n<p data-start=\"286\" data-end=\"298\"><strong data-start=\"286\" data-end=\"298\">PRO-2600<\/strong><\/p>\n<\/li>\n<li data-start=\"299\" data-end=\"313\">\n<p data-start=\"301\" data-end=\"313\"><strong data-start=\"301\" data-end=\"313\">PRO-4000<\/strong><\/p>\n<\/li>\n<li data-start=\"314\" data-end=\"329\">\n<p data-start=\"316\" data-end=\"329\"><strong data-start=\"316\" data-end=\"329\">PRO-4000S<\/strong><\/p>\n<\/li>\n<li data-start=\"330\" data-end=\"344\">\n<p data-start=\"332\" data-end=\"344\"><strong data-start=\"332\" data-end=\"344\">PRO-4100<\/strong><\/p>\n<\/li>\n<li data-start=\"345\" data-end=\"360\">\n<p data-start=\"347\" data-end=\"360\"><strong data-start=\"347\" data-end=\"360\">PRO-4100S<\/strong><\/p>\n<\/li>\n<li data-start=\"361\" data-end=\"375\">\n<p data-start=\"363\" data-end=\"375\"><strong data-start=\"363\" data-end=\"375\">PRO-4600<\/strong><\/p>\n<\/li>\n<li data-start=\"376\" data-end=\"390\">\n<p data-start=\"378\" data-end=\"390\"><strong data-start=\"378\" data-end=\"390\">PRO-6000<\/strong><\/p>\n<\/li>\n<li data-start=\"391\" data-end=\"406\">\n<p data-start=\"393\" data-end=\"406\"><strong data-start=\"393\" data-end=\"406\">PRO-6000S<\/strong><\/p>\n<\/li>\n<li data-start=\"407\" data-end=\"421\">\n<p data-start=\"409\" data-end=\"421\"><strong data-start=\"409\" data-end=\"421\">PRO-6100<\/strong><\/p>\n<\/li>\n<li data-start=\"422\" data-end=\"437\">\n<p data-start=\"424\" data-end=\"437\"><strong data-start=\"424\" data-end=\"437\">PRO-6100S<\/strong><\/p>\n<\/li>\n<li data-start=\"438\" data-end=\"452\">\n<p data-start=\"440\" data-end=\"452\"><strong data-start=\"440\" data-end=\"452\">PRO-6600<\/strong><\/p>\n<\/li>\n<\/ul>\n<h4 data-start=\"454\" data-end=\"480\">Serie image PROGRAF GP<\/h4>\n<ul data-start=\"481\" data-end=\"553\">\n<li data-start=\"481\" data-end=\"494\">\n<p data-start=\"483\" data-end=\"494\"><strong data-start=\"483\" data-end=\"494\">GP-2000<\/strong><\/p>\n<\/li>\n<li data-start=\"495\" data-end=\"509\">\n<p data-start=\"497\" data-end=\"509\"><strong data-start=\"497\" data-end=\"509\">GP-2600S<\/strong><\/p>\n<\/li>\n<li data-start=\"510\" data-end=\"523\">\n<p data-start=\"512\" data-end=\"523\"><strong data-start=\"512\" data-end=\"523\">GP-4000<\/strong><\/p>\n<\/li>\n<li data-start=\"524\" data-end=\"538\">\n<p data-start=\"526\" data-end=\"538\"><strong data-start=\"526\" data-end=\"538\">GP-4600S<\/strong><\/p>\n<\/li>\n<li data-start=\"539\" data-end=\"553\">\n<p data-start=\"541\" data-end=\"553\"><strong data-start=\"541\" data-end=\"553\">GP-6600S<\/strong><\/p>\n<\/li>\n<\/ul>\n<p data-start=\"555\" data-end=\"667\"><span class=\"relative -mx-px my-[-0.2rem] rounded px-px py-[0.2rem] transition-colors duration-100 ease-in-out\">Este cabezal de impresi\u00f3n cuenta con 18,432 inyectores y tecnolog\u00eda FINE de Canon, dise\u00f1ada para ofrecer impresiones de alta calidad y reducir la posibilidad de obstrucciones.<\/span><\/p>\n","protected":false},"excerpt":{"rendered":"<p>Producto original.<\/p>\n<div id=\"gtx-trans\" style=\"position: absolute; left: -55px; top: 45px;\">\n<div class=\"gtx-trans-icon\"><\/div>\n<\/div>\n","protected":false},"featured_media":7029,"comment_status":"open","ping_status":"closed","template":"","meta":{"site-sidebar-layout":"default","site-content-layout":"","ast-site-content-layout":"default","site-content-style":"default","site-sidebar-style":"default","ast-global-header-display":"","ast-banner-title-visibility":"","ast-main-header-display":"","ast-hfb-above-header-display":"","ast-hfb-below-header-display":"","ast-hfb-mobile-header-display":"","site-post-title":"","ast-breadcrumbs-content":"","ast-featured-img":"","footer-sml-layout":"","ast-disable-related-posts":"","theme-transparent-header-meta":"default","adv-header-id-meta":"","stick-header-meta":"default","header-above-stick-meta":"","header-main-stick-meta":"","header-below-stick-meta":"","astra-migrate-meta-layouts":"set","ast-page-background-enabled":"default","ast-page-background-meta":{"desktop":{"background-color":"var(--ast-global-color-4)","background-image":"","background-repeat":"repeat","background-position":"center center","background-size":"auto","background-attachment":"scroll","background-type":"","background-media":"","overlay-type":"","overlay-color":"","overlay-opacity":"","overlay-gradient":""},"tablet":{"background-color":"","background-image":"","background-repeat":"repeat","background-position":"center center","background-size":"auto","background-attachment":"scroll","background-type":"","background-media":"","overlay-type":"","overlay-color":"","overlay-opacity":"","overlay-gradient":""},"mobile":{"background-color":"","background-image":"","background-repeat":"repeat","background-position":"center center","background-size":"auto","background-attachment":"scroll","background-type":"","background-media":"","overlay-type":"","overlay-color":"","overlay-opacity":"","overlay-gradient":""}},"ast-content-background-meta":{"desktop":{"background-color":"var(--ast-global-color-5)","background-image":"","background-repeat":"repeat","background-position":"center center","background-size":"auto","background-attachment":"scroll","background-type":"","background-media":"","overlay-type":"","overlay-color":"","overlay-opacity":"","overlay-gradient":""},"tablet":{"background-color":"var(--ast-global-color-5)","background-image":"","background-repeat":"repeat","background-position":"center center","background-size":"auto","background-attachment":"scroll","background-type":"","background-media":"","overlay-type":"","overlay-color":"","overlay-opacity":"","overlay-gradient":""},"mobile":{"background-color":"var(--ast-global-color-5)","background-image":"","background-repeat":"repeat","background-position":"center center","background-size":"auto","background-attachment":"scroll","background-type":"","background-media":"","overlay-type":"","overlay-color":"","overlay-opacity":"","overlay-gradient":""}}},"product_brand":[966],"product_cat":[75,22],"product_tag":[451,448,452],"class_list":{"0":"post-7028","1":"product","2":"type-product","3":"status-publish","4":"has-post-thumbnail","6":"product_brand-canon","7":"product_cat-cabezales","8":"product_cat-insumos","9":"product_tag-cabezal","10":"product_tag-cabezal-canon","11":"product_tag-canon","12":"desktop-align-left","13":"tablet-align-left","14":"mobile-align-left","15":"ast-product-gallery-layout-horizontal-slider","16":"ast-magnify-disabled","17":"ast-product-tabs-layout-horizontal","18":"ast-qv-on-image","20":"first","21":"outofstock","22":"sale","23":"taxable","24":"shipping-taxable","25":"purchasable","26":"product-type-simple"},"yoast_head":"<!-- This site is optimized with the Yoast SEO plugin v27.5 - https:\/\/yoast.com\/product\/yoast-seo-wordpress\/ -->\n<title>Cabezal Canon PF-10 Original - CLIE LIMITADA<\/title>\n<meta name=\"description\" content=\"&quot;Compra el cabezal Canon PF-04 original en CLIE. Calidad y durabilidad para impresiones profesionales. Env\u00edo r\u00e1pido y seguro.&quot;\" \/>\n<meta name=\"robots\" content=\"index, follow, max-snippet:-1, max-image-preview:large, max-video-preview:-1\" \/>\n<link rel=\"canonical\" href=\"https:\/\/www.clie.cl\/index.php\/producto\/cabezal-canon-pf-10\/\" \/>\n<meta property=\"og:locale\" content=\"es_ES\" \/>\n<meta property=\"og:type\" content=\"article\" \/>\n<meta property=\"og:title\" content=\"Cabezal Canon PF-10 Original - CLIE LIMITADA\" \/>\n<meta property=\"og:description\" content=\"&quot;Compra el cabezal Canon PF-04 original en CLIE. Calidad y durabilidad para impresiones profesionales. Env\u00edo r\u00e1pido y seguro.&quot;\" \/>\n<meta property=\"og:url\" content=\"https:\/\/www.clie.cl\/index.php\/producto\/cabezal-canon-pf-10\/\" \/>\n<meta property=\"og:site_name\" content=\"CLIE LIMITADA\" \/>\n<meta property=\"article:modified_time\" content=\"2026-01-26T15:44:01+00:00\" \/>\n<meta property=\"og:image\" content=\"https:\/\/www.clie.cl\/wp-content\/uploads\/2025\/06\/4811047_4811047.jpg\" \/>\n\t<meta property=\"og:image:width\" content=\"500\" \/>\n\t<meta property=\"og:image:height\" content=\"500\" \/>\n\t<meta property=\"og:image:type\" content=\"image\/jpeg\" \/>\n<meta name=\"twitter:card\" content=\"summary_large_image\" \/>\n<meta name=\"twitter:label1\" content=\"Tiempo de lectura\" \/>\n\t<meta name=\"twitter:data1\" content=\"1 minuto\" \/>\n<script type=\"application\/ld+json\" class=\"yoast-schema-graph\">{\"@context\":\"https:\\\/\\\/schema.org\",\"@graph\":[{\"@type\":\"WebPage\",\"@id\":\"https:\\\/\\\/www.clie.cl\\\/index.php\\\/producto\\\/cabezal-canon-pf-10\\\/\",\"url\":\"https:\\\/\\\/www.clie.cl\\\/index.php\\\/producto\\\/cabezal-canon-pf-10\\\/\",\"name\":\"Cabezal Canon PF-10 Original - CLIE LIMITADA\",\"isPartOf\":{\"@id\":\"https:\\\/\\\/www.clie.cl\\\/#website\"},\"primaryImageOfPage\":{\"@id\":\"https:\\\/\\\/www.clie.cl\\\/index.php\\\/producto\\\/cabezal-canon-pf-10\\\/#primaryimage\"},\"image\":{\"@id\":\"https:\\\/\\\/www.clie.cl\\\/index.php\\\/producto\\\/cabezal-canon-pf-10\\\/#primaryimage\"},\"thumbnailUrl\":\"https:\\\/\\\/www.clie.cl\\\/wp-content\\\/uploads\\\/2025\\\/06\\\/4811047_4811047.jpg\",\"datePublished\":\"2025-06-03T20:42:23+00:00\",\"dateModified\":\"2026-01-26T15:44:01+00:00\",\"description\":\"\\\"Compra el cabezal Canon PF-04 original en CLIE. Calidad y durabilidad para impresiones profesionales. Env\u00edo r\u00e1pido y seguro.\\\"\",\"breadcrumb\":{\"@id\":\"https:\\\/\\\/www.clie.cl\\\/index.php\\\/producto\\\/cabezal-canon-pf-10\\\/#breadcrumb\"},\"inLanguage\":\"es\",\"potentialAction\":[{\"@type\":\"ReadAction\",\"target\":[\"https:\\\/\\\/www.clie.cl\\\/index.php\\\/producto\\\/cabezal-canon-pf-10\\\/\"]}]},{\"@type\":\"ImageObject\",\"inLanguage\":\"es\",\"@id\":\"https:\\\/\\\/www.clie.cl\\\/index.php\\\/producto\\\/cabezal-canon-pf-10\\\/#primaryimage\",\"url\":\"https:\\\/\\\/www.clie.cl\\\/wp-content\\\/uploads\\\/2025\\\/06\\\/4811047_4811047.jpg\",\"contentUrl\":\"https:\\\/\\\/www.clie.cl\\\/wp-content\\\/uploads\\\/2025\\\/06\\\/4811047_4811047.jpg\",\"width\":500,\"height\":500},{\"@type\":\"BreadcrumbList\",\"@id\":\"https:\\\/\\\/www.clie.cl\\\/index.php\\\/producto\\\/cabezal-canon-pf-10\\\/#breadcrumb\",\"itemListElement\":[{\"@type\":\"ListItem\",\"position\":1,\"name\":\"Portada\",\"item\":\"https:\\\/\\\/www.clie.cl\\\/\"},{\"@type\":\"ListItem\",\"position\":2,\"name\":\"Productos\",\"item\":\"https:\\\/\\\/www.clie.cl\\\/index.php\\\/shop\\\/\"},{\"@type\":\"ListItem\",\"position\":3,\"name\":\"Cabezal Canon PF-10 Original\"}]},{\"@type\":\"WebSite\",\"@id\":\"https:\\\/\\\/www.clie.cl\\\/#website\",\"url\":\"https:\\\/\\\/www.clie.cl\\\/\",\"name\":\"CLIE.cl\",\"description\":\"Clie Limitada\",\"publisher\":{\"@id\":\"https:\\\/\\\/www.clie.cl\\\/#organization\"},\"alternateName\":\"CLIE\",\"potentialAction\":[{\"@type\":\"SearchAction\",\"target\":{\"@type\":\"EntryPoint\",\"urlTemplate\":\"https:\\\/\\\/www.clie.cl\\\/?s={search_term_string}\"},\"query-input\":{\"@type\":\"PropertyValueSpecification\",\"valueRequired\":true,\"valueName\":\"search_term_string\"}}],\"inLanguage\":\"es\"},{\"@type\":\"Organization\",\"@id\":\"https:\\\/\\\/www.clie.cl\\\/#organization\",\"name\":\"CLIE LIMITADA\",\"url\":\"https:\\\/\\\/www.clie.cl\\\/\",\"logo\":{\"@type\":\"ImageObject\",\"inLanguage\":\"es\",\"@id\":\"https:\\\/\\\/www.clie.cl\\\/#\\\/schema\\\/logo\\\/image\\\/\",\"url\":\"https:\\\/\\\/www.clie.cl\\\/wp-content\\\/uploads\\\/2023\\\/10\\\/logo_clie_front_web_2023.png\",\"contentUrl\":\"https:\\\/\\\/www.clie.cl\\\/wp-content\\\/uploads\\\/2023\\\/10\\\/logo_clie_front_web_2023.png\",\"width\":139,\"height\":118,\"caption\":\"CLIE LIMITADA\"},\"image\":{\"@id\":\"https:\\\/\\\/www.clie.cl\\\/#\\\/schema\\\/logo\\\/image\\\/\"}}]}<\/script>\n<!-- \/ Yoast SEO plugin. -->","yoast_head_json":{"title":"Cabezal Canon PF-10 Original - CLIE LIMITADA","description":"\"Compra el cabezal Canon PF-04 original en CLIE. Calidad y durabilidad para impresiones profesionales. Env\u00edo r\u00e1pido y seguro.\"","robots":{"index":"index","follow":"follow","max-snippet":"max-snippet:-1","max-image-preview":"max-image-preview:large","max-video-preview":"max-video-preview:-1"},"canonical":"https:\/\/www.clie.cl\/index.php\/producto\/cabezal-canon-pf-10\/","og_locale":"es_ES","og_type":"article","og_title":"Cabezal Canon PF-10 Original - CLIE LIMITADA","og_description":"\"Compra el cabezal Canon PF-04 original en CLIE. Calidad y durabilidad para impresiones profesionales. Env\u00edo r\u00e1pido y seguro.\"","og_url":"https:\/\/www.clie.cl\/index.php\/producto\/cabezal-canon-pf-10\/","og_site_name":"CLIE LIMITADA","article_modified_time":"2026-01-26T15:44:01+00:00","og_image":[{"width":500,"height":500,"url":"https:\/\/www.clie.cl\/wp-content\/uploads\/2025\/06\/4811047_4811047.jpg","type":"image\/jpeg"}],"twitter_card":"summary_large_image","twitter_misc":{"Tiempo de lectura":"1 minuto"},"schema":{"@context":"https:\/\/schema.org","@graph":[{"@type":"WebPage","@id":"https:\/\/www.clie.cl\/index.php\/producto\/cabezal-canon-pf-10\/","url":"https:\/\/www.clie.cl\/index.php\/producto\/cabezal-canon-pf-10\/","name":"Cabezal Canon PF-10 Original - CLIE LIMITADA","isPartOf":{"@id":"https:\/\/www.clie.cl\/#website"},"primaryImageOfPage":{"@id":"https:\/\/www.clie.cl\/index.php\/producto\/cabezal-canon-pf-10\/#primaryimage"},"image":{"@id":"https:\/\/www.clie.cl\/index.php\/producto\/cabezal-canon-pf-10\/#primaryimage"},"thumbnailUrl":"https:\/\/www.clie.cl\/wp-content\/uploads\/2025\/06\/4811047_4811047.jpg","datePublished":"2025-06-03T20:42:23+00:00","dateModified":"2026-01-26T15:44:01+00:00","description":"\"Compra el cabezal Canon PF-04 original en CLIE. Calidad y durabilidad para impresiones profesionales. Env\u00edo r\u00e1pido y seguro.\"","breadcrumb":{"@id":"https:\/\/www.clie.cl\/index.php\/producto\/cabezal-canon-pf-10\/#breadcrumb"},"inLanguage":"es","potentialAction":[{"@type":"ReadAction","target":["https:\/\/www.clie.cl\/index.php\/producto\/cabezal-canon-pf-10\/"]}]},{"@type":"ImageObject","inLanguage":"es","@id":"https:\/\/www.clie.cl\/index.php\/producto\/cabezal-canon-pf-10\/#primaryimage","url":"https:\/\/www.clie.cl\/wp-content\/uploads\/2025\/06\/4811047_4811047.jpg","contentUrl":"https:\/\/www.clie.cl\/wp-content\/uploads\/2025\/06\/4811047_4811047.jpg","width":500,"height":500},{"@type":"BreadcrumbList","@id":"https:\/\/www.clie.cl\/index.php\/producto\/cabezal-canon-pf-10\/#breadcrumb","itemListElement":[{"@type":"ListItem","position":1,"name":"Portada","item":"https:\/\/www.clie.cl\/"},{"@type":"ListItem","position":2,"name":"Productos","item":"https:\/\/www.clie.cl\/index.php\/shop\/"},{"@type":"ListItem","position":3,"name":"Cabezal Canon PF-10 Original"}]},{"@type":"WebSite","@id":"https:\/\/www.clie.cl\/#website","url":"https:\/\/www.clie.cl\/","name":"CLIE.cl","description":"Clie Limitada","publisher":{"@id":"https:\/\/www.clie.cl\/#organization"},"alternateName":"CLIE","potentialAction":[{"@type":"SearchAction","target":{"@type":"EntryPoint","urlTemplate":"https:\/\/www.clie.cl\/?s={search_term_string}"},"query-input":{"@type":"PropertyValueSpecification","valueRequired":true,"valueName":"search_term_string"}}],"inLanguage":"es"},{"@type":"Organization","@id":"https:\/\/www.clie.cl\/#organization","name":"CLIE LIMITADA","url":"https:\/\/www.clie.cl\/","logo":{"@type":"ImageObject","inLanguage":"es","@id":"https:\/\/www.clie.cl\/#\/schema\/logo\/image\/","url":"https:\/\/www.clie.cl\/wp-content\/uploads\/2023\/10\/logo_clie_front_web_2023.png","contentUrl":"https:\/\/www.clie.cl\/wp-content\/uploads\/2023\/10\/logo_clie_front_web_2023.png","width":139,"height":118,"caption":"CLIE LIMITADA"},"image":{"@id":"https:\/\/www.clie.cl\/#\/schema\/logo\/image\/"}}]}},"_links":{"self":[{"href":"https:\/\/www.clie.cl\/index.php\/wp-json\/wp\/v2\/product\/7028","targetHints":{"allow":["GET"]}}],"collection":[{"href":"https:\/\/www.clie.cl\/index.php\/wp-json\/wp\/v2\/product"}],"about":[{"href":"https:\/\/www.clie.cl\/index.php\/wp-json\/wp\/v2\/types\/product"}],"replies":[{"embeddable":true,"href":"https:\/\/www.clie.cl\/index.php\/wp-json\/wp\/v2\/comments?post=7028"}],"wp:featuredmedia":[{"embeddable":true,"href":"https:\/\/www.clie.cl\/index.php\/wp-json\/wp\/v2\/media\/7029"}],"wp:attachment":[{"href":"https:\/\/www.clie.cl\/index.php\/wp-json\/wp\/v2\/media?parent=7028"}],"wp:term":[{"taxonomy":"product_brand","embeddable":true,"href":"https:\/\/www.clie.cl\/index.php\/wp-json\/wp\/v2\/product_brand?post=7028"},{"taxonomy":"product_cat","embeddable":true,"href":"https:\/\/www.clie.cl\/index.php\/wp-json\/wp\/v2\/product_cat?post=7028"},{"taxonomy":"product_tag","embeddable":true,"href":"https:\/\/www.clie.cl\/index.php\/wp-json\/wp\/v2\/product_tag?post=7028"}],"curies":[{"name":"wp","href":"https:\/\/api.w.org\/{rel}","templated":true}]}}