{"id":686,"date":"2023-11-09T12:34:22","date_gmt":"2023-11-09T12:34:22","guid":{"rendered":"https:\/\/clie.cl\/?post_type=product&#038;p=686"},"modified":"2026-01-08T08:10:12","modified_gmt":"2026-01-08T12:10:12","slug":"multifuncional-epson-l6270-wifi-ethernet-duplex-a4-adf-c11cj61303","status":"publish","type":"product","link":"https:\/\/www.clie.cl\/index.php\/producto\/multifuncional-epson-l6270-wifi-ethernet-duplex-a4-adf-c11cj61303\/","title":{"rendered":"Multifuncional Epson color L6270 Wifi, Ethernet, Duplex A4, ADF C11CJ61303"},"content":{"rendered":"<p><strong>Vers\u00e1til y compacto 3 en 1:<\/strong>\u00a0Impresora multifunci\u00f3n de tanque de tinta para imprimir, copiar, escanear con gran calidad. Ideal para la impresi\u00f3n de documentos<\/p>\n<p><strong>Mayor productividad:<\/strong>\u00a0ADF de 30 hojas, d\u00faplex autom\u00e1tico (A4 \/ Carta), capacidad de entrada de papel de 250 hojas, velocidades de impresi\u00f3n r\u00e1pidas (ISO Negro 15.5 ppm | Color 8.5 ppm)<\/p>\n<p><strong>Conectividad de red avanzada:<\/strong>\u00a0WiFi, WiFi Direct, Ethernet para compartir y agregar f\u00e1cilmente a su grupo de trabajo, con soporte para dispositivos inteligentes<\/p>\n<p><strong>Impresi\u00f3n sin estr\u00e9s y de bajo costo:<\/strong>\u00a0Imprime hasta 7500 p\u00e1ginas de documentos en negro \/ 6000 en color con botellas de repuesto de bajo costo<sup>6<\/p>\n<p><\/sup><\/p>\n<h4><strong>Imprimir:<\/strong><\/h4>\n<hr \/>\n<p><sup><strong>Tecnolog\u00eda de Impresi\u00f3n:<\/strong>Inyecci\u00f3n de tinta Heat-FreeTM PrecisionCore\u00ae de 4 colores (CMYK)<br \/>\n<strong>Resoluci\u00f3n M\u00e1xima de Impresi\u00f3n:<\/strong>Hasta 4.800 dpi x 1.200 dpi de resoluci\u00f3n optimizada en varios tipos de papel<br \/>\n<strong>Velocidad de Impresi\u00f3n ISO:<\/strong>Simplex: Negro 15,5 ppm y color 8,5 ppm (A4\/carta)2<br \/>\n<strong>\u00c1rea M\u00e1xima de Impresi\u00f3n:<\/strong>Simplex: Negro 33 ppm y color 20 ppm (borrador, A4\/carta)1<br \/>\n<strong>Tiempo de salida de la primera p\u00e1gina:<\/strong>9 segundos blanco y negro \/ 15 segundos color3<\/p>\n<p><\/sup><\/p>\n<h4><strong>General:<\/strong><\/h4>\n<hr \/>\n<p><sup><strong>Sistemas de Operaci\u00f3n:<\/strong>Windows Vista\u00ae \/ 7 \/ 8 \/ 8.1 \/ 10 o m\u00e1s reciente (32bit, 64bit)<br \/>\nWindows Server\u00ae 2003 (SP2) or later<br \/>\nMac OS X 10.7.5 o m\u00e1s reciente, Mac OS 11 o m\u00e1s reciente<br \/>\n<strong>Dimensiones:<\/strong>Abierto: 41.7 cm x 50.3 cm x 25.5 cm<br \/>\nCerrado: 37.5 cm x 34.7 cm x 23.1 cm<br \/>\n<strong>Peso:<\/strong>6,7 kg<br \/>\n<strong>Pa\u00eds de Origen:<\/strong>Filipinas<br \/>\n<strong>Garant\u00eda:<\/strong>2 a\u00f1os con registro del producto<\/p>\n<p><\/sup><\/p>\n<h4><strong>Copiar:<\/strong><\/h4>\n<hr \/>\n<p><sup><strong>Velocidad de Copiado ISO:<\/strong>Negro 11 cpm y color 5,5 cpm (A4\/carta)4<br \/>\n<strong>Calidad de Copia:<\/strong>600 dpi x 600 dpi<br \/>\n<strong>M\u00e1ximo Tama\u00f1o de Copia:<\/strong>Oficio (ADF)<\/p>\n<p><\/sup><\/p>\n<h4><strong>Especificaciones del Esc\u00e1ner:<\/strong><\/h4>\n<hr \/>\n<p><sup><strong>Tipo de Esc\u00e1ner:<\/strong>Cama plana con sensor de l\u00edneas CIS de color<br \/>\n<strong>Resoluci\u00f3n \u00d3ptica:<\/strong>1.200 dpi x 2.400 dpi<br \/>\n<strong>Profundidad del Bit de Color:<\/strong>48 bits de entrada, 24 bits de salida<br \/>\n<strong>Profundidad del Bit Monocrom\u00e1tico:<\/strong>16 bits de entrada, 1 bit de salida<br \/>\n<strong>Profundidad de la Escala de Grises del Bit:<\/strong>16 bits de entrada, 8 bits de salida<br \/>\n<strong>M\u00e1xima Superficie de Digitalizaci\u00f3n:<\/strong>216 mm x 297 mm<\/sup><\/p>\n<h4><strong>Conectividad:<\/strong><\/h4>\n<hr \/>\n<p><strong>Conectividad Est\u00e1ndar:<\/strong>USB de alta velocidad (compatible con USB 2.0) Wi-Fi 4 (IEEE 802.11 b\/g\/n), Wi-Fi Direct\u00ae, Ethernet 10\/100<br \/>\n<strong>Protocolos de Impresi\u00f3n en Red:<\/strong>LPD, IPP, PORT9100, WSD<br \/>\n<strong>Protocolos de Manejo de Red:<\/strong>SNMP, HTTP, DHCP, BOOTP, APIPA, PING, DDNS, MDNS, SLP, WSD, LLTD<br \/>\n<strong>Seguridad WLAN:<\/strong>WEP (64-bit\/128-bit), WPA-PSK (TKIP), WPA2-PSK (AES), WPA3- SAE (AES)<\/p>\n<h4><strong>Impresi\u00f3n desde Dispositivos M\u00f3viles:<\/strong><\/h4>\n<hr \/>\n<p><strong>Epson Connect:<\/strong>Epson Smart Panel\u2122 App (iOS\u2122, Android\u2122), Epson Email Print\u00ae, Remote Print Driver<br \/>\n<strong>Otros:<\/strong>Apple AirPrint\u00ae, Chromebook Native Print, Mopria Print Service\u2122<\/p>\n<h4><strong>Manejo de Papel:<\/strong><\/h4>\n<hr \/>\n<p><strong>Tama\u00f1os de Papel Soportados:<\/strong>Est\u00e1ndar: A4, Carta, Oficio (21,59 cm x 35,56 cm), M\u00e9xico-Oficio (21,59 cm x 34,04 cm), Ofocio 9 (21,49 cm x 31,5 cm), Folio (21,59 cm x 33,02 cm), Ejecutivo, Media carta, A6<br \/>\nFoto: 4&#8243;x 6&#8243; (10 cm x 15 cm), 5&#8243; x 7&#8243; (13 cm x 18 cm), 8&#8243; x 10&#8243;<br \/>\nSobres: #10 &#8211; Definido por el usuario: 54 mm x 86 mm &#8211; 215.9 mm x 1.200 mm<br \/>\n<strong>Tama\u00f1o de Papel M\u00e1ximo:<\/strong>215.9 mm x 1.200 mm<br \/>\n<strong>Tipos de Papel:<\/strong>Papel normal, Papel especial Epson (Photo Glossy\/Semi-gloss, Presentation Paper Matte, High Quality Ink Jet Paper y Sobres)<br \/>\n<strong>Capacidad de Entrada de Papel:<\/strong>Alimentaci\u00f3n frontal: hasta 250 hojas (A4\/LTR\/Oficio)<\/p>\n<h4><strong>Detalles de la Impresora:<\/strong><\/h4>\n<hr \/>\n<p><strong>Pantalla:<\/strong>2,4&#8243; a color<br \/>\n<strong>Software Incluido:<\/strong>CD y descarga Web: Printer Driver, Epson Scan 2, Epson ScanSmart<br \/>\nDescarga Web: Epson Photo+<br \/>\n<strong>Caracter\u00edsticas Especiales:<\/strong>Impresi\u00f3n autom\u00e1tica a doble cara (A4 \/ Carta)<\/p>\n<h4><strong>Energ\u00eda:<\/strong><\/h4>\n<hr \/>\n<p><strong>Voltaje de Fuente de Poder:<\/strong>EcoTank L6270 (110V) C11CJ61301: AC 100 &#8211; 240 V\/50 Hz &#8211; 60 Hz<br \/>\nEcoTank L6270 (220V) C11CJ61303: AC 100 &#8211; 240 V\/50 Hz &#8211; 60 Hz<br \/>\n<strong>Consumo de Energ\u00eda:<\/strong>12 W (en modo operaci\u00f3n)<\/p>\n","protected":false},"excerpt":{"rendered":"<p>Producto original.<\/p>\n<div id=\"gtx-trans\" style=\"position: absolute;left: -35px;top: -3px\">\n<div class=\"gtx-trans-icon\">\u00a0<\/div>\n<\/div>\n","protected":false},"featured_media":736,"comment_status":"open","ping_status":"closed","template":"","meta":{"site-sidebar-layout":"default","site-content-layout":"","ast-site-content-layout":"default","site-content-style":"default","site-sidebar-style":"default","ast-global-header-display":"","ast-banner-title-visibility":"","ast-main-header-display":"","ast-hfb-above-header-display":"","ast-hfb-below-header-display":"","ast-hfb-mobile-header-display":"","site-post-title":"","ast-breadcrumbs-content":"","ast-featured-img":"","footer-sml-layout":"","ast-disable-related-posts":"","theme-transparent-header-meta":"default","adv-header-id-meta":"","stick-header-meta":"default","header-above-stick-meta":"","header-main-stick-meta":"","header-below-stick-meta":"","astra-migrate-meta-layouts":"set","ast-page-background-enabled":"default","ast-page-background-meta":{"desktop":{"background-color":"var(--ast-global-color-4)","background-image":"","background-repeat":"repeat","background-position":"center center","background-size":"auto","background-attachment":"scroll","background-type":"","background-media":"","overlay-type":"","overlay-color":"","overlay-opacity":"","overlay-gradient":""},"tablet":{"background-color":"","background-image":"","background-repeat":"repeat","background-position":"center center","background-size":"auto","background-attachment":"scroll","background-type":"","background-media":"","overlay-type":"","overlay-color":"","overlay-opacity":"","overlay-gradient":""},"mobile":{"background-color":"","background-image":"","background-repeat":"repeat","background-position":"center center","background-size":"auto","background-attachment":"scroll","background-type":"","background-media":"","overlay-type":"","overlay-color":"","overlay-opacity":"","overlay-gradient":""}},"ast-content-background-meta":{"desktop":{"background-color":"var(--ast-global-color-5)","background-image":"","background-repeat":"repeat","background-position":"center center","background-size":"auto","background-attachment":"scroll","background-type":"","background-media":"","overlay-type":"","overlay-color":"","overlay-opacity":"","overlay-gradient":""},"tablet":{"background-color":"var(--ast-global-color-5)","background-image":"","background-repeat":"repeat","background-position":"center center","background-size":"auto","background-attachment":"scroll","background-type":"","background-media":"","overlay-type":"","overlay-color":"","overlay-opacity":"","overlay-gradient":""},"mobile":{"background-color":"var(--ast-global-color-5)","background-image":"","background-repeat":"repeat","background-position":"center center","background-size":"auto","background-attachment":"scroll","background-type":"","background-media":"","overlay-type":"","overlay-color":"","overlay-opacity":"","overlay-gradient":""}}},"product_brand":[968],"product_cat":[21,27],"product_tag":[180,179],"class_list":{"0":"post-686","1":"product","2":"type-product","3":"status-publish","4":"has-post-thumbnail","6":"product_brand-epson","7":"product_cat-impresoras","8":"product_cat-multifuncional-tinta","9":"product_tag-180","10":"product_tag-l6270","11":"desktop-align-left","12":"tablet-align-left","13":"mobile-align-left","14":"ast-product-gallery-layout-horizontal-slider","15":"ast-product-gallery-with-no-image","16":"ast-magnify-disabled","17":"ast-product-tabs-layout-horizontal","18":"ast-qv-on-image","20":"first","21":"outofstock","22":"sale","23":"taxable","24":"shipping-taxable","25":"purchasable","26":"product-type-simple"},"yoast_head":"<!-- This site is optimized with the Yoast SEO plugin v27.5 - https:\/\/yoast.com\/product\/yoast-seo-wordpress\/ -->\n<title>Multifuncional Epson color L6270 Wifi, Ethernet, Duplex A4, ADF C11CJ61303 - CLIE LIMITADA<\/title>\n<meta name=\"robots\" content=\"index, follow, max-snippet:-1, max-image-preview:large, max-video-preview:-1\" \/>\n<link rel=\"canonical\" href=\"https:\/\/www.clie.cl\/index.php\/producto\/multifuncional-epson-l6270-wifi-ethernet-duplex-a4-adf-c11cj61303\/\" \/>\n<meta property=\"og:locale\" content=\"es_ES\" \/>\n<meta property=\"og:type\" content=\"article\" \/>\n<meta property=\"og:title\" content=\"Multifuncional Epson color L6270 Wifi, Ethernet, Duplex A4, ADF C11CJ61303 - CLIE LIMITADA\" \/>\n<meta property=\"og:description\" content=\"Producto original.\u00a0\" \/>\n<meta property=\"og:url\" content=\"https:\/\/www.clie.cl\/index.php\/producto\/multifuncional-epson-l6270-wifi-ethernet-duplex-a4-adf-c11cj61303\/\" \/>\n<meta property=\"og:site_name\" content=\"CLIE LIMITADA\" \/>\n<meta property=\"article:modified_time\" content=\"2026-01-08T12:10:12+00:00\" \/>\n<meta property=\"og:image\" content=\"https:\/\/www.clie.cl\/wp-content\/uploads\/2023\/11\/l6270.jpg\" \/>\n\t<meta property=\"og:image:width\" content=\"600\" \/>\n\t<meta property=\"og:image:height\" content=\"600\" \/>\n\t<meta property=\"og:image:type\" content=\"image\/jpeg\" \/>\n<meta name=\"twitter:card\" content=\"summary_large_image\" \/>\n<meta name=\"twitter:label1\" content=\"Tiempo de lectura\" \/>\n\t<meta name=\"twitter:data1\" content=\"3 minutos\" \/>\n<script type=\"application\/ld+json\" class=\"yoast-schema-graph\">{\"@context\":\"https:\\\/\\\/schema.org\",\"@graph\":[{\"@type\":\"WebPage\",\"@id\":\"https:\\\/\\\/www.clie.cl\\\/index.php\\\/producto\\\/multifuncional-epson-l6270-wifi-ethernet-duplex-a4-adf-c11cj61303\\\/\",\"url\":\"https:\\\/\\\/www.clie.cl\\\/index.php\\\/producto\\\/multifuncional-epson-l6270-wifi-ethernet-duplex-a4-adf-c11cj61303\\\/\",\"name\":\"Multifuncional Epson color L6270 Wifi, Ethernet, Duplex A4, ADF C11CJ61303 - CLIE LIMITADA\",\"isPartOf\":{\"@id\":\"https:\\\/\\\/www.clie.cl\\\/#website\"},\"primaryImageOfPage\":{\"@id\":\"https:\\\/\\\/www.clie.cl\\\/index.php\\\/producto\\\/multifuncional-epson-l6270-wifi-ethernet-duplex-a4-adf-c11cj61303\\\/#primaryimage\"},\"image\":{\"@id\":\"https:\\\/\\\/www.clie.cl\\\/index.php\\\/producto\\\/multifuncional-epson-l6270-wifi-ethernet-duplex-a4-adf-c11cj61303\\\/#primaryimage\"},\"thumbnailUrl\":\"https:\\\/\\\/www.clie.cl\\\/wp-content\\\/uploads\\\/2023\\\/11\\\/l6270.jpg\",\"datePublished\":\"2023-11-09T12:34:22+00:00\",\"dateModified\":\"2026-01-08T12:10:12+00:00\",\"breadcrumb\":{\"@id\":\"https:\\\/\\\/www.clie.cl\\\/index.php\\\/producto\\\/multifuncional-epson-l6270-wifi-ethernet-duplex-a4-adf-c11cj61303\\\/#breadcrumb\"},\"inLanguage\":\"es\",\"potentialAction\":[{\"@type\":\"ReadAction\",\"target\":[\"https:\\\/\\\/www.clie.cl\\\/index.php\\\/producto\\\/multifuncional-epson-l6270-wifi-ethernet-duplex-a4-adf-c11cj61303\\\/\"]}]},{\"@type\":\"ImageObject\",\"inLanguage\":\"es\",\"@id\":\"https:\\\/\\\/www.clie.cl\\\/index.php\\\/producto\\\/multifuncional-epson-l6270-wifi-ethernet-duplex-a4-adf-c11cj61303\\\/#primaryimage\",\"url\":\"https:\\\/\\\/www.clie.cl\\\/wp-content\\\/uploads\\\/2023\\\/11\\\/l6270.jpg\",\"contentUrl\":\"https:\\\/\\\/www.clie.cl\\\/wp-content\\\/uploads\\\/2023\\\/11\\\/l6270.jpg\",\"width\":600,\"height\":600},{\"@type\":\"BreadcrumbList\",\"@id\":\"https:\\\/\\\/www.clie.cl\\\/index.php\\\/producto\\\/multifuncional-epson-l6270-wifi-ethernet-duplex-a4-adf-c11cj61303\\\/#breadcrumb\",\"itemListElement\":[{\"@type\":\"ListItem\",\"position\":1,\"name\":\"Portada\",\"item\":\"https:\\\/\\\/www.clie.cl\\\/\"},{\"@type\":\"ListItem\",\"position\":2,\"name\":\"Productos\",\"item\":\"https:\\\/\\\/www.clie.cl\\\/index.php\\\/shop\\\/\"},{\"@type\":\"ListItem\",\"position\":3,\"name\":\"Multifuncional Epson color L6270 Wifi, Ethernet, Duplex A4, ADF C11CJ61303\"}]},{\"@type\":\"WebSite\",\"@id\":\"https:\\\/\\\/www.clie.cl\\\/#website\",\"url\":\"https:\\\/\\\/www.clie.cl\\\/\",\"name\":\"CLIE.cl\",\"description\":\"Clie Limitada\",\"publisher\":{\"@id\":\"https:\\\/\\\/www.clie.cl\\\/#organization\"},\"alternateName\":\"CLIE\",\"potentialAction\":[{\"@type\":\"SearchAction\",\"target\":{\"@type\":\"EntryPoint\",\"urlTemplate\":\"https:\\\/\\\/www.clie.cl\\\/?s={search_term_string}\"},\"query-input\":{\"@type\":\"PropertyValueSpecification\",\"valueRequired\":true,\"valueName\":\"search_term_string\"}}],\"inLanguage\":\"es\"},{\"@type\":\"Organization\",\"@id\":\"https:\\\/\\\/www.clie.cl\\\/#organization\",\"name\":\"CLIE LIMITADA\",\"url\":\"https:\\\/\\\/www.clie.cl\\\/\",\"logo\":{\"@type\":\"ImageObject\",\"inLanguage\":\"es\",\"@id\":\"https:\\\/\\\/www.clie.cl\\\/#\\\/schema\\\/logo\\\/image\\\/\",\"url\":\"https:\\\/\\\/www.clie.cl\\\/wp-content\\\/uploads\\\/2023\\\/10\\\/logo_clie_front_web_2023.png\",\"contentUrl\":\"https:\\\/\\\/www.clie.cl\\\/wp-content\\\/uploads\\\/2023\\\/10\\\/logo_clie_front_web_2023.png\",\"width\":139,\"height\":118,\"caption\":\"CLIE LIMITADA\"},\"image\":{\"@id\":\"https:\\\/\\\/www.clie.cl\\\/#\\\/schema\\\/logo\\\/image\\\/\"}}]}<\/script>\n<!-- \/ Yoast SEO plugin. -->","yoast_head_json":{"title":"Multifuncional Epson color L6270 Wifi, Ethernet, Duplex A4, ADF C11CJ61303 - CLIE LIMITADA","robots":{"index":"index","follow":"follow","max-snippet":"max-snippet:-1","max-image-preview":"max-image-preview:large","max-video-preview":"max-video-preview:-1"},"canonical":"https:\/\/www.clie.cl\/index.php\/producto\/multifuncional-epson-l6270-wifi-ethernet-duplex-a4-adf-c11cj61303\/","og_locale":"es_ES","og_type":"article","og_title":"Multifuncional Epson color L6270 Wifi, Ethernet, Duplex A4, ADF C11CJ61303 - CLIE LIMITADA","og_description":"Producto original.\u00a0","og_url":"https:\/\/www.clie.cl\/index.php\/producto\/multifuncional-epson-l6270-wifi-ethernet-duplex-a4-adf-c11cj61303\/","og_site_name":"CLIE LIMITADA","article_modified_time":"2026-01-08T12:10:12+00:00","og_image":[{"width":600,"height":600,"url":"https:\/\/www.clie.cl\/wp-content\/uploads\/2023\/11\/l6270.jpg","type":"image\/jpeg"}],"twitter_card":"summary_large_image","twitter_misc":{"Tiempo de lectura":"3 minutos"},"schema":{"@context":"https:\/\/schema.org","@graph":[{"@type":"WebPage","@id":"https:\/\/www.clie.cl\/index.php\/producto\/multifuncional-epson-l6270-wifi-ethernet-duplex-a4-adf-c11cj61303\/","url":"https:\/\/www.clie.cl\/index.php\/producto\/multifuncional-epson-l6270-wifi-ethernet-duplex-a4-adf-c11cj61303\/","name":"Multifuncional Epson color L6270 Wifi, Ethernet, Duplex A4, ADF C11CJ61303 - CLIE LIMITADA","isPartOf":{"@id":"https:\/\/www.clie.cl\/#website"},"primaryImageOfPage":{"@id":"https:\/\/www.clie.cl\/index.php\/producto\/multifuncional-epson-l6270-wifi-ethernet-duplex-a4-adf-c11cj61303\/#primaryimage"},"image":{"@id":"https:\/\/www.clie.cl\/index.php\/producto\/multifuncional-epson-l6270-wifi-ethernet-duplex-a4-adf-c11cj61303\/#primaryimage"},"thumbnailUrl":"https:\/\/www.clie.cl\/wp-content\/uploads\/2023\/11\/l6270.jpg","datePublished":"2023-11-09T12:34:22+00:00","dateModified":"2026-01-08T12:10:12+00:00","breadcrumb":{"@id":"https:\/\/www.clie.cl\/index.php\/producto\/multifuncional-epson-l6270-wifi-ethernet-duplex-a4-adf-c11cj61303\/#breadcrumb"},"inLanguage":"es","potentialAction":[{"@type":"ReadAction","target":["https:\/\/www.clie.cl\/index.php\/producto\/multifuncional-epson-l6270-wifi-ethernet-duplex-a4-adf-c11cj61303\/"]}]},{"@type":"ImageObject","inLanguage":"es","@id":"https:\/\/www.clie.cl\/index.php\/producto\/multifuncional-epson-l6270-wifi-ethernet-duplex-a4-adf-c11cj61303\/#primaryimage","url":"https:\/\/www.clie.cl\/wp-content\/uploads\/2023\/11\/l6270.jpg","contentUrl":"https:\/\/www.clie.cl\/wp-content\/uploads\/2023\/11\/l6270.jpg","width":600,"height":600},{"@type":"BreadcrumbList","@id":"https:\/\/www.clie.cl\/index.php\/producto\/multifuncional-epson-l6270-wifi-ethernet-duplex-a4-adf-c11cj61303\/#breadcrumb","itemListElement":[{"@type":"ListItem","position":1,"name":"Portada","item":"https:\/\/www.clie.cl\/"},{"@type":"ListItem","position":2,"name":"Productos","item":"https:\/\/www.clie.cl\/index.php\/shop\/"},{"@type":"ListItem","position":3,"name":"Multifuncional Epson color L6270 Wifi, Ethernet, Duplex A4, ADF C11CJ61303"}]},{"@type":"WebSite","@id":"https:\/\/www.clie.cl\/#website","url":"https:\/\/www.clie.cl\/","name":"CLIE.cl","description":"Clie Limitada","publisher":{"@id":"https:\/\/www.clie.cl\/#organization"},"alternateName":"CLIE","potentialAction":[{"@type":"SearchAction","target":{"@type":"EntryPoint","urlTemplate":"https:\/\/www.clie.cl\/?s={search_term_string}"},"query-input":{"@type":"PropertyValueSpecification","valueRequired":true,"valueName":"search_term_string"}}],"inLanguage":"es"},{"@type":"Organization","@id":"https:\/\/www.clie.cl\/#organization","name":"CLIE LIMITADA","url":"https:\/\/www.clie.cl\/","logo":{"@type":"ImageObject","inLanguage":"es","@id":"https:\/\/www.clie.cl\/#\/schema\/logo\/image\/","url":"https:\/\/www.clie.cl\/wp-content\/uploads\/2023\/10\/logo_clie_front_web_2023.png","contentUrl":"https:\/\/www.clie.cl\/wp-content\/uploads\/2023\/10\/logo_clie_front_web_2023.png","width":139,"height":118,"caption":"CLIE LIMITADA"},"image":{"@id":"https:\/\/www.clie.cl\/#\/schema\/logo\/image\/"}}]}},"_links":{"self":[{"href":"https:\/\/www.clie.cl\/index.php\/wp-json\/wp\/v2\/product\/686","targetHints":{"allow":["GET"]}}],"collection":[{"href":"https:\/\/www.clie.cl\/index.php\/wp-json\/wp\/v2\/product"}],"about":[{"href":"https:\/\/www.clie.cl\/index.php\/wp-json\/wp\/v2\/types\/product"}],"replies":[{"embeddable":true,"href":"https:\/\/www.clie.cl\/index.php\/wp-json\/wp\/v2\/comments?post=686"}],"wp:featuredmedia":[{"embeddable":true,"href":"https:\/\/www.clie.cl\/index.php\/wp-json\/wp\/v2\/media\/736"}],"wp:attachment":[{"href":"https:\/\/www.clie.cl\/index.php\/wp-json\/wp\/v2\/media?parent=686"}],"wp:term":[{"taxonomy":"product_brand","embeddable":true,"href":"https:\/\/www.clie.cl\/index.php\/wp-json\/wp\/v2\/product_brand?post=686"},{"taxonomy":"product_cat","embeddable":true,"href":"https:\/\/www.clie.cl\/index.php\/wp-json\/wp\/v2\/product_cat?post=686"},{"taxonomy":"product_tag","embeddable":true,"href":"https:\/\/www.clie.cl\/index.php\/wp-json\/wp\/v2\/product_tag?post=686"}],"curies":[{"name":"wp","href":"https:\/\/api.w.org\/{rel}","templated":true}]}}