{"id":662,"date":"2023-11-08T17:36:18","date_gmt":"2023-11-08T17:36:18","guid":{"rendered":"https:\/\/clie.cl\/?post_type=product&#038;p=662"},"modified":"2026-05-04T11:29:43","modified_gmt":"2026-05-04T15:29:43","slug":"multifuncional-epson-l14150-a3-c11ch96303","status":"publish","type":"product","link":"https:\/\/www.clie.cl\/index.php\/producto\/multifuncional-epson-l14150-a3-c11ch96303\/","title":{"rendered":"Multifuncional Epson L14150 A3 C11CH96303"},"content":{"rendered":"<p><strong>Alta Productividad:<\/strong>\u00a0Gracias al\u00a0 ADF de 35 paginas (A4\/carta), impresi\u00f3n d\u00faplex (A4\/carta), impresi\u00f3n\u00a0 hasta A3+ , cama de esc\u00e1ner con soporte de tama\u00f1o oficio y FAX<\/p>\n<p><strong>Conectividad de red avanzada:<\/strong> Wifi, Wifi Direct, Ethernet para compartir y agregar f\u00e1cilmente a tu grupo de trabajo<\/p>\n<p><strong>Alta velocidad de impresi\u00f3n ISO:<\/strong> negro 17 ppm | Color 9 ppm<\/p>\n<p><strong>Impresiones ultra n\u00edtidas:<\/strong> con la tecnolog\u00eda PrecisionCore sin calor de Epson, nuestro cabezal de impresi\u00f3n de alta resoluci\u00f3n m\u00e1s avanzado<\/p>\n<h4><strong>Imprimir:<\/strong><\/h4>\n<hr \/>\n<p><strong>Tecnolog\u00eda de Impresi\u00f3n:<\/strong>Inyecci\u00f3n de tinta Heat-Free PrecisionCore de 4 colores (CMYK)<br \/>\n<strong>Tama\u00f1o M\u00ednimo de la Gota de Tinta:<\/strong>3,3 picolitros con tecnolog\u00eda de gotas de tinta de tama\u00f1o variable<br \/>\n<strong>Configuraci\u00f3n del Cabezal:<\/strong>Total 784 (400 inyectores negros + 128 inyectores por color CMY)<\/p>\n<h4><strong>General:<\/strong><\/h4>\n<hr \/>\n<p><strong>Sistemas de Operaci\u00f3n:<\/strong>Windows Vista\u00ae\/Windows\u00ae 7\/Windows\u00ae 8\/8.1\/Windows\u00ae 10 (32bit\/64bit), Windows Server\u00ae 2003 SP2 o m\u00e1s reciente<sup>5<\/sup>, Mac OS X 10.7.5 o m\u00e1s reciente<sup>6<br \/>\n<\/sup><strong>Dimensiones:<\/strong>Abierto: 498 mm x 752 mm x 363 mm<br \/>\nCerrado: 498 mm x 358 mm x 245 mm<br \/>\n<strong>Peso:<\/strong>9,7 kg<br \/>\n<strong>Pa\u00eds de Origen:<\/strong>Filipinas<br \/>\n<strong>Garant\u00eda:<\/strong>2 a\u00f1os con registro del producto<\/p>\n<h4><strong>Imprimir:<\/strong><\/h4>\n<hr \/>\n<p><strong>Resoluci\u00f3n de Impresi\u00f3n:<\/strong>Hasta 4800 dpi x 1200 dpi de resoluci\u00f3n optimizada en varios tipos de papel\u2020\u2020\u2020<br \/>\n<strong>Velocidad de Impresi\u00f3n:<\/strong>Negro 38 ppm y color 24 ppm (borrador, A4\/carta)<br \/>\n\u2020<strong>Velocidad de Publicaci\u00f3n:<\/strong>Aprox. 9 segundos negro\/15 segundos color (A4\/carta)<br \/>\n<strong>Modos de Publicaci\u00f3n:<\/strong>Impresi\u00f3n autom\u00e1tica a doble cara (A4 \/ Carta \/ denido por usuario 182 x 257mm &#8211; 216 x 297mm), intercalar, modo silencioso de impresi\u00f3n<br \/>\n<strong>Direcci\u00f3n de Impresi\u00f3n:<\/strong>Bidireccional<br \/>\n<strong>Velocidad de Impresi\u00f3n ISO:<\/strong>Negro 17 ppm y color 9 ppm (A4\/carta)\u2020\u2020<\/p>\n<h4><strong>Copiar:<\/strong><\/h4>\n<hr \/>\n<p><strong>Velocidad de Copiado ISO:<\/strong>Negro 11,5 cpm y color 5,5 cpm (A4\/carta)<br \/>\n\u2020\u2020<strong>Calidad de Copia:<\/strong>Normal\/mejor calidad. 600 dpi x 1.200 dpi<br \/>\n<strong>Cantidad de Copias:<\/strong>1-99 copias (sin PC)<br \/>\n<strong>M\u00e1ximo Tama\u00f1o de Copia:<\/strong>Oficio \/ Legal (ADF y cama de esc\u00e1ner)<br \/>\n<strong>Caracter\u00edsticas de la Copia:<\/strong>Reduce y aumenta (25% &#8211; 400%)<\/p>\n<h4><strong>Especificaciones del Esc\u00e1ner:<\/strong><\/h4>\n<hr \/>\n<p><strong>Tipo de Esc\u00e1ner:<\/strong>Cama plana con sensor de l\u00edneas CIS de color<br \/>\n<strong>Resoluci\u00f3n \u00d3ptica:<\/strong>1.200 dpi\/1.200 dpi x 2.400 dpi<br \/>\n<strong>Profundidad del Bit de Color:<\/strong>48 bits de entrada, 24 bits de salida<br \/>\n<strong>Modo de escaneo en color y escala de grises (profundidad de bits):<\/strong>16 bits de entrada, 1 bits de salida<br \/>\n<strong>Profundidad de la Escala de Grises del Bit:<\/strong>16 bits de entrada, 8 bits de salida<br \/>\n<strong>M\u00e1xima Superficie de Digitalizaci\u00f3n:<\/strong>216 x 356mm (8.5&#8243; x 14&#8243;)<br \/>\n<strong>Velocidad de Escaneo:<\/strong>13 segundos blanco y negro\/28 segundos color en PDF y tama\u00f1o A4 a 200 dpi\u2020\u2020\u2020\u2020<\/p>\n<h4><strong>Alimentador Autom\u00e1tico de Documentos:<\/strong><\/h4>\n<hr \/>\n<p><strong>Capacidad:<\/strong>35 hojas (carta\/A4), 10 hojas (oficio\/legal)<br \/>\n<strong>Peso del Papel:<\/strong>64 g\/m2 &#8211; 95 g\/m2<\/p>\n<h4><strong>Fax:<\/strong><\/h4>\n<hr \/>\n<p><strong>Velocidad del Fax:<\/strong>33,6 kbps<br \/>\n<strong>Memoria, Fax:<\/strong>1,1 MB, hasta 100 p\u00e1ginas<br \/>\n<strong>Discados R\u00e1pidos:<\/strong>100 (n\u00fameros m\u00e1ximo), 99 grupos<\/p>\n<h4><strong>Conectividad:<\/strong><\/h4>\n<hr \/>\n<p><strong>Conectividad Est\u00e1ndar:<\/strong>USB de alta velocidad (compatible con USB 2.0), Ethernet 10\/100 , Wi-Fi 4 (IEEE 802.11 b\/g\/n), Wi-Fi Direct\u00ae<sup>4<br \/>\n<\/sup><strong>Protocolos de Impresi\u00f3n en Red:<\/strong>TCPP\/IPv4, TCP\/IPv6 y LDP, IPP, PORT9100, WSD<br \/>\n<strong>Protocolos de Manejo de Red:<\/strong>SNMP, HTTP, DHCP, BOOTP, APIPA, PING, DDNS, mDNS, SLP, WSD, LLTD<br \/>\n<strong>Seguridad WLAN:<\/strong>WEP (64-bit\/128-bit), WPA-PSK (TKIP), WPA2-PSK (AES), WPA3-SAE(AES)<\/p>\n<h4><strong>Impresi\u00f3n desde Dispositivos M\u00f3viles:<\/strong><\/h4>\n<hr \/>\n<p><strong>Epson Connect:<\/strong>Epson iPrint<sup>TM<\/sup> App (iOS<sup>TM<\/sup>, Android<sup>TM<\/sup>), Epson Email Print\u00ae, Remote Print Driver<br \/>\n<strong>Otros:<\/strong>Apple AirPrint\u00ae, Chromebook Native Print, Mopria Print Service<sup>TM<\/sup><\/p>\n<p>&nbsp;<\/p>\n<h4><strong>Manejo de Papel:<\/strong><\/h4>\n<hr \/>\n<p><sup><strong>Soporte de Papel:<\/strong>A3 (297 mm \u00d7 420 mm), Tabloide\/A3+ (329 mm \u00d7 483 mm), A4 (210 mm \u00d7 297 mm), Carta (216 mm \u00d7 279 mm), M\u00e9xico-Ocio (216 mm \u00d7 340 mm), Ocio 9 (215 mm \u00d7 315 mm), Legal (216 mm \u00d7 356 mm), Media carta (140 mm \u00d7 216 mm), Ejecutivo (184 mm \u00d7 267 mm), A5, A6, B4, B5, B6, 8.5\u00d713&#8243;, 8\u00d710&#8243;, 5\u00d77&#8243;, 5\u00d78&#8243;, 4\u00d76&#8243;, 3.5\u00d75&#8243;, denido por el usuario (54 mm x 86 mm ~ 329 mm x 1200 mm).<strong>Tama\u00f1o de Papel M\u00e1ximo:<\/strong>Alimentaci\u00f3n trasera: A3+ (329 x 483 mm) o denido por el usuario hasta 329 x 1200 mm Bandeja Frontal: Legal (216 x 356 mm) o denido por el usuario hasta 216 x 1200 mm<strong>Tipos de Papel:<\/strong>Papel Normal, Bright White Pro Paper, Presentation Paper Matte, Photo Paper Glossy, Premium Photo Paper Glossy, Ultra Premium, Photo Paper Glossy, Premium Photo Paper Semi-gloss, Premium Presentation Paper Matte, Premium Presentation Paper Matte Double-sided<strong>Tama\u00f1os sin M\u00e1rgenes:<\/strong>Carta, A4, A3 (297 mm\u00d7 420 mm), 4 \u00d7 6&#8243;, 5 \u00d7 7&#8243;, 8 \u00d7 10&#8243;, 11 \u00d7 14&#8243;, 11 \u00d7 17&#8243;, denido por el usuario (89 mm \u00d7 127 mm a 297 mm \u00d7 1200 mm)<strong>Tipos de Sobres:<\/strong>N\u00ba 10 (105 mm x 241 mm)<strong>Peso del Papel:<\/strong>Papel Normal: 64 ~ 90 g\/m2 ; papel fotogr\u00e1co: 102 ~ 300 g\/m2<strong>Capacidad de Papel:<\/strong>Alimentaci\u00f3n trasera: 20 hojas de papel normal, 1 hoja del resto de tipo de papeles Bandeja Frontal: 250 hojas de papel normal, 20 hojas de Premium Glossy Photo Paper, 10 sobres<strong>Capacidad de Salida de la Bandeja de Papel:<\/strong>30 hojas de papel normal, 20 hojas de papel Premium Glossy Photo Paper<\/sup><\/p>\n<p>&nbsp;<\/p>\n<h4><strong>Detalles de la Impresora:<\/strong><\/h4>\n<hr \/>\n<p><sup><strong>Pantalla:<\/strong>2,7&#8243; t\u00e1ctil a color<strong>Lenguaje de la Impresora:<\/strong>ESC\/P\u00ae Raster y ESC\/P\u00ae-R<\/sup><\/p>\n<p>&nbsp;<\/p>\n<h4><strong>Energ\u00eda:<\/strong><\/h4>\n<hr \/>\n<p><sup><strong>Voltaje Nominal:<\/strong>AC 100 &#8211; 240 V<strong>Frecuencia Nominal:<\/strong>50 Hz &#8211; 60 Hz<strong>Consumo de Energ\u00eda:<\/strong>12 W (en modo operaci\u00f3n)<\/sup><\/p>\n<p>&nbsp;<\/p>\n","protected":false},"excerpt":{"rendered":"<p>Producto original.<\/p>\n<div id=\"gtx-trans\" style=\"position: absolute; left: -35px; top: -3px;\">\n<div class=\"gtx-trans-icon\"><\/div>\n<\/div>\n","protected":false},"featured_media":7186,"comment_status":"closed","ping_status":"closed","template":"","meta":{"site-sidebar-layout":"default","site-content-layout":"","ast-site-content-layout":"default","site-content-style":"default","site-sidebar-style":"default","ast-global-header-display":"","ast-banner-title-visibility":"","ast-main-header-display":"","ast-hfb-above-header-display":"","ast-hfb-below-header-display":"","ast-hfb-mobile-header-display":"","site-post-title":"","ast-breadcrumbs-content":"","ast-featured-img":"","footer-sml-layout":"","ast-disable-related-posts":"","theme-transparent-header-meta":"default","adv-header-id-meta":"","stick-header-meta":"default","header-above-stick-meta":"","header-main-stick-meta":"","header-below-stick-meta":"","astra-migrate-meta-layouts":"set","ast-page-background-enabled":"default","ast-page-background-meta":{"desktop":{"background-color":"var(--ast-global-color-4)","background-image":"","background-repeat":"repeat","background-position":"center center","background-size":"auto","background-attachment":"scroll","background-type":"","background-media":"","overlay-type":"","overlay-color":"","overlay-opacity":"","overlay-gradient":""},"tablet":{"background-color":"","background-image":"","background-repeat":"repeat","background-position":"center center","background-size":"auto","background-attachment":"scroll","background-type":"","background-media":"","overlay-type":"","overlay-color":"","overlay-opacity":"","overlay-gradient":""},"mobile":{"background-color":"","background-image":"","background-repeat":"repeat","background-position":"center center","background-size":"auto","background-attachment":"scroll","background-type":"","background-media":"","overlay-type":"","overlay-color":"","overlay-opacity":"","overlay-gradient":""}},"ast-content-background-meta":{"desktop":{"background-color":"var(--ast-global-color-5)","background-image":"","background-repeat":"repeat","background-position":"center center","background-size":"auto","background-attachment":"scroll","background-type":"","background-media":"","overlay-type":"","overlay-color":"","overlay-opacity":"","overlay-gradient":""},"tablet":{"background-color":"var(--ast-global-color-5)","background-image":"","background-repeat":"repeat","background-position":"center center","background-size":"auto","background-attachment":"scroll","background-type":"","background-media":"","overlay-type":"","overlay-color":"","overlay-opacity":"","overlay-gradient":""},"mobile":{"background-color":"var(--ast-global-color-5)","background-image":"","background-repeat":"repeat","background-position":"center center","background-size":"auto","background-attachment":"scroll","background-type":"","background-media":"","overlay-type":"","overlay-color":"","overlay-opacity":"","overlay-gradient":""}}},"product_brand":[968],"product_cat":[21,46],"product_tag":[172,171],"class_list":{"0":"post-662","1":"product","2":"type-product","3":"status-publish","4":"has-post-thumbnail","6":"product_brand-epson","7":"product_cat-impresoras","8":"product_cat-multifuncional-a3","9":"product_tag-172","10":"product_tag-l14150","11":"desktop-align-left","12":"tablet-align-left","13":"mobile-align-left","14":"ast-product-gallery-layout-horizontal-slider","15":"ast-product-gallery-with-no-image","16":"ast-magnify-disabled","17":"ast-product-tabs-layout-horizontal","18":"ast-qv-on-image","20":"first","21":"instock","22":"sale","23":"taxable","24":"shipping-taxable","25":"purchasable","26":"product-type-simple"},"yoast_head":"<!-- This site is optimized with the Yoast SEO plugin v27.5 - https:\/\/yoast.com\/product\/yoast-seo-wordpress\/ -->\n<title>Multifuncional Epson L14150 A3 C11CH96303 - CLIE LIMITADA<\/title>\n<meta name=\"robots\" content=\"index, follow, max-snippet:-1, max-image-preview:large, max-video-preview:-1\" \/>\n<link rel=\"canonical\" href=\"https:\/\/www.clie.cl\/index.php\/producto\/multifuncional-epson-l14150-a3-c11ch96303\/\" \/>\n<meta property=\"og:locale\" content=\"es_ES\" \/>\n<meta property=\"og:type\" content=\"article\" \/>\n<meta property=\"og:title\" content=\"Multifuncional Epson L14150 A3 C11CH96303 - CLIE LIMITADA\" \/>\n<meta property=\"og:description\" content=\"Producto original.\" \/>\n<meta property=\"og:url\" content=\"https:\/\/www.clie.cl\/index.php\/producto\/multifuncional-epson-l14150-a3-c11ch96303\/\" \/>\n<meta property=\"og:site_name\" content=\"CLIE LIMITADA\" \/>\n<meta property=\"article:modified_time\" content=\"2026-05-04T15:29:43+00:00\" \/>\n<meta property=\"og:image\" content=\"https:\/\/www.clie.cl\/wp-content\/uploads\/2025\/07\/Multifuncional_Epson_L14150_clie.cl_.jpg\" \/>\n\t<meta property=\"og:image:width\" content=\"2000\" \/>\n\t<meta property=\"og:image:height\" content=\"2000\" \/>\n\t<meta property=\"og:image:type\" content=\"image\/jpeg\" \/>\n<meta name=\"twitter:card\" content=\"summary_large_image\" \/>\n<meta name=\"twitter:label1\" content=\"Tiempo de lectura\" \/>\n\t<meta name=\"twitter:data1\" content=\"5 minutos\" \/>\n<script type=\"application\/ld+json\" class=\"yoast-schema-graph\">{\"@context\":\"https:\\\/\\\/schema.org\",\"@graph\":[{\"@type\":\"WebPage\",\"@id\":\"https:\\\/\\\/www.clie.cl\\\/index.php\\\/producto\\\/multifuncional-epson-l14150-a3-c11ch96303\\\/\",\"url\":\"https:\\\/\\\/www.clie.cl\\\/index.php\\\/producto\\\/multifuncional-epson-l14150-a3-c11ch96303\\\/\",\"name\":\"Multifuncional Epson L14150 A3 C11CH96303 - CLIE LIMITADA\",\"isPartOf\":{\"@id\":\"https:\\\/\\\/www.clie.cl\\\/#website\"},\"primaryImageOfPage\":{\"@id\":\"https:\\\/\\\/www.clie.cl\\\/index.php\\\/producto\\\/multifuncional-epson-l14150-a3-c11ch96303\\\/#primaryimage\"},\"image\":{\"@id\":\"https:\\\/\\\/www.clie.cl\\\/index.php\\\/producto\\\/multifuncional-epson-l14150-a3-c11ch96303\\\/#primaryimage\"},\"thumbnailUrl\":\"https:\\\/\\\/www.clie.cl\\\/wp-content\\\/uploads\\\/2025\\\/07\\\/Multifuncional_Epson_L14150_clie.cl_.jpg\",\"datePublished\":\"2023-11-08T17:36:18+00:00\",\"dateModified\":\"2026-05-04T15:29:43+00:00\",\"breadcrumb\":{\"@id\":\"https:\\\/\\\/www.clie.cl\\\/index.php\\\/producto\\\/multifuncional-epson-l14150-a3-c11ch96303\\\/#breadcrumb\"},\"inLanguage\":\"es\",\"potentialAction\":[{\"@type\":\"ReadAction\",\"target\":[\"https:\\\/\\\/www.clie.cl\\\/index.php\\\/producto\\\/multifuncional-epson-l14150-a3-c11ch96303\\\/\"]}]},{\"@type\":\"ImageObject\",\"inLanguage\":\"es\",\"@id\":\"https:\\\/\\\/www.clie.cl\\\/index.php\\\/producto\\\/multifuncional-epson-l14150-a3-c11ch96303\\\/#primaryimage\",\"url\":\"https:\\\/\\\/www.clie.cl\\\/wp-content\\\/uploads\\\/2025\\\/07\\\/Multifuncional_Epson_L14150_clie.cl_.jpg\",\"contentUrl\":\"https:\\\/\\\/www.clie.cl\\\/wp-content\\\/uploads\\\/2025\\\/07\\\/Multifuncional_Epson_L14150_clie.cl_.jpg\",\"width\":2000,\"height\":2000,\"caption\":\"Multifuncional_Epson_L14150_clie.cl\"},{\"@type\":\"BreadcrumbList\",\"@id\":\"https:\\\/\\\/www.clie.cl\\\/index.php\\\/producto\\\/multifuncional-epson-l14150-a3-c11ch96303\\\/#breadcrumb\",\"itemListElement\":[{\"@type\":\"ListItem\",\"position\":1,\"name\":\"Portada\",\"item\":\"https:\\\/\\\/www.clie.cl\\\/\"},{\"@type\":\"ListItem\",\"position\":2,\"name\":\"Productos\",\"item\":\"https:\\\/\\\/www.clie.cl\\\/index.php\\\/shop\\\/\"},{\"@type\":\"ListItem\",\"position\":3,\"name\":\"Multifuncional Epson L14150 A3 C11CH96303\"}]},{\"@type\":\"WebSite\",\"@id\":\"https:\\\/\\\/www.clie.cl\\\/#website\",\"url\":\"https:\\\/\\\/www.clie.cl\\\/\",\"name\":\"CLIE.cl\",\"description\":\"Clie Limitada\",\"publisher\":{\"@id\":\"https:\\\/\\\/www.clie.cl\\\/#organization\"},\"alternateName\":\"CLIE\",\"potentialAction\":[{\"@type\":\"SearchAction\",\"target\":{\"@type\":\"EntryPoint\",\"urlTemplate\":\"https:\\\/\\\/www.clie.cl\\\/?s={search_term_string}\"},\"query-input\":{\"@type\":\"PropertyValueSpecification\",\"valueRequired\":true,\"valueName\":\"search_term_string\"}}],\"inLanguage\":\"es\"},{\"@type\":\"Organization\",\"@id\":\"https:\\\/\\\/www.clie.cl\\\/#organization\",\"name\":\"CLIE LIMITADA\",\"url\":\"https:\\\/\\\/www.clie.cl\\\/\",\"logo\":{\"@type\":\"ImageObject\",\"inLanguage\":\"es\",\"@id\":\"https:\\\/\\\/www.clie.cl\\\/#\\\/schema\\\/logo\\\/image\\\/\",\"url\":\"https:\\\/\\\/www.clie.cl\\\/wp-content\\\/uploads\\\/2023\\\/10\\\/logo_clie_front_web_2023.png\",\"contentUrl\":\"https:\\\/\\\/www.clie.cl\\\/wp-content\\\/uploads\\\/2023\\\/10\\\/logo_clie_front_web_2023.png\",\"width\":139,\"height\":118,\"caption\":\"CLIE LIMITADA\"},\"image\":{\"@id\":\"https:\\\/\\\/www.clie.cl\\\/#\\\/schema\\\/logo\\\/image\\\/\"}}]}<\/script>\n<!-- \/ Yoast SEO plugin. -->","yoast_head_json":{"title":"Multifuncional Epson L14150 A3 C11CH96303 - CLIE LIMITADA","robots":{"index":"index","follow":"follow","max-snippet":"max-snippet:-1","max-image-preview":"max-image-preview:large","max-video-preview":"max-video-preview:-1"},"canonical":"https:\/\/www.clie.cl\/index.php\/producto\/multifuncional-epson-l14150-a3-c11ch96303\/","og_locale":"es_ES","og_type":"article","og_title":"Multifuncional Epson L14150 A3 C11CH96303 - CLIE LIMITADA","og_description":"Producto original.","og_url":"https:\/\/www.clie.cl\/index.php\/producto\/multifuncional-epson-l14150-a3-c11ch96303\/","og_site_name":"CLIE LIMITADA","article_modified_time":"2026-05-04T15:29:43+00:00","og_image":[{"width":2000,"height":2000,"url":"https:\/\/www.clie.cl\/wp-content\/uploads\/2025\/07\/Multifuncional_Epson_L14150_clie.cl_.jpg","type":"image\/jpeg"}],"twitter_card":"summary_large_image","twitter_misc":{"Tiempo de lectura":"5 minutos"},"schema":{"@context":"https:\/\/schema.org","@graph":[{"@type":"WebPage","@id":"https:\/\/www.clie.cl\/index.php\/producto\/multifuncional-epson-l14150-a3-c11ch96303\/","url":"https:\/\/www.clie.cl\/index.php\/producto\/multifuncional-epson-l14150-a3-c11ch96303\/","name":"Multifuncional Epson L14150 A3 C11CH96303 - CLIE LIMITADA","isPartOf":{"@id":"https:\/\/www.clie.cl\/#website"},"primaryImageOfPage":{"@id":"https:\/\/www.clie.cl\/index.php\/producto\/multifuncional-epson-l14150-a3-c11ch96303\/#primaryimage"},"image":{"@id":"https:\/\/www.clie.cl\/index.php\/producto\/multifuncional-epson-l14150-a3-c11ch96303\/#primaryimage"},"thumbnailUrl":"https:\/\/www.clie.cl\/wp-content\/uploads\/2025\/07\/Multifuncional_Epson_L14150_clie.cl_.jpg","datePublished":"2023-11-08T17:36:18+00:00","dateModified":"2026-05-04T15:29:43+00:00","breadcrumb":{"@id":"https:\/\/www.clie.cl\/index.php\/producto\/multifuncional-epson-l14150-a3-c11ch96303\/#breadcrumb"},"inLanguage":"es","potentialAction":[{"@type":"ReadAction","target":["https:\/\/www.clie.cl\/index.php\/producto\/multifuncional-epson-l14150-a3-c11ch96303\/"]}]},{"@type":"ImageObject","inLanguage":"es","@id":"https:\/\/www.clie.cl\/index.php\/producto\/multifuncional-epson-l14150-a3-c11ch96303\/#primaryimage","url":"https:\/\/www.clie.cl\/wp-content\/uploads\/2025\/07\/Multifuncional_Epson_L14150_clie.cl_.jpg","contentUrl":"https:\/\/www.clie.cl\/wp-content\/uploads\/2025\/07\/Multifuncional_Epson_L14150_clie.cl_.jpg","width":2000,"height":2000,"caption":"Multifuncional_Epson_L14150_clie.cl"},{"@type":"BreadcrumbList","@id":"https:\/\/www.clie.cl\/index.php\/producto\/multifuncional-epson-l14150-a3-c11ch96303\/#breadcrumb","itemListElement":[{"@type":"ListItem","position":1,"name":"Portada","item":"https:\/\/www.clie.cl\/"},{"@type":"ListItem","position":2,"name":"Productos","item":"https:\/\/www.clie.cl\/index.php\/shop\/"},{"@type":"ListItem","position":3,"name":"Multifuncional Epson L14150 A3 C11CH96303"}]},{"@type":"WebSite","@id":"https:\/\/www.clie.cl\/#website","url":"https:\/\/www.clie.cl\/","name":"CLIE.cl","description":"Clie Limitada","publisher":{"@id":"https:\/\/www.clie.cl\/#organization"},"alternateName":"CLIE","potentialAction":[{"@type":"SearchAction","target":{"@type":"EntryPoint","urlTemplate":"https:\/\/www.clie.cl\/?s={search_term_string}"},"query-input":{"@type":"PropertyValueSpecification","valueRequired":true,"valueName":"search_term_string"}}],"inLanguage":"es"},{"@type":"Organization","@id":"https:\/\/www.clie.cl\/#organization","name":"CLIE LIMITADA","url":"https:\/\/www.clie.cl\/","logo":{"@type":"ImageObject","inLanguage":"es","@id":"https:\/\/www.clie.cl\/#\/schema\/logo\/image\/","url":"https:\/\/www.clie.cl\/wp-content\/uploads\/2023\/10\/logo_clie_front_web_2023.png","contentUrl":"https:\/\/www.clie.cl\/wp-content\/uploads\/2023\/10\/logo_clie_front_web_2023.png","width":139,"height":118,"caption":"CLIE LIMITADA"},"image":{"@id":"https:\/\/www.clie.cl\/#\/schema\/logo\/image\/"}}]}},"_links":{"self":[{"href":"https:\/\/www.clie.cl\/index.php\/wp-json\/wp\/v2\/product\/662","targetHints":{"allow":["GET"]}}],"collection":[{"href":"https:\/\/www.clie.cl\/index.php\/wp-json\/wp\/v2\/product"}],"about":[{"href":"https:\/\/www.clie.cl\/index.php\/wp-json\/wp\/v2\/types\/product"}],"replies":[{"embeddable":true,"href":"https:\/\/www.clie.cl\/index.php\/wp-json\/wp\/v2\/comments?post=662"}],"wp:featuredmedia":[{"embeddable":true,"href":"https:\/\/www.clie.cl\/index.php\/wp-json\/wp\/v2\/media\/7186"}],"wp:attachment":[{"href":"https:\/\/www.clie.cl\/index.php\/wp-json\/wp\/v2\/media?parent=662"}],"wp:term":[{"taxonomy":"product_brand","embeddable":true,"href":"https:\/\/www.clie.cl\/index.php\/wp-json\/wp\/v2\/product_brand?post=662"},{"taxonomy":"product_cat","embeddable":true,"href":"https:\/\/www.clie.cl\/index.php\/wp-json\/wp\/v2\/product_cat?post=662"},{"taxonomy":"product_tag","embeddable":true,"href":"https:\/\/www.clie.cl\/index.php\/wp-json\/wp\/v2\/product_tag?post=662"}],"curies":[{"name":"wp","href":"https:\/\/api.w.org\/{rel}","templated":true}]}}