{"id":658,"date":"2023-11-08T17:06:06","date_gmt":"2023-11-08T17:06:06","guid":{"rendered":"https:\/\/clie.cl\/?post_type=product&#038;p=658"},"modified":"2026-01-30T08:48:18","modified_gmt":"2026-01-30T12:48:18","slug":"impresora-epson-inalambrica-ecotank-l1250-tinta-c11cj71303","status":"publish","type":"product","link":"https:\/\/www.clie.cl\/index.php\/producto\/impresora-epson-inalambrica-ecotank-l1250-tinta-c11cj71303\/","title":{"rendered":"Impresora Epson Inal\u00e1mbrica EcoTank L1250 Tinta C11CJ71303"},"content":{"rendered":"<div id=\"specification-262cd5\" class=\"ccs-cc-inline-section ccs-cc-inline-specifications\" data-elementid=\"inline-content-specifications[eps]\" data-context=\"{&quot;labels&quot;:[&quot;EcoTank&quot;],&quot;mobile&quot;:false}\" data-ccs-cc-inline-jumplink=\"Especificaciones\" data-display-mode=\"collapsed\">\n<div class=\"ccs-cc-inline-acc-content\" data-ccs-cc-inline-acc-id=\"specification-262cd5\">\n<table>\n<tbody>\n<tr>\n<th class=\"ccs-cc-inline-specs-group\" colspan=\"2\" scope=\"colgroup\">IMPRESI\u00d3N<\/th>\n<\/tr>\n<tr class=\"ccs-cc-inline-specs-row\">\n<th class=\"ccs-cc-inline-specification-attribute\" scope=\"row\">Tecnolog\u00eda de impresi\u00f3n<\/th>\n<td>Inyecci\u00f3n de tinta Heat-FreeTM MicroPiezo de 4 colores (CMYK)<\/td>\n<\/tr>\n<tr class=\"ccs-cc-inline-specs-row\">\n<th class=\"ccs-cc-inline-specification-attribute\" scope=\"row\">Resoluci\u00f3n m\u00e1xima de impresi\u00f3n<\/th>\n<td>Hasta 5.760 x 1.440 dpi<\/td>\n<\/tr>\n<tr class=\"ccs-cc-inline-specs-row\">\n<th class=\"ccs-cc-inline-specification-attribute\" scope=\"row\">Velocidad de impresi\u00f3n m\u00e1xima\u00b9<\/th>\n<td>Negro 33 ppm y color 15 ppm (borrador, A4\/carta)<\/td>\n<\/tr>\n<tr class=\"ccs-cc-inline-specs-row\">\n<th class=\"ccs-cc-inline-specification-attribute\" scope=\"row\">Velocidad de impresi\u00f3n ISO\u00b2<\/th>\n<td>Negro 10 ppm y color 5 ppm (A4\/carta)<\/td>\n<\/tr>\n<tr class=\"ccs-cc-inline-specs-row\">\n<th class=\"ccs-cc-inline-specification-attribute\" scope=\"row\">Impresi\u00f3n inal\u00e1mbrica desde dispositivos inteligentes<\/th>\n<td>Epson Connect\u2122, Epson Smart Panel\u2122\u00b2, aplicativos (iOS\u2122, Android\u2122), Epson Email Print, Remote Print Driver<\/td>\n<\/tr>\n<tr>\n<th class=\"ccs-cc-inline-specs-group\" colspan=\"2\" scope=\"colgroup\">INTERFAZ Y CONECTIVIDAD<\/th>\n<\/tr>\n<tr class=\"ccs-cc-inline-specs-row\">\n<th class=\"ccs-cc-inline-specification-attribute\" scope=\"row\">Interfaz y conectividad<\/th>\n<td>USB de alta velocidad (compatible con USB 2.0), Wi-Fi\u00b3 , Wi-Fi Direct\u00b3<\/td>\n<\/tr>\n<tr class=\"ccs-cc-inline-specs-row\">\n<th class=\"ccs-cc-inline-specification-attribute\" scope=\"row\">Compatibilidad con Sistemas Operativos<\/th>\n<td>\n<div>Windows Vista\u00ae \/ 7 \/ 8 \/ 8.1 \/10 (32bit, 64bit) o m\u00e1s reciente (64bit)<\/div>\n<div>Windows Server\u00ae 2003 \u00ab(SP2) o m\u00e1s reciente\u00bb<\/div>\n<div>Mac OS X 10.7.5 o m\u00e1s reciente, Mac OS 11 o m\u00e1s reciente<\/div>\n<\/td>\n<\/tr>\n<tr class=\"ccs-cc-inline-specs-row\">\n<th class=\"ccs-cc-inline-specification-attribute\" scope=\"row\">Protocolos de impresi\u00f3n en red<\/th>\n<td>TCP\/IPv4, TCP\/IPv6<\/td>\n<\/tr>\n<tr class=\"ccs-cc-inline-specs-row\">\n<th class=\"ccs-cc-inline-specification-attribute\" scope=\"row\">Protocolos para gesti\u00f3n de redes<\/th>\n<td>SNMP, HTTP, DHCP, APIPA, PING, DDNS, mDNS, SLP, WSD, LLTD<\/td>\n<\/tr>\n<tr class=\"ccs-cc-inline-specs-row\">\n<th class=\"ccs-cc-inline-specification-attribute\" scope=\"row\">Seguridad WLAN<\/th>\n<td>WEP (64bit\/128bit),WPA-PSK (TKIP), WPA2-PSK (AES), WPA3-SAE (AES)<\/td>\n<\/tr>\n<tr>\n<th class=\"ccs-cc-inline-specs-group\" colspan=\"2\" scope=\"colgroup\">MANEJO DE PAPEL Y MEDIOS<\/th>\n<\/tr>\n<tr class=\"ccs-cc-inline-specs-row\">\n<th class=\"ccs-cc-inline-specification-attribute\" scope=\"row\">Tama\u00f1o m\u00e1ximo de impresi\u00f3n<\/th>\n<td>215.9 mm x 1.200 mm<\/td>\n<\/tr>\n<tr class=\"ccs-cc-inline-specs-row\">\n<th class=\"ccs-cc-inline-specification-attribute\" scope=\"row\">Tipos de papeles soportados<\/th>\n<td>Papel normal, Papel especial Epson (Photo Glossy\/Semi-gloss, Presentation Paper Matte, High Quality Ink Jet Paper y Sobres)<\/td>\n<\/tr>\n<tr class=\"ccs-cc-inline-specs-row\">\n<th class=\"ccs-cc-inline-specification-attribute\" scope=\"row\">Tama\u00f1os de papeles soportados<\/th>\n<td>Est\u00e1ndar: A4, Carta, Oficio (21,59 cm x 35,56 cm), M\u00e9xico-Oficio (21,59 cm x 34,04 cm), Oficio 9 (21,49 cm x 31,5 cm), Folio (21,59 cm x 33,02 cm), Ejecutivo, Media Carta, A6 Sobres: #10 (105 mm x 241 mm) &#8211; Definido por el usuario: 54 mm x 86 mm &#8211; 215.9 mm x 1.200 mm<\/td>\n<\/tr>\n<tr class=\"ccs-cc-inline-specs-row\">\n<th class=\"ccs-cc-inline-specification-attribute\" scope=\"row\">Capacidad de carga<\/th>\n<td>Alimentaci\u00f3n trasera: hasta 100 hojas (A4\/Carta)<\/td>\n<\/tr>\n<tr>\n<th class=\"ccs-cc-inline-specs-group\" colspan=\"2\" scope=\"colgroup\">GENERAL<\/th>\n<\/tr>\n<tr class=\"ccs-cc-inline-specs-row\">\n<th class=\"ccs-cc-inline-specification-attribute\" scope=\"row\">Software incluido<\/th>\n<td>CD: Printer Driver, Epson Photo+<\/td>\n<\/tr>\n<tr class=\"ccs-cc-inline-specs-row\">\n<th class=\"ccs-cc-inline-specification-attribute\" scope=\"row\">Dimensiones (ancho x profundidad x altura)<\/th>\n<td>Abierto: 37.5 cm x 57.8 cm x 25.3 cm &#8211; Cerrado: 37.5 cm x 34.7 cm x 16.9 cm<\/td>\n<\/tr>\n<tr class=\"ccs-cc-inline-specs-row\">\n<th class=\"ccs-cc-inline-specification-attribute\" scope=\"row\">Peso<\/th>\n<td>2,9 kg<\/td>\n<\/tr>\n<tr class=\"ccs-cc-inline-specs-row\">\n<th class=\"ccs-cc-inline-specification-attribute\" scope=\"row\">\u00bfQu\u00e9 hay en la caja?<\/th>\n<td>Impresora Epson EcoTank\u00ae L1250, gu\u00eda de instalaci\u00f3n, CD con controladores, cable de alimentaci\u00f3n, cable USB.<\/td>\n<\/tr>\n<tr class=\"ccs-cc-inline-specs-row\">\n<th class=\"ccs-cc-inline-specification-attribute\" scope=\"row\">Pa\u00eds de origen<\/th>\n<td>Filipinas<\/td>\n<\/tr>\n<tr class=\"ccs-cc-inline-specs-row\">\n<th class=\"ccs-cc-inline-specification-attribute\" scope=\"row\">Garant\u00eda limitada\u2074<\/th>\n<td>2 a\u00f1os con registro del producto<\/td>\n<\/tr>\n<tr class=\"ccs-cc-inline-specs-row\">\n<th class=\"ccs-cc-inline-specification-attribute\" scope=\"row\">Consumo de energ\u00eda (aproximado)<\/th>\n<td>12 W (en modo operaci\u00f3n)<\/td>\n<\/tr>\n<tr class=\"ccs-cc-inline-specs-row\">\n<th class=\"ccs-cc-inline-specification-attribute\" scope=\"row\">Tensi\u00f3n y frecuencia nominal<\/th>\n<td>EcoTank\u00ae L1250 (110V) C11CJ71301: AC 100 &#8211; 240 V \/ 50 &#8211; 60 Hz EcoTank\u00ae L1250 (220V) C11CJ71303: AC 100 &#8211; 240 V \/ 50 &#8211; 60 Hz<\/td>\n<\/tr>\n<tr>\n<th class=\"ccs-cc-inline-specs-group\" colspan=\"2\" scope=\"colgroup\">RENDIMIENTO DE TINTAS<\/th>\n<\/tr>\n<tr class=\"ccs-cc-inline-specs-row\">\n<th class=\"ccs-cc-inline-specification-attribute\" scope=\"row\">Botellas de tinta de reemplazo original<\/th>\n<td>1 botella con tinta negra rinde hasta 4.500 p\u00e1ginas\u2075<\/p>\n<div>3 botellas a color (cian, magenta, amarillo) rinden hasta 7.500 p\u00e1ginas\u2075<\/div>\n<div>La EcoTank\u00ae L1250 fue dise\u00f1ada para usar exclusivamente con las botellas de tinta originales marca Epson. Epson recomienda el uso de tinta original para asegurar el mejor rendimiento y calidad de impresi\u00f3n y no arriesgar la garant\u00eda limitada.<\/div>\n<\/td>\n<\/tr>\n<tr>\n<th class=\"ccs-cc-inline-specs-group\" colspan=\"2\" scope=\"colgroup\">INFORMACI\u00d3N DE PRODUCTOS<\/th>\n<\/tr>\n<tr class=\"ccs-cc-inline-specs-row\">\n<th class=\"ccs-cc-inline-specification-attribute\" scope=\"row\">C\u00f3digos de productos y botellas<\/th>\n<td>Impresora Epson EcoTank\u00ae L1250 (110V) C11CJ71301<\/p>\n<div>Impresora Epson EcoTank\u00ae L1250 (220V) C11CJ71303<\/div>\n<div>Botella Tinta Negra T544120-AL<\/div>\n<div>Botella Tinta Cian T544220-AL<\/div>\n<div>Botella Tinta Magenta T544320-AL<\/div>\n<div>Botella Tinta Amarilla T544420-AL<\/div>\n<\/td>\n<\/tr>\n<\/tbody>\n<\/table>\n<\/div>\n<\/div>\n<div class=\"ccs-cc-inline-section ccs-cc-inline-features\" data-elementid=\"inline-content-features[eps]\" data-context=\"{&quot;labels&quot;:[&quot;EcoTank&quot;],&quot;mobile&quot;:false}\" data-ccs-cc-inline-jumplink=\"Funciones\" data-display-mode=\"noheader\">\n<div class=\"ccs-cc-inline-features-block ccs-cc-inline-single-feature\">\n<div class=\"ccs-cc-inline-feature\" data-type=\"text\">\n<div class=\"ccs-cc-inline-feature-content ccs-cc-inline-feature-description\">\n<p>ECOTANK es una marca registrada de Seiko Epson Corporation.<\/p>\n<div>*Unidades con tanques de tinta Epson vendidas en el mundo hasta marzo 2023.<\/div>\n<div><\/div>\n<div>1- Requiere descargar la aplicaci\u00f3n Epson Smart Panel. Pueden ser aplicados costos por el uso de datos.<\/div>\n<div><\/div>\n<div>2- Parte de la tinta de las botellas incluidas se utiliza para la configuraci\u00f3n inicial; los rendimientos son inferiores a los de las botellas de tinta de recarga. Los rendimientos de las botellas de tinta incluidas y las botellas de tinta de recarga se basan en p\u00e1ginas de prueba ISO\/IEC 24712 utilizando la metodolog\u00eda de Epson. Los rendimientos reales pueden variar considerablemente por varias razones, incluidas las im\u00e1genes impresas, la configuraci\u00f3n de impresi\u00f3n, la temperatura y la humedad. Los rendimientos pueden ser m\u00e1s bajos cuando se imprime con poca frecuencia, o bien cuando se imprime predominantemente con un solo color de tinta. Todos los colores de tinta se utilizan para la impresi\u00f3n y el mantenimiento de la impresora, y todos los colores deben estar disponibles para la impresi\u00f3n. Para obtener m\u00e1s informaci\u00f3n, visite la p\u00e1gina web epson.com.br\/rendimento-tintas.<\/div>\n<div><\/div>\n<div>3- Wi-Fi CERTIFIED\u2122, el nivel de rendimiento depende del alcance del router utilizado. Wi-Fi Direct puede requerir software adicionar para la impresora.<\/div>\n<div><\/div>\n<div>4- La garant\u00eda est\u00e1ndar es de 0 a 3 meses sin l\u00edmite de p\u00e1ginas y de 4 a 12 meses, o hasta 15.000 p\u00e1ginas, lo que ocurra primero. Para obtener 12 meses adicionales (un total de 24 meses de garant\u00eda) o hasta 30 000 p\u00e1ginas (lo que ocurra primero), registre su producto dentro de los 30 d\u00edas posteriores a la fecha de compra del producto y use botellas de tinta originales de Epson. Para obtener m\u00e1s informaci\u00f3n sobre el programa de garant\u00eda extendida, visite la p\u00e1gina web www.epson.com\/warranty<\/div>\n<div><\/div>\n<div>5- Las velocidades de impresi\u00f3n a color y en negro se miden de acuerdo con ISO\/IEC 24734 en modo est\u00e1ndar y una p\u00e1gina de impresi\u00f3n. Los tiempos de impresi\u00f3n reales pueden variar seg\u00fan factores que incluyen la configuraci\u00f3n del sistema, el software y la complejidad de la p\u00e1gina. Para m\u00e1s informaciones, visite la p\u00e1gina web epson.com.br\/velocidade-impressao.<\/div>\n<div><\/div>\n<div>6- Estimado cerca de 35 sets de cartuchos basado en los rendimientos de impresi\u00f3n de las botellas de tinta negra y de color de reemplazo en comparaci\u00f3n con cartuchos de capacidad est\u00e1ndar de tinta para impresoras de cartuchos con caracter\u00edsticas similares de los fabricantes principales a partir de julio de 2017.<\/div>\n<\/div>\n<\/div>\n<\/div>\n<\/div>\n","protected":false},"excerpt":{"rendered":"<p>Producto original.<\/p>\n<div id=\"gtx-trans\" style=\"position: absolute;left: -35px;top: -3px\">\n<div class=\"gtx-trans-icon\">\u00a0<\/div>\n<\/div>\n","protected":false},"featured_media":673,"comment_status":"open","ping_status":"closed","template":"","meta":{"site-sidebar-layout":"default","site-content-layout":"","ast-site-content-layout":"default","site-content-style":"default","site-sidebar-style":"default","ast-global-header-display":"","ast-banner-title-visibility":"","ast-main-header-display":"","ast-hfb-above-header-display":"","ast-hfb-below-header-display":"","ast-hfb-mobile-header-display":"","site-post-title":"","ast-breadcrumbs-content":"","ast-featured-img":"","footer-sml-layout":"","ast-disable-related-posts":"","theme-transparent-header-meta":"default","adv-header-id-meta":"","stick-header-meta":"default","header-above-stick-meta":"","header-main-stick-meta":"","header-below-stick-meta":"","astra-migrate-meta-layouts":"set","ast-page-background-enabled":"default","ast-page-background-meta":{"desktop":{"background-color":"var(--ast-global-color-4)","background-image":"","background-repeat":"repeat","background-position":"center center","background-size":"auto","background-attachment":"scroll","background-type":"","background-media":"","overlay-type":"","overlay-color":"","overlay-opacity":"","overlay-gradient":""},"tablet":{"background-color":"","background-image":"","background-repeat":"repeat","background-position":"center center","background-size":"auto","background-attachment":"scroll","background-type":"","background-media":"","overlay-type":"","overlay-color":"","overlay-opacity":"","overlay-gradient":""},"mobile":{"background-color":"","background-image":"","background-repeat":"repeat","background-position":"center center","background-size":"auto","background-attachment":"scroll","background-type":"","background-media":"","overlay-type":"","overlay-color":"","overlay-opacity":"","overlay-gradient":""}},"ast-content-background-meta":{"desktop":{"background-color":"var(--ast-global-color-5)","background-image":"","background-repeat":"repeat","background-position":"center center","background-size":"auto","background-attachment":"scroll","background-type":"","background-media":"","overlay-type":"","overlay-color":"","overlay-opacity":"","overlay-gradient":""},"tablet":{"background-color":"var(--ast-global-color-5)","background-image":"","background-repeat":"repeat","background-position":"center center","background-size":"auto","background-attachment":"scroll","background-type":"","background-media":"","overlay-type":"","overlay-color":"","overlay-opacity":"","overlay-gradient":""},"mobile":{"background-color":"var(--ast-global-color-5)","background-image":"","background-repeat":"repeat","background-position":"center center","background-size":"auto","background-attachment":"scroll","background-type":"","background-media":"","overlay-type":"","overlay-color":"","overlay-opacity":"","overlay-gradient":""}}},"product_brand":[968],"product_cat":[25,21],"product_tag":[],"class_list":{"0":"post-658","1":"product","2":"type-product","3":"status-publish","4":"has-post-thumbnail","6":"product_brand-epson","7":"product_cat-impresora-tinta","8":"product_cat-impresoras","9":"desktop-align-left","10":"tablet-align-left","11":"mobile-align-left","12":"ast-product-gallery-layout-horizontal-slider","13":"ast-product-gallery-with-no-image","14":"ast-magnify-disabled","15":"ast-product-tabs-layout-horizontal","16":"ast-qv-on-image","18":"first","19":"instock","20":"sale","21":"taxable","22":"shipping-taxable","23":"purchasable","24":"product-type-simple"},"yoast_head":"<!-- This site is optimized with the Yoast SEO plugin v27.5 - https:\/\/yoast.com\/product\/yoast-seo-wordpress\/ -->\n<title>Impresora Epson Inal\u00e1mbrica EcoTank L1250 Tinta C11CJ71303 - CLIE LIMITADA<\/title>\n<meta name=\"robots\" content=\"index, follow, max-snippet:-1, max-image-preview:large, max-video-preview:-1\" \/>\n<link rel=\"canonical\" href=\"https:\/\/www.clie.cl\/index.php\/producto\/impresora-epson-inalambrica-ecotank-l1250-tinta-c11cj71303\/\" \/>\n<meta property=\"og:locale\" content=\"es_ES\" \/>\n<meta property=\"og:type\" content=\"article\" \/>\n<meta property=\"og:title\" content=\"Impresora Epson Inal\u00e1mbrica EcoTank L1250 Tinta C11CJ71303 - CLIE LIMITADA\" \/>\n<meta property=\"og:description\" content=\"Producto original.\u00a0\" \/>\n<meta property=\"og:url\" content=\"https:\/\/www.clie.cl\/index.php\/producto\/impresora-epson-inalambrica-ecotank-l1250-tinta-c11cj71303\/\" \/>\n<meta property=\"og:site_name\" content=\"CLIE LIMITADA\" \/>\n<meta property=\"article:modified_time\" content=\"2026-01-30T12:48:18+00:00\" \/>\n<meta property=\"og:image\" content=\"https:\/\/www.clie.cl\/wp-content\/uploads\/2023\/11\/l1250.jpg\" \/>\n\t<meta property=\"og:image:width\" content=\"600\" \/>\n\t<meta property=\"og:image:height\" content=\"600\" \/>\n\t<meta property=\"og:image:type\" content=\"image\/jpeg\" \/>\n<meta name=\"twitter:card\" content=\"summary_large_image\" \/>\n<meta name=\"twitter:label1\" content=\"Tiempo de lectura\" \/>\n\t<meta name=\"twitter:data1\" content=\"5 minutos\" \/>\n<script type=\"application\/ld+json\" class=\"yoast-schema-graph\">{\"@context\":\"https:\\\/\\\/schema.org\",\"@graph\":[{\"@type\":\"WebPage\",\"@id\":\"https:\\\/\\\/www.clie.cl\\\/index.php\\\/producto\\\/impresora-epson-inalambrica-ecotank-l1250-tinta-c11cj71303\\\/\",\"url\":\"https:\\\/\\\/www.clie.cl\\\/index.php\\\/producto\\\/impresora-epson-inalambrica-ecotank-l1250-tinta-c11cj71303\\\/\",\"name\":\"Impresora Epson Inal\u00e1mbrica EcoTank L1250 Tinta C11CJ71303 - CLIE LIMITADA\",\"isPartOf\":{\"@id\":\"https:\\\/\\\/www.clie.cl\\\/#website\"},\"primaryImageOfPage\":{\"@id\":\"https:\\\/\\\/www.clie.cl\\\/index.php\\\/producto\\\/impresora-epson-inalambrica-ecotank-l1250-tinta-c11cj71303\\\/#primaryimage\"},\"image\":{\"@id\":\"https:\\\/\\\/www.clie.cl\\\/index.php\\\/producto\\\/impresora-epson-inalambrica-ecotank-l1250-tinta-c11cj71303\\\/#primaryimage\"},\"thumbnailUrl\":\"https:\\\/\\\/www.clie.cl\\\/wp-content\\\/uploads\\\/2023\\\/11\\\/l1250.jpg\",\"datePublished\":\"2023-11-08T17:06:06+00:00\",\"dateModified\":\"2026-01-30T12:48:18+00:00\",\"breadcrumb\":{\"@id\":\"https:\\\/\\\/www.clie.cl\\\/index.php\\\/producto\\\/impresora-epson-inalambrica-ecotank-l1250-tinta-c11cj71303\\\/#breadcrumb\"},\"inLanguage\":\"es\",\"potentialAction\":[{\"@type\":\"ReadAction\",\"target\":[\"https:\\\/\\\/www.clie.cl\\\/index.php\\\/producto\\\/impresora-epson-inalambrica-ecotank-l1250-tinta-c11cj71303\\\/\"]}]},{\"@type\":\"ImageObject\",\"inLanguage\":\"es\",\"@id\":\"https:\\\/\\\/www.clie.cl\\\/index.php\\\/producto\\\/impresora-epson-inalambrica-ecotank-l1250-tinta-c11cj71303\\\/#primaryimage\",\"url\":\"https:\\\/\\\/www.clie.cl\\\/wp-content\\\/uploads\\\/2023\\\/11\\\/l1250.jpg\",\"contentUrl\":\"https:\\\/\\\/www.clie.cl\\\/wp-content\\\/uploads\\\/2023\\\/11\\\/l1250.jpg\",\"width\":600,\"height\":600},{\"@type\":\"BreadcrumbList\",\"@id\":\"https:\\\/\\\/www.clie.cl\\\/index.php\\\/producto\\\/impresora-epson-inalambrica-ecotank-l1250-tinta-c11cj71303\\\/#breadcrumb\",\"itemListElement\":[{\"@type\":\"ListItem\",\"position\":1,\"name\":\"Portada\",\"item\":\"https:\\\/\\\/www.clie.cl\\\/\"},{\"@type\":\"ListItem\",\"position\":2,\"name\":\"Productos\",\"item\":\"https:\\\/\\\/www.clie.cl\\\/index.php\\\/shop\\\/\"},{\"@type\":\"ListItem\",\"position\":3,\"name\":\"Impresora Epson Inal\u00e1mbrica EcoTank L1250 Tinta C11CJ71303\"}]},{\"@type\":\"WebSite\",\"@id\":\"https:\\\/\\\/www.clie.cl\\\/#website\",\"url\":\"https:\\\/\\\/www.clie.cl\\\/\",\"name\":\"CLIE.cl\",\"description\":\"Clie Limitada\",\"publisher\":{\"@id\":\"https:\\\/\\\/www.clie.cl\\\/#organization\"},\"alternateName\":\"CLIE\",\"potentialAction\":[{\"@type\":\"SearchAction\",\"target\":{\"@type\":\"EntryPoint\",\"urlTemplate\":\"https:\\\/\\\/www.clie.cl\\\/?s={search_term_string}\"},\"query-input\":{\"@type\":\"PropertyValueSpecification\",\"valueRequired\":true,\"valueName\":\"search_term_string\"}}],\"inLanguage\":\"es\"},{\"@type\":\"Organization\",\"@id\":\"https:\\\/\\\/www.clie.cl\\\/#organization\",\"name\":\"CLIE LIMITADA\",\"url\":\"https:\\\/\\\/www.clie.cl\\\/\",\"logo\":{\"@type\":\"ImageObject\",\"inLanguage\":\"es\",\"@id\":\"https:\\\/\\\/www.clie.cl\\\/#\\\/schema\\\/logo\\\/image\\\/\",\"url\":\"https:\\\/\\\/www.clie.cl\\\/wp-content\\\/uploads\\\/2023\\\/10\\\/logo_clie_front_web_2023.png\",\"contentUrl\":\"https:\\\/\\\/www.clie.cl\\\/wp-content\\\/uploads\\\/2023\\\/10\\\/logo_clie_front_web_2023.png\",\"width\":139,\"height\":118,\"caption\":\"CLIE LIMITADA\"},\"image\":{\"@id\":\"https:\\\/\\\/www.clie.cl\\\/#\\\/schema\\\/logo\\\/image\\\/\"}}]}<\/script>\n<!-- \/ Yoast SEO plugin. -->","yoast_head_json":{"title":"Impresora Epson Inal\u00e1mbrica EcoTank L1250 Tinta C11CJ71303 - CLIE LIMITADA","robots":{"index":"index","follow":"follow","max-snippet":"max-snippet:-1","max-image-preview":"max-image-preview:large","max-video-preview":"max-video-preview:-1"},"canonical":"https:\/\/www.clie.cl\/index.php\/producto\/impresora-epson-inalambrica-ecotank-l1250-tinta-c11cj71303\/","og_locale":"es_ES","og_type":"article","og_title":"Impresora Epson Inal\u00e1mbrica EcoTank L1250 Tinta C11CJ71303 - CLIE LIMITADA","og_description":"Producto original.\u00a0","og_url":"https:\/\/www.clie.cl\/index.php\/producto\/impresora-epson-inalambrica-ecotank-l1250-tinta-c11cj71303\/","og_site_name":"CLIE LIMITADA","article_modified_time":"2026-01-30T12:48:18+00:00","og_image":[{"width":600,"height":600,"url":"https:\/\/www.clie.cl\/wp-content\/uploads\/2023\/11\/l1250.jpg","type":"image\/jpeg"}],"twitter_card":"summary_large_image","twitter_misc":{"Tiempo de lectura":"5 minutos"},"schema":{"@context":"https:\/\/schema.org","@graph":[{"@type":"WebPage","@id":"https:\/\/www.clie.cl\/index.php\/producto\/impresora-epson-inalambrica-ecotank-l1250-tinta-c11cj71303\/","url":"https:\/\/www.clie.cl\/index.php\/producto\/impresora-epson-inalambrica-ecotank-l1250-tinta-c11cj71303\/","name":"Impresora Epson Inal\u00e1mbrica EcoTank L1250 Tinta C11CJ71303 - CLIE LIMITADA","isPartOf":{"@id":"https:\/\/www.clie.cl\/#website"},"primaryImageOfPage":{"@id":"https:\/\/www.clie.cl\/index.php\/producto\/impresora-epson-inalambrica-ecotank-l1250-tinta-c11cj71303\/#primaryimage"},"image":{"@id":"https:\/\/www.clie.cl\/index.php\/producto\/impresora-epson-inalambrica-ecotank-l1250-tinta-c11cj71303\/#primaryimage"},"thumbnailUrl":"https:\/\/www.clie.cl\/wp-content\/uploads\/2023\/11\/l1250.jpg","datePublished":"2023-11-08T17:06:06+00:00","dateModified":"2026-01-30T12:48:18+00:00","breadcrumb":{"@id":"https:\/\/www.clie.cl\/index.php\/producto\/impresora-epson-inalambrica-ecotank-l1250-tinta-c11cj71303\/#breadcrumb"},"inLanguage":"es","potentialAction":[{"@type":"ReadAction","target":["https:\/\/www.clie.cl\/index.php\/producto\/impresora-epson-inalambrica-ecotank-l1250-tinta-c11cj71303\/"]}]},{"@type":"ImageObject","inLanguage":"es","@id":"https:\/\/www.clie.cl\/index.php\/producto\/impresora-epson-inalambrica-ecotank-l1250-tinta-c11cj71303\/#primaryimage","url":"https:\/\/www.clie.cl\/wp-content\/uploads\/2023\/11\/l1250.jpg","contentUrl":"https:\/\/www.clie.cl\/wp-content\/uploads\/2023\/11\/l1250.jpg","width":600,"height":600},{"@type":"BreadcrumbList","@id":"https:\/\/www.clie.cl\/index.php\/producto\/impresora-epson-inalambrica-ecotank-l1250-tinta-c11cj71303\/#breadcrumb","itemListElement":[{"@type":"ListItem","position":1,"name":"Portada","item":"https:\/\/www.clie.cl\/"},{"@type":"ListItem","position":2,"name":"Productos","item":"https:\/\/www.clie.cl\/index.php\/shop\/"},{"@type":"ListItem","position":3,"name":"Impresora Epson Inal\u00e1mbrica EcoTank L1250 Tinta C11CJ71303"}]},{"@type":"WebSite","@id":"https:\/\/www.clie.cl\/#website","url":"https:\/\/www.clie.cl\/","name":"CLIE.cl","description":"Clie Limitada","publisher":{"@id":"https:\/\/www.clie.cl\/#organization"},"alternateName":"CLIE","potentialAction":[{"@type":"SearchAction","target":{"@type":"EntryPoint","urlTemplate":"https:\/\/www.clie.cl\/?s={search_term_string}"},"query-input":{"@type":"PropertyValueSpecification","valueRequired":true,"valueName":"search_term_string"}}],"inLanguage":"es"},{"@type":"Organization","@id":"https:\/\/www.clie.cl\/#organization","name":"CLIE LIMITADA","url":"https:\/\/www.clie.cl\/","logo":{"@type":"ImageObject","inLanguage":"es","@id":"https:\/\/www.clie.cl\/#\/schema\/logo\/image\/","url":"https:\/\/www.clie.cl\/wp-content\/uploads\/2023\/10\/logo_clie_front_web_2023.png","contentUrl":"https:\/\/www.clie.cl\/wp-content\/uploads\/2023\/10\/logo_clie_front_web_2023.png","width":139,"height":118,"caption":"CLIE LIMITADA"},"image":{"@id":"https:\/\/www.clie.cl\/#\/schema\/logo\/image\/"}}]}},"_links":{"self":[{"href":"https:\/\/www.clie.cl\/index.php\/wp-json\/wp\/v2\/product\/658","targetHints":{"allow":["GET"]}}],"collection":[{"href":"https:\/\/www.clie.cl\/index.php\/wp-json\/wp\/v2\/product"}],"about":[{"href":"https:\/\/www.clie.cl\/index.php\/wp-json\/wp\/v2\/types\/product"}],"replies":[{"embeddable":true,"href":"https:\/\/www.clie.cl\/index.php\/wp-json\/wp\/v2\/comments?post=658"}],"wp:featuredmedia":[{"embeddable":true,"href":"https:\/\/www.clie.cl\/index.php\/wp-json\/wp\/v2\/media\/673"}],"wp:attachment":[{"href":"https:\/\/www.clie.cl\/index.php\/wp-json\/wp\/v2\/media?parent=658"}],"wp:term":[{"taxonomy":"product_brand","embeddable":true,"href":"https:\/\/www.clie.cl\/index.php\/wp-json\/wp\/v2\/product_brand?post=658"},{"taxonomy":"product_cat","embeddable":true,"href":"https:\/\/www.clie.cl\/index.php\/wp-json\/wp\/v2\/product_cat?post=658"},{"taxonomy":"product_tag","embeddable":true,"href":"https:\/\/www.clie.cl\/index.php\/wp-json\/wp\/v2\/product_tag?post=658"}],"curies":[{"name":"wp","href":"https:\/\/api.w.org\/{rel}","templated":true}]}}