{"id":654,"date":"2023-11-08T15:16:03","date_gmt":"2023-11-08T15:16:03","guid":{"rendered":"https:\/\/clie.cl\/?post_type=product&#038;p=654"},"modified":"2026-01-26T15:53:55","modified_gmt":"2026-01-26T19:53:55","slug":"etiquetadora-brother-ql-800","status":"publish","type":"product","link":"https:\/\/www.clie.cl\/index.php\/producto\/etiquetadora-brother-ql-800\/","title":{"rendered":"Etiquetadora Brother QL-800"},"content":{"rendered":"<div>\n<div class=\"nep-product-meta\">\n<h6 class=\"nep-product-title\">Etiquetadora Brother QL-800<\/h6>\n<p>&nbsp;<\/p>\n<p>Etiquetadora profesional de alta velocidad con conexi\u00f3n USB<\/p>\n<\/div>\n<div class=\"nep-product-features\">\n<ul>\n<li>Imprima incre\u00edbles etiquetas en negro \/ rojo con DK-2251<\/li>\n<li>\u00a1Velocidad de impresi\u00f3n r\u00e1pida! Imprima hasta 93 etiquetas por minuto \u2021<\/li>\n<li>Crea una variedad de etiquetas econ\u00f3micas<\/li>\n<\/ul>\n<\/div>\n<p>Impresora de etiquetas profesional de alta velocidad para emprender proyectos de etiquetado en oficinas. Cree etiquetas llamativas con texto negro y rojo usando la cinta DK-2251 o las etiquetas de papel para paquetes, sobres, carpetas de archivos, identificaci\u00f3n en eventos y acreditaciones, informaci\u00f3n nutricional, despachos y m\u00e1s.<\/p>\n<p>La QL-800 imprime hasta 93 etiquetas est\u00e1ndares por minuto en texto negro a 300 dpi; y viene con una cortadora autom\u00e1tica para imprimir 1 \u00f3 m\u00faltiples etiquetas a la vez. La funci\u00f3n \u00abEditor Lite\u00bb de Brother permite imprimir con rapidez la mayor\u00eda de las etiquetas b\u00e1sicas y no requiere la instalaci\u00f3n de software en computadoras Windows\u00ae, mientras que el software P-touch Editor para Windows\u00ae y Mac le permite crear etiquetas seg\u00fan desee. Este dispositivo es compatible con Windows y Mac y se integra con Microsoft Word, Excel y Outlook. No necesita tinta ni t\u00f3ner, ya que utiliza rollos de cintas DK originales de Brother, de f\u00e1cil instalaci\u00f3n.<\/p>\n<ul>\n<li>Imprima excepcionales etiquetas con texto negro y rojo usando DK-2251<\/li>\n<li><b><\/b>Cree etiquetas de papel para paquetes, sobres, carpetas de archivos, insignias de identificaci\u00f3n, estampillas y m\u00e1s<\/li>\n<li><b><\/b>Rollos de f\u00e1cil inserci\u00f3n. La m\u00e1quina no necesita tinta ni t\u00f3ner<\/li>\n<li><b><\/b>Imprime etiquetas DK originales de Brother precortadas, con papel protector de f\u00e1cil separaci\u00f3n, de longitud continua y de pel\u00edcula. La cortadora autom\u00e1tica permite crear pancartas y letreros de hasta 3 pies de longitud<\/li>\n<li><b><\/b>Impresi\u00f3n de alta resoluci\u00f3n (hasta 300 x 600 dpi) para texto y gr\u00e1ficos n\u00edtidos<\/li>\n<li><b><\/b>La funci\u00f3n \u00abPlug &amp; Label\u00bb le permite crear e imprimir etiquetas sin necesidad de instalar software<\/li>\n<li><b><\/b>Compatible con Windows y Mac y tambi\u00e9n se integra con Microsoft Word, Excel y Outlook<\/li>\n<li><b><\/b>S\u00faper r\u00e1pida, imprime hasta 93 etiquetas est\u00e1ndares por minuto en texto negro a 300 dpi<\/li>\n<\/ul>\n<p><strong>Especificaciones<\/strong><\/p>\n<hr \/>\n<h3><strong>Funciones de software<\/strong><\/h3>\n<table class=\"table pdp-table m-t-20\">\n<tbody>\n<tr>\n<th>TIPOS DE C\u00d3DIGO DE BARRAS: PC CONECTADO<\/th>\n<td>CODE39, CODE128, UCC\/EAN128(GS1-128), ITF(I-2\/5), CODABAR(NW-7), UPC-A, UPC-E, EAN13, EAN8, ISBN-2(EAN13 AddOn2), ISBN-5(EAN13 AddOn5), C\u00f3digo de barras l\u00e1ser, POSTNET, RSS(RSS14 Standard, RSS14 Truncated, RSS14 Stacked, RSS14 Stacked Omni, RSS Limited, RSS Expanded, RSS Expanded Stacked), PDF417 (Standard, Truncate, Micro), QR code(Model1, Model2, Micro), Matriz de datos (ECC Square, ECC Rectangular), MaxiCode(Model2, Model3, Model4, Model5), GS1 Databar Composite, C\u00f3digo de Barras Azteca<\/td>\n<\/tr>\n<tr>\n<th>COMPATIBILIDAD CON BASE DE DATOS<\/th>\n<td>CSV, TXT, XLS<\/td>\n<\/tr>\n<tr>\n<th>ESTILOS DE FUENTE<\/th>\n<td>True Type<\/td>\n<\/tr>\n<tr>\n<th>CARACTER\u00cdSTICAS DE LA ETIQUETADORA<\/th>\n<td>Impresi\u00f3n fecha \/ hora, Rotar impresi\u00f3n, Impresi\u00f3n vertical, Impresi\u00f3n espejo<\/td>\n<\/tr>\n<tr>\n<th>N\u00daMERO M\u00c1XIMO DE COPIAS IMPRESAS<\/th>\n<td>9999<\/td>\n<\/tr>\n<tr>\n<th>COMPLEMENTOS DE MICROSOFT WORD \/ OUTLOOK \/ EXCEL<\/th>\n<td>S\u00ed<\/td>\n<\/tr>\n<tr>\n<th>IMPRESI\u00d3N ESPEJO<\/th>\n<td>S\u00ed<\/td>\n<\/tr>\n<tr>\n<th>COMPATIBILIDAD CON DISPOSITIVOS M\u00d3VILES\u2021<\/th>\n<td>Brother iPrint&amp;Label con cable USB<\/td>\n<\/tr>\n<tr>\n<th>APLICACIONES M\u00d3VILES PARA IMPRESI\u00d3N\u2021<\/th>\n<td>S\u00ed<\/td>\n<\/tr>\n<tr>\n<th>IMPRESI\u00d3N MULTICOPIA<\/th>\n<td>Hasta 9999 copias<\/td>\n<\/tr>\n<tr>\n<th>COMPATIBILIDAD DEL SISTEMA OPERATIVO<\/th>\n<td>Mac OS X 10.11.x, Mac OS X 10.10.5 , Mac OS X 10.12.x, Mac OS X 10.13.x, Windows Vista\u00ae, Windows\u00ae 7, Windows\u00ae 8\/8.1, Windows\u00ae 10<\/td>\n<\/tr>\n<tr>\n<th>IMPRIME ESTAMPILLAS\u2021<\/th>\n<td>S\u00ed<\/td>\n<\/tr>\n<tr>\n<th>ROTAR IMPRESI\u00d3N<\/th>\n<td>S\u00ed<\/td>\n<\/tr>\n<tr>\n<th>S\u00cdMBOLOS PARA WINDOWS (CLIPART EDITOR)<\/th>\n<td>1379<\/td>\n<\/tr>\n<tr>\n<th>SELLO DE FECHA \/ HORA<\/th>\n<td>Generado en PC<\/td>\n<\/tr>\n<tr>\n<th>IMPRESI\u00d3N VERTICAL<\/th>\n<td>S\u00ed<\/td>\n<\/tr>\n<\/tbody>\n<\/table>\n<h3><strong>Caracteristicas de hardware<\/strong><\/h3>\n<table class=\"table pdp-table m-t-20\">\n<tbody>\n<tr>\n<th>SOFTWARE Y ADAPTADOR INTEGRADO<\/th>\n<td>S\u00ed<\/td>\n<\/tr>\n<tr>\n<th>TIPO DE CORTADOR<\/th>\n<td>Autom\u00e1tico<\/td>\n<\/tr>\n<tr>\n<th>COLOR DE LA CARCASA<\/th>\n<td>Blanco \/ Negro<\/td>\n<\/tr>\n<tr>\n<th>TIPOS DE INTERFAZ<\/th>\n<td>USB<\/td>\n<\/tr>\n<tr>\n<th>ANCHO M\u00c1XIMO DE ETIQUETA (MM)<\/th>\n<td>62<\/td>\n<\/tr>\n<tr>\n<th>VELOCIDAD M\u00c1XIMA DE IMPRESI\u00d3N (CINTAS POR MIN)<\/th>\n<td>93<\/td>\n<\/tr>\n<tr>\n<th>ANCHO M\u00c1XIMO DE IMPRESI\u00d3N (MM)<\/th>\n<td>58<\/td>\n<\/tr>\n<tr>\n<th>MODOS DE OPERACI\u00d3N<\/th>\n<td>PC conectada<\/td>\n<\/tr>\n<tr>\n<th>EMULACI\u00d3N DE IMPRESORA<\/th>\n<td>Raster<\/td>\n<\/tr>\n<tr>\n<th>TECNOLOG\u00cdA DE IMPRESORA<\/th>\n<td>T\u00e9rmica Directa<\/td>\n<\/tr>\n<tr>\n<th>MEMORIA EST\u00c1NDAR (MB)<\/th>\n<td>0<\/td>\n<\/tr>\n<tr>\n<th>TAMA\u00d1OS DE CINTA<\/th>\n<td>Troquelado, Continuo<\/td>\n<\/tr>\n<\/tbody>\n<\/table>\n<h3><strong>Requisitos del sistema<\/strong><\/h3>\n<table class=\"table pdp-table m-t-20\">\n<tbody>\n<tr>\n<th>SOPORTE SDK<\/th>\n<td>S\u00ed<\/td>\n<\/tr>\n<tr>\n<th>SOFTWARE INCLUIDO<\/th>\n<td>P-touch Editor 5.2 para Windows\u00ae, P-touch Address Book 1.2 para Windows\u00ae, P-touch Editor 5.2 para Mac, P-touch Update Software (Windows\u00ae y Mac)<\/td>\n<\/tr>\n<\/tbody>\n<\/table>\n<h3><strong>Energia<\/strong><\/h3>\n<table class=\"table pdp-table m-t-20\">\n<tbody>\n<tr>\n<th>VOLTAJE<\/th>\n<td>220-240 V 50\/60Hz<\/td>\n<\/tr>\n<\/tbody>\n<\/table>\n<h3><strong>Dimensiones<\/strong><\/h3>\n<table class=\"table pdp-table m-t-20\">\n<tbody>\n<tr>\n<th>DIMENSIONES DE LA UNIDAD (L X P X A)<\/th>\n<td>4.9\u2033 x 8.4\u2033 x 5.6\u2033 (126mm x 213mm x 142mm)<\/td>\n<\/tr>\n<tr>\n<th>PESO DE LA UNIDAD (KG.)<\/th>\n<td>1.13<\/td>\n<\/tr>\n<\/tbody>\n<\/table>\n<h3><strong>Qu\u00e9 incluye<\/strong><\/h3>\n<table class=\"table pdp-table m-t-20\">\n<tbody>\n<tr>\n<th>CONTENIDO DE LA CAJA\u2021<\/th>\n<td>Software, cable USB, cable de alimentaci\u00f3n, gu\u00eda de configuraci\u00f3n r\u00e1pida, documentaci\u00f3n, rollos iniciales: DK-1201 Etiquetas de direcci\u00f3n est\u00e1ndar troqueladas (100 etiquetas), DK-2251 2.4\u2033 ( 62 mm) Cinta continua negra \/ roja sobre papel blanco 16,4 pies (5 m)<\/td>\n<\/tr>\n<tr>\n<th>GARANT\u00cdA<\/th>\n<td>1 a\u00f1o Carry In<\/td>\n<\/tr>\n<\/tbody>\n<\/table>\n<\/div>\n<div><span style=\"font-family: arial, helvetica, sans-serif;\"> 4977766771283<\/span><\/div>\n<div><\/div>\n<div>\n<p><span style=\"font-family: arial, helvetica, sans-serif;\">Rollos<span style=\"white-space: pre;\">\u00a0<\/span>Rollos DK. Cintas continuas desde 12mm hasta 62mm Etiquetas precortadas \u2013 diversas medidas<\/span><\/p>\n<p>Programa\u00a0<span style=\"color: red; font-family: Arial, sans-serif;\"><b>P-touch Editor<span style=\"font-size: 26px;\">\u00a0<\/span><\/b><\/span><span style=\"font-family: arial, helvetica, sans-serif;\">se debe bajar desde:<\/span><\/p>\n<p><span style=\"color: #ff0000;\">http:\/\/support.brother.com\/g\/b\/downloadend.aspx?c=es&amp;lang=es&amp;prod=lpql800euk&amp;os=98&amp;dlid=dlfp100377_000&amp;flang=201&amp;type3=296<\/span><\/p>\n<p>&nbsp;<\/p>\n<hr \/>\n<p>&nbsp;<\/p>\n<div class=\"ast-oembed-container \" style=\"height: 100%;\"><iframe title=\"Impresora de etiquetas QL 800.\" width=\"500\" height=\"281\" src=\"https:\/\/www.youtube.com\/embed\/b8mfk5YEAag?start=4&#038;feature=oembed\" frameborder=\"0\" allow=\"accelerometer; autoplay; clipboard-write; encrypted-media; gyroscope; picture-in-picture; web-share\" referrerpolicy=\"strict-origin-when-cross-origin\" allowfullscreen><\/iframe><\/div>\n<p><span style=\"font-family: arial, helvetica, sans-serif;\">\u00a0<\/span><\/p>\n<\/div>\n<div><span style=\"text-indent: 18pt; font-size: 11pt; font-family: Calibri, sans-serif;\">\u00a0<\/span><\/div>\n<div><\/div>\n<div><\/div>\n","protected":false},"excerpt":{"rendered":"<p>Producto original.<\/p>\n<div id=\"gtx-trans\" style=\"position: absolute; left: -35px; top: -3px;\">\n<div class=\"gtx-trans-icon\"><\/div>\n<\/div>\n","protected":false},"featured_media":7320,"comment_status":"open","ping_status":"closed","template":"","meta":{"site-sidebar-layout":"default","site-content-layout":"","ast-site-content-layout":"default","site-content-style":"default","site-sidebar-style":"default","ast-global-header-display":"","ast-banner-title-visibility":"","ast-main-header-display":"","ast-hfb-above-header-display":"","ast-hfb-below-header-display":"","ast-hfb-mobile-header-display":"","site-post-title":"","ast-breadcrumbs-content":"","ast-featured-img":"","footer-sml-layout":"","ast-disable-related-posts":"","theme-transparent-header-meta":"default","adv-header-id-meta":"","stick-header-meta":"default","header-above-stick-meta":"","header-main-stick-meta":"","header-below-stick-meta":"","astra-migrate-meta-layouts":"set","ast-page-background-enabled":"default","ast-page-background-meta":{"desktop":{"background-color":"var(--ast-global-color-4)","background-image":"","background-repeat":"repeat","background-position":"center center","background-size":"auto","background-attachment":"scroll","background-type":"","background-media":"","overlay-type":"","overlay-color":"","overlay-opacity":"","overlay-gradient":""},"tablet":{"background-color":"","background-image":"","background-repeat":"repeat","background-position":"center center","background-size":"auto","background-attachment":"scroll","background-type":"","background-media":"","overlay-type":"","overlay-color":"","overlay-opacity":"","overlay-gradient":""},"mobile":{"background-color":"","background-image":"","background-repeat":"repeat","background-position":"center center","background-size":"auto","background-attachment":"scroll","background-type":"","background-media":"","overlay-type":"","overlay-color":"","overlay-opacity":"","overlay-gradient":""}},"ast-content-background-meta":{"desktop":{"background-color":"var(--ast-global-color-5)","background-image":"","background-repeat":"repeat","background-position":"center center","background-size":"auto","background-attachment":"scroll","background-type":"","background-media":"","overlay-type":"","overlay-color":"","overlay-opacity":"","overlay-gradient":""},"tablet":{"background-color":"var(--ast-global-color-5)","background-image":"","background-repeat":"repeat","background-position":"center center","background-size":"auto","background-attachment":"scroll","background-type":"","background-media":"","overlay-type":"","overlay-color":"","overlay-opacity":"","overlay-gradient":""},"mobile":{"background-color":"var(--ast-global-color-5)","background-image":"","background-repeat":"repeat","background-position":"center center","background-size":"auto","background-attachment":"scroll","background-type":"","background-media":"","overlay-type":"","overlay-color":"","overlay-opacity":"","overlay-gradient":""}}},"product_brand":[965],"product_cat":[90,21],"product_tag":[793,609,241],"class_list":{"0":"post-654","1":"product","2":"type-product","3":"status-publish","4":"has-post-thumbnail","6":"product_brand-brother","7":"product_cat-etiquetadoras","8":"product_cat-impresoras","9":"product_tag-impresora-de-etiquetas-brother-ql-800","10":"product_tag-ql-800","11":"product_tag-ql800","12":"desktop-align-left","13":"tablet-align-left","14":"mobile-align-left","15":"ast-product-gallery-layout-horizontal-slider","16":"ast-product-gallery-with-no-image","17":"ast-magnify-disabled","18":"ast-product-tabs-layout-horizontal","19":"ast-qv-on-image","21":"first","22":"instock","23":"sale","24":"taxable","25":"shipping-taxable","26":"purchasable","27":"product-type-simple"},"yoast_head":"<!-- This site is optimized with the Yoast SEO plugin v27.5 - https:\/\/yoast.com\/product\/yoast-seo-wordpress\/ -->\n<title>Etiquetadora Brother QL-800 - CLIE LIMITADA<\/title>\n<meta name=\"description\" content=\"&quot;Descubre la impresora de etiquetas Brother QL-800: velocidad y calidad en cada impresi\u00f3n. Ideal para oficinas y negocios, ofrece etiquetas duraderas con tecnolog\u00eda de impresi\u00f3n directa t\u00e9rmica y conectividad USB. Perfecta para etiquetar, organizar y administrar con eficiencia.&quot;Esta meta descripci\u00f3n destaca las principales caracter\u00edsticas y beneficios del producto, y est\u00e1 dise\u00f1ada para atraer a usuarios que buscan una impresora de etiquetas eficiente y confiable.\" \/>\n<meta name=\"robots\" content=\"index, follow, max-snippet:-1, max-image-preview:large, max-video-preview:-1\" \/>\n<link rel=\"canonical\" href=\"https:\/\/www.clie.cl\/index.php\/producto\/etiquetadora-brother-ql-800\/\" \/>\n<meta property=\"og:locale\" content=\"es_ES\" \/>\n<meta property=\"og:type\" content=\"article\" \/>\n<meta property=\"og:title\" content=\"Etiquetadora Brother QL-800 - CLIE LIMITADA\" \/>\n<meta property=\"og:description\" content=\"&quot;Descubre la impresora de etiquetas Brother QL-800: velocidad y calidad en cada impresi\u00f3n. Ideal para oficinas y negocios, ofrece etiquetas duraderas con tecnolog\u00eda de impresi\u00f3n directa t\u00e9rmica y conectividad USB. Perfecta para etiquetar, organizar y administrar con eficiencia.&quot;Esta meta descripci\u00f3n destaca las principales caracter\u00edsticas y beneficios del producto, y est\u00e1 dise\u00f1ada para atraer a usuarios que buscan una impresora de etiquetas eficiente y confiable.\" \/>\n<meta property=\"og:url\" content=\"https:\/\/www.clie.cl\/index.php\/producto\/etiquetadora-brother-ql-800\/\" \/>\n<meta property=\"og:site_name\" content=\"CLIE LIMITADA\" \/>\n<meta property=\"article:modified_time\" content=\"2026-01-26T19:53:55+00:00\" \/>\n<meta property=\"og:image\" content=\"https:\/\/www.clie.cl\/wp-content\/uploads\/2025\/07\/Etiquetadora_Brother_QL-800_USB_clie.cl_.jpg\" \/>\n\t<meta property=\"og:image:width\" content=\"2000\" \/>\n\t<meta property=\"og:image:height\" content=\"2000\" \/>\n\t<meta property=\"og:image:type\" content=\"image\/jpeg\" \/>\n<meta name=\"twitter:card\" content=\"summary_large_image\" \/>\n<meta name=\"twitter:label1\" content=\"Tiempo de lectura\" \/>\n\t<meta name=\"twitter:data1\" content=\"4 minutos\" \/>\n<script type=\"application\/ld+json\" class=\"yoast-schema-graph\">{\"@context\":\"https:\\\/\\\/schema.org\",\"@graph\":[{\"@type\":\"WebPage\",\"@id\":\"https:\\\/\\\/www.clie.cl\\\/index.php\\\/producto\\\/etiquetadora-brother-ql-800\\\/\",\"url\":\"https:\\\/\\\/www.clie.cl\\\/index.php\\\/producto\\\/etiquetadora-brother-ql-800\\\/\",\"name\":\"Etiquetadora Brother QL-800 - CLIE LIMITADA\",\"isPartOf\":{\"@id\":\"https:\\\/\\\/www.clie.cl\\\/#website\"},\"primaryImageOfPage\":{\"@id\":\"https:\\\/\\\/www.clie.cl\\\/index.php\\\/producto\\\/etiquetadora-brother-ql-800\\\/#primaryimage\"},\"image\":{\"@id\":\"https:\\\/\\\/www.clie.cl\\\/index.php\\\/producto\\\/etiquetadora-brother-ql-800\\\/#primaryimage\"},\"thumbnailUrl\":\"https:\\\/\\\/www.clie.cl\\\/wp-content\\\/uploads\\\/2025\\\/07\\\/Etiquetadora_Brother_QL-800_USB_clie.cl_.jpg\",\"datePublished\":\"2023-11-08T15:16:03+00:00\",\"dateModified\":\"2026-01-26T19:53:55+00:00\",\"description\":\"\\\"Descubre la impresora de etiquetas Brother QL-800: velocidad y calidad en cada impresi\u00f3n. Ideal para oficinas y negocios, ofrece etiquetas duraderas con tecnolog\u00eda de impresi\u00f3n directa t\u00e9rmica y conectividad USB. Perfecta para etiquetar, organizar y administrar con eficiencia.\\\"Esta meta descripci\u00f3n destaca las principales caracter\u00edsticas y beneficios del producto, y est\u00e1 dise\u00f1ada para atraer a usuarios que buscan una impresora de etiquetas eficiente y confiable.\",\"breadcrumb\":{\"@id\":\"https:\\\/\\\/www.clie.cl\\\/index.php\\\/producto\\\/etiquetadora-brother-ql-800\\\/#breadcrumb\"},\"inLanguage\":\"es\",\"potentialAction\":[{\"@type\":\"ReadAction\",\"target\":[\"https:\\\/\\\/www.clie.cl\\\/index.php\\\/producto\\\/etiquetadora-brother-ql-800\\\/\"]}]},{\"@type\":\"ImageObject\",\"inLanguage\":\"es\",\"@id\":\"https:\\\/\\\/www.clie.cl\\\/index.php\\\/producto\\\/etiquetadora-brother-ql-800\\\/#primaryimage\",\"url\":\"https:\\\/\\\/www.clie.cl\\\/wp-content\\\/uploads\\\/2025\\\/07\\\/Etiquetadora_Brother_QL-800_USB_clie.cl_.jpg\",\"contentUrl\":\"https:\\\/\\\/www.clie.cl\\\/wp-content\\\/uploads\\\/2025\\\/07\\\/Etiquetadora_Brother_QL-800_USB_clie.cl_.jpg\",\"width\":2000,\"height\":2000,\"caption\":\"Etiquetadora_Brother_QL-800_USB_clie.cl\"},{\"@type\":\"BreadcrumbList\",\"@id\":\"https:\\\/\\\/www.clie.cl\\\/index.php\\\/producto\\\/etiquetadora-brother-ql-800\\\/#breadcrumb\",\"itemListElement\":[{\"@type\":\"ListItem\",\"position\":1,\"name\":\"Portada\",\"item\":\"https:\\\/\\\/www.clie.cl\\\/\"},{\"@type\":\"ListItem\",\"position\":2,\"name\":\"Productos\",\"item\":\"https:\\\/\\\/www.clie.cl\\\/index.php\\\/shop\\\/\"},{\"@type\":\"ListItem\",\"position\":3,\"name\":\"Etiquetadora Brother QL-800\"}]},{\"@type\":\"WebSite\",\"@id\":\"https:\\\/\\\/www.clie.cl\\\/#website\",\"url\":\"https:\\\/\\\/www.clie.cl\\\/\",\"name\":\"CLIE.cl\",\"description\":\"Clie Limitada\",\"publisher\":{\"@id\":\"https:\\\/\\\/www.clie.cl\\\/#organization\"},\"alternateName\":\"CLIE\",\"potentialAction\":[{\"@type\":\"SearchAction\",\"target\":{\"@type\":\"EntryPoint\",\"urlTemplate\":\"https:\\\/\\\/www.clie.cl\\\/?s={search_term_string}\"},\"query-input\":{\"@type\":\"PropertyValueSpecification\",\"valueRequired\":true,\"valueName\":\"search_term_string\"}}],\"inLanguage\":\"es\"},{\"@type\":\"Organization\",\"@id\":\"https:\\\/\\\/www.clie.cl\\\/#organization\",\"name\":\"CLIE LIMITADA\",\"url\":\"https:\\\/\\\/www.clie.cl\\\/\",\"logo\":{\"@type\":\"ImageObject\",\"inLanguage\":\"es\",\"@id\":\"https:\\\/\\\/www.clie.cl\\\/#\\\/schema\\\/logo\\\/image\\\/\",\"url\":\"https:\\\/\\\/www.clie.cl\\\/wp-content\\\/uploads\\\/2023\\\/10\\\/logo_clie_front_web_2023.png\",\"contentUrl\":\"https:\\\/\\\/www.clie.cl\\\/wp-content\\\/uploads\\\/2023\\\/10\\\/logo_clie_front_web_2023.png\",\"width\":139,\"height\":118,\"caption\":\"CLIE LIMITADA\"},\"image\":{\"@id\":\"https:\\\/\\\/www.clie.cl\\\/#\\\/schema\\\/logo\\\/image\\\/\"}}]}<\/script>\n<!-- \/ Yoast SEO plugin. -->","yoast_head_json":{"title":"Etiquetadora Brother QL-800 - CLIE LIMITADA","description":"\"Descubre la impresora de etiquetas Brother QL-800: velocidad y calidad en cada impresi\u00f3n. Ideal para oficinas y negocios, ofrece etiquetas duraderas con tecnolog\u00eda de impresi\u00f3n directa t\u00e9rmica y conectividad USB. Perfecta para etiquetar, organizar y administrar con eficiencia.\"Esta meta descripci\u00f3n destaca las principales caracter\u00edsticas y beneficios del producto, y est\u00e1 dise\u00f1ada para atraer a usuarios que buscan una impresora de etiquetas eficiente y confiable.","robots":{"index":"index","follow":"follow","max-snippet":"max-snippet:-1","max-image-preview":"max-image-preview:large","max-video-preview":"max-video-preview:-1"},"canonical":"https:\/\/www.clie.cl\/index.php\/producto\/etiquetadora-brother-ql-800\/","og_locale":"es_ES","og_type":"article","og_title":"Etiquetadora Brother QL-800 - CLIE LIMITADA","og_description":"\"Descubre la impresora de etiquetas Brother QL-800: velocidad y calidad en cada impresi\u00f3n. Ideal para oficinas y negocios, ofrece etiquetas duraderas con tecnolog\u00eda de impresi\u00f3n directa t\u00e9rmica y conectividad USB. Perfecta para etiquetar, organizar y administrar con eficiencia.\"Esta meta descripci\u00f3n destaca las principales caracter\u00edsticas y beneficios del producto, y est\u00e1 dise\u00f1ada para atraer a usuarios que buscan una impresora de etiquetas eficiente y confiable.","og_url":"https:\/\/www.clie.cl\/index.php\/producto\/etiquetadora-brother-ql-800\/","og_site_name":"CLIE LIMITADA","article_modified_time":"2026-01-26T19:53:55+00:00","og_image":[{"width":2000,"height":2000,"url":"https:\/\/www.clie.cl\/wp-content\/uploads\/2025\/07\/Etiquetadora_Brother_QL-800_USB_clie.cl_.jpg","type":"image\/jpeg"}],"twitter_card":"summary_large_image","twitter_misc":{"Tiempo de lectura":"4 minutos"},"schema":{"@context":"https:\/\/schema.org","@graph":[{"@type":"WebPage","@id":"https:\/\/www.clie.cl\/index.php\/producto\/etiquetadora-brother-ql-800\/","url":"https:\/\/www.clie.cl\/index.php\/producto\/etiquetadora-brother-ql-800\/","name":"Etiquetadora Brother QL-800 - CLIE LIMITADA","isPartOf":{"@id":"https:\/\/www.clie.cl\/#website"},"primaryImageOfPage":{"@id":"https:\/\/www.clie.cl\/index.php\/producto\/etiquetadora-brother-ql-800\/#primaryimage"},"image":{"@id":"https:\/\/www.clie.cl\/index.php\/producto\/etiquetadora-brother-ql-800\/#primaryimage"},"thumbnailUrl":"https:\/\/www.clie.cl\/wp-content\/uploads\/2025\/07\/Etiquetadora_Brother_QL-800_USB_clie.cl_.jpg","datePublished":"2023-11-08T15:16:03+00:00","dateModified":"2026-01-26T19:53:55+00:00","description":"\"Descubre la impresora de etiquetas Brother QL-800: velocidad y calidad en cada impresi\u00f3n. Ideal para oficinas y negocios, ofrece etiquetas duraderas con tecnolog\u00eda de impresi\u00f3n directa t\u00e9rmica y conectividad USB. Perfecta para etiquetar, organizar y administrar con eficiencia.\"Esta meta descripci\u00f3n destaca las principales caracter\u00edsticas y beneficios del producto, y est\u00e1 dise\u00f1ada para atraer a usuarios que buscan una impresora de etiquetas eficiente y confiable.","breadcrumb":{"@id":"https:\/\/www.clie.cl\/index.php\/producto\/etiquetadora-brother-ql-800\/#breadcrumb"},"inLanguage":"es","potentialAction":[{"@type":"ReadAction","target":["https:\/\/www.clie.cl\/index.php\/producto\/etiquetadora-brother-ql-800\/"]}]},{"@type":"ImageObject","inLanguage":"es","@id":"https:\/\/www.clie.cl\/index.php\/producto\/etiquetadora-brother-ql-800\/#primaryimage","url":"https:\/\/www.clie.cl\/wp-content\/uploads\/2025\/07\/Etiquetadora_Brother_QL-800_USB_clie.cl_.jpg","contentUrl":"https:\/\/www.clie.cl\/wp-content\/uploads\/2025\/07\/Etiquetadora_Brother_QL-800_USB_clie.cl_.jpg","width":2000,"height":2000,"caption":"Etiquetadora_Brother_QL-800_USB_clie.cl"},{"@type":"BreadcrumbList","@id":"https:\/\/www.clie.cl\/index.php\/producto\/etiquetadora-brother-ql-800\/#breadcrumb","itemListElement":[{"@type":"ListItem","position":1,"name":"Portada","item":"https:\/\/www.clie.cl\/"},{"@type":"ListItem","position":2,"name":"Productos","item":"https:\/\/www.clie.cl\/index.php\/shop\/"},{"@type":"ListItem","position":3,"name":"Etiquetadora Brother QL-800"}]},{"@type":"WebSite","@id":"https:\/\/www.clie.cl\/#website","url":"https:\/\/www.clie.cl\/","name":"CLIE.cl","description":"Clie Limitada","publisher":{"@id":"https:\/\/www.clie.cl\/#organization"},"alternateName":"CLIE","potentialAction":[{"@type":"SearchAction","target":{"@type":"EntryPoint","urlTemplate":"https:\/\/www.clie.cl\/?s={search_term_string}"},"query-input":{"@type":"PropertyValueSpecification","valueRequired":true,"valueName":"search_term_string"}}],"inLanguage":"es"},{"@type":"Organization","@id":"https:\/\/www.clie.cl\/#organization","name":"CLIE LIMITADA","url":"https:\/\/www.clie.cl\/","logo":{"@type":"ImageObject","inLanguage":"es","@id":"https:\/\/www.clie.cl\/#\/schema\/logo\/image\/","url":"https:\/\/www.clie.cl\/wp-content\/uploads\/2023\/10\/logo_clie_front_web_2023.png","contentUrl":"https:\/\/www.clie.cl\/wp-content\/uploads\/2023\/10\/logo_clie_front_web_2023.png","width":139,"height":118,"caption":"CLIE LIMITADA"},"image":{"@id":"https:\/\/www.clie.cl\/#\/schema\/logo\/image\/"}}]}},"_links":{"self":[{"href":"https:\/\/www.clie.cl\/index.php\/wp-json\/wp\/v2\/product\/654","targetHints":{"allow":["GET"]}}],"collection":[{"href":"https:\/\/www.clie.cl\/index.php\/wp-json\/wp\/v2\/product"}],"about":[{"href":"https:\/\/www.clie.cl\/index.php\/wp-json\/wp\/v2\/types\/product"}],"replies":[{"embeddable":true,"href":"https:\/\/www.clie.cl\/index.php\/wp-json\/wp\/v2\/comments?post=654"}],"wp:featuredmedia":[{"embeddable":true,"href":"https:\/\/www.clie.cl\/index.php\/wp-json\/wp\/v2\/media\/7320"}],"wp:attachment":[{"href":"https:\/\/www.clie.cl\/index.php\/wp-json\/wp\/v2\/media?parent=654"}],"wp:term":[{"taxonomy":"product_brand","embeddable":true,"href":"https:\/\/www.clie.cl\/index.php\/wp-json\/wp\/v2\/product_brand?post=654"},{"taxonomy":"product_cat","embeddable":true,"href":"https:\/\/www.clie.cl\/index.php\/wp-json\/wp\/v2\/product_cat?post=654"},{"taxonomy":"product_tag","embeddable":true,"href":"https:\/\/www.clie.cl\/index.php\/wp-json\/wp\/v2\/product_tag?post=654"}],"curies":[{"name":"wp","href":"https:\/\/api.w.org\/{rel}","templated":true}]}}