{"id":5887,"date":"2025-01-10T09:57:00","date_gmt":"2025-01-10T13:57:00","guid":{"rendered":"https:\/\/www.clie.cl\/?post_type=product&#038;p=5887"},"modified":"2025-07-10T00:25:51","modified_gmt":"2025-07-10T04:25:51","slug":"proyector-viewsonic-pa503hd-4000-lumenes-full-hd","status":"publish","type":"product","link":"https:\/\/www.clie.cl\/index.php\/producto\/proyector-viewsonic-pa503hd-4000-lumenes-full-hd\/","title":{"rendered":"Proyector Viewsonic PA503HD 4000 Lumenes FULL HD"},"content":{"rendered":"<p>Ayude a que sus mejores ideas se vean m\u00e1s grandes y brillantes con el proyector ViewSonic\u00ae PA503HD. Este proyector de \u00faltima generaci\u00f3n ofrece 4000 l\u00famenes ANSI de brillantez impresionante, resoluci\u00f3n FHD 1080p e im\u00e1genes enormes de hasta 300&#8243;. Un chip DMD de .65&#8243; permite que este proyector de alta brillantez cree im\u00e1genes multimedia con un contraste espectacular para lograr una mejor claridad. Experimente una conectividad multimedia vers\u00e1til con dos puertos HDMI y un puerto de salida USB-A para alimentar dongles HDMI inal\u00e1mbricos. Independientemente de c\u00f3mo configure su proyector, las funciones flexibles, como la correcci\u00f3n trapezoidal autom\u00e1tica, ayudan a garantizar una imagen perfecta en todo momento. Adem\u00e1s, con una computadora port\u00e1til y un cable USB, los usuarios pueden acceder a actualizaciones de software y mantenimiento sin complicaciones.<\/p>\n<p>Im\u00e1genes brillantes en cualquier entorno.<br \/>\nCon 4000 l\u00famenes de brillantez, y una alta relaci\u00f3n de contraste, este proyector produce im\u00e1genes brillantes en casi cualquier entorno, incluso en habitaciones con mucha iluminaci\u00f3n natural.<\/p>\n<p>Resoluci\u00f3n y brillantez sorprendentes<br \/>\nEl proyector de ViewSonic ofrece resoluci\u00f3n nativa Full HD de 1920 x 1080 (1080p) para ofrecer im\u00e1genes definidas y claras. Es perfecto para ver todo tipo de formatos en alta definici\u00f3n (1080p\/1080i\/720p) y contenido como pel\u00edculas, videos, deportes, juegos y televisi\u00f3n sin distorsi\u00f3n ni escalamiento del formato del video original.<\/p>\n<p>*La imagen de este documento es para demostraci\u00f3n de una imagen bajo diferentes resoluciones (o esquemas) solo como demostraci\u00f3n y puede no ser la imagen de visualizaci\u00f3n real del producto.<\/p>\n<p>Alta Relaci\u00f3n de Contraste Nativo<br \/>\nDisfrute de negros m\u00e1s profundos y blancos m\u00e1s brillantes gracias a un Chip DMD de 0.65&#8243; de Texas Instruments. Esta alta relaci\u00f3n de contraste nativo le ofrece mayor profundidad visual, im\u00e1genes m\u00e1s claras y legibilidad mejorada.<\/p>\n<p>Ver la imagen m\u00e1s grande con una pantalla de 300&#8243;<br \/>\nDisfrute de im\u00e1genes impresionantes en una pantalla ultragrande capaz de alcanzar hasta 300&#8243;. Este proyector de \u00faltima generaci\u00f3n tiene un menor costo por pulgada en comparaci\u00f3n con las pantallas comerciales.<\/p>\n<p>Conectividad vers\u00e1til<br \/>\nLos puertos HDMI dobles y un puerto de suministro el\u00e9ctrico USB-A le ofrecen la libertad de conectar su pantalla a diferentes dispositivos y reproductores multimedia externos.<\/p>\n<p>Actualizaciones de software a trav\u00e9s de USB<br \/>\nSoftware and firmware updates for this projector can be easily accessed online. Simply connect the projector to a computer via USB, and run the software update program available below, in the Support &amp; Downloads section of the product page.<\/p>\n<p>Tama\u00f1o de pantalla : 30 &#8211; 300 pulgadas \/ 0,76 &#8211; 7,62 m<br \/>\nDistancia de proyecci\u00f3n : 1 m-10 m (100\u201d a 3,28 m)<br \/>\nRelaci\u00f3n de proyecci\u00f3n : 1,48-1,62<br \/>\nLente : zoom \u00f3ptico de 1,1x<br \/>\nFuente de luz (vatios) : 240<br \/>\nVida \u00fatil de la fuente de luz, normal (horas) : 4000<br \/>\nVida \u00fatil de la fuente de luz, modo ecol\u00f3gico din\u00e1mico (horas) : 15000<br \/>\nProfundidad de color : 1,07 mil millones de colores (R\/G\/B 10 bits)<br \/>\nResoluci\u00f3n de pantalla : Full HD (1920 x 1080)<br \/>\nFuente de luz : l\u00e1mpara DLP<br \/>\nResoluci\u00f3n de pantalla : 1920 x 1080<br \/>\nBrillo (l\u00famenes) : 4000 ANSI<br \/>\nRelaci\u00f3n de contraste din\u00e1mico : 22.000:1<br \/>\nRelaci\u00f3n de aspecto : 16:9<br \/>\nTrapecio : Vertical (+\/- 40\u00b0)<br \/>\nFrecuencia horizontal : 15 K~102 KHz<br \/>\nFrecuencia vertical : 23~120 MHz<br \/>\nPC Resolution (max): VGA (640 x 480) a WUXGA_RB (1920 x 1200) *RB: reducci\u00f3n de pantalla en blanco<br \/>\nResoluci\u00f3n Mac\u00ae (m\u00e1xima) : 480i, 480p, 576i, 576p, 720p, 1080i, 1080p<br \/>\nSalida de audio de 3,5 mm : 1<br \/>\nEntrada de audio de 3,5 mm : 1<br \/>\nControl (RS232) : 1<br \/>\nHDMI 1.4 (con HDCP 1.4) : 2<br \/>\nAltavoces internos : 3 W (x1)<br \/>\nVoltaje : 100-240 V +\/- 10 %, 50\/60 Hz CA<br \/>\nConsumo (t\u00edpico) : 295w<br \/>\nEn espera : &lt;0,5 W<br \/>\nPhysical Controls: Teclado, tecla de encendido<br \/>\nOn Screen Display: Pantalla, Imagen, Gesti\u00f3n de energ\u00eda, B\u00e1sico, Avanzado, Sistema, Informaci\u00f3n (Consulte la gu\u00eda del usuario para la funcionalidad de OSD completa)<br \/>\nTemperatura : 32-104\u00baF (0-40\u00baC)<br \/>\nRanura para candado Kensington : 1<br \/>\nNeto (libras) : 6,0<br \/>\nBruto (libras) : 8,4<br \/>\nNeto (kg) : 2,7<br \/>\nBruto (kg) : 3,8<br \/>\nEmbalaje (pulg.) : 15,8&#215;9,2&#215;6,6<br \/>\nF\u00edsico (pulg.) : 12,2&#215;13,3&#215;4,5<br \/>\nEmbalaje (mm) : 400,0&#215;337,0x168,0<br \/>\nF\u00edsico (mm) : 309,0&#215;234,0x115,0<br \/>\nNormativa : cTUVus<br \/>\nContenido del paquete : PA503HD, cable de alimentaci\u00f3n, control remoto, Gu\u00eda de inicio r\u00e1pido,<br \/>\nWarranty: Garant\u00eda limitada de tres a\u00f1os para las piezas y la mano de obra, garant\u00eda limitada de 1 a\u00f1o para la l\u00e1mpara, servicio Express Exchange\u00ae gratuito para el 1.\u00b0 a\u00f1o. (Para el servicio Express Exchange por 1 a\u00f1o, el producto debe estar registrado).<br \/>\nRecycle\/Disposal: Deseche de acuerdo con las leyes locales, estatales o federales.<br \/>\nC\u00f3digo de producto Etiqueta de grupo : Full HD &#8211; 1920 x 1080<\/p>\n","protected":false},"excerpt":{"rendered":"<p>Producto original.<\/p>\n<div id=\"gtx-trans\" style=\"position: absolute;left: -28px;top: -3px\">\n<div class=\"gtx-trans-icon\">\u00a0<\/div>\n<\/div>\n","protected":false},"featured_media":7311,"comment_status":"open","ping_status":"closed","template":"","meta":{"site-sidebar-layout":"default","site-content-layout":"","ast-site-content-layout":"default","site-content-style":"default","site-sidebar-style":"default","ast-global-header-display":"","ast-banner-title-visibility":"","ast-main-header-display":"","ast-hfb-above-header-display":"","ast-hfb-below-header-display":"","ast-hfb-mobile-header-display":"","site-post-title":"","ast-breadcrumbs-content":"","ast-featured-img":"","footer-sml-layout":"","ast-disable-related-posts":"","theme-transparent-header-meta":"default","adv-header-id-meta":"","stick-header-meta":"default","header-above-stick-meta":"","header-main-stick-meta":"","header-below-stick-meta":"","astra-migrate-meta-layouts":"set","ast-page-background-enabled":"default","ast-page-background-meta":{"desktop":{"background-color":"var(--ast-global-color-4)","background-image":"","background-repeat":"repeat","background-position":"center center","background-size":"auto","background-attachment":"scroll","background-type":"","background-media":"","overlay-type":"","overlay-color":"","overlay-opacity":"","overlay-gradient":""},"tablet":{"background-color":"","background-image":"","background-repeat":"repeat","background-position":"center center","background-size":"auto","background-attachment":"scroll","background-type":"","background-media":"","overlay-type":"","overlay-color":"","overlay-opacity":"","overlay-gradient":""},"mobile":{"background-color":"","background-image":"","background-repeat":"repeat","background-position":"center center","background-size":"auto","background-attachment":"scroll","background-type":"","background-media":"","overlay-type":"","overlay-color":"","overlay-opacity":"","overlay-gradient":""}},"ast-content-background-meta":{"desktop":{"background-color":"var(--ast-global-color-5)","background-image":"","background-repeat":"repeat","background-position":"center center","background-size":"auto","background-attachment":"scroll","background-type":"","background-media":"","overlay-type":"","overlay-color":"","overlay-opacity":"","overlay-gradient":""},"tablet":{"background-color":"var(--ast-global-color-5)","background-image":"","background-repeat":"repeat","background-position":"center center","background-size":"auto","background-attachment":"scroll","background-type":"","background-media":"","overlay-type":"","overlay-color":"","overlay-opacity":"","overlay-gradient":""},"mobile":{"background-color":"var(--ast-global-color-5)","background-image":"","background-repeat":"repeat","background-position":"center center","background-size":"auto","background-attachment":"scroll","background-type":"","background-media":"","overlay-type":"","overlay-color":"","overlay-opacity":"","overlay-gradient":""}}},"product_brand":[984],"product_cat":[55,56],"product_tag":[196],"class_list":{"0":"post-5887","1":"product","2":"type-product","3":"status-publish","4":"has-post-thumbnail","6":"product_brand-viewsonic","7":"product_cat-audio-y-video","8":"product_cat-proyectores","9":"product_tag-pa503w","10":"desktop-align-left","11":"tablet-align-left","12":"mobile-align-left","13":"ast-product-gallery-layout-horizontal-slider","14":"ast-magnify-disabled","15":"ast-product-tabs-layout-horizontal","16":"ast-qv-on-image","18":"first","19":"outofstock","20":"sale","21":"taxable","22":"shipping-taxable","23":"purchasable","24":"product-type-simple"},"yoast_head":"<!-- This site is optimized with the Yoast SEO plugin v27.5 - https:\/\/yoast.com\/product\/yoast-seo-wordpress\/ -->\n<title>Proyector Viewsonic PA503HD 4000 Lumenes FULL HD - CLIE LIMITADA<\/title>\n<meta name=\"robots\" content=\"index, follow, max-snippet:-1, max-image-preview:large, max-video-preview:-1\" \/>\n<link rel=\"canonical\" href=\"https:\/\/www.clie.cl\/index.php\/producto\/proyector-viewsonic-pa503hd-4000-lumenes-full-hd\/\" \/>\n<meta property=\"og:locale\" content=\"es_ES\" \/>\n<meta property=\"og:type\" content=\"article\" \/>\n<meta property=\"og:title\" content=\"Proyector Viewsonic PA503HD 4000 Lumenes FULL HD - CLIE LIMITADA\" \/>\n<meta property=\"og:description\" content=\"Producto original.\u00a0\" \/>\n<meta property=\"og:url\" content=\"https:\/\/www.clie.cl\/index.php\/producto\/proyector-viewsonic-pa503hd-4000-lumenes-full-hd\/\" \/>\n<meta property=\"og:site_name\" content=\"CLIE LIMITADA\" \/>\n<meta property=\"article:modified_time\" content=\"2025-07-10T04:25:51+00:00\" \/>\n<meta property=\"og:image\" content=\"https:\/\/www.clie.cl\/wp-content\/uploads\/2025\/01\/PA503HD_clie.cl_.jpg\" \/>\n\t<meta property=\"og:image:width\" content=\"2000\" \/>\n\t<meta property=\"og:image:height\" content=\"2000\" \/>\n\t<meta property=\"og:image:type\" content=\"image\/jpeg\" \/>\n<meta name=\"twitter:card\" content=\"summary_large_image\" \/>\n<meta name=\"twitter:label1\" content=\"Tiempo de lectura\" \/>\n\t<meta name=\"twitter:data1\" content=\"4 minutos\" \/>\n<script type=\"application\/ld+json\" class=\"yoast-schema-graph\">{\"@context\":\"https:\\\/\\\/schema.org\",\"@graph\":[{\"@type\":\"WebPage\",\"@id\":\"https:\\\/\\\/www.clie.cl\\\/index.php\\\/producto\\\/proyector-viewsonic-pa503hd-4000-lumenes-full-hd\\\/\",\"url\":\"https:\\\/\\\/www.clie.cl\\\/index.php\\\/producto\\\/proyector-viewsonic-pa503hd-4000-lumenes-full-hd\\\/\",\"name\":\"Proyector Viewsonic PA503HD 4000 Lumenes FULL HD - CLIE LIMITADA\",\"isPartOf\":{\"@id\":\"https:\\\/\\\/www.clie.cl\\\/#website\"},\"primaryImageOfPage\":{\"@id\":\"https:\\\/\\\/www.clie.cl\\\/index.php\\\/producto\\\/proyector-viewsonic-pa503hd-4000-lumenes-full-hd\\\/#primaryimage\"},\"image\":{\"@id\":\"https:\\\/\\\/www.clie.cl\\\/index.php\\\/producto\\\/proyector-viewsonic-pa503hd-4000-lumenes-full-hd\\\/#primaryimage\"},\"thumbnailUrl\":\"https:\\\/\\\/www.clie.cl\\\/wp-content\\\/uploads\\\/2025\\\/07\\\/Proyector_Viewsonic_PA503HD_4000_Lumenes_FULL_HD_clie.cl_.jpg\",\"datePublished\":\"2025-01-10T13:57:00+00:00\",\"dateModified\":\"2025-07-10T04:25:51+00:00\",\"breadcrumb\":{\"@id\":\"https:\\\/\\\/www.clie.cl\\\/index.php\\\/producto\\\/proyector-viewsonic-pa503hd-4000-lumenes-full-hd\\\/#breadcrumb\"},\"inLanguage\":\"es\",\"potentialAction\":[{\"@type\":\"ReadAction\",\"target\":[\"https:\\\/\\\/www.clie.cl\\\/index.php\\\/producto\\\/proyector-viewsonic-pa503hd-4000-lumenes-full-hd\\\/\"]}]},{\"@type\":\"ImageObject\",\"inLanguage\":\"es\",\"@id\":\"https:\\\/\\\/www.clie.cl\\\/index.php\\\/producto\\\/proyector-viewsonic-pa503hd-4000-lumenes-full-hd\\\/#primaryimage\",\"url\":\"https:\\\/\\\/www.clie.cl\\\/wp-content\\\/uploads\\\/2025\\\/07\\\/Proyector_Viewsonic_PA503HD_4000_Lumenes_FULL_HD_clie.cl_.jpg\",\"contentUrl\":\"https:\\\/\\\/www.clie.cl\\\/wp-content\\\/uploads\\\/2025\\\/07\\\/Proyector_Viewsonic_PA503HD_4000_Lumenes_FULL_HD_clie.cl_.jpg\",\"width\":2000,\"height\":2000,\"caption\":\"Proyector_Viewsonic_PA503HD_4000_Lumenes_FULL_HD_clie.cl\"},{\"@type\":\"BreadcrumbList\",\"@id\":\"https:\\\/\\\/www.clie.cl\\\/index.php\\\/producto\\\/proyector-viewsonic-pa503hd-4000-lumenes-full-hd\\\/#breadcrumb\",\"itemListElement\":[{\"@type\":\"ListItem\",\"position\":1,\"name\":\"Portada\",\"item\":\"https:\\\/\\\/www.clie.cl\\\/\"},{\"@type\":\"ListItem\",\"position\":2,\"name\":\"Productos\",\"item\":\"https:\\\/\\\/www.clie.cl\\\/index.php\\\/shop\\\/\"},{\"@type\":\"ListItem\",\"position\":3,\"name\":\"Proyector Viewsonic PA503HD 4000 Lumenes FULL HD\"}]},{\"@type\":\"WebSite\",\"@id\":\"https:\\\/\\\/www.clie.cl\\\/#website\",\"url\":\"https:\\\/\\\/www.clie.cl\\\/\",\"name\":\"CLIE.cl\",\"description\":\"Clie Limitada\",\"publisher\":{\"@id\":\"https:\\\/\\\/www.clie.cl\\\/#organization\"},\"alternateName\":\"CLIE\",\"potentialAction\":[{\"@type\":\"SearchAction\",\"target\":{\"@type\":\"EntryPoint\",\"urlTemplate\":\"https:\\\/\\\/www.clie.cl\\\/?s={search_term_string}\"},\"query-input\":{\"@type\":\"PropertyValueSpecification\",\"valueRequired\":true,\"valueName\":\"search_term_string\"}}],\"inLanguage\":\"es\"},{\"@type\":\"Organization\",\"@id\":\"https:\\\/\\\/www.clie.cl\\\/#organization\",\"name\":\"CLIE LIMITADA\",\"url\":\"https:\\\/\\\/www.clie.cl\\\/\",\"logo\":{\"@type\":\"ImageObject\",\"inLanguage\":\"es\",\"@id\":\"https:\\\/\\\/www.clie.cl\\\/#\\\/schema\\\/logo\\\/image\\\/\",\"url\":\"https:\\\/\\\/www.clie.cl\\\/wp-content\\\/uploads\\\/2023\\\/10\\\/logo_clie_front_web_2023.png\",\"contentUrl\":\"https:\\\/\\\/www.clie.cl\\\/wp-content\\\/uploads\\\/2023\\\/10\\\/logo_clie_front_web_2023.png\",\"width\":139,\"height\":118,\"caption\":\"CLIE LIMITADA\"},\"image\":{\"@id\":\"https:\\\/\\\/www.clie.cl\\\/#\\\/schema\\\/logo\\\/image\\\/\"}}]}<\/script>\n<!-- \/ Yoast SEO plugin. -->","yoast_head_json":{"title":"Proyector Viewsonic PA503HD 4000 Lumenes FULL HD - CLIE LIMITADA","robots":{"index":"index","follow":"follow","max-snippet":"max-snippet:-1","max-image-preview":"max-image-preview:large","max-video-preview":"max-video-preview:-1"},"canonical":"https:\/\/www.clie.cl\/index.php\/producto\/proyector-viewsonic-pa503hd-4000-lumenes-full-hd\/","og_locale":"es_ES","og_type":"article","og_title":"Proyector Viewsonic PA503HD 4000 Lumenes FULL HD - CLIE LIMITADA","og_description":"Producto original.\u00a0","og_url":"https:\/\/www.clie.cl\/index.php\/producto\/proyector-viewsonic-pa503hd-4000-lumenes-full-hd\/","og_site_name":"CLIE LIMITADA","article_modified_time":"2025-07-10T04:25:51+00:00","og_image":[{"width":2000,"height":2000,"url":"https:\/\/www.clie.cl\/wp-content\/uploads\/2025\/01\/PA503HD_clie.cl_.jpg","type":"image\/jpeg"}],"twitter_card":"summary_large_image","twitter_misc":{"Tiempo de lectura":"4 minutos"},"schema":{"@context":"https:\/\/schema.org","@graph":[{"@type":"WebPage","@id":"https:\/\/www.clie.cl\/index.php\/producto\/proyector-viewsonic-pa503hd-4000-lumenes-full-hd\/","url":"https:\/\/www.clie.cl\/index.php\/producto\/proyector-viewsonic-pa503hd-4000-lumenes-full-hd\/","name":"Proyector Viewsonic PA503HD 4000 Lumenes FULL HD - CLIE LIMITADA","isPartOf":{"@id":"https:\/\/www.clie.cl\/#website"},"primaryImageOfPage":{"@id":"https:\/\/www.clie.cl\/index.php\/producto\/proyector-viewsonic-pa503hd-4000-lumenes-full-hd\/#primaryimage"},"image":{"@id":"https:\/\/www.clie.cl\/index.php\/producto\/proyector-viewsonic-pa503hd-4000-lumenes-full-hd\/#primaryimage"},"thumbnailUrl":"https:\/\/www.clie.cl\/wp-content\/uploads\/2025\/07\/Proyector_Viewsonic_PA503HD_4000_Lumenes_FULL_HD_clie.cl_.jpg","datePublished":"2025-01-10T13:57:00+00:00","dateModified":"2025-07-10T04:25:51+00:00","breadcrumb":{"@id":"https:\/\/www.clie.cl\/index.php\/producto\/proyector-viewsonic-pa503hd-4000-lumenes-full-hd\/#breadcrumb"},"inLanguage":"es","potentialAction":[{"@type":"ReadAction","target":["https:\/\/www.clie.cl\/index.php\/producto\/proyector-viewsonic-pa503hd-4000-lumenes-full-hd\/"]}]},{"@type":"ImageObject","inLanguage":"es","@id":"https:\/\/www.clie.cl\/index.php\/producto\/proyector-viewsonic-pa503hd-4000-lumenes-full-hd\/#primaryimage","url":"https:\/\/www.clie.cl\/wp-content\/uploads\/2025\/07\/Proyector_Viewsonic_PA503HD_4000_Lumenes_FULL_HD_clie.cl_.jpg","contentUrl":"https:\/\/www.clie.cl\/wp-content\/uploads\/2025\/07\/Proyector_Viewsonic_PA503HD_4000_Lumenes_FULL_HD_clie.cl_.jpg","width":2000,"height":2000,"caption":"Proyector_Viewsonic_PA503HD_4000_Lumenes_FULL_HD_clie.cl"},{"@type":"BreadcrumbList","@id":"https:\/\/www.clie.cl\/index.php\/producto\/proyector-viewsonic-pa503hd-4000-lumenes-full-hd\/#breadcrumb","itemListElement":[{"@type":"ListItem","position":1,"name":"Portada","item":"https:\/\/www.clie.cl\/"},{"@type":"ListItem","position":2,"name":"Productos","item":"https:\/\/www.clie.cl\/index.php\/shop\/"},{"@type":"ListItem","position":3,"name":"Proyector Viewsonic PA503HD 4000 Lumenes FULL HD"}]},{"@type":"WebSite","@id":"https:\/\/www.clie.cl\/#website","url":"https:\/\/www.clie.cl\/","name":"CLIE.cl","description":"Clie Limitada","publisher":{"@id":"https:\/\/www.clie.cl\/#organization"},"alternateName":"CLIE","potentialAction":[{"@type":"SearchAction","target":{"@type":"EntryPoint","urlTemplate":"https:\/\/www.clie.cl\/?s={search_term_string}"},"query-input":{"@type":"PropertyValueSpecification","valueRequired":true,"valueName":"search_term_string"}}],"inLanguage":"es"},{"@type":"Organization","@id":"https:\/\/www.clie.cl\/#organization","name":"CLIE LIMITADA","url":"https:\/\/www.clie.cl\/","logo":{"@type":"ImageObject","inLanguage":"es","@id":"https:\/\/www.clie.cl\/#\/schema\/logo\/image\/","url":"https:\/\/www.clie.cl\/wp-content\/uploads\/2023\/10\/logo_clie_front_web_2023.png","contentUrl":"https:\/\/www.clie.cl\/wp-content\/uploads\/2023\/10\/logo_clie_front_web_2023.png","width":139,"height":118,"caption":"CLIE LIMITADA"},"image":{"@id":"https:\/\/www.clie.cl\/#\/schema\/logo\/image\/"}}]}},"_links":{"self":[{"href":"https:\/\/www.clie.cl\/index.php\/wp-json\/wp\/v2\/product\/5887","targetHints":{"allow":["GET"]}}],"collection":[{"href":"https:\/\/www.clie.cl\/index.php\/wp-json\/wp\/v2\/product"}],"about":[{"href":"https:\/\/www.clie.cl\/index.php\/wp-json\/wp\/v2\/types\/product"}],"replies":[{"embeddable":true,"href":"https:\/\/www.clie.cl\/index.php\/wp-json\/wp\/v2\/comments?post=5887"}],"wp:featuredmedia":[{"embeddable":true,"href":"https:\/\/www.clie.cl\/index.php\/wp-json\/wp\/v2\/media\/7311"}],"wp:attachment":[{"href":"https:\/\/www.clie.cl\/index.php\/wp-json\/wp\/v2\/media?parent=5887"}],"wp:term":[{"taxonomy":"product_brand","embeddable":true,"href":"https:\/\/www.clie.cl\/index.php\/wp-json\/wp\/v2\/product_brand?post=5887"},{"taxonomy":"product_cat","embeddable":true,"href":"https:\/\/www.clie.cl\/index.php\/wp-json\/wp\/v2\/product_cat?post=5887"},{"taxonomy":"product_tag","embeddable":true,"href":"https:\/\/www.clie.cl\/index.php\/wp-json\/wp\/v2\/product_tag?post=5887"}],"curies":[{"name":"wp","href":"https:\/\/api.w.org\/{rel}","templated":true}]}}