{"id":5534,"date":"2024-10-30T10:35:38","date_gmt":"2024-10-30T14:35:38","guid":{"rendered":"https:\/\/www.clie.cl\/?post_type=product&#038;p=5534"},"modified":"2025-12-15T07:01:43","modified_gmt":"2025-12-15T11:01:43","slug":"proyector-viewsonic-pa700w-4500-lumenes-wxga","status":"publish","type":"product","link":"https:\/\/www.clie.cl\/index.php\/producto\/proyector-viewsonic-pa700w-4500-lumenes-wxga\/","title":{"rendered":"Proyector Viewsonic PA700W 4500 Lumenes WXGA"},"content":{"rendered":"<p>PA700W<\/p>\n<p>Proyector WXGA de 4.500 l\u00famenes ANSI Negocios \/ Educaci\u00f3n<br \/>\n4.500 l\u00famenes ANSI, para im\u00e1genes n\u00edtidas en cualquier entorno<br \/>\nIm\u00e1genes de hasta 300&#8243; a menor coste por pulgada \u200b<br \/>\nConexi\u00f3n f\u00e1cil y flexible: doble puerto HDMI, puerto USB-A<br \/>\nColores vivos con la tecnolog\u00eda SuperColor\u2122 de ViewSonic\u200b<br \/>\nC\u00f3moda actualizaci\u00f3n de software mediante conexi\u00f3n USB\u200b<\/p>\n<p>&nbsp;<\/p>\n<p>DESCRIPCI\u00d3N<br \/>\nPA700W es el proyector WXGA de alto brillo de ViewSonic, ideal para empresas y centros educativos. Con un brillo de 4.500 l\u00famenes ANSI, el proyector ofrece im\u00e1genes n\u00edtidas de hasta 300&#8243;, ideales para salas de reuniones, aulas o cualquier otro entorno luminoso. Los dobles puertos HDMI ofrecen la posibilidad de conectarse con flexibilidad a varios dispositivos, cambiando f\u00e1cilmente de una fuente a otra. El puerto USB-A puede alimentar dongles HDMI inal\u00e1mbricos, para facilitar la transmisi\u00f3n inal\u00e1mbrica de contenidos. Tambi\u00e9n es posible actualizar el software del proyector mediante una conexi\u00f3n USB, simplemente conectando tu ordenador port\u00e1til, sin necesidad de recurrir a centros de servicio t\u00e9cnico.<br \/>\nAlta Luminosidad para Entornos Profesionales y Educativos<br \/>\nCon una luminosidad de 4.500 l\u00famenes ANSI, puedes contar con im\u00e1genes n\u00edtidas y vivas, ideales para espacios con mucha luz ambiental.<br \/>\n4.500 ANSI Lumen<br \/>\nAlta Luminosidad para Entornos Profesionales y Educativos\u200b 1<br \/>\nPantalla Ultragrande con un Menor Coste por Pulgada\u200b\u200b<br \/>\nEl proyector puede proyectar grandes im\u00e1genes de hasta 300 pulgadas, mucho m\u00e1s grandes y f\u00e1ciles de instalar que las pantallas comerciales.<br \/>\nHasta 300&#8243;<br \/>\nPantalla Ultragrande con un Menor Coste por Pulgada 1<br \/>\nConexi\u00f3n F\u00e1cil y Flexible\u200b<br \/>\nEl doble puerto HDMI ofrece una amplia posibilidad de conexi\u00f3n a todos tus dispositivos multimedia compatibles con HDMI. Ya no tienes que desconectar tu dispositivo para cambiar a otro. S\u00f3lo tienes que utilizar la visualizaci\u00f3n en pantalla para seleccionar y cambiar la fuente de entrada.<br \/>\nDoble puerto HDMI<br \/>\nEasy and Flexible Connection\u200b 1<br \/>\nPresenta al M\u00e1ximo con Colores Vibrantes\u200b<br \/>\nImpresiona a tu p\u00fablico con la exclusiva tecnolog\u00eda de color de ViewSonic, que eleva tu presentaci\u00f3n a una experiencia de color fiel a la realidad.<br \/>\nPresenta al M\u00e1ximo con Colores Vibrantes\u200b 1<br \/>\nUna Forma m\u00e1s Sencilla de Actualizar el Software del Proyector<br \/>\nLa actualizaci\u00f3n del software del proyector ViewSonic est\u00e1 disponible en l\u00ednea y permite actualizar el firmware del proyector f\u00e1cilmente con el ordenador port\u00e1til y la conexi\u00f3n del cable USB.\u200b\u200b\u200b<br \/>\nM\u00e1s informaci\u00f3n: https:\/\/youtu.be\/irlhJLpDHas<br \/>\n\u200b\u200b\u200b*Cuando est\u00e9 disponible, la \u00faltima actualizaci\u00f3n del software del proyector se puede encontrar en la secci\u00f3n de descargas en la parte inferior de la p\u00e1gina.<br \/>\nA Simpler Way to Update Projector Software\u200b 1<br \/>\nFuente de Alimentaci\u00f3n USB A<br \/>\nLa salida USB integrada de 5 V\/2 A puede alimentar c\u00f3modamente los dongles HDMI inal\u00e1mbricos, eliminando la necesidad de utilizar adaptadores separados cuando se transmiten contenidos multimedia.<br \/>\nFuente de Alimentaci\u00f3n USB A\u200b 1<\/p>\n<p>ESPECIFICACIONES<\/p>\n<p>Especificaciones<br \/>\nSistema de proyecci\u00f3n: 0.65&#8243; WXGA<br \/>\nResolucion nativa: 1280&#215;800<br \/>\nBrillo: 4500 (ANSI Lumens)<br \/>\nRelaci\u00f3n de contraste con modo SuperEco: 12500:1<br \/>\nDisplay Color: 1.07 Billion Colors<br \/>\nTipo de fuente de luz: 240W UHP Lamp<br \/>\nLight Source Life (hours) with Normal Mode: 4000<br \/>\nLight Source Life (hours) with SuperEco Mode: 12000<br \/>\nLente: F=2.41-2.53, f=21.85-24mm<br \/>\nCompensaci\u00f3n de proyecci\u00f3n: 124.8%+\/-10%<br \/>\nRatio de proyecci\u00f3n: 1.544-1.72<br \/>\nZoom \u00f3ptico: 1.1x<br \/>\nZoom digital: 0.8x-2.0x<br \/>\nTama\u00f1o de la imagen: 30&#8243;-300&#8243;<br \/>\nDistancia de proyecci\u00f3n: 1.00m-11.11m<br \/>\n(100&#8243;@3.33m)<br \/>\nKeystone: +\/- 40\u00b0 (V)<br \/>\nRuido audible (Normal): 34dB<br \/>\nRuido Audible (Eco): 25dB<br \/>\nInput Lag: 33.2ms<br \/>\nResoluciones soportadas: VGA(640 x 480) to FullHD(1920 x 1080)<br \/>\nCompatibilidad con HDTV: 480i, 480p, 576i, 576p, 720p, 1080i, 1080p<br \/>\nFrecuencia horizontal: 15K-102KHz<br \/>\nVelocidad de exploraci\u00f3n vertical: 23-120Hz<br \/>\nEntradas<br \/>\nEntrada PC (compartido por componente): 1<br \/>\nHDMI: 2<br \/>\n(HDMI 1.4\/ HDCP 1.4)<br \/>\nEntrada de audio (3.5 mm): 1<br \/>\nSalidas<br \/>\nSalida monitor: 1<br \/>\nAudio-out (3.5mm): 1<br \/>\nAltavoz: 3W<br \/>\nUSB Tipo A (alimentaci\u00f3n): 1 (5V\/1.5A)<br \/>\nControl<br \/>\nRS232 (DB 9 pines macho): 1<br \/>\nUSB Type A (Services): 1<br \/>\n(share with USB A Output)<br \/>\nOtros<br \/>\nVoltaje de la fuente de alimentaci\u00f3n: 100-240V+\/- 10%, 50\/60Hz<br \/>\n(AC in)<br \/>\nConsumo de energ\u00eda: Normal: 295W<br \/>\nStandby: &lt;0.5W<br \/>\nTemperatura de funcionamiento: 0~40\u2103<br \/>\nCarton: Brown<br \/>\nPeso neto: 2.70kg<br \/>\nGross Weight: 3.80Kg<br \/>\nDimensiones (WxDxH) con pie de ajuste: 309x234x115mm<br \/>\nPacking Dimensions: 400x337x168mm<br \/>\nIdiomas OSD: English, German, French, Swedish, Spanish, Portuguese, Polish, Dutch, T. Chinese, S.Chinese, Finnish, Korean, Russian, Hungarian, Czech, Arabic, Thai, Turkish, Vietnamese, Indonesian, Greek, Italian, Total 22 languages<br \/>\nUser Guide Language: English, S-Chinese, T-Chinese, Finnish,French,German,Italian,Japanese,Korean,Polish,Portuguese,Russian,Spanish,Swedish,Turkish, Total 15 languages<br \/>\nAccesorios est\u00e1ndar<br \/>\nCable de alimentaci\u00f3n: 1<br \/>\nCable VGA: 1<br \/>\nMando a distancia: 1<br \/>\nQSG: Yes<br \/>\nFiltro de aire: Yes (CN Only)<br \/>\nWarranty Card: Yes (CN Only)<br \/>\nAccesorios opcionales<br \/>\nL\u00e1mpara \/ Fuente de luz: RLC-128<br \/>\nFiltro de aire: RSPL<br \/>\nWall\/Ceiling Mount: PJ-WMK-007<br \/>\nBolsa de transporte: PJ-CASE-008<\/p>\n","protected":false},"excerpt":{"rendered":"<p>Producto original.<\/p>\n<div id=\"gtx-trans\" style=\"position: absolute;left: -28px;top: -3px\">\n<div class=\"gtx-trans-icon\">\u00a0<\/div>\n<\/div>\n","protected":false},"featured_media":7132,"comment_status":"open","ping_status":"closed","template":"","meta":{"site-sidebar-layout":"default","site-content-layout":"","ast-site-content-layout":"default","site-content-style":"default","site-sidebar-style":"default","ast-global-header-display":"","ast-banner-title-visibility":"","ast-main-header-display":"","ast-hfb-above-header-display":"","ast-hfb-below-header-display":"","ast-hfb-mobile-header-display":"","site-post-title":"","ast-breadcrumbs-content":"","ast-featured-img":"","footer-sml-layout":"","ast-disable-related-posts":"","theme-transparent-header-meta":"default","adv-header-id-meta":"","stick-header-meta":"default","header-above-stick-meta":"","header-main-stick-meta":"","header-below-stick-meta":"","astra-migrate-meta-layouts":"set","ast-page-background-enabled":"default","ast-page-background-meta":{"desktop":{"background-color":"var(--ast-global-color-4)","background-image":"","background-repeat":"repeat","background-position":"center center","background-size":"auto","background-attachment":"scroll","background-type":"","background-media":"","overlay-type":"","overlay-color":"","overlay-opacity":"","overlay-gradient":""},"tablet":{"background-color":"","background-image":"","background-repeat":"repeat","background-position":"center center","background-size":"auto","background-attachment":"scroll","background-type":"","background-media":"","overlay-type":"","overlay-color":"","overlay-opacity":"","overlay-gradient":""},"mobile":{"background-color":"","background-image":"","background-repeat":"repeat","background-position":"center center","background-size":"auto","background-attachment":"scroll","background-type":"","background-media":"","overlay-type":"","overlay-color":"","overlay-opacity":"","overlay-gradient":""}},"ast-content-background-meta":{"desktop":{"background-color":"var(--ast-global-color-5)","background-image":"","background-repeat":"repeat","background-position":"center center","background-size":"auto","background-attachment":"scroll","background-type":"","background-media":"","overlay-type":"","overlay-color":"","overlay-opacity":"","overlay-gradient":""},"tablet":{"background-color":"var(--ast-global-color-5)","background-image":"","background-repeat":"repeat","background-position":"center center","background-size":"auto","background-attachment":"scroll","background-type":"","background-media":"","overlay-type":"","overlay-color":"","overlay-opacity":"","overlay-gradient":""},"mobile":{"background-color":"var(--ast-global-color-5)","background-image":"","background-repeat":"repeat","background-position":"center center","background-size":"auto","background-attachment":"scroll","background-type":"","background-media":"","overlay-type":"","overlay-color":"","overlay-opacity":"","overlay-gradient":""}}},"product_brand":[984],"product_cat":[55,56],"product_tag":[877],"class_list":{"0":"post-5534","1":"product","2":"type-product","3":"status-publish","4":"has-post-thumbnail","6":"product_brand-viewsonic","7":"product_cat-audio-y-video","8":"product_cat-proyectores","9":"product_tag-proyector-viewsonic-pa700w","10":"desktop-align-left","11":"tablet-align-left","12":"mobile-align-left","13":"ast-product-gallery-layout-horizontal-slider","14":"ast-magnify-disabled","15":"ast-product-tabs-layout-horizontal","16":"ast-qv-on-image","18":"first","19":"outofstock","20":"sale","21":"taxable","22":"shipping-taxable","23":"purchasable","24":"product-type-simple"},"yoast_head":"<!-- This site is optimized with the Yoast SEO plugin v27.5 - https:\/\/yoast.com\/product\/yoast-seo-wordpress\/ -->\n<title>Proyector Viewsonic PA700W 4500 Lumenes WXGA - CLIE LIMITADA<\/title>\n<meta name=\"robots\" content=\"index, follow, max-snippet:-1, max-image-preview:large, max-video-preview:-1\" \/>\n<link rel=\"canonical\" href=\"https:\/\/www.clie.cl\/index.php\/producto\/proyector-viewsonic-pa700w-4500-lumenes-wxga\/\" \/>\n<meta property=\"og:locale\" content=\"es_ES\" \/>\n<meta property=\"og:type\" content=\"article\" \/>\n<meta property=\"og:title\" content=\"Proyector Viewsonic PA700W 4500 Lumenes WXGA - CLIE LIMITADA\" \/>\n<meta property=\"og:description\" content=\"Producto original.\u00a0\" \/>\n<meta property=\"og:url\" content=\"https:\/\/www.clie.cl\/index.php\/producto\/proyector-viewsonic-pa700w-4500-lumenes-wxga\/\" \/>\n<meta property=\"og:site_name\" content=\"CLIE LIMITADA\" \/>\n<meta property=\"article:modified_time\" content=\"2025-12-15T11:01:43+00:00\" \/>\n<meta property=\"og:image\" content=\"https:\/\/www.clie.cl\/wp-content\/uploads\/2025\/07\/Proyector_Viewsonic_PA700W_clie.cl_.jpg\" \/>\n\t<meta property=\"og:image:width\" content=\"2000\" \/>\n\t<meta property=\"og:image:height\" content=\"2000\" \/>\n\t<meta property=\"og:image:type\" content=\"image\/jpeg\" \/>\n<meta name=\"twitter:card\" content=\"summary_large_image\" \/>\n<meta name=\"twitter:label1\" content=\"Tiempo de lectura\" \/>\n\t<meta name=\"twitter:data1\" content=\"4 minutos\" \/>\n<script type=\"application\/ld+json\" class=\"yoast-schema-graph\">{\"@context\":\"https:\\\/\\\/schema.org\",\"@graph\":[{\"@type\":\"WebPage\",\"@id\":\"https:\\\/\\\/www.clie.cl\\\/index.php\\\/producto\\\/proyector-viewsonic-pa700w-4500-lumenes-wxga\\\/\",\"url\":\"https:\\\/\\\/www.clie.cl\\\/index.php\\\/producto\\\/proyector-viewsonic-pa700w-4500-lumenes-wxga\\\/\",\"name\":\"Proyector Viewsonic PA700W 4500 Lumenes WXGA - CLIE LIMITADA\",\"isPartOf\":{\"@id\":\"https:\\\/\\\/www.clie.cl\\\/#website\"},\"primaryImageOfPage\":{\"@id\":\"https:\\\/\\\/www.clie.cl\\\/index.php\\\/producto\\\/proyector-viewsonic-pa700w-4500-lumenes-wxga\\\/#primaryimage\"},\"image\":{\"@id\":\"https:\\\/\\\/www.clie.cl\\\/index.php\\\/producto\\\/proyector-viewsonic-pa700w-4500-lumenes-wxga\\\/#primaryimage\"},\"thumbnailUrl\":\"https:\\\/\\\/www.clie.cl\\\/wp-content\\\/uploads\\\/2025\\\/07\\\/Proyector_Viewsonic_PA700W_clie.cl_.jpg\",\"datePublished\":\"2024-10-30T14:35:38+00:00\",\"dateModified\":\"2025-12-15T11:01:43+00:00\",\"breadcrumb\":{\"@id\":\"https:\\\/\\\/www.clie.cl\\\/index.php\\\/producto\\\/proyector-viewsonic-pa700w-4500-lumenes-wxga\\\/#breadcrumb\"},\"inLanguage\":\"es\",\"potentialAction\":[{\"@type\":\"ReadAction\",\"target\":[\"https:\\\/\\\/www.clie.cl\\\/index.php\\\/producto\\\/proyector-viewsonic-pa700w-4500-lumenes-wxga\\\/\"]}]},{\"@type\":\"ImageObject\",\"inLanguage\":\"es\",\"@id\":\"https:\\\/\\\/www.clie.cl\\\/index.php\\\/producto\\\/proyector-viewsonic-pa700w-4500-lumenes-wxga\\\/#primaryimage\",\"url\":\"https:\\\/\\\/www.clie.cl\\\/wp-content\\\/uploads\\\/2025\\\/07\\\/Proyector_Viewsonic_PA700W_clie.cl_.jpg\",\"contentUrl\":\"https:\\\/\\\/www.clie.cl\\\/wp-content\\\/uploads\\\/2025\\\/07\\\/Proyector_Viewsonic_PA700W_clie.cl_.jpg\",\"width\":2000,\"height\":2000,\"caption\":\"Proyector_Viewsonic_PA700W_clie.cl\"},{\"@type\":\"BreadcrumbList\",\"@id\":\"https:\\\/\\\/www.clie.cl\\\/index.php\\\/producto\\\/proyector-viewsonic-pa700w-4500-lumenes-wxga\\\/#breadcrumb\",\"itemListElement\":[{\"@type\":\"ListItem\",\"position\":1,\"name\":\"Portada\",\"item\":\"https:\\\/\\\/www.clie.cl\\\/\"},{\"@type\":\"ListItem\",\"position\":2,\"name\":\"Productos\",\"item\":\"https:\\\/\\\/www.clie.cl\\\/index.php\\\/shop\\\/\"},{\"@type\":\"ListItem\",\"position\":3,\"name\":\"Proyector Viewsonic PA700W 4500 Lumenes WXGA\"}]},{\"@type\":\"WebSite\",\"@id\":\"https:\\\/\\\/www.clie.cl\\\/#website\",\"url\":\"https:\\\/\\\/www.clie.cl\\\/\",\"name\":\"CLIE.cl\",\"description\":\"Clie Limitada\",\"publisher\":{\"@id\":\"https:\\\/\\\/www.clie.cl\\\/#organization\"},\"alternateName\":\"CLIE\",\"potentialAction\":[{\"@type\":\"SearchAction\",\"target\":{\"@type\":\"EntryPoint\",\"urlTemplate\":\"https:\\\/\\\/www.clie.cl\\\/?s={search_term_string}\"},\"query-input\":{\"@type\":\"PropertyValueSpecification\",\"valueRequired\":true,\"valueName\":\"search_term_string\"}}],\"inLanguage\":\"es\"},{\"@type\":\"Organization\",\"@id\":\"https:\\\/\\\/www.clie.cl\\\/#organization\",\"name\":\"CLIE LIMITADA\",\"url\":\"https:\\\/\\\/www.clie.cl\\\/\",\"logo\":{\"@type\":\"ImageObject\",\"inLanguage\":\"es\",\"@id\":\"https:\\\/\\\/www.clie.cl\\\/#\\\/schema\\\/logo\\\/image\\\/\",\"url\":\"https:\\\/\\\/www.clie.cl\\\/wp-content\\\/uploads\\\/2023\\\/10\\\/logo_clie_front_web_2023.png\",\"contentUrl\":\"https:\\\/\\\/www.clie.cl\\\/wp-content\\\/uploads\\\/2023\\\/10\\\/logo_clie_front_web_2023.png\",\"width\":139,\"height\":118,\"caption\":\"CLIE LIMITADA\"},\"image\":{\"@id\":\"https:\\\/\\\/www.clie.cl\\\/#\\\/schema\\\/logo\\\/image\\\/\"}}]}<\/script>\n<!-- \/ Yoast SEO plugin. -->","yoast_head_json":{"title":"Proyector Viewsonic PA700W 4500 Lumenes WXGA - CLIE LIMITADA","robots":{"index":"index","follow":"follow","max-snippet":"max-snippet:-1","max-image-preview":"max-image-preview:large","max-video-preview":"max-video-preview:-1"},"canonical":"https:\/\/www.clie.cl\/index.php\/producto\/proyector-viewsonic-pa700w-4500-lumenes-wxga\/","og_locale":"es_ES","og_type":"article","og_title":"Proyector Viewsonic PA700W 4500 Lumenes WXGA - CLIE LIMITADA","og_description":"Producto original.\u00a0","og_url":"https:\/\/www.clie.cl\/index.php\/producto\/proyector-viewsonic-pa700w-4500-lumenes-wxga\/","og_site_name":"CLIE LIMITADA","article_modified_time":"2025-12-15T11:01:43+00:00","og_image":[{"width":2000,"height":2000,"url":"https:\/\/www.clie.cl\/wp-content\/uploads\/2025\/07\/Proyector_Viewsonic_PA700W_clie.cl_.jpg","type":"image\/jpeg"}],"twitter_card":"summary_large_image","twitter_misc":{"Tiempo de lectura":"4 minutos"},"schema":{"@context":"https:\/\/schema.org","@graph":[{"@type":"WebPage","@id":"https:\/\/www.clie.cl\/index.php\/producto\/proyector-viewsonic-pa700w-4500-lumenes-wxga\/","url":"https:\/\/www.clie.cl\/index.php\/producto\/proyector-viewsonic-pa700w-4500-lumenes-wxga\/","name":"Proyector Viewsonic PA700W 4500 Lumenes WXGA - CLIE LIMITADA","isPartOf":{"@id":"https:\/\/www.clie.cl\/#website"},"primaryImageOfPage":{"@id":"https:\/\/www.clie.cl\/index.php\/producto\/proyector-viewsonic-pa700w-4500-lumenes-wxga\/#primaryimage"},"image":{"@id":"https:\/\/www.clie.cl\/index.php\/producto\/proyector-viewsonic-pa700w-4500-lumenes-wxga\/#primaryimage"},"thumbnailUrl":"https:\/\/www.clie.cl\/wp-content\/uploads\/2025\/07\/Proyector_Viewsonic_PA700W_clie.cl_.jpg","datePublished":"2024-10-30T14:35:38+00:00","dateModified":"2025-12-15T11:01:43+00:00","breadcrumb":{"@id":"https:\/\/www.clie.cl\/index.php\/producto\/proyector-viewsonic-pa700w-4500-lumenes-wxga\/#breadcrumb"},"inLanguage":"es","potentialAction":[{"@type":"ReadAction","target":["https:\/\/www.clie.cl\/index.php\/producto\/proyector-viewsonic-pa700w-4500-lumenes-wxga\/"]}]},{"@type":"ImageObject","inLanguage":"es","@id":"https:\/\/www.clie.cl\/index.php\/producto\/proyector-viewsonic-pa700w-4500-lumenes-wxga\/#primaryimage","url":"https:\/\/www.clie.cl\/wp-content\/uploads\/2025\/07\/Proyector_Viewsonic_PA700W_clie.cl_.jpg","contentUrl":"https:\/\/www.clie.cl\/wp-content\/uploads\/2025\/07\/Proyector_Viewsonic_PA700W_clie.cl_.jpg","width":2000,"height":2000,"caption":"Proyector_Viewsonic_PA700W_clie.cl"},{"@type":"BreadcrumbList","@id":"https:\/\/www.clie.cl\/index.php\/producto\/proyector-viewsonic-pa700w-4500-lumenes-wxga\/#breadcrumb","itemListElement":[{"@type":"ListItem","position":1,"name":"Portada","item":"https:\/\/www.clie.cl\/"},{"@type":"ListItem","position":2,"name":"Productos","item":"https:\/\/www.clie.cl\/index.php\/shop\/"},{"@type":"ListItem","position":3,"name":"Proyector Viewsonic PA700W 4500 Lumenes WXGA"}]},{"@type":"WebSite","@id":"https:\/\/www.clie.cl\/#website","url":"https:\/\/www.clie.cl\/","name":"CLIE.cl","description":"Clie Limitada","publisher":{"@id":"https:\/\/www.clie.cl\/#organization"},"alternateName":"CLIE","potentialAction":[{"@type":"SearchAction","target":{"@type":"EntryPoint","urlTemplate":"https:\/\/www.clie.cl\/?s={search_term_string}"},"query-input":{"@type":"PropertyValueSpecification","valueRequired":true,"valueName":"search_term_string"}}],"inLanguage":"es"},{"@type":"Organization","@id":"https:\/\/www.clie.cl\/#organization","name":"CLIE LIMITADA","url":"https:\/\/www.clie.cl\/","logo":{"@type":"ImageObject","inLanguage":"es","@id":"https:\/\/www.clie.cl\/#\/schema\/logo\/image\/","url":"https:\/\/www.clie.cl\/wp-content\/uploads\/2023\/10\/logo_clie_front_web_2023.png","contentUrl":"https:\/\/www.clie.cl\/wp-content\/uploads\/2023\/10\/logo_clie_front_web_2023.png","width":139,"height":118,"caption":"CLIE LIMITADA"},"image":{"@id":"https:\/\/www.clie.cl\/#\/schema\/logo\/image\/"}}]}},"_links":{"self":[{"href":"https:\/\/www.clie.cl\/index.php\/wp-json\/wp\/v2\/product\/5534","targetHints":{"allow":["GET"]}}],"collection":[{"href":"https:\/\/www.clie.cl\/index.php\/wp-json\/wp\/v2\/product"}],"about":[{"href":"https:\/\/www.clie.cl\/index.php\/wp-json\/wp\/v2\/types\/product"}],"replies":[{"embeddable":true,"href":"https:\/\/www.clie.cl\/index.php\/wp-json\/wp\/v2\/comments?post=5534"}],"wp:featuredmedia":[{"embeddable":true,"href":"https:\/\/www.clie.cl\/index.php\/wp-json\/wp\/v2\/media\/7132"}],"wp:attachment":[{"href":"https:\/\/www.clie.cl\/index.php\/wp-json\/wp\/v2\/media?parent=5534"}],"wp:term":[{"taxonomy":"product_brand","embeddable":true,"href":"https:\/\/www.clie.cl\/index.php\/wp-json\/wp\/v2\/product_brand?post=5534"},{"taxonomy":"product_cat","embeddable":true,"href":"https:\/\/www.clie.cl\/index.php\/wp-json\/wp\/v2\/product_cat?post=5534"},{"taxonomy":"product_tag","embeddable":true,"href":"https:\/\/www.clie.cl\/index.php\/wp-json\/wp\/v2\/product_tag?post=5534"}],"curies":[{"name":"wp","href":"https:\/\/api.w.org\/{rel}","templated":true}]}}