{"id":5477,"date":"2024-10-29T07:50:55","date_gmt":"2024-10-29T11:50:55","guid":{"rendered":"https:\/\/www.clie.cl\/?post_type=product&#038;p=5477"},"modified":"2026-01-08T13:59:08","modified_gmt":"2026-01-08T17:59:08","slug":"proyector-epson-powerlite-l775u-7000-lumenes-wuxga-v11ha96120","status":"publish","type":"product","link":"https:\/\/www.clie.cl\/index.php\/producto\/proyector-epson-powerlite-l775u-7000-lumenes-wuxga-v11ha96120\/","title":{"rendered":"Proyector Epson PowerLite L775U 7000 Lumenes WUXGA V11HA96120"},"content":{"rendered":"<p>Ofrezca proyecciones con un brillo notable y mejora 4K<\/p>\n<p>El vers\u00e1til proyector l\u00e1ser PowerLite L775U brinda im\u00e1genes sorprendentemente claras a salas de reuniones, aulas y salones. Este proyector compacto y convenientemente liviano ofrece resoluci\u00f3n WUXGA nativa con mejora 4K1 y un incre\u00edble brillo de 7.000 l\u00famenes2, proporcionando im\u00e1genes suaves, ultrabrillantes y detalladas, incluso de cerca. El elegante exterior negro del proyector se integra a la perfecci\u00f3n en los techos negros, lo que lo hace ideal para museos y espacios para eventos. Muestre im\u00e1genes de hasta 500\u00bb y cambie entre una variedad de relaciones de aspecto, desde 16:10 est\u00e1ndar hasta 21:9 ultra ancho que proporciona una experiencia m\u00e1s inmersiva, ideal para entornos de trabajo h\u00edbridos y aulas. Cuanta m\u00e1s informaci\u00f3n se deba mostrar en una sola pantalla, m\u00e1s cr\u00edtica ser\u00e1 la necesidad de una pantalla m\u00e1s grande y de mayor resoluci\u00f3n.<\/p>\n<p>F\u00e1cil de instalar, el PowerLite L775U es f\u00e1cil de operar de principio a fin. Dise\u00f1ado pensando en la comodidad, este proyector cuenta con una fuente de luz l\u00e1ser y un filtro de aire de 20.000 horas pr\u00e1cticamente libres de mantenimiento3. Adem\u00e1s, simplifique el manejo de m\u00faltiples proyectores con la c\u00e1mara acoplable PixAlign\u2122 opcional.<\/p>\n<p>El mejor brillo de color de su clase4 ; 7.000 l\u00famenes2<br \/>\nResoluci\u00f3n WUXGA con mejora 4K1 para im\u00e1genes claras y detalladas<br \/>\nFuente de luz l\u00e1ser y filtro de aire de 20.000 horas pr\u00e1cticamente libres de mantenimiento3<br \/>\nImagen de hasta 500&#8243; en diagonal en 16:10, adem\u00e1s de ultra gran angular 16:6 y 21:9<\/p>\n<p>Operaci\u00f3n simplificada y uso compartido de contenidos: encendido autom\u00e1tico, pantalla dividida5 , uso compartido de pantalla con Epson iProjection\u21226 y red inal\u00e1mbrica opcional con el adaptador ELPAP11<br \/>\nModos de brillo personalizables: configure el proyector para que mantenga un nivel de brillo constante a lo largo del tiempo, o configure el brillo en modo Extendido para ayudar a maximizar la vida \u00fatil de la fuente de luz l\u00e1ser<br \/>\nC\u00e1mara PixAlign opcional: a\u00f1ade potentes herramientas de multiproyector; asistencia de mezcla para proyecciones s\u00faper anchas; apilamiento simple sin una PC externa; coincidencia de pantalla y calibraci\u00f3n de color autom\u00e1tica<br \/>\nF\u00e1cilmente programable con el reproductor multimedia incorporado y la aplicaci\u00f3n de creaci\u00f3n de contenido7: incluye plantillas, efectos, filtros de color y opciones personalizables; Las funciones de lista de reproducci\u00f3n y reproducci\u00f3n permiten una gesti\u00f3n de contenido directa o a trav\u00e9s de la red.<br \/>\nCaracter\u00edsticas Ecol\u00f3gicas<br \/>\nCumplimiento RoHS<br \/>\nProducto reciclable8<\/p>\n<p>Better Products for a Better Future\u2122<br \/>\nPara m\u00e1s informaci\u00f3n acerca de los programas ambientales de Epson, visite Respeto por el Medio Ambiente<\/p>\n<p>Que hay en la caja:<br \/>\nProyector l\u00e1ser PowerLite L775U<br \/>\nCable de energ\u00eda<br \/>\nControl remoto del proyector con pilas<br \/>\nTarjeta de referencia r\u00e1pida<br \/>\nCubierta de cables<\/p>\n<p>&nbsp;<\/p>\n<table>\n<tbody>\n<tr class=\"ccs-cc-inline-specs-row\">\n<th class=\"ccs-cc-inline-specification-attribute\" scope=\"row\"><span style=\"font-weight: 400;\">Descripci\u00f3n del producto\u00a0<\/span><\/th>\n<td>Epson PowerLite L775U &#8211; proyector 3LCD<\/td>\n<\/tr>\n<tr class=\"ccs-cc-inline-specs-row\">\n<th class=\"ccs-cc-inline-specification-attribute\" scope=\"row\"><span style=\"font-weight: 400;\">Tipo de dispositivo\u00a0<\/span><\/th>\n<td>Proyector 3LCD<\/td>\n<\/tr>\n<tr class=\"ccs-cc-inline-specs-row\">\n<th class=\"ccs-cc-inline-specification-attribute\" scope=\"row\"><span style=\"font-weight: 400;\">Dispositivos integrados\u00a0<\/span><\/th>\n<td>Altavoz<\/p>\n<div id=\"gtx-trans\">\n<div class=\"gtx-trans-icon\"><\/div>\n<\/div>\n<\/td>\n<\/tr>\n<tr class=\"ccs-cc-inline-specs-row\">\n<th class=\"ccs-cc-inline-specification-attribute\" scope=\"row\"><span style=\"font-weight: 400;\">Brillo (Blanco)\u00a0<\/span><\/th>\n<td>7000 l\u00famenes<\/td>\n<\/tr>\n<tr class=\"ccs-cc-inline-specs-row\">\n<th class=\"ccs-cc-inline-specification-attribute\" scope=\"row\"><span style=\"font-weight: 400;\">Brillo (Color)\u00a0<\/span><\/th>\n<td>7000 l\u00famenes<\/td>\n<\/tr>\n<tr class=\"ccs-cc-inline-specs-row\">\n<th class=\"ccs-cc-inline-specification-attribute\" scope=\"row\"><span style=\"font-weight: 400;\">Relaci\u00f3n de contraste\u00a0<\/span><\/th>\n<td>Hasta 2500000:1<\/p>\n<div id=\"gtx-trans\">\n<div class=\"gtx-trans-icon\"><\/div>\n<\/div>\n<\/td>\n<\/tr>\n<tr class=\"ccs-cc-inline-specs-row\">\n<th class=\"ccs-cc-inline-specification-attribute\" scope=\"row\"><span style=\"font-weight: 400;\">Resoluci\u00f3n\u00a0<\/span><\/th>\n<td>WUXGA (1920 x 1200)\u00a04KE1<\/td>\n<\/tr>\n<tr class=\"ccs-cc-inline-specs-row\">\n<th class=\"ccs-cc-inline-specification-attribute\" scope=\"row\"><span style=\"font-weight: 400;\">Relaci\u00f3n de aspecto\u00a0<\/span><\/th>\n<td>16:10<\/p>\n<div id=\"gtx-trans\">\n<div class=\"gtx-trans-icon\"><\/div>\n<\/div>\n<\/td>\n<\/tr>\n<tr class=\"ccs-cc-inline-specs-row\">\n<th class=\"ccs-cc-inline-specification-attribute\" scope=\"row\"><span style=\"font-weight: 400;\">Tama\u00f1o de Proyecci\u00f3n\u00a0<\/span><\/th>\n<td>50&#8243; \u2013 500&#8243;<\/p>\n<div id=\"gtx-trans\">\n<div class=\"gtx-trans-icon\"><\/div>\n<\/div>\n<\/td>\n<\/tr>\n<tr class=\"ccs-cc-inline-specs-row\">\n<th class=\"ccs-cc-inline-specification-attribute\" scope=\"row\"><span style=\"font-weight: 400;\">Fuente de Luz\u00a0<\/span><\/th>\n<td>Diodo l\u00e1ser<\/td>\n<\/tr>\n<tr class=\"ccs-cc-inline-specs-row\">\n<th class=\"ccs-cc-inline-specification-attribute\" scope=\"row\"><span style=\"font-weight: 400;\">Ciclo de vida \u00fatil l\u00e1mpara\u00a0<\/span><\/th>\n<td>Hasta 20000 hora(s) &#8211; modo normal<br \/>\nHasta 20000 hora(s) &#8211; modo silencioso<br \/>\nHasta 30000 hora(s) &#8211; modo extendido<\/td>\n<\/tr>\n<tr class=\"ccs-cc-inline-specs-row\">\n<th class=\"ccs-cc-inline-specification-attribute\" scope=\"row\"><span style=\"font-weight: 400;\">Altavoces\u00a0<\/span><\/th>\n<td>Altavoces &#8211; integrado,\u00a010 W (mono)<\/td>\n<\/tr>\n<tr class=\"ccs-cc-inline-specs-row\">\n<th class=\"ccs-cc-inline-specification-attribute\" scope=\"row\"><span style=\"font-weight: 400;\">Alimentaci\u00f3n\u00a0<\/span><\/th>\n<td>CA 100-240 V (50\/60 Hz)<\/td>\n<\/tr>\n<tr class=\"ccs-cc-inline-specs-row\">\n<th class=\"ccs-cc-inline-specification-attribute\" scope=\"row\"><span style=\"font-weight: 400;\">Consumo el\u00e9ctrico en funcionamiento\u00a0<\/span><\/th>\n<td>\n<div>\n<div class=\"gtx-trans-icon\"><\/div>\n<\/div>\n<p>323 W (Normal), 250 W (Silencioso), 242 W (Extendido), 2,0 W en espera (Comunicaci\u00f3n activada), 0,5 W en espera (Comunicaci\u00f3n desactivada)<\/td>\n<\/tr>\n<tr class=\"ccs-cc-inline-specs-row\">\n<th class=\"ccs-cc-inline-specification-attribute\" scope=\"row\"><span style=\"font-weight: 400;\">Dimensiones (Ancho x Profundidad x Altura)\u00a0<\/span><\/th>\n<td>440 x 136 x 339 mm<\/p>\n<div id=\"gtx-trans\">\n<div class=\"gtx-trans-icon\"><\/div>\n<\/div>\n<\/td>\n<\/tr>\n<tr class=\"ccs-cc-inline-specs-row\">\n<th class=\"ccs-cc-inline-specification-attribute\" scope=\"row\"><span style=\"font-weight: 400;\">Peso\u00a0<\/span><\/th>\n<td>8,5 kg<\/td>\n<\/tr>\n<tr class=\"ccs-cc-inline-specs-row\">\n<th class=\"ccs-cc-inline-specification-attribute\" scope=\"row\"><span style=\"font-weight: 400;\">Garant\u00eda del fabricante\u00a0<\/span><\/th>\n<td>Garant\u00eda limitada de 3 a\u00f1os.<\/p>\n<div id=\"gtx-trans\">\n<div class=\"gtx-trans-icon\"><\/div>\n<\/div>\n<\/td>\n<\/tr>\n<\/tbody>\n<\/table>\n","protected":false},"excerpt":{"rendered":"<p>Producto original.<\/p>\n","protected":false},"featured_media":7141,"comment_status":"open","ping_status":"closed","template":"","meta":{"site-sidebar-layout":"default","site-content-layout":"","ast-site-content-layout":"default","site-content-style":"default","site-sidebar-style":"default","ast-global-header-display":"","ast-banner-title-visibility":"","ast-main-header-display":"","ast-hfb-above-header-display":"","ast-hfb-below-header-display":"","ast-hfb-mobile-header-display":"","site-post-title":"","ast-breadcrumbs-content":"","ast-featured-img":"","footer-sml-layout":"","ast-disable-related-posts":"","theme-transparent-header-meta":"default","adv-header-id-meta":"","stick-header-meta":"default","header-above-stick-meta":"","header-main-stick-meta":"","header-below-stick-meta":"","astra-migrate-meta-layouts":"set","ast-page-background-enabled":"default","ast-page-background-meta":{"desktop":{"background-color":"var(--ast-global-color-4)","background-image":"","background-repeat":"repeat","background-position":"center center","background-size":"auto","background-attachment":"scroll","background-type":"","background-media":"","overlay-type":"","overlay-color":"","overlay-opacity":"","overlay-gradient":""},"tablet":{"background-color":"","background-image":"","background-repeat":"repeat","background-position":"center center","background-size":"auto","background-attachment":"scroll","background-type":"","background-media":"","overlay-type":"","overlay-color":"","overlay-opacity":"","overlay-gradient":""},"mobile":{"background-color":"","background-image":"","background-repeat":"repeat","background-position":"center center","background-size":"auto","background-attachment":"scroll","background-type":"","background-media":"","overlay-type":"","overlay-color":"","overlay-opacity":"","overlay-gradient":""}},"ast-content-background-meta":{"desktop":{"background-color":"var(--ast-global-color-5)","background-image":"","background-repeat":"repeat","background-position":"center center","background-size":"auto","background-attachment":"scroll","background-type":"","background-media":"","overlay-type":"","overlay-color":"","overlay-opacity":"","overlay-gradient":""},"tablet":{"background-color":"var(--ast-global-color-5)","background-image":"","background-repeat":"repeat","background-position":"center center","background-size":"auto","background-attachment":"scroll","background-type":"","background-media":"","overlay-type":"","overlay-color":"","overlay-opacity":"","overlay-gradient":""},"mobile":{"background-color":"var(--ast-global-color-5)","background-image":"","background-repeat":"repeat","background-position":"center center","background-size":"auto","background-attachment":"scroll","background-type":"","background-media":"","overlay-type":"","overlay-color":"","overlay-opacity":"","overlay-gradient":""}}},"product_brand":[968],"product_cat":[55,56],"product_tag":[865,866],"class_list":{"0":"post-5477","1":"product","2":"type-product","3":"status-publish","4":"has-post-thumbnail","6":"product_brand-epson","7":"product_cat-audio-y-video","8":"product_cat-proyectores","9":"product_tag-proyector-epson-powerlite-l775u","10":"product_tag-v11ha96120","11":"desktop-align-left","12":"tablet-align-left","13":"mobile-align-left","14":"ast-product-gallery-layout-horizontal-slider","15":"ast-magnify-disabled","16":"ast-product-tabs-layout-horizontal","17":"ast-qv-on-image","19":"first","20":"outofstock","21":"sale","22":"taxable","23":"shipping-taxable","24":"purchasable","25":"product-type-simple"},"yoast_head":"<!-- This site is optimized with the Yoast SEO plugin v27.5 - https:\/\/yoast.com\/product\/yoast-seo-wordpress\/ -->\n<title>Proyector Epson PowerLite L775U 7000 Lumenes WUXGA V11HA96120 - CLIE LIMITADA<\/title>\n<meta name=\"robots\" content=\"index, follow, max-snippet:-1, max-image-preview:large, max-video-preview:-1\" \/>\n<link rel=\"canonical\" href=\"https:\/\/www.clie.cl\/index.php\/producto\/proyector-epson-powerlite-l775u-7000-lumenes-wuxga-v11ha96120\/\" \/>\n<meta property=\"og:locale\" content=\"es_ES\" \/>\n<meta property=\"og:type\" content=\"article\" \/>\n<meta property=\"og:title\" content=\"Proyector Epson PowerLite L775U 7000 Lumenes WUXGA V11HA96120 - CLIE LIMITADA\" \/>\n<meta property=\"og:description\" content=\"Producto original.\" \/>\n<meta property=\"og:url\" content=\"https:\/\/www.clie.cl\/index.php\/producto\/proyector-epson-powerlite-l775u-7000-lumenes-wuxga-v11ha96120\/\" \/>\n<meta property=\"og:site_name\" content=\"CLIE LIMITADA\" \/>\n<meta property=\"article:modified_time\" content=\"2026-01-08T17:59:08+00:00\" \/>\n<meta property=\"og:image\" content=\"https:\/\/www.clie.cl\/wp-content\/uploads\/2024\/10\/L775U.jpg\" \/>\n\t<meta property=\"og:image:width\" content=\"2000\" \/>\n\t<meta property=\"og:image:height\" content=\"2000\" \/>\n\t<meta property=\"og:image:type\" content=\"image\/jpeg\" \/>\n<meta name=\"twitter:card\" content=\"summary_large_image\" \/>\n<meta name=\"twitter:label1\" content=\"Tiempo de lectura\" \/>\n\t<meta name=\"twitter:data1\" content=\"3 minutos\" \/>\n<script type=\"application\/ld+json\" class=\"yoast-schema-graph\">{\"@context\":\"https:\\\/\\\/schema.org\",\"@graph\":[{\"@type\":\"WebPage\",\"@id\":\"https:\\\/\\\/www.clie.cl\\\/index.php\\\/producto\\\/proyector-epson-powerlite-l775u-7000-lumenes-wuxga-v11ha96120\\\/\",\"url\":\"https:\\\/\\\/www.clie.cl\\\/index.php\\\/producto\\\/proyector-epson-powerlite-l775u-7000-lumenes-wuxga-v11ha96120\\\/\",\"name\":\"Proyector Epson PowerLite L775U 7000 Lumenes WUXGA V11HA96120 - CLIE LIMITADA\",\"isPartOf\":{\"@id\":\"https:\\\/\\\/www.clie.cl\\\/#website\"},\"primaryImageOfPage\":{\"@id\":\"https:\\\/\\\/www.clie.cl\\\/index.php\\\/producto\\\/proyector-epson-powerlite-l775u-7000-lumenes-wuxga-v11ha96120\\\/#primaryimage\"},\"image\":{\"@id\":\"https:\\\/\\\/www.clie.cl\\\/index.php\\\/producto\\\/proyector-epson-powerlite-l775u-7000-lumenes-wuxga-v11ha96120\\\/#primaryimage\"},\"thumbnailUrl\":\"https:\\\/\\\/www.clie.cl\\\/wp-content\\\/uploads\\\/2025\\\/07\\\/Proyector_Epson_PowerLite_L775U_clie.cl_.jpg\",\"datePublished\":\"2024-10-29T11:50:55+00:00\",\"dateModified\":\"2026-01-08T17:59:08+00:00\",\"breadcrumb\":{\"@id\":\"https:\\\/\\\/www.clie.cl\\\/index.php\\\/producto\\\/proyector-epson-powerlite-l775u-7000-lumenes-wuxga-v11ha96120\\\/#breadcrumb\"},\"inLanguage\":\"es\",\"potentialAction\":[{\"@type\":\"ReadAction\",\"target\":[\"https:\\\/\\\/www.clie.cl\\\/index.php\\\/producto\\\/proyector-epson-powerlite-l775u-7000-lumenes-wuxga-v11ha96120\\\/\"]}]},{\"@type\":\"ImageObject\",\"inLanguage\":\"es\",\"@id\":\"https:\\\/\\\/www.clie.cl\\\/index.php\\\/producto\\\/proyector-epson-powerlite-l775u-7000-lumenes-wuxga-v11ha96120\\\/#primaryimage\",\"url\":\"https:\\\/\\\/www.clie.cl\\\/wp-content\\\/uploads\\\/2025\\\/07\\\/Proyector_Epson_PowerLite_L775U_clie.cl_.jpg\",\"contentUrl\":\"https:\\\/\\\/www.clie.cl\\\/wp-content\\\/uploads\\\/2025\\\/07\\\/Proyector_Epson_PowerLite_L775U_clie.cl_.jpg\",\"width\":2000,\"height\":2000,\"caption\":\"Proyector_Epson_PowerLite_L775U_clie.cl\"},{\"@type\":\"BreadcrumbList\",\"@id\":\"https:\\\/\\\/www.clie.cl\\\/index.php\\\/producto\\\/proyector-epson-powerlite-l775u-7000-lumenes-wuxga-v11ha96120\\\/#breadcrumb\",\"itemListElement\":[{\"@type\":\"ListItem\",\"position\":1,\"name\":\"Portada\",\"item\":\"https:\\\/\\\/www.clie.cl\\\/\"},{\"@type\":\"ListItem\",\"position\":2,\"name\":\"Productos\",\"item\":\"https:\\\/\\\/www.clie.cl\\\/index.php\\\/shop\\\/\"},{\"@type\":\"ListItem\",\"position\":3,\"name\":\"Proyector Epson PowerLite L775U 7000 Lumenes WUXGA V11HA96120\"}]},{\"@type\":\"WebSite\",\"@id\":\"https:\\\/\\\/www.clie.cl\\\/#website\",\"url\":\"https:\\\/\\\/www.clie.cl\\\/\",\"name\":\"CLIE.cl\",\"description\":\"Clie Limitada\",\"publisher\":{\"@id\":\"https:\\\/\\\/www.clie.cl\\\/#organization\"},\"alternateName\":\"CLIE\",\"potentialAction\":[{\"@type\":\"SearchAction\",\"target\":{\"@type\":\"EntryPoint\",\"urlTemplate\":\"https:\\\/\\\/www.clie.cl\\\/?s={search_term_string}\"},\"query-input\":{\"@type\":\"PropertyValueSpecification\",\"valueRequired\":true,\"valueName\":\"search_term_string\"}}],\"inLanguage\":\"es\"},{\"@type\":\"Organization\",\"@id\":\"https:\\\/\\\/www.clie.cl\\\/#organization\",\"name\":\"CLIE LIMITADA\",\"url\":\"https:\\\/\\\/www.clie.cl\\\/\",\"logo\":{\"@type\":\"ImageObject\",\"inLanguage\":\"es\",\"@id\":\"https:\\\/\\\/www.clie.cl\\\/#\\\/schema\\\/logo\\\/image\\\/\",\"url\":\"https:\\\/\\\/www.clie.cl\\\/wp-content\\\/uploads\\\/2023\\\/10\\\/logo_clie_front_web_2023.png\",\"contentUrl\":\"https:\\\/\\\/www.clie.cl\\\/wp-content\\\/uploads\\\/2023\\\/10\\\/logo_clie_front_web_2023.png\",\"width\":139,\"height\":118,\"caption\":\"CLIE LIMITADA\"},\"image\":{\"@id\":\"https:\\\/\\\/www.clie.cl\\\/#\\\/schema\\\/logo\\\/image\\\/\"}}]}<\/script>\n<!-- \/ Yoast SEO plugin. -->","yoast_head_json":{"title":"Proyector Epson PowerLite L775U 7000 Lumenes WUXGA V11HA96120 - CLIE LIMITADA","robots":{"index":"index","follow":"follow","max-snippet":"max-snippet:-1","max-image-preview":"max-image-preview:large","max-video-preview":"max-video-preview:-1"},"canonical":"https:\/\/www.clie.cl\/index.php\/producto\/proyector-epson-powerlite-l775u-7000-lumenes-wuxga-v11ha96120\/","og_locale":"es_ES","og_type":"article","og_title":"Proyector Epson PowerLite L775U 7000 Lumenes WUXGA V11HA96120 - CLIE LIMITADA","og_description":"Producto original.","og_url":"https:\/\/www.clie.cl\/index.php\/producto\/proyector-epson-powerlite-l775u-7000-lumenes-wuxga-v11ha96120\/","og_site_name":"CLIE LIMITADA","article_modified_time":"2026-01-08T17:59:08+00:00","og_image":[{"width":2000,"height":2000,"url":"https:\/\/www.clie.cl\/wp-content\/uploads\/2024\/10\/L775U.jpg","type":"image\/jpeg"}],"twitter_card":"summary_large_image","twitter_misc":{"Tiempo de lectura":"3 minutos"},"schema":{"@context":"https:\/\/schema.org","@graph":[{"@type":"WebPage","@id":"https:\/\/www.clie.cl\/index.php\/producto\/proyector-epson-powerlite-l775u-7000-lumenes-wuxga-v11ha96120\/","url":"https:\/\/www.clie.cl\/index.php\/producto\/proyector-epson-powerlite-l775u-7000-lumenes-wuxga-v11ha96120\/","name":"Proyector Epson PowerLite L775U 7000 Lumenes WUXGA V11HA96120 - CLIE LIMITADA","isPartOf":{"@id":"https:\/\/www.clie.cl\/#website"},"primaryImageOfPage":{"@id":"https:\/\/www.clie.cl\/index.php\/producto\/proyector-epson-powerlite-l775u-7000-lumenes-wuxga-v11ha96120\/#primaryimage"},"image":{"@id":"https:\/\/www.clie.cl\/index.php\/producto\/proyector-epson-powerlite-l775u-7000-lumenes-wuxga-v11ha96120\/#primaryimage"},"thumbnailUrl":"https:\/\/www.clie.cl\/wp-content\/uploads\/2025\/07\/Proyector_Epson_PowerLite_L775U_clie.cl_.jpg","datePublished":"2024-10-29T11:50:55+00:00","dateModified":"2026-01-08T17:59:08+00:00","breadcrumb":{"@id":"https:\/\/www.clie.cl\/index.php\/producto\/proyector-epson-powerlite-l775u-7000-lumenes-wuxga-v11ha96120\/#breadcrumb"},"inLanguage":"es","potentialAction":[{"@type":"ReadAction","target":["https:\/\/www.clie.cl\/index.php\/producto\/proyector-epson-powerlite-l775u-7000-lumenes-wuxga-v11ha96120\/"]}]},{"@type":"ImageObject","inLanguage":"es","@id":"https:\/\/www.clie.cl\/index.php\/producto\/proyector-epson-powerlite-l775u-7000-lumenes-wuxga-v11ha96120\/#primaryimage","url":"https:\/\/www.clie.cl\/wp-content\/uploads\/2025\/07\/Proyector_Epson_PowerLite_L775U_clie.cl_.jpg","contentUrl":"https:\/\/www.clie.cl\/wp-content\/uploads\/2025\/07\/Proyector_Epson_PowerLite_L775U_clie.cl_.jpg","width":2000,"height":2000,"caption":"Proyector_Epson_PowerLite_L775U_clie.cl"},{"@type":"BreadcrumbList","@id":"https:\/\/www.clie.cl\/index.php\/producto\/proyector-epson-powerlite-l775u-7000-lumenes-wuxga-v11ha96120\/#breadcrumb","itemListElement":[{"@type":"ListItem","position":1,"name":"Portada","item":"https:\/\/www.clie.cl\/"},{"@type":"ListItem","position":2,"name":"Productos","item":"https:\/\/www.clie.cl\/index.php\/shop\/"},{"@type":"ListItem","position":3,"name":"Proyector Epson PowerLite L775U 7000 Lumenes WUXGA V11HA96120"}]},{"@type":"WebSite","@id":"https:\/\/www.clie.cl\/#website","url":"https:\/\/www.clie.cl\/","name":"CLIE.cl","description":"Clie Limitada","publisher":{"@id":"https:\/\/www.clie.cl\/#organization"},"alternateName":"CLIE","potentialAction":[{"@type":"SearchAction","target":{"@type":"EntryPoint","urlTemplate":"https:\/\/www.clie.cl\/?s={search_term_string}"},"query-input":{"@type":"PropertyValueSpecification","valueRequired":true,"valueName":"search_term_string"}}],"inLanguage":"es"},{"@type":"Organization","@id":"https:\/\/www.clie.cl\/#organization","name":"CLIE LIMITADA","url":"https:\/\/www.clie.cl\/","logo":{"@type":"ImageObject","inLanguage":"es","@id":"https:\/\/www.clie.cl\/#\/schema\/logo\/image\/","url":"https:\/\/www.clie.cl\/wp-content\/uploads\/2023\/10\/logo_clie_front_web_2023.png","contentUrl":"https:\/\/www.clie.cl\/wp-content\/uploads\/2023\/10\/logo_clie_front_web_2023.png","width":139,"height":118,"caption":"CLIE LIMITADA"},"image":{"@id":"https:\/\/www.clie.cl\/#\/schema\/logo\/image\/"}}]}},"_links":{"self":[{"href":"https:\/\/www.clie.cl\/index.php\/wp-json\/wp\/v2\/product\/5477","targetHints":{"allow":["GET"]}}],"collection":[{"href":"https:\/\/www.clie.cl\/index.php\/wp-json\/wp\/v2\/product"}],"about":[{"href":"https:\/\/www.clie.cl\/index.php\/wp-json\/wp\/v2\/types\/product"}],"replies":[{"embeddable":true,"href":"https:\/\/www.clie.cl\/index.php\/wp-json\/wp\/v2\/comments?post=5477"}],"wp:featuredmedia":[{"embeddable":true,"href":"https:\/\/www.clie.cl\/index.php\/wp-json\/wp\/v2\/media\/7141"}],"wp:attachment":[{"href":"https:\/\/www.clie.cl\/index.php\/wp-json\/wp\/v2\/media?parent=5477"}],"wp:term":[{"taxonomy":"product_brand","embeddable":true,"href":"https:\/\/www.clie.cl\/index.php\/wp-json\/wp\/v2\/product_brand?post=5477"},{"taxonomy":"product_cat","embeddable":true,"href":"https:\/\/www.clie.cl\/index.php\/wp-json\/wp\/v2\/product_cat?post=5477"},{"taxonomy":"product_tag","embeddable":true,"href":"https:\/\/www.clie.cl\/index.php\/wp-json\/wp\/v2\/product_tag?post=5477"}],"curies":[{"name":"wp","href":"https:\/\/api.w.org\/{rel}","templated":true}]}}