{"id":5459,"date":"2024-10-28T18:12:39","date_gmt":"2024-10-28T22:12:39","guid":{"rendered":"https:\/\/www.clie.cl\/?post_type=product&#038;p=5459"},"modified":"2025-11-04T09:01:49","modified_gmt":"2025-11-04T13:01:49","slug":"proyector-epson-powerlite-l530u-5200-lumenes-full-hd-wuxga-v11ha27020","status":"publish","type":"product","link":"https:\/\/www.clie.cl\/index.php\/producto\/proyector-epson-powerlite-l530u-5200-lumenes-full-hd-wuxga-v11ha27020\/","title":{"rendered":"Proyector Epson PowerLite L530U 5200 Lumenes Full HD WUXGA V11HA27020"},"content":{"rendered":"<p>Comparta f\u00e1cilmente incre\u00edble contenido Full HD WUXGA para aulas, reuniones y m\u00e1s.<br \/>\nComparta pantallas brillantes y f\u00e1ciles de leer para reuniones, conferencias y m\u00e1s con el proyector l\u00e1ser de largo alcance PowerLite L530U. Con un incre\u00edble brillo de 5.200 l\u00famenes1, el PowerLite L530U mejora los espacios con im\u00e1genes vibrantes y realistas en Full HD WUXGA. Ideal para negocios, educaci\u00f3n y m\u00e1s, este vers\u00e1til proyector muestra hasta 500&#8243; y ofrece una variedad de funciones para experiencias atractivas e impactantes, que incluyen redes inal\u00e1mbricas integradas y Miracast\u00ae para compartir f\u00e1cilmente desde computadoras port\u00e1tiles y dispositivos inteligentes2. Como soluci\u00f3n de uso, el PowerLite L530U cuenta con una fuente de luz l\u00e1ser de 20.000 horas pr\u00e1cticamente libre de mantenimiento3, adem\u00e1s de herramientas integradas, desplazamiento de lente y software avanzado para una instalaci\u00f3n sencilla y optimizada.<\/p>\n<p>Calidad de imagen 3LCD de 3 chips<br \/>\nCompatibilidad con WUXGA Full HD<br \/>\nTecnolog\u00eda l\u00e1ser de vanguardia<\/p>\n<p>Calidad de imagen 3LCD de 3 chips: con hasta 5200 l\u00famenes de igual color y brillo blanco1 para colores vibrantes y ricos<\/p>\n<p>Compatibilidad con WUXGA Full HD: resoluci\u00f3n WUXGA nativa de 1920 x 1200 para im\u00e1genes reales; acepta se\u00f1al 4K<\/p>\n<p>Tecnolog\u00eda l\u00e1ser de vanguardia: cuenta con una fuente de luz l\u00e1ser de 20.000 horas pr\u00e1cticamente libre de mantenimiento2<\/p>\n<p>Proyecci\u00f3n flexible: dise\u00f1o liviano y f\u00e1cil de instalar; Puede mostrar im\u00e1genes de 50&#8243; a 500&#8243; en diagonal en 16:10 o 16:6 ultra ancho para cubrir una pared grande con im\u00e1genes hermosas y llamativas<\/p>\n<p>Ubicaci\u00f3n conveniente: instalaci\u00f3n f\u00e1cil y ubicaci\u00f3n flexible con desplazamiento de lente horizontal y vertical<\/p>\n<p>Red inal\u00e1mbrica integrada con seguridad de nivel empresarial; adem\u00e1s, puede conectarse con Miracast\u00ae, que admite conectividad inal\u00e1mbrica peer-to-peer sin software; compartir pantalla para colaboraci\u00f3n remota<\/p>\n<p>Instalaci\u00f3n simplificada: flexibilidad de 360 grados, zoom \u00f3ptico de 1,6x, e-zoom; herramientas de correcci\u00f3n geom\u00e9trica como distorsi\u00f3n trapezoidal horizontal y vertical, combinaci\u00f3n de bordes, correcci\u00f3n de arco, Quick Corner\u00ae y m\u00e1s<\/p>\n<p>Variedad de opciones de conectividad: HDBaseTTM, HDMI\u00ae, HDMI Out,VGA, RJ-45, RS-232 y herramientas de gesti\u00f3n de control<\/p>\n<p>Nitidez y detalle notables: con una relaci\u00f3n de contraste din\u00e1mico de hasta 2.500.000:1<\/p>\n<p>Que hay en la caja:<br \/>\nProyector PowerLite L530U<br \/>\nCable de alimentaci\u00f3n<br \/>\nCable de computadora (HDMI)<br \/>\nControl remoto del proyector con bater\u00edas<br \/>\nHoja de configuraci\u00f3n r\u00e1pida<br \/>\nCubierta del cable<\/p>\n","protected":false},"excerpt":{"rendered":"<p>Producto original.<\/p>\n","protected":false},"featured_media":5460,"comment_status":"open","ping_status":"closed","template":"","meta":{"site-sidebar-layout":"default","site-content-layout":"","ast-site-content-layout":"default","site-content-style":"default","site-sidebar-style":"default","ast-global-header-display":"","ast-banner-title-visibility":"","ast-main-header-display":"","ast-hfb-above-header-display":"","ast-hfb-below-header-display":"","ast-hfb-mobile-header-display":"","site-post-title":"","ast-breadcrumbs-content":"","ast-featured-img":"","footer-sml-layout":"","ast-disable-related-posts":"","theme-transparent-header-meta":"default","adv-header-id-meta":"","stick-header-meta":"default","header-above-stick-meta":"","header-main-stick-meta":"","header-below-stick-meta":"","astra-migrate-meta-layouts":"set","ast-page-background-enabled":"default","ast-page-background-meta":{"desktop":{"background-color":"var(--ast-global-color-4)","background-image":"","background-repeat":"repeat","background-position":"center center","background-size":"auto","background-attachment":"scroll","background-type":"","background-media":"","overlay-type":"","overlay-color":"","overlay-opacity":"","overlay-gradient":""},"tablet":{"background-color":"","background-image":"","background-repeat":"repeat","background-position":"center center","background-size":"auto","background-attachment":"scroll","background-type":"","background-media":"","overlay-type":"","overlay-color":"","overlay-opacity":"","overlay-gradient":""},"mobile":{"background-color":"","background-image":"","background-repeat":"repeat","background-position":"center center","background-size":"auto","background-attachment":"scroll","background-type":"","background-media":"","overlay-type":"","overlay-color":"","overlay-opacity":"","overlay-gradient":""}},"ast-content-background-meta":{"desktop":{"background-color":"var(--ast-global-color-5)","background-image":"","background-repeat":"repeat","background-position":"center center","background-size":"auto","background-attachment":"scroll","background-type":"","background-media":"","overlay-type":"","overlay-color":"","overlay-opacity":"","overlay-gradient":""},"tablet":{"background-color":"var(--ast-global-color-5)","background-image":"","background-repeat":"repeat","background-position":"center center","background-size":"auto","background-attachment":"scroll","background-type":"","background-media":"","overlay-type":"","overlay-color":"","overlay-opacity":"","overlay-gradient":""},"mobile":{"background-color":"var(--ast-global-color-5)","background-image":"","background-repeat":"repeat","background-position":"center center","background-size":"auto","background-attachment":"scroll","background-type":"","background-media":"","overlay-type":"","overlay-color":"","overlay-opacity":"","overlay-gradient":""}}},"product_brand":[968],"product_cat":[55,56],"product_tag":[853,854],"class_list":{"0":"post-5459","1":"product","2":"type-product","3":"status-publish","4":"has-post-thumbnail","6":"product_brand-epson","7":"product_cat-audio-y-video","8":"product_cat-proyectores","9":"product_tag-proyector-epson-powerlite-l530u","10":"product_tag-v11ha27020","11":"desktop-align-left","12":"tablet-align-left","13":"mobile-align-left","14":"ast-product-gallery-layout-horizontal-slider","15":"ast-magnify-disabled","16":"ast-product-tabs-layout-horizontal","17":"ast-qv-on-image","19":"first","20":"outofstock","21":"sale","22":"taxable","23":"shipping-taxable","24":"purchasable","25":"product-type-simple"},"yoast_head":"<!-- This site is optimized with the Yoast SEO plugin v27.5 - https:\/\/yoast.com\/product\/yoast-seo-wordpress\/ -->\n<title>Proyector Epson PowerLite L530U 5200 Lumenes Full HD WUXGA V11HA27020 - CLIE LIMITADA<\/title>\n<meta name=\"robots\" content=\"index, follow, max-snippet:-1, max-image-preview:large, max-video-preview:-1\" \/>\n<link rel=\"canonical\" href=\"https:\/\/www.clie.cl\/index.php\/producto\/proyector-epson-powerlite-l530u-5200-lumenes-full-hd-wuxga-v11ha27020\/\" \/>\n<meta property=\"og:locale\" content=\"es_ES\" \/>\n<meta property=\"og:type\" content=\"article\" \/>\n<meta property=\"og:title\" content=\"Proyector Epson PowerLite L530U 5200 Lumenes Full HD WUXGA V11HA27020 - CLIE LIMITADA\" \/>\n<meta property=\"og:description\" content=\"Producto original.\" \/>\n<meta property=\"og:url\" content=\"https:\/\/www.clie.cl\/index.php\/producto\/proyector-epson-powerlite-l530u-5200-lumenes-full-hd-wuxga-v11ha27020\/\" \/>\n<meta property=\"og:site_name\" content=\"CLIE LIMITADA\" \/>\n<meta property=\"article:modified_time\" content=\"2025-11-04T13:01:49+00:00\" \/>\n<meta property=\"og:image\" content=\"https:\/\/www.clie.cl\/wp-content\/uploads\/2024\/10\/L530U.jpg\" \/>\n\t<meta property=\"og:image:width\" content=\"2000\" \/>\n\t<meta property=\"og:image:height\" content=\"2000\" \/>\n\t<meta property=\"og:image:type\" content=\"image\/jpeg\" \/>\n<meta name=\"twitter:card\" content=\"summary_large_image\" \/>\n<meta name=\"twitter:label1\" content=\"Tiempo de lectura\" \/>\n\t<meta name=\"twitter:data1\" content=\"2 minutos\" \/>\n<script type=\"application\/ld+json\" class=\"yoast-schema-graph\">{\"@context\":\"https:\\\/\\\/schema.org\",\"@graph\":[{\"@type\":\"WebPage\",\"@id\":\"https:\\\/\\\/www.clie.cl\\\/index.php\\\/producto\\\/proyector-epson-powerlite-l530u-5200-lumenes-full-hd-wuxga-v11ha27020\\\/\",\"url\":\"https:\\\/\\\/www.clie.cl\\\/index.php\\\/producto\\\/proyector-epson-powerlite-l530u-5200-lumenes-full-hd-wuxga-v11ha27020\\\/\",\"name\":\"Proyector Epson PowerLite L530U 5200 Lumenes Full HD WUXGA V11HA27020 - CLIE LIMITADA\",\"isPartOf\":{\"@id\":\"https:\\\/\\\/www.clie.cl\\\/#website\"},\"primaryImageOfPage\":{\"@id\":\"https:\\\/\\\/www.clie.cl\\\/index.php\\\/producto\\\/proyector-epson-powerlite-l530u-5200-lumenes-full-hd-wuxga-v11ha27020\\\/#primaryimage\"},\"image\":{\"@id\":\"https:\\\/\\\/www.clie.cl\\\/index.php\\\/producto\\\/proyector-epson-powerlite-l530u-5200-lumenes-full-hd-wuxga-v11ha27020\\\/#primaryimage\"},\"thumbnailUrl\":\"https:\\\/\\\/www.clie.cl\\\/wp-content\\\/uploads\\\/2024\\\/10\\\/L530U.jpg\",\"datePublished\":\"2024-10-28T22:12:39+00:00\",\"dateModified\":\"2025-11-04T13:01:49+00:00\",\"breadcrumb\":{\"@id\":\"https:\\\/\\\/www.clie.cl\\\/index.php\\\/producto\\\/proyector-epson-powerlite-l530u-5200-lumenes-full-hd-wuxga-v11ha27020\\\/#breadcrumb\"},\"inLanguage\":\"es\",\"potentialAction\":[{\"@type\":\"ReadAction\",\"target\":[\"https:\\\/\\\/www.clie.cl\\\/index.php\\\/producto\\\/proyector-epson-powerlite-l530u-5200-lumenes-full-hd-wuxga-v11ha27020\\\/\"]}]},{\"@type\":\"ImageObject\",\"inLanguage\":\"es\",\"@id\":\"https:\\\/\\\/www.clie.cl\\\/index.php\\\/producto\\\/proyector-epson-powerlite-l530u-5200-lumenes-full-hd-wuxga-v11ha27020\\\/#primaryimage\",\"url\":\"https:\\\/\\\/www.clie.cl\\\/wp-content\\\/uploads\\\/2024\\\/10\\\/L530U.jpg\",\"contentUrl\":\"https:\\\/\\\/www.clie.cl\\\/wp-content\\\/uploads\\\/2024\\\/10\\\/L530U.jpg\",\"width\":2000,\"height\":2000,\"caption\":\"L530U\"},{\"@type\":\"BreadcrumbList\",\"@id\":\"https:\\\/\\\/www.clie.cl\\\/index.php\\\/producto\\\/proyector-epson-powerlite-l530u-5200-lumenes-full-hd-wuxga-v11ha27020\\\/#breadcrumb\",\"itemListElement\":[{\"@type\":\"ListItem\",\"position\":1,\"name\":\"Portada\",\"item\":\"https:\\\/\\\/www.clie.cl\\\/\"},{\"@type\":\"ListItem\",\"position\":2,\"name\":\"Productos\",\"item\":\"https:\\\/\\\/www.clie.cl\\\/index.php\\\/shop\\\/\"},{\"@type\":\"ListItem\",\"position\":3,\"name\":\"Proyector Epson PowerLite L530U 5200 Lumenes Full HD WUXGA V11HA27020\"}]},{\"@type\":\"WebSite\",\"@id\":\"https:\\\/\\\/www.clie.cl\\\/#website\",\"url\":\"https:\\\/\\\/www.clie.cl\\\/\",\"name\":\"CLIE.cl\",\"description\":\"Clie Limitada\",\"publisher\":{\"@id\":\"https:\\\/\\\/www.clie.cl\\\/#organization\"},\"alternateName\":\"CLIE\",\"potentialAction\":[{\"@type\":\"SearchAction\",\"target\":{\"@type\":\"EntryPoint\",\"urlTemplate\":\"https:\\\/\\\/www.clie.cl\\\/?s={search_term_string}\"},\"query-input\":{\"@type\":\"PropertyValueSpecification\",\"valueRequired\":true,\"valueName\":\"search_term_string\"}}],\"inLanguage\":\"es\"},{\"@type\":\"Organization\",\"@id\":\"https:\\\/\\\/www.clie.cl\\\/#organization\",\"name\":\"CLIE LIMITADA\",\"url\":\"https:\\\/\\\/www.clie.cl\\\/\",\"logo\":{\"@type\":\"ImageObject\",\"inLanguage\":\"es\",\"@id\":\"https:\\\/\\\/www.clie.cl\\\/#\\\/schema\\\/logo\\\/image\\\/\",\"url\":\"https:\\\/\\\/www.clie.cl\\\/wp-content\\\/uploads\\\/2023\\\/10\\\/logo_clie_front_web_2023.png\",\"contentUrl\":\"https:\\\/\\\/www.clie.cl\\\/wp-content\\\/uploads\\\/2023\\\/10\\\/logo_clie_front_web_2023.png\",\"width\":139,\"height\":118,\"caption\":\"CLIE LIMITADA\"},\"image\":{\"@id\":\"https:\\\/\\\/www.clie.cl\\\/#\\\/schema\\\/logo\\\/image\\\/\"}}]}<\/script>\n<!-- \/ Yoast SEO plugin. -->","yoast_head_json":{"title":"Proyector Epson PowerLite L530U 5200 Lumenes Full HD WUXGA V11HA27020 - CLIE LIMITADA","robots":{"index":"index","follow":"follow","max-snippet":"max-snippet:-1","max-image-preview":"max-image-preview:large","max-video-preview":"max-video-preview:-1"},"canonical":"https:\/\/www.clie.cl\/index.php\/producto\/proyector-epson-powerlite-l530u-5200-lumenes-full-hd-wuxga-v11ha27020\/","og_locale":"es_ES","og_type":"article","og_title":"Proyector Epson PowerLite L530U 5200 Lumenes Full HD WUXGA V11HA27020 - CLIE LIMITADA","og_description":"Producto original.","og_url":"https:\/\/www.clie.cl\/index.php\/producto\/proyector-epson-powerlite-l530u-5200-lumenes-full-hd-wuxga-v11ha27020\/","og_site_name":"CLIE LIMITADA","article_modified_time":"2025-11-04T13:01:49+00:00","og_image":[{"width":2000,"height":2000,"url":"https:\/\/www.clie.cl\/wp-content\/uploads\/2024\/10\/L530U.jpg","type":"image\/jpeg"}],"twitter_card":"summary_large_image","twitter_misc":{"Tiempo de lectura":"2 minutos"},"schema":{"@context":"https:\/\/schema.org","@graph":[{"@type":"WebPage","@id":"https:\/\/www.clie.cl\/index.php\/producto\/proyector-epson-powerlite-l530u-5200-lumenes-full-hd-wuxga-v11ha27020\/","url":"https:\/\/www.clie.cl\/index.php\/producto\/proyector-epson-powerlite-l530u-5200-lumenes-full-hd-wuxga-v11ha27020\/","name":"Proyector Epson PowerLite L530U 5200 Lumenes Full HD WUXGA V11HA27020 - CLIE LIMITADA","isPartOf":{"@id":"https:\/\/www.clie.cl\/#website"},"primaryImageOfPage":{"@id":"https:\/\/www.clie.cl\/index.php\/producto\/proyector-epson-powerlite-l530u-5200-lumenes-full-hd-wuxga-v11ha27020\/#primaryimage"},"image":{"@id":"https:\/\/www.clie.cl\/index.php\/producto\/proyector-epson-powerlite-l530u-5200-lumenes-full-hd-wuxga-v11ha27020\/#primaryimage"},"thumbnailUrl":"https:\/\/www.clie.cl\/wp-content\/uploads\/2024\/10\/L530U.jpg","datePublished":"2024-10-28T22:12:39+00:00","dateModified":"2025-11-04T13:01:49+00:00","breadcrumb":{"@id":"https:\/\/www.clie.cl\/index.php\/producto\/proyector-epson-powerlite-l530u-5200-lumenes-full-hd-wuxga-v11ha27020\/#breadcrumb"},"inLanguage":"es","potentialAction":[{"@type":"ReadAction","target":["https:\/\/www.clie.cl\/index.php\/producto\/proyector-epson-powerlite-l530u-5200-lumenes-full-hd-wuxga-v11ha27020\/"]}]},{"@type":"ImageObject","inLanguage":"es","@id":"https:\/\/www.clie.cl\/index.php\/producto\/proyector-epson-powerlite-l530u-5200-lumenes-full-hd-wuxga-v11ha27020\/#primaryimage","url":"https:\/\/www.clie.cl\/wp-content\/uploads\/2024\/10\/L530U.jpg","contentUrl":"https:\/\/www.clie.cl\/wp-content\/uploads\/2024\/10\/L530U.jpg","width":2000,"height":2000,"caption":"L530U"},{"@type":"BreadcrumbList","@id":"https:\/\/www.clie.cl\/index.php\/producto\/proyector-epson-powerlite-l530u-5200-lumenes-full-hd-wuxga-v11ha27020\/#breadcrumb","itemListElement":[{"@type":"ListItem","position":1,"name":"Portada","item":"https:\/\/www.clie.cl\/"},{"@type":"ListItem","position":2,"name":"Productos","item":"https:\/\/www.clie.cl\/index.php\/shop\/"},{"@type":"ListItem","position":3,"name":"Proyector Epson PowerLite L530U 5200 Lumenes Full HD WUXGA V11HA27020"}]},{"@type":"WebSite","@id":"https:\/\/www.clie.cl\/#website","url":"https:\/\/www.clie.cl\/","name":"CLIE.cl","description":"Clie Limitada","publisher":{"@id":"https:\/\/www.clie.cl\/#organization"},"alternateName":"CLIE","potentialAction":[{"@type":"SearchAction","target":{"@type":"EntryPoint","urlTemplate":"https:\/\/www.clie.cl\/?s={search_term_string}"},"query-input":{"@type":"PropertyValueSpecification","valueRequired":true,"valueName":"search_term_string"}}],"inLanguage":"es"},{"@type":"Organization","@id":"https:\/\/www.clie.cl\/#organization","name":"CLIE LIMITADA","url":"https:\/\/www.clie.cl\/","logo":{"@type":"ImageObject","inLanguage":"es","@id":"https:\/\/www.clie.cl\/#\/schema\/logo\/image\/","url":"https:\/\/www.clie.cl\/wp-content\/uploads\/2023\/10\/logo_clie_front_web_2023.png","contentUrl":"https:\/\/www.clie.cl\/wp-content\/uploads\/2023\/10\/logo_clie_front_web_2023.png","width":139,"height":118,"caption":"CLIE LIMITADA"},"image":{"@id":"https:\/\/www.clie.cl\/#\/schema\/logo\/image\/"}}]}},"_links":{"self":[{"href":"https:\/\/www.clie.cl\/index.php\/wp-json\/wp\/v2\/product\/5459","targetHints":{"allow":["GET"]}}],"collection":[{"href":"https:\/\/www.clie.cl\/index.php\/wp-json\/wp\/v2\/product"}],"about":[{"href":"https:\/\/www.clie.cl\/index.php\/wp-json\/wp\/v2\/types\/product"}],"replies":[{"embeddable":true,"href":"https:\/\/www.clie.cl\/index.php\/wp-json\/wp\/v2\/comments?post=5459"}],"wp:featuredmedia":[{"embeddable":true,"href":"https:\/\/www.clie.cl\/index.php\/wp-json\/wp\/v2\/media\/5460"}],"wp:attachment":[{"href":"https:\/\/www.clie.cl\/index.php\/wp-json\/wp\/v2\/media?parent=5459"}],"wp:term":[{"taxonomy":"product_brand","embeddable":true,"href":"https:\/\/www.clie.cl\/index.php\/wp-json\/wp\/v2\/product_brand?post=5459"},{"taxonomy":"product_cat","embeddable":true,"href":"https:\/\/www.clie.cl\/index.php\/wp-json\/wp\/v2\/product_cat?post=5459"},{"taxonomy":"product_tag","embeddable":true,"href":"https:\/\/www.clie.cl\/index.php\/wp-json\/wp\/v2\/product_tag?post=5459"}],"curies":[{"name":"wp","href":"https:\/\/api.w.org\/{rel}","templated":true}]}}