{"id":5443,"date":"2024-10-24T08:52:40","date_gmt":"2024-10-24T12:52:40","guid":{"rendered":"https:\/\/www.clie.cl\/?post_type=product&#038;p=5443"},"modified":"2026-03-17T12:06:04","modified_gmt":"2026-03-17T16:06:04","slug":"plotter-epson-surecolor-t5475m-36-pulgadas-con-scanner","status":"publish","type":"product","link":"https:\/\/www.clie.cl\/index.php\/producto\/plotter-epson-surecolor-t5475m-36-pulgadas-con-scanner\/","title":{"rendered":"Plotter Epson Surecolor T5475M + 36 pulgadas con Scanner"},"content":{"rendered":"<p>Plotter Epson SureColor T5475 de 36 pulgadas C11CJ56201<br \/>\nSCT5475SR<\/p>\n<p><a href=\"http:\/\/clie.cl\/wp-content\/uploads\/2024\/10\/T5475.pdf\" target=\"_blank\" rel=\"noopener\"><img decoding=\"async\" class=\"alignnone size-full wp-image-4943\" src=\"http:\/\/clie.cl\/wp-content\/uploads\/2023\/11\/bajar_PDF.png\" alt=\"\" width=\"202\" height=\"78\" srcset=\"https:\/\/www.clie.cl\/wp-content\/uploads\/2023\/11\/bajar_PDF.png 202w, https:\/\/www.clie.cl\/wp-content\/uploads\/2023\/11\/bajar_PDF-64x25.png 64w, https:\/\/www.clie.cl\/wp-content\/uploads\/2023\/11\/bajar_PDF-200x78.png 200w, https:\/\/www.clie.cl\/wp-content\/uploads\/2023\/11\/bajar_PDF-80x31.png 80w\" sizes=\"(max-width: 202px) 100vw, 202px\" \/><\/a><\/p>\n<p>Aspectos Destacados<br \/>\nReemplace la tinta con menos frecuencia<br \/>\nPotente impresi\u00f3n para grupos de trabajo<br \/>\nExcelente calidad de imagen<\/p>\n<p>Productiva impresora de inyecci\u00f3n de tinta para grupos de trabajo<br \/>\nRevoluciona la productividad del grupo de trabajo con la impresora inal\u00e1mbrica de formato ancho SureColor T5475 de 36&#8243;, que ofrece una impresi\u00f3n potente y precisa dentro de un dise\u00f1o compacto y robusto. Ideal para la impresi\u00f3n de alta producci\u00f3n de planos, dibujos lineales y carteles de hasta 36&#8243;. Ofrece impresos de precisi\u00f3n en tama\u00f1o A1\/D en tan solo 22 segundos1. Con una pantalla t\u00e1ctil a color de 4.3&#8243;, esta impresora f\u00e1cil de usar tambi\u00e9n ofrece seguridad de red avanzada y encriptaci\u00f3n dise\u00f1ada para salvaguardar la informaci\u00f3n confidencial. Sus tintas de pigmento UltraChrome\u00ae XD2 de alta capacidad aseguran impresiones duraderas y vibrantes. Adem\u00e1s, el innovador cabezal de impresi\u00f3n PrecisionCore\u00ae MicroTFP de Epson logra una claridad sobresaliente y confiabilidad de grado comercial.<\/p>\n<p>Imprimir:<br \/>\nTecnolog\u00eda de Impresi\u00f3n:<br \/>\nCabezal de impresi\u00f3n PrecisionCore MicroTFP de 4 canales, drop-on-demand<br \/>\nResoluci\u00f3n M\u00e1xima de Impresi\u00f3n:<br \/>\n2400 x 1200 dpi<br \/>\nVelocidad de Impresi\u00f3n:<br \/>\nImpresi\u00f3n de tama\u00f1o A1\/D: 22 seconds1<br \/>\nTama\u00f1o M\u00ednimo de la Gota de Tinta:<br \/>\n4 picolitros; La tecnolog\u00eda de gotas variables puede producir hasta tres tama\u00f1os diferentes por l\u00ednea<br \/>\nConfiguraci\u00f3n del Cabezal:<br \/>\nCabezas de color y monocromas; 800 boquillas x 4 canales<\/p>\n<p>General:<br \/>\nSistemas de Operaci\u00f3n:<br \/>\nmacOS\u00ae 10.13.x, Mac\u00ae OS X\u00ae 10.12.x, 10.11.x, 10.10.x, 10.9.x, 10.8.x and 10.7.x Windows\u00ae 10, 8.1, 7 (32-bit, 64-bit), Windows Vista\u00ae y Windows XP7<br \/>\nTemperatura:<br \/>\nEn funcionamiento: 50 \u02da a 95 \u02daF (10 \u02da a 35 \u02daC)<br \/>\nEn funcionamiento (Recomendado): 65 \u02da a 75 \u02daF (18 \u02da a 24 \u02daC)<br \/>\nAlmacenada: -4 \u02da a 104 \u02daF (-20 \u02da a 40 \u02daC)<br \/>\nHumedad:<br \/>\nEn funcionamiento: 20\u201380% (sin condensaci\u00f3n)<br \/>\nEn funcionamiento (Recomendada): 45\u201360% (sin condensaci\u00f3n)<br \/>\nAlmacenada: 5\u201385% (sin condensaci\u00f3n)<br \/>\nNivel de Sonido:<br \/>\nEn funcionamiento: Aprox 50 dB(A)<br \/>\nSuspendida: Aprox 32 dB(A)<br \/>\nDimensiones:<br \/>\nCon soporte: 55&#8243; x 28&#8243; x 42&#8243; (1385 x 696 x 1060 mm)<br \/>\nPeso:<br \/>\nCon soporte: 168 lb (76 kg)<br \/>\nFunciones ECO:<br \/>\nENERGY STAR\u00ae<br \/>\nRoHS<br \/>\nNormas de Seguridad:<br \/>\nUL (MET), FCC (Clase A), CSA, CE, EMC<br \/>\nPa\u00eds de Origen:<br \/>\nIndonesia<br \/>\nGarant\u00eda:<br \/>\n1 a\u00f1o de garant\u00eda limitada<\/p>\n<p>Tinta:<br \/>\nTipo de Tinta:<br \/>\nTinta de pigmento UltraChrome XD2; 4 colores (C, M, Y, K)<\/p>\n<p>Tinta de Reemplazo:<\/p>\n<p>Cartucho de tinta (110 ml)<br \/>\nCian T41W220<br \/>\nMagenta T41W320<br \/>\nAmarillo T41W420<br \/>\nNegro T41W520<\/p>\n<p>Cartucho de tinta (350 ml)<br \/>\nCian T41P220<br \/>\nMagenta T41P320<br \/>\nAmarillo T41P420<br \/>\nNegro T41P520<\/p>\n<p>Cartucho de tinta (700 ml)<br \/>\nCian T41N220<br \/>\nMagenta T41N320<br \/>\nAmarillo T41N420<br \/>\nNegro T41N520<\/p>\n<p>Que hay en la caja:<br \/>\nImpresora SureColor T5475<br \/>\nJuego de tintas inicial de full capacidad (CMYK 110 mL)<br \/>\nGu\u00eda de inicio<br \/>\nGu\u00eda de usuario<br \/>\nCable de poder<br \/>\nNota: Los sustratos no est\u00e1n incluidos con la impresora<\/p>\n","protected":false},"excerpt":{"rendered":"<p>Producto original.<\/p>\n","protected":false},"featured_media":5428,"comment_status":"open","ping_status":"closed","template":"","meta":{"site-sidebar-layout":"default","site-content-layout":"","ast-site-content-layout":"default","site-content-style":"default","site-sidebar-style":"default","ast-global-header-display":"","ast-banner-title-visibility":"","ast-main-header-display":"","ast-hfb-above-header-display":"","ast-hfb-below-header-display":"","ast-hfb-mobile-header-display":"","site-post-title":"","ast-breadcrumbs-content":"","ast-featured-img":"","footer-sml-layout":"","ast-disable-related-posts":"","theme-transparent-header-meta":"default","adv-header-id-meta":"","stick-header-meta":"default","header-above-stick-meta":"","header-main-stick-meta":"","header-below-stick-meta":"","astra-migrate-meta-layouts":"set","ast-page-background-enabled":"default","ast-page-background-meta":{"desktop":{"background-color":"var(--ast-global-color-4)","background-image":"","background-repeat":"repeat","background-position":"center center","background-size":"auto","background-attachment":"scroll","background-type":"","background-media":"","overlay-type":"","overlay-color":"","overlay-opacity":"","overlay-gradient":""},"tablet":{"background-color":"","background-image":"","background-repeat":"repeat","background-position":"center center","background-size":"auto","background-attachment":"scroll","background-type":"","background-media":"","overlay-type":"","overlay-color":"","overlay-opacity":"","overlay-gradient":""},"mobile":{"background-color":"","background-image":"","background-repeat":"repeat","background-position":"center center","background-size":"auto","background-attachment":"scroll","background-type":"","background-media":"","overlay-type":"","overlay-color":"","overlay-opacity":"","overlay-gradient":""}},"ast-content-background-meta":{"desktop":{"background-color":"var(--ast-global-color-5)","background-image":"","background-repeat":"repeat","background-position":"center center","background-size":"auto","background-attachment":"scroll","background-type":"","background-media":"","overlay-type":"","overlay-color":"","overlay-opacity":"","overlay-gradient":""},"tablet":{"background-color":"var(--ast-global-color-5)","background-image":"","background-repeat":"repeat","background-position":"center center","background-size":"auto","background-attachment":"scroll","background-type":"","background-media":"","overlay-type":"","overlay-color":"","overlay-opacity":"","overlay-gradient":""},"mobile":{"background-color":"var(--ast-global-color-5)","background-image":"","background-repeat":"repeat","background-position":"center center","background-size":"auto","background-attachment":"scroll","background-type":"","background-media":"","overlay-type":"","overlay-color":"","overlay-opacity":"","overlay-gradient":""}}},"product_brand":[968],"product_cat":[21,41],"product_tag":[506,849],"class_list":{"0":"post-5443","1":"product","2":"type-product","3":"status-publish","4":"has-post-thumbnail","6":"product_brand-epson","7":"product_cat-impresoras","8":"product_cat-plotter","9":"product_tag-surecolor","10":"product_tag-t5475m","11":"desktop-align-left","12":"tablet-align-left","13":"mobile-align-left","14":"ast-product-gallery-layout-horizontal-slider","15":"ast-magnify-disabled","16":"ast-product-tabs-layout-horizontal","17":"ast-qv-on-image","19":"first","20":"outofstock","21":"sale","22":"taxable","23":"shipping-taxable","24":"purchasable","25":"product-type-simple"},"yoast_head":"<!-- This site is optimized with the Yoast SEO plugin v27.5 - https:\/\/yoast.com\/product\/yoast-seo-wordpress\/ -->\n<title>Plotter Epson Surecolor T5475M + 36 pulgadas con Scanner - CLIE LIMITADA<\/title>\n<meta name=\"robots\" content=\"index, follow, max-snippet:-1, max-image-preview:large, max-video-preview:-1\" \/>\n<link rel=\"canonical\" href=\"https:\/\/www.clie.cl\/index.php\/producto\/plotter-epson-surecolor-t5475m-36-pulgadas-con-scanner\/\" \/>\n<meta property=\"og:locale\" content=\"es_ES\" \/>\n<meta property=\"og:type\" content=\"article\" \/>\n<meta property=\"og:title\" content=\"Plotter Epson Surecolor T5475M + 36 pulgadas con Scanner - CLIE LIMITADA\" \/>\n<meta property=\"og:description\" content=\"Producto original.\" \/>\n<meta property=\"og:url\" content=\"https:\/\/www.clie.cl\/index.php\/producto\/plotter-epson-surecolor-t5475m-36-pulgadas-con-scanner\/\" \/>\n<meta property=\"og:site_name\" content=\"CLIE LIMITADA\" \/>\n<meta property=\"article:modified_time\" content=\"2026-03-17T16:06:04+00:00\" \/>\n<meta property=\"og:image\" content=\"https:\/\/www.clie.cl\/wp-content\/uploads\/2024\/10\/T5475.jpg\" \/>\n\t<meta property=\"og:image:width\" content=\"2000\" \/>\n\t<meta property=\"og:image:height\" content=\"2000\" \/>\n\t<meta property=\"og:image:type\" content=\"image\/jpeg\" \/>\n<meta name=\"twitter:card\" content=\"summary_large_image\" \/>\n<meta name=\"twitter:label1\" content=\"Tiempo de lectura\" \/>\n\t<meta name=\"twitter:data1\" content=\"3 minutos\" \/>\n<script type=\"application\/ld+json\" class=\"yoast-schema-graph\">{\"@context\":\"https:\\\/\\\/schema.org\",\"@graph\":[{\"@type\":\"WebPage\",\"@id\":\"https:\\\/\\\/www.clie.cl\\\/index.php\\\/producto\\\/plotter-epson-surecolor-t5475m-36-pulgadas-con-scanner\\\/\",\"url\":\"https:\\\/\\\/www.clie.cl\\\/index.php\\\/producto\\\/plotter-epson-surecolor-t5475m-36-pulgadas-con-scanner\\\/\",\"name\":\"Plotter Epson Surecolor T5475M + 36 pulgadas con Scanner - CLIE LIMITADA\",\"isPartOf\":{\"@id\":\"https:\\\/\\\/www.clie.cl\\\/#website\"},\"primaryImageOfPage\":{\"@id\":\"https:\\\/\\\/www.clie.cl\\\/index.php\\\/producto\\\/plotter-epson-surecolor-t5475m-36-pulgadas-con-scanner\\\/#primaryimage\"},\"image\":{\"@id\":\"https:\\\/\\\/www.clie.cl\\\/index.php\\\/producto\\\/plotter-epson-surecolor-t5475m-36-pulgadas-con-scanner\\\/#primaryimage\"},\"thumbnailUrl\":\"https:\\\/\\\/www.clie.cl\\\/wp-content\\\/uploads\\\/2024\\\/10\\\/T5475.jpg\",\"datePublished\":\"2024-10-24T12:52:40+00:00\",\"dateModified\":\"2026-03-17T16:06:04+00:00\",\"breadcrumb\":{\"@id\":\"https:\\\/\\\/www.clie.cl\\\/index.php\\\/producto\\\/plotter-epson-surecolor-t5475m-36-pulgadas-con-scanner\\\/#breadcrumb\"},\"inLanguage\":\"es\",\"potentialAction\":[{\"@type\":\"ReadAction\",\"target\":[\"https:\\\/\\\/www.clie.cl\\\/index.php\\\/producto\\\/plotter-epson-surecolor-t5475m-36-pulgadas-con-scanner\\\/\"]}]},{\"@type\":\"ImageObject\",\"inLanguage\":\"es\",\"@id\":\"https:\\\/\\\/www.clie.cl\\\/index.php\\\/producto\\\/plotter-epson-surecolor-t5475m-36-pulgadas-con-scanner\\\/#primaryimage\",\"url\":\"https:\\\/\\\/www.clie.cl\\\/wp-content\\\/uploads\\\/2024\\\/10\\\/T5475.jpg\",\"contentUrl\":\"https:\\\/\\\/www.clie.cl\\\/wp-content\\\/uploads\\\/2024\\\/10\\\/T5475.jpg\",\"width\":2000,\"height\":2000,\"caption\":\"Plotter Epson T5475\"},{\"@type\":\"BreadcrumbList\",\"@id\":\"https:\\\/\\\/www.clie.cl\\\/index.php\\\/producto\\\/plotter-epson-surecolor-t5475m-36-pulgadas-con-scanner\\\/#breadcrumb\",\"itemListElement\":[{\"@type\":\"ListItem\",\"position\":1,\"name\":\"Portada\",\"item\":\"https:\\\/\\\/www.clie.cl\\\/\"},{\"@type\":\"ListItem\",\"position\":2,\"name\":\"Productos\",\"item\":\"https:\\\/\\\/www.clie.cl\\\/index.php\\\/shop\\\/\"},{\"@type\":\"ListItem\",\"position\":3,\"name\":\"Plotter Epson Surecolor T5475M + 36 pulgadas con Scanner\"}]},{\"@type\":\"WebSite\",\"@id\":\"https:\\\/\\\/www.clie.cl\\\/#website\",\"url\":\"https:\\\/\\\/www.clie.cl\\\/\",\"name\":\"CLIE.cl\",\"description\":\"Clie Limitada\",\"publisher\":{\"@id\":\"https:\\\/\\\/www.clie.cl\\\/#organization\"},\"alternateName\":\"CLIE\",\"potentialAction\":[{\"@type\":\"SearchAction\",\"target\":{\"@type\":\"EntryPoint\",\"urlTemplate\":\"https:\\\/\\\/www.clie.cl\\\/?s={search_term_string}\"},\"query-input\":{\"@type\":\"PropertyValueSpecification\",\"valueRequired\":true,\"valueName\":\"search_term_string\"}}],\"inLanguage\":\"es\"},{\"@type\":\"Organization\",\"@id\":\"https:\\\/\\\/www.clie.cl\\\/#organization\",\"name\":\"CLIE LIMITADA\",\"url\":\"https:\\\/\\\/www.clie.cl\\\/\",\"logo\":{\"@type\":\"ImageObject\",\"inLanguage\":\"es\",\"@id\":\"https:\\\/\\\/www.clie.cl\\\/#\\\/schema\\\/logo\\\/image\\\/\",\"url\":\"https:\\\/\\\/www.clie.cl\\\/wp-content\\\/uploads\\\/2023\\\/10\\\/logo_clie_front_web_2023.png\",\"contentUrl\":\"https:\\\/\\\/www.clie.cl\\\/wp-content\\\/uploads\\\/2023\\\/10\\\/logo_clie_front_web_2023.png\",\"width\":139,\"height\":118,\"caption\":\"CLIE LIMITADA\"},\"image\":{\"@id\":\"https:\\\/\\\/www.clie.cl\\\/#\\\/schema\\\/logo\\\/image\\\/\"}}]}<\/script>\n<!-- \/ Yoast SEO plugin. -->","yoast_head_json":{"title":"Plotter Epson Surecolor T5475M + 36 pulgadas con Scanner - CLIE LIMITADA","robots":{"index":"index","follow":"follow","max-snippet":"max-snippet:-1","max-image-preview":"max-image-preview:large","max-video-preview":"max-video-preview:-1"},"canonical":"https:\/\/www.clie.cl\/index.php\/producto\/plotter-epson-surecolor-t5475m-36-pulgadas-con-scanner\/","og_locale":"es_ES","og_type":"article","og_title":"Plotter Epson Surecolor T5475M + 36 pulgadas con Scanner - CLIE LIMITADA","og_description":"Producto original.","og_url":"https:\/\/www.clie.cl\/index.php\/producto\/plotter-epson-surecolor-t5475m-36-pulgadas-con-scanner\/","og_site_name":"CLIE LIMITADA","article_modified_time":"2026-03-17T16:06:04+00:00","og_image":[{"width":2000,"height":2000,"url":"https:\/\/www.clie.cl\/wp-content\/uploads\/2024\/10\/T5475.jpg","type":"image\/jpeg"}],"twitter_card":"summary_large_image","twitter_misc":{"Tiempo de lectura":"3 minutos"},"schema":{"@context":"https:\/\/schema.org","@graph":[{"@type":"WebPage","@id":"https:\/\/www.clie.cl\/index.php\/producto\/plotter-epson-surecolor-t5475m-36-pulgadas-con-scanner\/","url":"https:\/\/www.clie.cl\/index.php\/producto\/plotter-epson-surecolor-t5475m-36-pulgadas-con-scanner\/","name":"Plotter Epson Surecolor T5475M + 36 pulgadas con Scanner - CLIE LIMITADA","isPartOf":{"@id":"https:\/\/www.clie.cl\/#website"},"primaryImageOfPage":{"@id":"https:\/\/www.clie.cl\/index.php\/producto\/plotter-epson-surecolor-t5475m-36-pulgadas-con-scanner\/#primaryimage"},"image":{"@id":"https:\/\/www.clie.cl\/index.php\/producto\/plotter-epson-surecolor-t5475m-36-pulgadas-con-scanner\/#primaryimage"},"thumbnailUrl":"https:\/\/www.clie.cl\/wp-content\/uploads\/2024\/10\/T5475.jpg","datePublished":"2024-10-24T12:52:40+00:00","dateModified":"2026-03-17T16:06:04+00:00","breadcrumb":{"@id":"https:\/\/www.clie.cl\/index.php\/producto\/plotter-epson-surecolor-t5475m-36-pulgadas-con-scanner\/#breadcrumb"},"inLanguage":"es","potentialAction":[{"@type":"ReadAction","target":["https:\/\/www.clie.cl\/index.php\/producto\/plotter-epson-surecolor-t5475m-36-pulgadas-con-scanner\/"]}]},{"@type":"ImageObject","inLanguage":"es","@id":"https:\/\/www.clie.cl\/index.php\/producto\/plotter-epson-surecolor-t5475m-36-pulgadas-con-scanner\/#primaryimage","url":"https:\/\/www.clie.cl\/wp-content\/uploads\/2024\/10\/T5475.jpg","contentUrl":"https:\/\/www.clie.cl\/wp-content\/uploads\/2024\/10\/T5475.jpg","width":2000,"height":2000,"caption":"Plotter Epson T5475"},{"@type":"BreadcrumbList","@id":"https:\/\/www.clie.cl\/index.php\/producto\/plotter-epson-surecolor-t5475m-36-pulgadas-con-scanner\/#breadcrumb","itemListElement":[{"@type":"ListItem","position":1,"name":"Portada","item":"https:\/\/www.clie.cl\/"},{"@type":"ListItem","position":2,"name":"Productos","item":"https:\/\/www.clie.cl\/index.php\/shop\/"},{"@type":"ListItem","position":3,"name":"Plotter Epson Surecolor T5475M + 36 pulgadas con Scanner"}]},{"@type":"WebSite","@id":"https:\/\/www.clie.cl\/#website","url":"https:\/\/www.clie.cl\/","name":"CLIE.cl","description":"Clie Limitada","publisher":{"@id":"https:\/\/www.clie.cl\/#organization"},"alternateName":"CLIE","potentialAction":[{"@type":"SearchAction","target":{"@type":"EntryPoint","urlTemplate":"https:\/\/www.clie.cl\/?s={search_term_string}"},"query-input":{"@type":"PropertyValueSpecification","valueRequired":true,"valueName":"search_term_string"}}],"inLanguage":"es"},{"@type":"Organization","@id":"https:\/\/www.clie.cl\/#organization","name":"CLIE LIMITADA","url":"https:\/\/www.clie.cl\/","logo":{"@type":"ImageObject","inLanguage":"es","@id":"https:\/\/www.clie.cl\/#\/schema\/logo\/image\/","url":"https:\/\/www.clie.cl\/wp-content\/uploads\/2023\/10\/logo_clie_front_web_2023.png","contentUrl":"https:\/\/www.clie.cl\/wp-content\/uploads\/2023\/10\/logo_clie_front_web_2023.png","width":139,"height":118,"caption":"CLIE LIMITADA"},"image":{"@id":"https:\/\/www.clie.cl\/#\/schema\/logo\/image\/"}}]}},"_links":{"self":[{"href":"https:\/\/www.clie.cl\/index.php\/wp-json\/wp\/v2\/product\/5443","targetHints":{"allow":["GET"]}}],"collection":[{"href":"https:\/\/www.clie.cl\/index.php\/wp-json\/wp\/v2\/product"}],"about":[{"href":"https:\/\/www.clie.cl\/index.php\/wp-json\/wp\/v2\/types\/product"}],"replies":[{"embeddable":true,"href":"https:\/\/www.clie.cl\/index.php\/wp-json\/wp\/v2\/comments?post=5443"}],"wp:featuredmedia":[{"embeddable":true,"href":"https:\/\/www.clie.cl\/index.php\/wp-json\/wp\/v2\/media\/5428"}],"wp:attachment":[{"href":"https:\/\/www.clie.cl\/index.php\/wp-json\/wp\/v2\/media?parent=5443"}],"wp:term":[{"taxonomy":"product_brand","embeddable":true,"href":"https:\/\/www.clie.cl\/index.php\/wp-json\/wp\/v2\/product_brand?post=5443"},{"taxonomy":"product_cat","embeddable":true,"href":"https:\/\/www.clie.cl\/index.php\/wp-json\/wp\/v2\/product_cat?post=5443"},{"taxonomy":"product_tag","embeddable":true,"href":"https:\/\/www.clie.cl\/index.php\/wp-json\/wp\/v2\/product_tag?post=5443"}],"curies":[{"name":"wp","href":"https:\/\/api.w.org\/{rel}","templated":true}]}}