{"id":531,"date":"2023-11-07T12:50:12","date_gmt":"2023-11-07T12:50:12","guid":{"rendered":"https:\/\/clie.cl\/?post_type=product&#038;p=531"},"modified":"2026-04-22T11:09:12","modified_gmt":"2026-04-22T15:09:12","slug":"plotter-hp-designjet-t250-24-pulgadas-5hb06a","status":"publish","type":"product","link":"https:\/\/www.clie.cl\/index.php\/producto\/plotter-hp-designjet-t250-24-pulgadas-5hb06a\/","title":{"rendered":"Plotter HP Designjet T250 24 pulgadas 5HB06A"},"content":{"rendered":"<p>Nuevo plotter econ\u00f3mico, compacto y sencillo de utilizar con una alimentaci\u00f3n de papel flexible que permite imprimir en distintos formatos sin tener que realizar cambios en el origen del soporte de forma manual.<\/p>\n<p>NO INCLUYE BANDEJA DE ALIMENTACI\u00d3N<\/p>\n<p>Especificaciones t\u00e9cnicas<br \/>\nTecnolog\u00eda<br \/>\nTecnolog\u00eda de impresi\u00f3n Inyecci\u00f3n t\u00e9rmica de tinta HP<br \/>\nFunciones Imprimir<br \/>\nTipo de impresi\u00f3n Basada en colorantes (C, M, A) y en pigmentos (N)<br \/>\nTipo de soportes admitidos Papel bond y recubierto (bond, recubierto, recubierto de gramaje extra, reciclado, normal, blanco brillante, plano), papel t\u00e9cnico (calco natural), pel\u00edcula (transparente, mate), papel fotogr\u00e1fico (satinado, brillante, semibrillante, polipropileno), autoadhesivo (adhesivo, polipropileno)<br \/>\nDi\u00e1metro externo del rollo 100 mm<br \/>\nManejo de impresiones terminadas Alimentaci\u00f3n por hojas, alimentaci\u00f3n por rollo, cortador horizontal autom\u00e1tico<br \/>\nConectividad<br \/>\nConexiones Gigabit Ethernet (1000Base-T), USB 2.0 de alta velocidad, Wi-Fi 802.11a\/b\/g\/n, Wi-Fi Direct<br \/>\nConsumo de energ\u00eda &lt;35 W (imprimiendo), &lt;5,6 W (preparada), &lt;2,1 W (suspensi\u00f3n), &lt;0,2 W (en espera)<br \/>\nRendimiento<br \/>\nVelocidad m\u00e1xima de impresi\u00f3n 30 segundos por p\u00e1gina en A1, 76 impresiones A1 por hora[1]<br \/>\n\u00c1rea no imprimible (hoja cortada) 5 x 5 x 5 x 5 mm<br \/>\nDensidad \u00f3ptica m\u00e1xima (negro) 8 L* min\/2,10 D[4]<br \/>\nTama\u00f1os de papel est\u00e1ndar (medida de los rollos) 279 a 610 mm<br \/>\nResoluci\u00f3n Optimizada hasta 2400 x 1200 dpi<br \/>\nPeso de soporte, recomendado De 60 a 280 g\/m\u00b2<br \/>\nGrosor del soporte Hasta 11,8 mil<br \/>\nPrecisi\u00f3n de la l\u00ednea \u00b10,1 %[3]<br \/>\nOtros<br \/>\nDimensiones m\u00ednimas (anch. x prof. x alt.) 1013 x 440 x 285 mm<br \/>\nGarant\u00eda Un a\u00f1o de garant\u00eda limitada para el hardware<br \/>\nContenido de la caja Impresora HP DesignJet T250 de 24&#8243;, cabezal de impresi\u00f3n, cartuchos de tinta iniciales, eje, gu\u00eda de referencia r\u00e1pida, p\u00f3ster de instalaci\u00f3n, cable de alimentaci\u00f3n<br \/>\nSoftware incluido HP Click, aplicaci\u00f3n HP Smart, HP Print Preview para Windows, HP Easy Start, HP DesignJet Utility para Windows, HP Support Assistant<\/p>\n<p>649661475262<\/p>\n","protected":false},"excerpt":{"rendered":"<p>Producto original.<\/p>\n<div id=\"gtx-trans\" style=\"position: absolute;left: -35px;top: -3px\">\n<div class=\"gtx-trans-icon\">\u00a0<\/div>\n<\/div>\n","protected":false},"featured_media":4119,"comment_status":"closed","ping_status":"closed","template":"","meta":{"site-sidebar-layout":"default","site-content-layout":"","ast-site-content-layout":"default","site-content-style":"default","site-sidebar-style":"default","ast-global-header-display":"","ast-banner-title-visibility":"","ast-main-header-display":"","ast-hfb-above-header-display":"","ast-hfb-below-header-display":"","ast-hfb-mobile-header-display":"","site-post-title":"","ast-breadcrumbs-content":"","ast-featured-img":"","footer-sml-layout":"","ast-disable-related-posts":"","theme-transparent-header-meta":"default","adv-header-id-meta":"","stick-header-meta":"default","header-above-stick-meta":"","header-main-stick-meta":"","header-below-stick-meta":"","astra-migrate-meta-layouts":"set","ast-page-background-enabled":"default","ast-page-background-meta":{"desktop":{"background-color":"var(--ast-global-color-4)","background-image":"","background-repeat":"repeat","background-position":"center center","background-size":"auto","background-attachment":"scroll","background-type":"","background-media":"","overlay-type":"","overlay-color":"","overlay-opacity":"","overlay-gradient":""},"tablet":{"background-color":"","background-image":"","background-repeat":"repeat","background-position":"center center","background-size":"auto","background-attachment":"scroll","background-type":"","background-media":"","overlay-type":"","overlay-color":"","overlay-opacity":"","overlay-gradient":""},"mobile":{"background-color":"","background-image":"","background-repeat":"repeat","background-position":"center center","background-size":"auto","background-attachment":"scroll","background-type":"","background-media":"","overlay-type":"","overlay-color":"","overlay-opacity":"","overlay-gradient":""}},"ast-content-background-meta":{"desktop":{"background-color":"var(--ast-global-color-5)","background-image":"","background-repeat":"repeat","background-position":"center center","background-size":"auto","background-attachment":"scroll","background-type":"","background-media":"","overlay-type":"","overlay-color":"","overlay-opacity":"","overlay-gradient":""},"tablet":{"background-color":"var(--ast-global-color-5)","background-image":"","background-repeat":"repeat","background-position":"center center","background-size":"auto","background-attachment":"scroll","background-type":"","background-media":"","overlay-type":"","overlay-color":"","overlay-opacity":"","overlay-gradient":""},"mobile":{"background-color":"var(--ast-global-color-5)","background-image":"","background-repeat":"repeat","background-position":"center center","background-size":"auto","background-attachment":"scroll","background-type":"","background-media":"","overlay-type":"","overlay-color":"","overlay-opacity":"","overlay-gradient":""}}},"product_brand":[967],"product_cat":[21,41],"product_tag":[],"class_list":{"0":"post-531","1":"product","2":"type-product","3":"status-publish","4":"has-post-thumbnail","6":"product_brand-hp","7":"product_cat-impresoras","8":"product_cat-plotter","9":"desktop-align-left","10":"tablet-align-left","11":"mobile-align-left","12":"ast-product-gallery-layout-horizontal-slider","13":"ast-product-gallery-with-no-image","14":"ast-magnify-disabled","15":"ast-product-tabs-layout-horizontal","16":"ast-qv-on-image","18":"first","19":"instock","20":"sale","21":"taxable","22":"shipping-taxable","23":"purchasable","24":"product-type-simple"},"yoast_head":"<!-- This site is optimized with the Yoast SEO plugin v27.5 - https:\/\/yoast.com\/product\/yoast-seo-wordpress\/ -->\n<title>Plotter HP Designjet T250 24 pulgadas 5HB06A - CLIE LIMITADA<\/title>\n<meta name=\"robots\" content=\"index, follow, max-snippet:-1, max-image-preview:large, max-video-preview:-1\" \/>\n<link rel=\"canonical\" href=\"https:\/\/www.clie.cl\/index.php\/producto\/plotter-hp-designjet-t250-24-pulgadas-5hb06a\/\" \/>\n<meta property=\"og:locale\" content=\"es_ES\" \/>\n<meta property=\"og:type\" content=\"article\" \/>\n<meta property=\"og:title\" content=\"Plotter HP Designjet T250 24 pulgadas 5HB06A - CLIE LIMITADA\" \/>\n<meta property=\"og:description\" content=\"Producto original.\u00a0\" \/>\n<meta property=\"og:url\" content=\"https:\/\/www.clie.cl\/index.php\/producto\/plotter-hp-designjet-t250-24-pulgadas-5hb06a\/\" \/>\n<meta property=\"og:site_name\" content=\"CLIE LIMITADA\" \/>\n<meta property=\"article:modified_time\" content=\"2026-04-22T15:09:12+00:00\" \/>\n<meta property=\"og:image\" content=\"https:\/\/www.clie.cl\/wp-content\/uploads\/2023\/11\/t250-2.jpg\" \/>\n\t<meta property=\"og:image:width\" content=\"600\" \/>\n\t<meta property=\"og:image:height\" content=\"600\" \/>\n\t<meta property=\"og:image:type\" content=\"image\/jpeg\" \/>\n<meta name=\"twitter:card\" content=\"summary_large_image\" \/>\n<meta name=\"twitter:label1\" content=\"Tiempo de lectura\" \/>\n\t<meta name=\"twitter:data1\" content=\"2 minutos\" \/>\n<script type=\"application\/ld+json\" class=\"yoast-schema-graph\">{\"@context\":\"https:\\\/\\\/schema.org\",\"@graph\":[{\"@type\":\"WebPage\",\"@id\":\"https:\\\/\\\/www.clie.cl\\\/index.php\\\/producto\\\/plotter-hp-designjet-t250-24-pulgadas-5hb06a\\\/\",\"url\":\"https:\\\/\\\/www.clie.cl\\\/index.php\\\/producto\\\/plotter-hp-designjet-t250-24-pulgadas-5hb06a\\\/\",\"name\":\"Plotter HP Designjet T250 24 pulgadas 5HB06A - CLIE LIMITADA\",\"isPartOf\":{\"@id\":\"https:\\\/\\\/www.clie.cl\\\/#website\"},\"primaryImageOfPage\":{\"@id\":\"https:\\\/\\\/www.clie.cl\\\/index.php\\\/producto\\\/plotter-hp-designjet-t250-24-pulgadas-5hb06a\\\/#primaryimage\"},\"image\":{\"@id\":\"https:\\\/\\\/www.clie.cl\\\/index.php\\\/producto\\\/plotter-hp-designjet-t250-24-pulgadas-5hb06a\\\/#primaryimage\"},\"thumbnailUrl\":\"https:\\\/\\\/www.clie.cl\\\/wp-content\\\/uploads\\\/2023\\\/11\\\/t250-2.jpg\",\"datePublished\":\"2023-11-07T12:50:12+00:00\",\"dateModified\":\"2026-04-22T15:09:12+00:00\",\"breadcrumb\":{\"@id\":\"https:\\\/\\\/www.clie.cl\\\/index.php\\\/producto\\\/plotter-hp-designjet-t250-24-pulgadas-5hb06a\\\/#breadcrumb\"},\"inLanguage\":\"es\",\"potentialAction\":[{\"@type\":\"ReadAction\",\"target\":[\"https:\\\/\\\/www.clie.cl\\\/index.php\\\/producto\\\/plotter-hp-designjet-t250-24-pulgadas-5hb06a\\\/\"]}]},{\"@type\":\"ImageObject\",\"inLanguage\":\"es\",\"@id\":\"https:\\\/\\\/www.clie.cl\\\/index.php\\\/producto\\\/plotter-hp-designjet-t250-24-pulgadas-5hb06a\\\/#primaryimage\",\"url\":\"https:\\\/\\\/www.clie.cl\\\/wp-content\\\/uploads\\\/2023\\\/11\\\/t250-2.jpg\",\"contentUrl\":\"https:\\\/\\\/www.clie.cl\\\/wp-content\\\/uploads\\\/2023\\\/11\\\/t250-2.jpg\",\"width\":600,\"height\":600},{\"@type\":\"BreadcrumbList\",\"@id\":\"https:\\\/\\\/www.clie.cl\\\/index.php\\\/producto\\\/plotter-hp-designjet-t250-24-pulgadas-5hb06a\\\/#breadcrumb\",\"itemListElement\":[{\"@type\":\"ListItem\",\"position\":1,\"name\":\"Portada\",\"item\":\"https:\\\/\\\/www.clie.cl\\\/\"},{\"@type\":\"ListItem\",\"position\":2,\"name\":\"Productos\",\"item\":\"https:\\\/\\\/www.clie.cl\\\/index.php\\\/shop\\\/\"},{\"@type\":\"ListItem\",\"position\":3,\"name\":\"Plotter HP Designjet T250 24 pulgadas 5HB06A\"}]},{\"@type\":\"WebSite\",\"@id\":\"https:\\\/\\\/www.clie.cl\\\/#website\",\"url\":\"https:\\\/\\\/www.clie.cl\\\/\",\"name\":\"CLIE.cl\",\"description\":\"Clie Limitada\",\"publisher\":{\"@id\":\"https:\\\/\\\/www.clie.cl\\\/#organization\"},\"alternateName\":\"CLIE\",\"potentialAction\":[{\"@type\":\"SearchAction\",\"target\":{\"@type\":\"EntryPoint\",\"urlTemplate\":\"https:\\\/\\\/www.clie.cl\\\/?s={search_term_string}\"},\"query-input\":{\"@type\":\"PropertyValueSpecification\",\"valueRequired\":true,\"valueName\":\"search_term_string\"}}],\"inLanguage\":\"es\"},{\"@type\":\"Organization\",\"@id\":\"https:\\\/\\\/www.clie.cl\\\/#organization\",\"name\":\"CLIE LIMITADA\",\"url\":\"https:\\\/\\\/www.clie.cl\\\/\",\"logo\":{\"@type\":\"ImageObject\",\"inLanguage\":\"es\",\"@id\":\"https:\\\/\\\/www.clie.cl\\\/#\\\/schema\\\/logo\\\/image\\\/\",\"url\":\"https:\\\/\\\/www.clie.cl\\\/wp-content\\\/uploads\\\/2023\\\/10\\\/logo_clie_front_web_2023.png\",\"contentUrl\":\"https:\\\/\\\/www.clie.cl\\\/wp-content\\\/uploads\\\/2023\\\/10\\\/logo_clie_front_web_2023.png\",\"width\":139,\"height\":118,\"caption\":\"CLIE LIMITADA\"},\"image\":{\"@id\":\"https:\\\/\\\/www.clie.cl\\\/#\\\/schema\\\/logo\\\/image\\\/\"}}]}<\/script>\n<!-- \/ Yoast SEO plugin. -->","yoast_head_json":{"title":"Plotter HP Designjet T250 24 pulgadas 5HB06A - CLIE LIMITADA","robots":{"index":"index","follow":"follow","max-snippet":"max-snippet:-1","max-image-preview":"max-image-preview:large","max-video-preview":"max-video-preview:-1"},"canonical":"https:\/\/www.clie.cl\/index.php\/producto\/plotter-hp-designjet-t250-24-pulgadas-5hb06a\/","og_locale":"es_ES","og_type":"article","og_title":"Plotter HP Designjet T250 24 pulgadas 5HB06A - CLIE LIMITADA","og_description":"Producto original.\u00a0","og_url":"https:\/\/www.clie.cl\/index.php\/producto\/plotter-hp-designjet-t250-24-pulgadas-5hb06a\/","og_site_name":"CLIE LIMITADA","article_modified_time":"2026-04-22T15:09:12+00:00","og_image":[{"width":600,"height":600,"url":"https:\/\/www.clie.cl\/wp-content\/uploads\/2023\/11\/t250-2.jpg","type":"image\/jpeg"}],"twitter_card":"summary_large_image","twitter_misc":{"Tiempo de lectura":"2 minutos"},"schema":{"@context":"https:\/\/schema.org","@graph":[{"@type":"WebPage","@id":"https:\/\/www.clie.cl\/index.php\/producto\/plotter-hp-designjet-t250-24-pulgadas-5hb06a\/","url":"https:\/\/www.clie.cl\/index.php\/producto\/plotter-hp-designjet-t250-24-pulgadas-5hb06a\/","name":"Plotter HP Designjet T250 24 pulgadas 5HB06A - CLIE LIMITADA","isPartOf":{"@id":"https:\/\/www.clie.cl\/#website"},"primaryImageOfPage":{"@id":"https:\/\/www.clie.cl\/index.php\/producto\/plotter-hp-designjet-t250-24-pulgadas-5hb06a\/#primaryimage"},"image":{"@id":"https:\/\/www.clie.cl\/index.php\/producto\/plotter-hp-designjet-t250-24-pulgadas-5hb06a\/#primaryimage"},"thumbnailUrl":"https:\/\/www.clie.cl\/wp-content\/uploads\/2023\/11\/t250-2.jpg","datePublished":"2023-11-07T12:50:12+00:00","dateModified":"2026-04-22T15:09:12+00:00","breadcrumb":{"@id":"https:\/\/www.clie.cl\/index.php\/producto\/plotter-hp-designjet-t250-24-pulgadas-5hb06a\/#breadcrumb"},"inLanguage":"es","potentialAction":[{"@type":"ReadAction","target":["https:\/\/www.clie.cl\/index.php\/producto\/plotter-hp-designjet-t250-24-pulgadas-5hb06a\/"]}]},{"@type":"ImageObject","inLanguage":"es","@id":"https:\/\/www.clie.cl\/index.php\/producto\/plotter-hp-designjet-t250-24-pulgadas-5hb06a\/#primaryimage","url":"https:\/\/www.clie.cl\/wp-content\/uploads\/2023\/11\/t250-2.jpg","contentUrl":"https:\/\/www.clie.cl\/wp-content\/uploads\/2023\/11\/t250-2.jpg","width":600,"height":600},{"@type":"BreadcrumbList","@id":"https:\/\/www.clie.cl\/index.php\/producto\/plotter-hp-designjet-t250-24-pulgadas-5hb06a\/#breadcrumb","itemListElement":[{"@type":"ListItem","position":1,"name":"Portada","item":"https:\/\/www.clie.cl\/"},{"@type":"ListItem","position":2,"name":"Productos","item":"https:\/\/www.clie.cl\/index.php\/shop\/"},{"@type":"ListItem","position":3,"name":"Plotter HP Designjet T250 24 pulgadas 5HB06A"}]},{"@type":"WebSite","@id":"https:\/\/www.clie.cl\/#website","url":"https:\/\/www.clie.cl\/","name":"CLIE.cl","description":"Clie Limitada","publisher":{"@id":"https:\/\/www.clie.cl\/#organization"},"alternateName":"CLIE","potentialAction":[{"@type":"SearchAction","target":{"@type":"EntryPoint","urlTemplate":"https:\/\/www.clie.cl\/?s={search_term_string}"},"query-input":{"@type":"PropertyValueSpecification","valueRequired":true,"valueName":"search_term_string"}}],"inLanguage":"es"},{"@type":"Organization","@id":"https:\/\/www.clie.cl\/#organization","name":"CLIE LIMITADA","url":"https:\/\/www.clie.cl\/","logo":{"@type":"ImageObject","inLanguage":"es","@id":"https:\/\/www.clie.cl\/#\/schema\/logo\/image\/","url":"https:\/\/www.clie.cl\/wp-content\/uploads\/2023\/10\/logo_clie_front_web_2023.png","contentUrl":"https:\/\/www.clie.cl\/wp-content\/uploads\/2023\/10\/logo_clie_front_web_2023.png","width":139,"height":118,"caption":"CLIE LIMITADA"},"image":{"@id":"https:\/\/www.clie.cl\/#\/schema\/logo\/image\/"}}]}},"_links":{"self":[{"href":"https:\/\/www.clie.cl\/index.php\/wp-json\/wp\/v2\/product\/531","targetHints":{"allow":["GET"]}}],"collection":[{"href":"https:\/\/www.clie.cl\/index.php\/wp-json\/wp\/v2\/product"}],"about":[{"href":"https:\/\/www.clie.cl\/index.php\/wp-json\/wp\/v2\/types\/product"}],"replies":[{"embeddable":true,"href":"https:\/\/www.clie.cl\/index.php\/wp-json\/wp\/v2\/comments?post=531"}],"wp:featuredmedia":[{"embeddable":true,"href":"https:\/\/www.clie.cl\/index.php\/wp-json\/wp\/v2\/media\/4119"}],"wp:attachment":[{"href":"https:\/\/www.clie.cl\/index.php\/wp-json\/wp\/v2\/media?parent=531"}],"wp:term":[{"taxonomy":"product_brand","embeddable":true,"href":"https:\/\/www.clie.cl\/index.php\/wp-json\/wp\/v2\/product_brand?post=531"},{"taxonomy":"product_cat","embeddable":true,"href":"https:\/\/www.clie.cl\/index.php\/wp-json\/wp\/v2\/product_cat?post=531"},{"taxonomy":"product_tag","embeddable":true,"href":"https:\/\/www.clie.cl\/index.php\/wp-json\/wp\/v2\/product_tag?post=531"}],"curies":[{"name":"wp","href":"https:\/\/api.w.org\/{rel}","templated":true}]}}