{"id":278,"date":"2023-11-02T14:15:20","date_gmt":"2023-11-02T14:15:20","guid":{"rendered":"https:\/\/clie.cl\/?post_type=product&#038;p=278"},"modified":"2026-04-15T16:07:02","modified_gmt":"2026-04-15T20:07:02","slug":"multifuncional-laser-monocromatica-mfcl5915dw-oficio-52ppm-ethernetwifi-fax","status":"publish","type":"product","link":"https:\/\/www.clie.cl\/index.php\/producto\/multifuncional-laser-monocromatica-mfcl5915dw-oficio-52ppm-ethernetwifi-fax\/","title":{"rendered":"Multifuncional L\u00e1ser Monocrom\u00e1tica Brother MFC-L5915DW, Oficio, 52PPM, Ethernet,WIFI, Fax, L5915"},"content":{"rendered":"<div id=\"pills-description\" class=\"tab-pane fade show active\" role=\"tabpanel\" aria-labelledby=\"pills-description-tab\">\n<p>El multifuncional l\u00e1ser monocrom\u00e1tico empresarial MFC-L5915DW de Brother es una excelente opci\u00f3n para grupos de trabajo y oficinas con mucha actividad que imprimen en alto volumen y necesitan resultados r\u00e1pidos y de alta calidad, impresi\u00f3n de bajo costo, manejo vers\u00e1til del papel y funciones de seguridad avanzadas. Este multifuncional de alto rendimiento ayuda a aumentar la productividad con una velocidad de impresi\u00f3n r\u00e1pida de hasta 50 ppm (A4) \/ 52 ppm (carta)\u2021. Ofrece una impresi\u00f3n de bajo costo mediante el uso del cartucho de t\u00f3ner de reemplazo de ultra alto rendimiento original de Brother.<\/p>\n<p>Funciones de seguridad de triple capa que ayudan a limitar el acceso al dispositivo y los documentos y a proteger contra intrusiones de red. Capacidad de papel expandible, escalable a medida que crecen las necesidades del negocio. Escanea r\u00e1pidamente documentos de varias p\u00e1ginas a una amplia variedad de destinos utilizando el alimentador autom\u00e1tico con capacidad para 70 p\u00e1ginas\u2021. La pantalla t\u00e1ctil de 5 pulgadas te permite crear accesos directos personalizados a los flujos de trabajo que usas con m\u00e1s frecuencia. El MFC-L5915DW adem\u00e1s viene con interfaces Gigabit Ethernet e inal\u00e1mbrica de doble banda integradas e impresi\u00f3n conveniente mediante dispositivos m\u00f3viles para satisfacer las necesidades de los empleados que no trabajan en un lugar fijo.<\/p>\n<\/div>\n<p class=\"m-b-10\"><strong>Caracter\u00edsticas Principales<\/strong><\/p>\n<ul>\n<li><b>Impresi\u00f3n y copiado r\u00e1pidos para una mayor eficiencia.\u00a0<\/b>Resultados de alta calidad y velocidad de impresi\u00f3n de hasta 50 ppm (A4) \/ 52 ppm (carta) para ayudar a aumentar la productividad y generar documentos de calidad profesional r\u00e1pidamente en oficinas con mucha actividad.<\/li>\n<li><b>Impresi\u00f3n de bajo costo.\u00a0<\/b>Ayuda a reducir los costos mediante el uso del cartucho de t\u00f3ner de reemplazo de 18.000 p\u00e1ginas de ultra alto rendimiento original de Brother. Incluye un cartucho de t\u00f3ner original de Brother con un rendimiento de 3.000 p\u00e1ginas.<\/li>\n<li><b>Escaneado r\u00e1pido y en alto volumen.<\/b>\u00a0El alimentador autom\u00e1tico de documentos de hasta 70 hojas1 puede escanear ambas caras del papel a una velocidad de hasta 56 ipm (en negro). Cuenta con un cristal de esc\u00e1ner grande para documentos de tama\u00f1o legal.<\/li>\n<li><b>Funciones de escaneado avanzadas.\u00a0<\/b>Escanea a destinos populares directamente desde la pantalla t\u00e1ctil, incluyendo servicios en la nube\u2021, correo electr\u00f3nico, SharePoint, servidor SSH (SFTP) y m\u00e1s. Crea documentos de Microsoft Office editables y con capacidad de b\u00fasqueda, incluyendo archivos de Word, Excel y PowerPoint.<\/li>\n<li><b>Capacidad de papel expandible.\u00a0<\/b>Dedica menos tiempo a reabastecer las bandejas de papel con la bandeja de 250 hojas y la bandeja multiprop\u00f3sito de 100 hojas para imprimir en soportes personalizados o sobres1. La capacidad total se puede expandir a 1.390 hojas con las bandejas opcionales\u2021.<\/li>\n<li><b>Varias opciones de conectividad<\/b>\u00a0Incluye interfaces inal\u00e1mbrica de doble banda y Gigabit Ethernet integradas para configurar y compartir sin problemas en tu red cableada o inal\u00e1mbrica. Imprime f\u00e1cilmente mediante una amplia variedad de dispositivos m\u00f3viles\u2021.<\/li>\n<li><b>Funciones de seguridad avanzadas.\u00a0<\/b>Equipado con funciones de seguridad de triple capa para ayudar a proteger las redes, mantener seguros los equipos y proteger los documentos en tr\u00e1nsito<\/li>\n<li><b>Pantalla t\u00e1ctil a color de 5 pulgadas.\u00a0<\/b>Permite una navegaci\u00f3n intuitiva por los men\u00fas y la creaci\u00f3n de hasta 64 accesos directos personalizados para las tareas que usas con m\u00e1s frecuencia.<\/li>\n<li><b>Caracter\u00edsticas respetuosas del medioambiente.\u00a0<\/b>Ayuda a ahorrar papel con la impresi\u00f3n d\u00faplex predeterminada. El Modo de ahorro de t\u00f3ner te ayuda a reducir el uso de t\u00f3ner<\/li>\n<\/ul>\n<p>&nbsp;<\/p>\n","protected":false},"excerpt":{"rendered":"<p>Producto original.<\/p>\n<div id=\"gtx-trans\" style=\"position: absolute;left: -35px;top: -3px\">\n<div class=\"gtx-trans-icon\">\u00a0<\/div>\n<\/div>\n","protected":false},"featured_media":283,"comment_status":"open","ping_status":"closed","template":"","meta":{"site-sidebar-layout":"default","site-content-layout":"","ast-site-content-layout":"default","site-content-style":"default","site-sidebar-style":"default","ast-global-header-display":"","ast-banner-title-visibility":"","ast-main-header-display":"","ast-hfb-above-header-display":"","ast-hfb-below-header-display":"","ast-hfb-mobile-header-display":"","site-post-title":"","ast-breadcrumbs-content":"","ast-featured-img":"","footer-sml-layout":"","ast-disable-related-posts":"","theme-transparent-header-meta":"default","adv-header-id-meta":"","stick-header-meta":"default","header-above-stick-meta":"","header-main-stick-meta":"","header-below-stick-meta":"","astra-migrate-meta-layouts":"set","ast-page-background-enabled":"default","ast-page-background-meta":{"desktop":{"background-color":"var(--ast-global-color-4)","background-image":"","background-repeat":"repeat","background-position":"center center","background-size":"auto","background-attachment":"scroll","background-type":"","background-media":"","overlay-type":"","overlay-color":"","overlay-opacity":"","overlay-gradient":""},"tablet":{"background-color":"","background-image":"","background-repeat":"repeat","background-position":"center center","background-size":"auto","background-attachment":"scroll","background-type":"","background-media":"","overlay-type":"","overlay-color":"","overlay-opacity":"","overlay-gradient":""},"mobile":{"background-color":"","background-image":"","background-repeat":"repeat","background-position":"center center","background-size":"auto","background-attachment":"scroll","background-type":"","background-media":"","overlay-type":"","overlay-color":"","overlay-opacity":"","overlay-gradient":""}},"ast-content-background-meta":{"desktop":{"background-color":"var(--ast-global-color-5)","background-image":"","background-repeat":"repeat","background-position":"center center","background-size":"auto","background-attachment":"scroll","background-type":"","background-media":"","overlay-type":"","overlay-color":"","overlay-opacity":"","overlay-gradient":""},"tablet":{"background-color":"var(--ast-global-color-5)","background-image":"","background-repeat":"repeat","background-position":"center center","background-size":"auto","background-attachment":"scroll","background-type":"","background-media":"","overlay-type":"","overlay-color":"","overlay-opacity":"","overlay-gradient":""},"mobile":{"background-color":"var(--ast-global-color-5)","background-image":"","background-repeat":"repeat","background-position":"center center","background-size":"auto","background-attachment":"scroll","background-type":"","background-media":"","overlay-type":"","overlay-color":"","overlay-opacity":"","overlay-gradient":""}}},"product_brand":[965],"product_cat":[21,44],"product_tag":[154],"class_list":{"0":"post-278","1":"product","2":"type-product","3":"status-publish","4":"has-post-thumbnail","6":"product_brand-brother","7":"product_cat-impresoras","8":"product_cat-multifuncional-laser-negro","9":"product_tag-l5915","10":"desktop-align-left","11":"tablet-align-left","12":"mobile-align-left","13":"ast-product-gallery-layout-horizontal-slider","14":"ast-product-gallery-with-no-image","15":"ast-magnify-disabled","16":"ast-product-tabs-layout-horizontal","17":"ast-qv-on-image","19":"first","20":"outofstock","21":"sale","22":"taxable","23":"shipping-taxable","24":"purchasable","25":"product-type-simple"},"yoast_head":"<!-- This site is optimized with the Yoast SEO plugin v27.5 - https:\/\/yoast.com\/product\/yoast-seo-wordpress\/ -->\n<title>Multifuncional L\u00e1ser Monocrom\u00e1tica Brother MFC-L5915DW, Oficio, 52PPM, Ethernet,WIFI, Fax, L5915 - CLIE LIMITADA<\/title>\n<meta name=\"robots\" content=\"index, follow, max-snippet:-1, max-image-preview:large, max-video-preview:-1\" \/>\n<link rel=\"canonical\" href=\"https:\/\/www.clie.cl\/index.php\/producto\/multifuncional-laser-monocromatica-mfcl5915dw-oficio-52ppm-ethernetwifi-fax\/\" \/>\n<meta property=\"og:locale\" content=\"es_ES\" \/>\n<meta property=\"og:type\" content=\"article\" \/>\n<meta property=\"og:title\" content=\"Multifuncional L\u00e1ser Monocrom\u00e1tica Brother MFC-L5915DW, Oficio, 52PPM, Ethernet,WIFI, Fax, L5915 - CLIE LIMITADA\" \/>\n<meta property=\"og:description\" content=\"Producto original.\u00a0\" \/>\n<meta property=\"og:url\" content=\"https:\/\/www.clie.cl\/index.php\/producto\/multifuncional-laser-monocromatica-mfcl5915dw-oficio-52ppm-ethernetwifi-fax\/\" \/>\n<meta property=\"og:site_name\" content=\"CLIE LIMITADA\" \/>\n<meta property=\"article:modified_time\" content=\"2026-04-15T20:07:02+00:00\" \/>\n<meta property=\"og:image\" content=\"https:\/\/www.clie.cl\/wp-content\/uploads\/2023\/11\/MFCL5915DW.jpg\" \/>\n\t<meta property=\"og:image:width\" content=\"600\" \/>\n\t<meta property=\"og:image:height\" content=\"600\" \/>\n\t<meta property=\"og:image:type\" content=\"image\/jpeg\" \/>\n<meta name=\"twitter:card\" content=\"summary_large_image\" \/>\n<meta name=\"twitter:label1\" content=\"Tiempo de lectura\" \/>\n\t<meta name=\"twitter:data1\" content=\"3 minutos\" \/>\n<script type=\"application\/ld+json\" class=\"yoast-schema-graph\">{\"@context\":\"https:\\\/\\\/schema.org\",\"@graph\":[{\"@type\":\"WebPage\",\"@id\":\"https:\\\/\\\/www.clie.cl\\\/index.php\\\/producto\\\/multifuncional-laser-monocromatica-mfcl5915dw-oficio-52ppm-ethernetwifi-fax\\\/\",\"url\":\"https:\\\/\\\/www.clie.cl\\\/index.php\\\/producto\\\/multifuncional-laser-monocromatica-mfcl5915dw-oficio-52ppm-ethernetwifi-fax\\\/\",\"name\":\"Multifuncional L\u00e1ser Monocrom\u00e1tica Brother MFC-L5915DW, Oficio, 52PPM, Ethernet,WIFI, Fax, L5915 - CLIE LIMITADA\",\"isPartOf\":{\"@id\":\"https:\\\/\\\/www.clie.cl\\\/#website\"},\"primaryImageOfPage\":{\"@id\":\"https:\\\/\\\/www.clie.cl\\\/index.php\\\/producto\\\/multifuncional-laser-monocromatica-mfcl5915dw-oficio-52ppm-ethernetwifi-fax\\\/#primaryimage\"},\"image\":{\"@id\":\"https:\\\/\\\/www.clie.cl\\\/index.php\\\/producto\\\/multifuncional-laser-monocromatica-mfcl5915dw-oficio-52ppm-ethernetwifi-fax\\\/#primaryimage\"},\"thumbnailUrl\":\"https:\\\/\\\/www.clie.cl\\\/wp-content\\\/uploads\\\/2023\\\/11\\\/MFCL5915DW.jpg\",\"datePublished\":\"2023-11-02T14:15:20+00:00\",\"dateModified\":\"2026-04-15T20:07:02+00:00\",\"breadcrumb\":{\"@id\":\"https:\\\/\\\/www.clie.cl\\\/index.php\\\/producto\\\/multifuncional-laser-monocromatica-mfcl5915dw-oficio-52ppm-ethernetwifi-fax\\\/#breadcrumb\"},\"inLanguage\":\"es\",\"potentialAction\":[{\"@type\":\"ReadAction\",\"target\":[\"https:\\\/\\\/www.clie.cl\\\/index.php\\\/producto\\\/multifuncional-laser-monocromatica-mfcl5915dw-oficio-52ppm-ethernetwifi-fax\\\/\"]}]},{\"@type\":\"ImageObject\",\"inLanguage\":\"es\",\"@id\":\"https:\\\/\\\/www.clie.cl\\\/index.php\\\/producto\\\/multifuncional-laser-monocromatica-mfcl5915dw-oficio-52ppm-ethernetwifi-fax\\\/#primaryimage\",\"url\":\"https:\\\/\\\/www.clie.cl\\\/wp-content\\\/uploads\\\/2023\\\/11\\\/MFCL5915DW.jpg\",\"contentUrl\":\"https:\\\/\\\/www.clie.cl\\\/wp-content\\\/uploads\\\/2023\\\/11\\\/MFCL5915DW.jpg\",\"width\":600,\"height\":600},{\"@type\":\"BreadcrumbList\",\"@id\":\"https:\\\/\\\/www.clie.cl\\\/index.php\\\/producto\\\/multifuncional-laser-monocromatica-mfcl5915dw-oficio-52ppm-ethernetwifi-fax\\\/#breadcrumb\",\"itemListElement\":[{\"@type\":\"ListItem\",\"position\":1,\"name\":\"Portada\",\"item\":\"https:\\\/\\\/www.clie.cl\\\/\"},{\"@type\":\"ListItem\",\"position\":2,\"name\":\"Productos\",\"item\":\"https:\\\/\\\/www.clie.cl\\\/index.php\\\/shop\\\/\"},{\"@type\":\"ListItem\",\"position\":3,\"name\":\"Multifuncional L\u00e1ser Monocrom\u00e1tica Brother MFC-L5915DW, Oficio, 52PPM, Ethernet,WIFI, Fax, L5915\"}]},{\"@type\":\"WebSite\",\"@id\":\"https:\\\/\\\/www.clie.cl\\\/#website\",\"url\":\"https:\\\/\\\/www.clie.cl\\\/\",\"name\":\"CLIE.cl\",\"description\":\"Clie Limitada\",\"publisher\":{\"@id\":\"https:\\\/\\\/www.clie.cl\\\/#organization\"},\"alternateName\":\"CLIE\",\"potentialAction\":[{\"@type\":\"SearchAction\",\"target\":{\"@type\":\"EntryPoint\",\"urlTemplate\":\"https:\\\/\\\/www.clie.cl\\\/?s={search_term_string}\"},\"query-input\":{\"@type\":\"PropertyValueSpecification\",\"valueRequired\":true,\"valueName\":\"search_term_string\"}}],\"inLanguage\":\"es\"},{\"@type\":\"Organization\",\"@id\":\"https:\\\/\\\/www.clie.cl\\\/#organization\",\"name\":\"CLIE LIMITADA\",\"url\":\"https:\\\/\\\/www.clie.cl\\\/\",\"logo\":{\"@type\":\"ImageObject\",\"inLanguage\":\"es\",\"@id\":\"https:\\\/\\\/www.clie.cl\\\/#\\\/schema\\\/logo\\\/image\\\/\",\"url\":\"https:\\\/\\\/www.clie.cl\\\/wp-content\\\/uploads\\\/2023\\\/10\\\/logo_clie_front_web_2023.png\",\"contentUrl\":\"https:\\\/\\\/www.clie.cl\\\/wp-content\\\/uploads\\\/2023\\\/10\\\/logo_clie_front_web_2023.png\",\"width\":139,\"height\":118,\"caption\":\"CLIE LIMITADA\"},\"image\":{\"@id\":\"https:\\\/\\\/www.clie.cl\\\/#\\\/schema\\\/logo\\\/image\\\/\"}}]}<\/script>\n<!-- \/ Yoast SEO plugin. -->","yoast_head_json":{"title":"Multifuncional L\u00e1ser Monocrom\u00e1tica Brother MFC-L5915DW, Oficio, 52PPM, Ethernet,WIFI, Fax, L5915 - CLIE LIMITADA","robots":{"index":"index","follow":"follow","max-snippet":"max-snippet:-1","max-image-preview":"max-image-preview:large","max-video-preview":"max-video-preview:-1"},"canonical":"https:\/\/www.clie.cl\/index.php\/producto\/multifuncional-laser-monocromatica-mfcl5915dw-oficio-52ppm-ethernetwifi-fax\/","og_locale":"es_ES","og_type":"article","og_title":"Multifuncional L\u00e1ser Monocrom\u00e1tica Brother MFC-L5915DW, Oficio, 52PPM, Ethernet,WIFI, Fax, L5915 - CLIE LIMITADA","og_description":"Producto original.\u00a0","og_url":"https:\/\/www.clie.cl\/index.php\/producto\/multifuncional-laser-monocromatica-mfcl5915dw-oficio-52ppm-ethernetwifi-fax\/","og_site_name":"CLIE LIMITADA","article_modified_time":"2026-04-15T20:07:02+00:00","og_image":[{"width":600,"height":600,"url":"https:\/\/www.clie.cl\/wp-content\/uploads\/2023\/11\/MFCL5915DW.jpg","type":"image\/jpeg"}],"twitter_card":"summary_large_image","twitter_misc":{"Tiempo de lectura":"3 minutos"},"schema":{"@context":"https:\/\/schema.org","@graph":[{"@type":"WebPage","@id":"https:\/\/www.clie.cl\/index.php\/producto\/multifuncional-laser-monocromatica-mfcl5915dw-oficio-52ppm-ethernetwifi-fax\/","url":"https:\/\/www.clie.cl\/index.php\/producto\/multifuncional-laser-monocromatica-mfcl5915dw-oficio-52ppm-ethernetwifi-fax\/","name":"Multifuncional L\u00e1ser Monocrom\u00e1tica Brother MFC-L5915DW, Oficio, 52PPM, Ethernet,WIFI, Fax, L5915 - CLIE LIMITADA","isPartOf":{"@id":"https:\/\/www.clie.cl\/#website"},"primaryImageOfPage":{"@id":"https:\/\/www.clie.cl\/index.php\/producto\/multifuncional-laser-monocromatica-mfcl5915dw-oficio-52ppm-ethernetwifi-fax\/#primaryimage"},"image":{"@id":"https:\/\/www.clie.cl\/index.php\/producto\/multifuncional-laser-monocromatica-mfcl5915dw-oficio-52ppm-ethernetwifi-fax\/#primaryimage"},"thumbnailUrl":"https:\/\/www.clie.cl\/wp-content\/uploads\/2023\/11\/MFCL5915DW.jpg","datePublished":"2023-11-02T14:15:20+00:00","dateModified":"2026-04-15T20:07:02+00:00","breadcrumb":{"@id":"https:\/\/www.clie.cl\/index.php\/producto\/multifuncional-laser-monocromatica-mfcl5915dw-oficio-52ppm-ethernetwifi-fax\/#breadcrumb"},"inLanguage":"es","potentialAction":[{"@type":"ReadAction","target":["https:\/\/www.clie.cl\/index.php\/producto\/multifuncional-laser-monocromatica-mfcl5915dw-oficio-52ppm-ethernetwifi-fax\/"]}]},{"@type":"ImageObject","inLanguage":"es","@id":"https:\/\/www.clie.cl\/index.php\/producto\/multifuncional-laser-monocromatica-mfcl5915dw-oficio-52ppm-ethernetwifi-fax\/#primaryimage","url":"https:\/\/www.clie.cl\/wp-content\/uploads\/2023\/11\/MFCL5915DW.jpg","contentUrl":"https:\/\/www.clie.cl\/wp-content\/uploads\/2023\/11\/MFCL5915DW.jpg","width":600,"height":600},{"@type":"BreadcrumbList","@id":"https:\/\/www.clie.cl\/index.php\/producto\/multifuncional-laser-monocromatica-mfcl5915dw-oficio-52ppm-ethernetwifi-fax\/#breadcrumb","itemListElement":[{"@type":"ListItem","position":1,"name":"Portada","item":"https:\/\/www.clie.cl\/"},{"@type":"ListItem","position":2,"name":"Productos","item":"https:\/\/www.clie.cl\/index.php\/shop\/"},{"@type":"ListItem","position":3,"name":"Multifuncional L\u00e1ser Monocrom\u00e1tica Brother MFC-L5915DW, Oficio, 52PPM, Ethernet,WIFI, Fax, L5915"}]},{"@type":"WebSite","@id":"https:\/\/www.clie.cl\/#website","url":"https:\/\/www.clie.cl\/","name":"CLIE.cl","description":"Clie Limitada","publisher":{"@id":"https:\/\/www.clie.cl\/#organization"},"alternateName":"CLIE","potentialAction":[{"@type":"SearchAction","target":{"@type":"EntryPoint","urlTemplate":"https:\/\/www.clie.cl\/?s={search_term_string}"},"query-input":{"@type":"PropertyValueSpecification","valueRequired":true,"valueName":"search_term_string"}}],"inLanguage":"es"},{"@type":"Organization","@id":"https:\/\/www.clie.cl\/#organization","name":"CLIE LIMITADA","url":"https:\/\/www.clie.cl\/","logo":{"@type":"ImageObject","inLanguage":"es","@id":"https:\/\/www.clie.cl\/#\/schema\/logo\/image\/","url":"https:\/\/www.clie.cl\/wp-content\/uploads\/2023\/10\/logo_clie_front_web_2023.png","contentUrl":"https:\/\/www.clie.cl\/wp-content\/uploads\/2023\/10\/logo_clie_front_web_2023.png","width":139,"height":118,"caption":"CLIE LIMITADA"},"image":{"@id":"https:\/\/www.clie.cl\/#\/schema\/logo\/image\/"}}]}},"_links":{"self":[{"href":"https:\/\/www.clie.cl\/index.php\/wp-json\/wp\/v2\/product\/278","targetHints":{"allow":["GET"]}}],"collection":[{"href":"https:\/\/www.clie.cl\/index.php\/wp-json\/wp\/v2\/product"}],"about":[{"href":"https:\/\/www.clie.cl\/index.php\/wp-json\/wp\/v2\/types\/product"}],"replies":[{"embeddable":true,"href":"https:\/\/www.clie.cl\/index.php\/wp-json\/wp\/v2\/comments?post=278"}],"wp:featuredmedia":[{"embeddable":true,"href":"https:\/\/www.clie.cl\/index.php\/wp-json\/wp\/v2\/media\/283"}],"wp:attachment":[{"href":"https:\/\/www.clie.cl\/index.php\/wp-json\/wp\/v2\/media?parent=278"}],"wp:term":[{"taxonomy":"product_brand","embeddable":true,"href":"https:\/\/www.clie.cl\/index.php\/wp-json\/wp\/v2\/product_brand?post=278"},{"taxonomy":"product_cat","embeddable":true,"href":"https:\/\/www.clie.cl\/index.php\/wp-json\/wp\/v2\/product_cat?post=278"},{"taxonomy":"product_tag","embeddable":true,"href":"https:\/\/www.clie.cl\/index.php\/wp-json\/wp\/v2\/product_tag?post=278"}],"curies":[{"name":"wp","href":"https:\/\/api.w.org\/{rel}","templated":true}]}}