{"id":2518,"date":"2024-06-13T14:37:35","date_gmt":"2024-06-13T18:37:35","guid":{"rendered":"https:\/\/clie.cl\/?post_type=product&#038;p=2518"},"modified":"2025-07-10T00:25:09","modified_gmt":"2025-07-10T04:25:09","slug":"notebook-asus-expertbook-b1-502cba-nj1299x-90nx05u1-m01fd0","status":"publish","type":"product","link":"https:\/\/www.clie.cl\/index.php\/producto\/notebook-asus-expertbook-b1-502cba-nj1299x-90nx05u1-m01fd0\/","title":{"rendered":"Notebook Asus Expertbook B1 B1502, i5-1235U, 15.6&#8243; FHD, Ram 16GB, SSD 512GB, W11 Pro (90NX05U1-M01FD0)"},"content":{"rendered":"<div class=\"inpage_selector_specification\">\n<div class=\"flix-std-container-fluid\">\n<div class=\"flix-std-row\">\n<div class=\"flix-std-clmn-lg-12\">\n<div id=\"flix-spec-area\">\n<ul class=\"flix-product-spec\">\n<li><span class=\"flix-spec-item\">Nombre Comercial<\/span>\n<div class=\"flix-spec-data\">Asus ExpertBook B1 B1502CBA-NJ1299X<\/div>\n<\/li>\n<li><span class=\"flix-spec-item\">Color<\/span>\n<div class=\"flix-spec-data\">Negro<\/div>\n<\/li>\n<li><span class=\"flix-spec-item\">Sistema operativo<\/span>\n<div class=\"flix-spec-data\">Windows 11 Pro &#8211; ASUS recomienda Windows 11 Pro para empresas<\/div>\n<\/li>\n<li><span class=\"flix-spec-item\">Procesador<\/span>\n<div class=\"flix-spec-data\">Intel\u00ae Core\u2122 i5-1235U 1.3 GHz (12M de cach\u00e9, hasta 4,4 GHz, 10 n\u00facleos)<\/div>\n<\/li>\n<li><span class=\"flix-spec-item\">Graficos<\/span>\n<div class=\"flix-spec-data\">Intel\u00ae UHD<\/div>\n<\/li>\n<li><span class=\"flix-spec-item\">Pantalla<\/span>\n<div class=\"flix-spec-data\">15,6&#8243;, FHD (1920\u00a0\u00d7\u00a01080) 16:9, Pantalla antideslumbrante, LED retroiluminado, 250\u00a0nits, Relaci\u00f3n pantalla\/cuerpo: 83 %<\/div>\n<\/li>\n<li><span class=\"flix-spec-item\">Memoria<\/span>\n<div class=\"flix-spec-data\">16 GB DDR4 (3200 MHz)<\/div>\n<\/li>\n<li><span class=\"flix-spec-item\">Almacenamiento<\/span>\n<div class=\"flix-spec-data\">512GB M.2 2280 NVMe\u2122 PCIe\u00ae 4.0 SSD<\/div>\n<\/li>\n<li><span class=\"flix-spec-item\">I\/O Puertos<\/span>\n<div class=\"flix-spec-data\">1x USB 2.0 Tipo\u00a0A1x USB 3.2 Gen\u00a01 Tipo\u00a0A1x USB 3.2 Gen\u00a01 Tipo\u00a0C compatible con Power Delivery1x USB 3.2 Gen\u00a02 Tipo\u00a0C compatible con pantalla\/Power Delivery1x conector de audio combinado de 3,5\u00a0mm<\/div>\n<\/li>\n<li><span class=\"flix-spec-item\">Modulos de expansion<\/span>\n<div class=\"flix-spec-data\">1x ranura DDR4 SO-DIMM1x M.2 2280 PCIe 4.0&#215;4<\/div>\n<\/li>\n<li><span class=\"flix-spec-item\">Teclado y Touchpad<\/span>\n<div class=\"flix-spec-data\">Teclado tipo chiclet, Recorrido de tecla de 1,4\u00a0mm, Teclado resistente a las salpicaduras<\/div>\n<\/li>\n<li><span class=\"flix-spec-item\">Webcam<\/span>\n<div class=\"flix-spec-data\">720p HD camera, Con bloqueo de seguridad<\/div>\n<\/li>\n<li><span class=\"flix-spec-item\">Audio<\/span>\n<div class=\"flix-spec-data\">Audio by DiracAltavoz incorporadoMatriz de micr\u00f3fono incorporada<\/div>\n<\/li>\n<li><span class=\"flix-spec-item\">Redes y comunicacion<\/span>\n<div class=\"flix-spec-data\">Wi-Fi 6(802.11ax) (Dual band) 2*2 + Bluetooth\u00ae 5.2 Wireless Card<\/div>\n<\/li>\n<li><span class=\"flix-spec-item\">Bateria<\/span>\n<div class=\"flix-spec-data\">42\u00a0Wh, 3S1P, 3\u00a0celdas Li-ion<\/div>\n<\/li>\n<li><span class=\"flix-spec-item\">Alimentacion<\/span>\n<div class=\"flix-spec-data\">TIPO-C, Adaptador de CA de 65 W, Salida: 20 V CC, 3,25 A, 65 W, Entrada: 100~240 V CA 50\/60 Hz universal<\/div>\n<\/li>\n<li><span class=\"flix-spec-item\">Peso<\/span>\n<div class=\"flix-spec-data\">1.69 kg (3.73 lbs)<\/div>\n<\/li>\n<li><span class=\"flix-spec-item\">Dimensiones (W x D x H)<\/span>\n<div class=\"flix-spec-data\">36.16 x 23.30 x 1.99 ~ 1.99 cm (14.24&#8243; x 9.17&#8243; x 0.78&#8243; ~ 0.78&#8243;)<\/div>\n<\/li>\n<li><span class=\"flix-spec-item\">Aplicaciones<\/span>\n<div class=\"flix-spec-data\">MyASUSMcAfee<\/div>\n<\/li>\n<li><span class=\"flix-spec-item\">Caracteristicas MyASUS<\/span>\n<div class=\"flix-spec-data\">Diagn\u00f3stico del sistemaCarga de salud de la bater\u00edaPerfil de ventiladorSplendidTru2LifeBloqueo de tecla de funci\u00f3nWiFi SmartConnectAppDealsEnlace a MyASUS<\/div>\n<\/li>\n<li><span class=\"flix-spec-item\">Military Grade<\/span>\n<div class=\"flix-spec-data\">Est\u00e1ndar de grado militar US MIL-STD 810H<\/div>\n<\/li>\n<li><span class=\"flix-spec-item\">Etiquetas ecol\u00f3gicas y conformidad<\/span>\n<div class=\"flix-spec-data\">EPEAT GoldEnergy star 8.0FSC MixTCO 9.0RoHSREACH<\/div>\n<\/li>\n<li><span class=\"flix-spec-item\">Seguridad<\/span>\n<div class=\"flix-spec-data\">Protecci\u00f3n y seguridad de contrase\u00f1a de usuario de HDDProtecci\u00f3n de arranque de BIOS con contrase\u00f1a de usuarioPreparado para Computrace de BIOSM\u00f3dulo de plataforma de confianza (TPM) 2.0Contrase\u00f1a de usuario para configuraci\u00f3n de BIOSSensor de huellas dactilares integrado con el panel t\u00e1ctilKensington Nano Security Slot\u2122<\/div>\n<\/li>\n<\/ul>\n<\/div>\n<\/div>\n<\/div>\n<\/div>\n<\/div>\n<div class=\"inpage_selector_gallery\">\n<div class=\"flix-std-container-fluid\">\n<div class=\"flix-std-row\">\n<div class=\"inpage_product_assets flix-std-clmn-lg-12\">\n<div class=\"inpage_block\">\n<div class=\"jcarousel-container jcarousel-container-horizontal\">\n<div class=\"jcarousel-clip jcarousel-clip-horizontal\"><\/div>\n<\/div>\n<\/div>\n<\/div>\n<\/div>\n<\/div>\n<\/div>\n","protected":false},"excerpt":{"rendered":"<p>Producto original.<\/p>\n<div id=\"gtx-trans\" style=\"position: absolute;left: -5px;top: -3px\">\n<div class=\"gtx-trans-icon\">\u00a0<\/div>\n<\/div>\n","protected":false},"featured_media":2525,"comment_status":"open","ping_status":"closed","template":"","meta":{"site-sidebar-layout":"default","site-content-layout":"","ast-site-content-layout":"default","site-content-style":"default","site-sidebar-style":"default","ast-global-header-display":"","ast-banner-title-visibility":"","ast-main-header-display":"","ast-hfb-above-header-display":"","ast-hfb-below-header-display":"","ast-hfb-mobile-header-display":"","site-post-title":"","ast-breadcrumbs-content":"","ast-featured-img":"","footer-sml-layout":"","ast-disable-related-posts":"","theme-transparent-header-meta":"default","adv-header-id-meta":"","stick-header-meta":"default","header-above-stick-meta":"","header-main-stick-meta":"","header-below-stick-meta":"","astra-migrate-meta-layouts":"set","ast-page-background-enabled":"default","ast-page-background-meta":{"desktop":{"background-color":"var(--ast-global-color-4)","background-image":"","background-repeat":"repeat","background-position":"center center","background-size":"auto","background-attachment":"scroll","background-type":"","background-media":"","overlay-type":"","overlay-color":"","overlay-opacity":"","overlay-gradient":""},"tablet":{"background-color":"","background-image":"","background-repeat":"repeat","background-position":"center center","background-size":"auto","background-attachment":"scroll","background-type":"","background-media":"","overlay-type":"","overlay-color":"","overlay-opacity":"","overlay-gradient":""},"mobile":{"background-color":"","background-image":"","background-repeat":"repeat","background-position":"center center","background-size":"auto","background-attachment":"scroll","background-type":"","background-media":"","overlay-type":"","overlay-color":"","overlay-opacity":"","overlay-gradient":""}},"ast-content-background-meta":{"desktop":{"background-color":"var(--ast-global-color-5)","background-image":"","background-repeat":"repeat","background-position":"center center","background-size":"auto","background-attachment":"scroll","background-type":"","background-media":"","overlay-type":"","overlay-color":"","overlay-opacity":"","overlay-gradient":""},"tablet":{"background-color":"var(--ast-global-color-5)","background-image":"","background-repeat":"repeat","background-position":"center center","background-size":"auto","background-attachment":"scroll","background-type":"","background-media":"","overlay-type":"","overlay-color":"","overlay-opacity":"","overlay-gradient":""},"mobile":{"background-color":"var(--ast-global-color-5)","background-image":"","background-repeat":"repeat","background-position":"center center","background-size":"auto","background-attachment":"scroll","background-type":"","background-media":"","overlay-type":"","overlay-color":"","overlay-opacity":"","overlay-gradient":""}}},"product_brand":[970],"product_cat":[54,102],"product_tag":[274],"class_list":{"0":"post-2518","1":"product","2":"type-product","3":"status-publish","4":"has-post-thumbnail","6":"product_brand-asus","7":"product_cat-computadores","8":"product_cat-notebooks","9":"product_tag-i5","10":"desktop-align-left","11":"tablet-align-left","12":"mobile-align-left","13":"ast-product-gallery-layout-horizontal-slider","14":"ast-magnify-disabled","15":"ast-product-tabs-layout-horizontal","16":"ast-qv-on-image","18":"first","19":"outofstock","20":"sale","21":"taxable","22":"shipping-taxable","23":"purchasable","24":"product-type-simple"},"yoast_head":"<!-- This site is optimized with the Yoast SEO plugin v27.5 - https:\/\/yoast.com\/product\/yoast-seo-wordpress\/ -->\n<title>Notebook Asus Expertbook B1 B1502, i5-1235U, 15.6&quot; FHD, Ram 16GB, SSD 512GB, W11 Pro (90NX05U1-M01FD0) - CLIE LIMITADA<\/title>\n<meta name=\"robots\" content=\"index, follow, max-snippet:-1, max-image-preview:large, max-video-preview:-1\" \/>\n<link rel=\"canonical\" href=\"https:\/\/www.clie.cl\/index.php\/producto\/notebook-asus-expertbook-b1-502cba-nj1299x-90nx05u1-m01fd0\/\" \/>\n<meta property=\"og:locale\" content=\"es_ES\" \/>\n<meta property=\"og:type\" content=\"article\" \/>\n<meta property=\"og:title\" content=\"Notebook Asus Expertbook B1 B1502, i5-1235U, 15.6&quot; FHD, Ram 16GB, SSD 512GB, W11 Pro (90NX05U1-M01FD0) - CLIE LIMITADA\" \/>\n<meta property=\"og:description\" content=\"Producto original.\u00a0\" \/>\n<meta property=\"og:url\" content=\"https:\/\/www.clie.cl\/index.php\/producto\/notebook-asus-expertbook-b1-502cba-nj1299x-90nx05u1-m01fd0\/\" \/>\n<meta property=\"og:site_name\" content=\"CLIE LIMITADA\" \/>\n<meta property=\"article:modified_time\" content=\"2025-07-10T04:25:09+00:00\" \/>\n<meta property=\"og:image\" content=\"https:\/\/www.clie.cl\/wp-content\/uploads\/2024\/06\/2.jpeg\" \/>\n\t<meta property=\"og:image:width\" content=\"512\" \/>\n\t<meta property=\"og:image:height\" content=\"512\" \/>\n\t<meta property=\"og:image:type\" content=\"image\/jpeg\" \/>\n<meta name=\"twitter:card\" content=\"summary_large_image\" \/>\n<meta name=\"twitter:label1\" content=\"Tiempo de lectura\" \/>\n\t<meta name=\"twitter:data1\" content=\"2 minutos\" \/>\n<script type=\"application\/ld+json\" class=\"yoast-schema-graph\">{\"@context\":\"https:\\\/\\\/schema.org\",\"@graph\":[{\"@type\":\"WebPage\",\"@id\":\"https:\\\/\\\/www.clie.cl\\\/index.php\\\/producto\\\/notebook-asus-expertbook-b1-502cba-nj1299x-90nx05u1-m01fd0\\\/\",\"url\":\"https:\\\/\\\/www.clie.cl\\\/index.php\\\/producto\\\/notebook-asus-expertbook-b1-502cba-nj1299x-90nx05u1-m01fd0\\\/\",\"name\":\"Notebook Asus Expertbook B1 B1502, i5-1235U, 15.6\\\" FHD, Ram 16GB, SSD 512GB, W11 Pro (90NX05U1-M01FD0) - CLIE LIMITADA\",\"isPartOf\":{\"@id\":\"https:\\\/\\\/www.clie.cl\\\/#website\"},\"primaryImageOfPage\":{\"@id\":\"https:\\\/\\\/www.clie.cl\\\/index.php\\\/producto\\\/notebook-asus-expertbook-b1-502cba-nj1299x-90nx05u1-m01fd0\\\/#primaryimage\"},\"image\":{\"@id\":\"https:\\\/\\\/www.clie.cl\\\/index.php\\\/producto\\\/notebook-asus-expertbook-b1-502cba-nj1299x-90nx05u1-m01fd0\\\/#primaryimage\"},\"thumbnailUrl\":\"https:\\\/\\\/www.clie.cl\\\/wp-content\\\/uploads\\\/2024\\\/06\\\/2.jpeg\",\"datePublished\":\"2024-06-13T18:37:35+00:00\",\"dateModified\":\"2025-07-10T04:25:09+00:00\",\"breadcrumb\":{\"@id\":\"https:\\\/\\\/www.clie.cl\\\/index.php\\\/producto\\\/notebook-asus-expertbook-b1-502cba-nj1299x-90nx05u1-m01fd0\\\/#breadcrumb\"},\"inLanguage\":\"es\",\"potentialAction\":[{\"@type\":\"ReadAction\",\"target\":[\"https:\\\/\\\/www.clie.cl\\\/index.php\\\/producto\\\/notebook-asus-expertbook-b1-502cba-nj1299x-90nx05u1-m01fd0\\\/\"]}]},{\"@type\":\"ImageObject\",\"inLanguage\":\"es\",\"@id\":\"https:\\\/\\\/www.clie.cl\\\/index.php\\\/producto\\\/notebook-asus-expertbook-b1-502cba-nj1299x-90nx05u1-m01fd0\\\/#primaryimage\",\"url\":\"https:\\\/\\\/www.clie.cl\\\/wp-content\\\/uploads\\\/2024\\\/06\\\/2.jpeg\",\"contentUrl\":\"https:\\\/\\\/www.clie.cl\\\/wp-content\\\/uploads\\\/2024\\\/06\\\/2.jpeg\",\"width\":512,\"height\":512},{\"@type\":\"BreadcrumbList\",\"@id\":\"https:\\\/\\\/www.clie.cl\\\/index.php\\\/producto\\\/notebook-asus-expertbook-b1-502cba-nj1299x-90nx05u1-m01fd0\\\/#breadcrumb\",\"itemListElement\":[{\"@type\":\"ListItem\",\"position\":1,\"name\":\"Portada\",\"item\":\"https:\\\/\\\/www.clie.cl\\\/\"},{\"@type\":\"ListItem\",\"position\":2,\"name\":\"Productos\",\"item\":\"https:\\\/\\\/www.clie.cl\\\/index.php\\\/shop\\\/\"},{\"@type\":\"ListItem\",\"position\":3,\"name\":\"Notebook Asus Expertbook B1 B1502, i5-1235U, 15.6&#8243; FHD, Ram 16GB, SSD 512GB, W11 Pro (90NX05U1-M01FD0)\"}]},{\"@type\":\"WebSite\",\"@id\":\"https:\\\/\\\/www.clie.cl\\\/#website\",\"url\":\"https:\\\/\\\/www.clie.cl\\\/\",\"name\":\"CLIE.cl\",\"description\":\"Clie Limitada\",\"publisher\":{\"@id\":\"https:\\\/\\\/www.clie.cl\\\/#organization\"},\"alternateName\":\"CLIE\",\"potentialAction\":[{\"@type\":\"SearchAction\",\"target\":{\"@type\":\"EntryPoint\",\"urlTemplate\":\"https:\\\/\\\/www.clie.cl\\\/?s={search_term_string}\"},\"query-input\":{\"@type\":\"PropertyValueSpecification\",\"valueRequired\":true,\"valueName\":\"search_term_string\"}}],\"inLanguage\":\"es\"},{\"@type\":\"Organization\",\"@id\":\"https:\\\/\\\/www.clie.cl\\\/#organization\",\"name\":\"CLIE LIMITADA\",\"url\":\"https:\\\/\\\/www.clie.cl\\\/\",\"logo\":{\"@type\":\"ImageObject\",\"inLanguage\":\"es\",\"@id\":\"https:\\\/\\\/www.clie.cl\\\/#\\\/schema\\\/logo\\\/image\\\/\",\"url\":\"https:\\\/\\\/www.clie.cl\\\/wp-content\\\/uploads\\\/2023\\\/10\\\/logo_clie_front_web_2023.png\",\"contentUrl\":\"https:\\\/\\\/www.clie.cl\\\/wp-content\\\/uploads\\\/2023\\\/10\\\/logo_clie_front_web_2023.png\",\"width\":139,\"height\":118,\"caption\":\"CLIE LIMITADA\"},\"image\":{\"@id\":\"https:\\\/\\\/www.clie.cl\\\/#\\\/schema\\\/logo\\\/image\\\/\"}}]}<\/script>\n<!-- \/ Yoast SEO plugin. -->","yoast_head_json":{"title":"Notebook Asus Expertbook B1 B1502, i5-1235U, 15.6\" FHD, Ram 16GB, SSD 512GB, W11 Pro (90NX05U1-M01FD0) - CLIE LIMITADA","robots":{"index":"index","follow":"follow","max-snippet":"max-snippet:-1","max-image-preview":"max-image-preview:large","max-video-preview":"max-video-preview:-1"},"canonical":"https:\/\/www.clie.cl\/index.php\/producto\/notebook-asus-expertbook-b1-502cba-nj1299x-90nx05u1-m01fd0\/","og_locale":"es_ES","og_type":"article","og_title":"Notebook Asus Expertbook B1 B1502, i5-1235U, 15.6\" FHD, Ram 16GB, SSD 512GB, W11 Pro (90NX05U1-M01FD0) - CLIE LIMITADA","og_description":"Producto original.\u00a0","og_url":"https:\/\/www.clie.cl\/index.php\/producto\/notebook-asus-expertbook-b1-502cba-nj1299x-90nx05u1-m01fd0\/","og_site_name":"CLIE LIMITADA","article_modified_time":"2025-07-10T04:25:09+00:00","og_image":[{"width":512,"height":512,"url":"https:\/\/www.clie.cl\/wp-content\/uploads\/2024\/06\/2.jpeg","type":"image\/jpeg"}],"twitter_card":"summary_large_image","twitter_misc":{"Tiempo de lectura":"2 minutos"},"schema":{"@context":"https:\/\/schema.org","@graph":[{"@type":"WebPage","@id":"https:\/\/www.clie.cl\/index.php\/producto\/notebook-asus-expertbook-b1-502cba-nj1299x-90nx05u1-m01fd0\/","url":"https:\/\/www.clie.cl\/index.php\/producto\/notebook-asus-expertbook-b1-502cba-nj1299x-90nx05u1-m01fd0\/","name":"Notebook Asus Expertbook B1 B1502, i5-1235U, 15.6\" FHD, Ram 16GB, SSD 512GB, W11 Pro (90NX05U1-M01FD0) - CLIE LIMITADA","isPartOf":{"@id":"https:\/\/www.clie.cl\/#website"},"primaryImageOfPage":{"@id":"https:\/\/www.clie.cl\/index.php\/producto\/notebook-asus-expertbook-b1-502cba-nj1299x-90nx05u1-m01fd0\/#primaryimage"},"image":{"@id":"https:\/\/www.clie.cl\/index.php\/producto\/notebook-asus-expertbook-b1-502cba-nj1299x-90nx05u1-m01fd0\/#primaryimage"},"thumbnailUrl":"https:\/\/www.clie.cl\/wp-content\/uploads\/2024\/06\/2.jpeg","datePublished":"2024-06-13T18:37:35+00:00","dateModified":"2025-07-10T04:25:09+00:00","breadcrumb":{"@id":"https:\/\/www.clie.cl\/index.php\/producto\/notebook-asus-expertbook-b1-502cba-nj1299x-90nx05u1-m01fd0\/#breadcrumb"},"inLanguage":"es","potentialAction":[{"@type":"ReadAction","target":["https:\/\/www.clie.cl\/index.php\/producto\/notebook-asus-expertbook-b1-502cba-nj1299x-90nx05u1-m01fd0\/"]}]},{"@type":"ImageObject","inLanguage":"es","@id":"https:\/\/www.clie.cl\/index.php\/producto\/notebook-asus-expertbook-b1-502cba-nj1299x-90nx05u1-m01fd0\/#primaryimage","url":"https:\/\/www.clie.cl\/wp-content\/uploads\/2024\/06\/2.jpeg","contentUrl":"https:\/\/www.clie.cl\/wp-content\/uploads\/2024\/06\/2.jpeg","width":512,"height":512},{"@type":"BreadcrumbList","@id":"https:\/\/www.clie.cl\/index.php\/producto\/notebook-asus-expertbook-b1-502cba-nj1299x-90nx05u1-m01fd0\/#breadcrumb","itemListElement":[{"@type":"ListItem","position":1,"name":"Portada","item":"https:\/\/www.clie.cl\/"},{"@type":"ListItem","position":2,"name":"Productos","item":"https:\/\/www.clie.cl\/index.php\/shop\/"},{"@type":"ListItem","position":3,"name":"Notebook Asus Expertbook B1 B1502, i5-1235U, 15.6&#8243; FHD, Ram 16GB, SSD 512GB, W11 Pro (90NX05U1-M01FD0)"}]},{"@type":"WebSite","@id":"https:\/\/www.clie.cl\/#website","url":"https:\/\/www.clie.cl\/","name":"CLIE.cl","description":"Clie Limitada","publisher":{"@id":"https:\/\/www.clie.cl\/#organization"},"alternateName":"CLIE","potentialAction":[{"@type":"SearchAction","target":{"@type":"EntryPoint","urlTemplate":"https:\/\/www.clie.cl\/?s={search_term_string}"},"query-input":{"@type":"PropertyValueSpecification","valueRequired":true,"valueName":"search_term_string"}}],"inLanguage":"es"},{"@type":"Organization","@id":"https:\/\/www.clie.cl\/#organization","name":"CLIE LIMITADA","url":"https:\/\/www.clie.cl\/","logo":{"@type":"ImageObject","inLanguage":"es","@id":"https:\/\/www.clie.cl\/#\/schema\/logo\/image\/","url":"https:\/\/www.clie.cl\/wp-content\/uploads\/2023\/10\/logo_clie_front_web_2023.png","contentUrl":"https:\/\/www.clie.cl\/wp-content\/uploads\/2023\/10\/logo_clie_front_web_2023.png","width":139,"height":118,"caption":"CLIE LIMITADA"},"image":{"@id":"https:\/\/www.clie.cl\/#\/schema\/logo\/image\/"}}]}},"_links":{"self":[{"href":"https:\/\/www.clie.cl\/index.php\/wp-json\/wp\/v2\/product\/2518","targetHints":{"allow":["GET"]}}],"collection":[{"href":"https:\/\/www.clie.cl\/index.php\/wp-json\/wp\/v2\/product"}],"about":[{"href":"https:\/\/www.clie.cl\/index.php\/wp-json\/wp\/v2\/types\/product"}],"replies":[{"embeddable":true,"href":"https:\/\/www.clie.cl\/index.php\/wp-json\/wp\/v2\/comments?post=2518"}],"wp:featuredmedia":[{"embeddable":true,"href":"https:\/\/www.clie.cl\/index.php\/wp-json\/wp\/v2\/media\/2525"}],"wp:attachment":[{"href":"https:\/\/www.clie.cl\/index.php\/wp-json\/wp\/v2\/media?parent=2518"}],"wp:term":[{"taxonomy":"product_brand","embeddable":true,"href":"https:\/\/www.clie.cl\/index.php\/wp-json\/wp\/v2\/product_brand?post=2518"},{"taxonomy":"product_cat","embeddable":true,"href":"https:\/\/www.clie.cl\/index.php\/wp-json\/wp\/v2\/product_cat?post=2518"},{"taxonomy":"product_tag","embeddable":true,"href":"https:\/\/www.clie.cl\/index.php\/wp-json\/wp\/v2\/product_tag?post=2518"}],"curies":[{"name":"wp","href":"https:\/\/api.w.org\/{rel}","templated":true}]}}