{"id":2498,"date":"2024-06-12T15:03:49","date_gmt":"2024-06-12T19:03:49","guid":{"rendered":"https:\/\/clie.cl\/?post_type=product&#038;p=2498"},"modified":"2026-03-11T09:22:23","modified_gmt":"2026-03-11T13:22:23","slug":"teclado-logitech-mx-keys-mini-ergonomic-design-inalambrico-espanol-grey-920-010477","status":"publish","type":"product","link":"https:\/\/www.clie.cl\/index.php\/producto\/teclado-logitech-mx-keys-mini-ergonomic-design-inalambrico-espanol-grey-920-010477\/","title":{"rendered":"Teclado Logitech MX Keys Mini Ergonomic Design Inal\u00e1mbrico &#8211; Espa\u00f1ol &#8211; Grey 920-010477"},"content":{"rendered":"<p>Dimensiones<br \/>\nTeclado MX Keys Mini<br \/>\nAltura: 131,95 mm<br \/>\nAncho: 295,99 mm<br \/>\nProfundidad: 20,97 mm<br \/>\nPeso: 506,4 g<\/p>\n<p>Especificaciones t\u00e9cnicas<br \/>\nTeclado inal\u00e1mbrico minimalista iluminado<br \/>\nConexi\u00f3n mediante tecnolog\u00eda Bluetooth de bajo consumo<br \/>\nEasy-Switch: conecta hasta tres dispositivos y alterna entre ellos<br \/>\nRadio de acci\u00f3n inal\u00e1mbrico de 10 metros 1El radio de acci\u00f3n inal\u00e1mbrico depende del entorno operativo y de la configuraci\u00f3n de la computadora.<br \/>\nRetroiluminaci\u00f3n activada por sensor de proximidad de manos<br \/>\nSensor de luz ambiental con ajuste autom\u00e1tico<br \/>\nRecargable por USB-C: hasta 10 d\u00edas o hasta 5 meses con la retroiluminaci\u00f3n desactivada 2La duraci\u00f3n de las bater\u00edas depende del uso y de los dispositivos.<br \/>\nConmutador de encendido\/apagado<br \/>\nIndicadores luminosos de bloqueo de may\u00fasculas y carga de bater\u00eda<br \/>\nCompatible con mouse dotado de tecnolog\u00eda Logitech Flow 3Requiere Logi Options+ disponible para Windows y macOS en logitech.com\/optionsplus<\/p>\n<p>Bater\u00eda<br \/>\nBater\u00eda recargable de Li-Po (1500 mAh)<\/p>\n<p>Aplicaci\u00f3n de personalizaci\u00f3n<br \/>\nCompatible con Logi Options+ en Windows y macOS4Disponible para Windows y macOS en logitech.com\/optionsplus<\/p>\n<p>ATENCI\u00d3N: FILEVAULT<br \/>\nFileVault es un sistema de cifrado disponible en algunos equipos Mac. Cuando est\u00e1 activado, puede impedir que los dispositivos Bluetooth se conecten con la computadora si a\u00fan no iniciaste sesi\u00f3n. Si tienes FileVault activado, aconsejamos la compra del receptor USB Logi Bolt compatible.<\/p>\n<p>Sostenibilidad<br \/>\nPl\u00e1stico en grafito: 30% de material reciclado posconsumo 5Excepto el empaque y pl\u00e1stico de la placa de circuito impreso (PCB).<br \/>\nPl\u00e1stico gris p\u00e1lido y rosado: 12% de material reciclado posconsumo 6Excepto el empaque y pl\u00e1stico de la placa de circuito impreso (PCB).<br \/>\nEmpacado de papel: Certificaci\u00f3n para FSC\u2122<\/p>\n<p>Huella de carbono del producto: 10,78 kg CO2e<\/p>\n<p>Certificaci\u00f3n de neutralidad de carbono<\/p>\n<p>Informaci\u00f3n de garant\u00eda<br \/>\nUn a\u00f1o de garant\u00eda de hardware limitada<\/p>\n<p>N\u00famero de referencia<br \/>\nGris p\u00e1lido Espa\u00f1ol (Qwerty) Two Year Extended Warranty : 920-010477<br \/>\nRosa Espa\u00f1ol (Qwerty) Two Year Extended Warranty : 920-010478<br \/>\nGrafito Espa\u00f1ol (Qwerty) Two Year Extended Warranty : 920-010476<\/p>\n<p>Requisitos<\/p>\n<p>Se requiere acceso a Internet para descargar la aplicaci\u00f3n de personalizaci\u00f3n opcional Logi Options+7Disponible para Windows y macOS en logitech.com\/optionsplus<br \/>\nDispositivo con Bluetooth Low Energy utilizable con teclado<\/p>\n<p>Bluetooth Low Energy<br \/>\nDise\u00f1ado para port\u00e1tiles Intel\u00ae Evo\u2122<\/p>\n<p>Requiere: Tecnolog\u00eda Bluetooth de bajo consumo<\/p>\n<p>Windows<\/p>\n<p>macOS<\/p>\n<p>iOS 8Las funciones b\u00e1sicas de los dispositivos se admitir\u00e1n sin software para sistemas operativos distintos de Windows\u00ae y macOS<\/p>\n<p>iPadOS 9Las funciones b\u00e1sicas de los dispositivos se admitir\u00e1n sin software para sistemas operativos distintos de Windows\u00ae y macOS<\/p>\n<p>Linux 10Las funciones b\u00e1sicas de los dispositivos se admitir\u00e1n sin software para sistemas operativos distintos de Windows\u00ae y macOS<\/p>\n<p>ChromeOS 11Las funciones b\u00e1sicas de los dispositivos se admitir\u00e1n sin software para sistemas operativos distintos de Windows\u00ae y macOS<\/p>\n<p>Android\u2122 12Las funciones b\u00e1sicas de los dispositivos se admitir\u00e1n sin software para sistemas operativos distintos de Windows\u00ae y macOS<\/p>\n<p>Compatibilidad<br \/>\nCompatible con receptor USB Logi Bolt (no incluido)<br \/>\nLos productos inal\u00e1mbricos Logi Bolt no se emparejar\u00e1n con otros receptores USB Logitech.<\/p>\n","protected":false},"excerpt":{"rendered":"<p>Producto original.<\/p>\n<div id=\"gtx-trans\" style=\"position: absolute; left: -5px; top: -3px;\">\n<div class=\"gtx-trans-icon\"><\/div>\n<\/div>\n","protected":false},"featured_media":4875,"comment_status":"open","ping_status":"closed","template":"","meta":{"site-sidebar-layout":"default","site-content-layout":"","ast-site-content-layout":"default","site-content-style":"default","site-sidebar-style":"default","ast-global-header-display":"","ast-banner-title-visibility":"","ast-main-header-display":"","ast-hfb-above-header-display":"","ast-hfb-below-header-display":"","ast-hfb-mobile-header-display":"","site-post-title":"","ast-breadcrumbs-content":"","ast-featured-img":"","footer-sml-layout":"","ast-disable-related-posts":"","theme-transparent-header-meta":"default","adv-header-id-meta":"","stick-header-meta":"default","header-above-stick-meta":"","header-main-stick-meta":"","header-below-stick-meta":"","astra-migrate-meta-layouts":"set","ast-page-background-enabled":"default","ast-page-background-meta":{"desktop":{"background-color":"var(--ast-global-color-4)","background-image":"","background-repeat":"repeat","background-position":"center center","background-size":"auto","background-attachment":"scroll","background-type":"","background-media":"","overlay-type":"","overlay-color":"","overlay-opacity":"","overlay-gradient":""},"tablet":{"background-color":"","background-image":"","background-repeat":"repeat","background-position":"center center","background-size":"auto","background-attachment":"scroll","background-type":"","background-media":"","overlay-type":"","overlay-color":"","overlay-opacity":"","overlay-gradient":""},"mobile":{"background-color":"","background-image":"","background-repeat":"repeat","background-position":"center center","background-size":"auto","background-attachment":"scroll","background-type":"","background-media":"","overlay-type":"","overlay-color":"","overlay-opacity":"","overlay-gradient":""}},"ast-content-background-meta":{"desktop":{"background-color":"var(--ast-global-color-5)","background-image":"","background-repeat":"repeat","background-position":"center center","background-size":"auto","background-attachment":"scroll","background-type":"","background-media":"","overlay-type":"","overlay-color":"","overlay-opacity":"","overlay-gradient":""},"tablet":{"background-color":"var(--ast-global-color-5)","background-image":"","background-repeat":"repeat","background-position":"center center","background-size":"auto","background-attachment":"scroll","background-type":"","background-media":"","overlay-type":"","overlay-color":"","overlay-opacity":"","overlay-gradient":""},"mobile":{"background-color":"var(--ast-global-color-5)","background-image":"","background-repeat":"repeat","background-position":"center center","background-size":"auto","background-attachment":"scroll","background-type":"","background-media":"","overlay-type":"","overlay-color":"","overlay-opacity":"","overlay-gradient":""}}},"product_brand":[979],"product_cat":[112,270],"product_tag":[740,271,741],"class_list":{"0":"post-2498","1":"product","2":"type-product","3":"status-publish","4":"has-post-thumbnail","6":"product_brand-logitech","7":"product_cat-accesorios","8":"product_cat-teclados","9":"product_tag-920-010477","10":"product_tag-teclado","11":"product_tag-teclado-logitech-mx-keys-mini-ergonomic-design-inalambrico","12":"desktop-align-left","13":"tablet-align-left","14":"mobile-align-left","15":"ast-product-gallery-layout-horizontal-slider","16":"ast-product-gallery-with-no-image","17":"ast-magnify-disabled","18":"ast-product-tabs-layout-horizontal","19":"ast-qv-on-image","21":"first","22":"outofstock","23":"sale","24":"taxable","25":"shipping-taxable","26":"purchasable","27":"product-type-simple"},"yoast_head":"<!-- This site is optimized with the Yoast SEO plugin v27.5 - https:\/\/yoast.com\/product\/yoast-seo-wordpress\/ -->\n<title>Teclado Logitech MX Keys Mini Ergonomic Design Inal\u00e1mbrico - Espa\u00f1ol - Grey 920-010477 - CLIE LIMITADA<\/title>\n<meta name=\"robots\" content=\"index, follow, max-snippet:-1, max-image-preview:large, max-video-preview:-1\" \/>\n<link rel=\"canonical\" href=\"https:\/\/www.clie.cl\/index.php\/producto\/teclado-logitech-mx-keys-mini-ergonomic-design-inalambrico-espanol-grey-920-010477\/\" \/>\n<meta property=\"og:locale\" content=\"es_ES\" \/>\n<meta property=\"og:type\" content=\"article\" \/>\n<meta property=\"og:title\" content=\"Teclado Logitech MX Keys Mini Ergonomic Design Inal\u00e1mbrico - Espa\u00f1ol - Grey 920-010477 - CLIE LIMITADA\" \/>\n<meta property=\"og:description\" content=\"Producto original.\" \/>\n<meta property=\"og:url\" content=\"https:\/\/www.clie.cl\/index.php\/producto\/teclado-logitech-mx-keys-mini-ergonomic-design-inalambrico-espanol-grey-920-010477\/\" \/>\n<meta property=\"og:site_name\" content=\"CLIE LIMITADA\" \/>\n<meta property=\"article:modified_time\" content=\"2026-03-11T13:22:23+00:00\" \/>\n<meta property=\"og:image\" content=\"https:\/\/www.clie.cl\/wp-content\/uploads\/2024\/06\/920-010477.jpg\" \/>\n\t<meta property=\"og:image:width\" content=\"2000\" \/>\n\t<meta property=\"og:image:height\" content=\"2000\" \/>\n\t<meta property=\"og:image:type\" content=\"image\/jpeg\" \/>\n<meta name=\"twitter:card\" content=\"summary_large_image\" \/>\n<meta name=\"twitter:label1\" content=\"Tiempo de lectura\" \/>\n\t<meta name=\"twitter:data1\" content=\"3 minutos\" \/>\n<script type=\"application\/ld+json\" class=\"yoast-schema-graph\">{\"@context\":\"https:\\\/\\\/schema.org\",\"@graph\":[{\"@type\":\"WebPage\",\"@id\":\"https:\\\/\\\/www.clie.cl\\\/index.php\\\/producto\\\/teclado-logitech-mx-keys-mini-ergonomic-design-inalambrico-espanol-grey-920-010477\\\/\",\"url\":\"https:\\\/\\\/www.clie.cl\\\/index.php\\\/producto\\\/teclado-logitech-mx-keys-mini-ergonomic-design-inalambrico-espanol-grey-920-010477\\\/\",\"name\":\"Teclado Logitech MX Keys Mini Ergonomic Design Inal\u00e1mbrico - Espa\u00f1ol - Grey 920-010477 - CLIE LIMITADA\",\"isPartOf\":{\"@id\":\"https:\\\/\\\/www.clie.cl\\\/#website\"},\"primaryImageOfPage\":{\"@id\":\"https:\\\/\\\/www.clie.cl\\\/index.php\\\/producto\\\/teclado-logitech-mx-keys-mini-ergonomic-design-inalambrico-espanol-grey-920-010477\\\/#primaryimage\"},\"image\":{\"@id\":\"https:\\\/\\\/www.clie.cl\\\/index.php\\\/producto\\\/teclado-logitech-mx-keys-mini-ergonomic-design-inalambrico-espanol-grey-920-010477\\\/#primaryimage\"},\"thumbnailUrl\":\"https:\\\/\\\/www.clie.cl\\\/wp-content\\\/uploads\\\/2024\\\/06\\\/920-010477.jpg\",\"datePublished\":\"2024-06-12T19:03:49+00:00\",\"dateModified\":\"2026-03-11T13:22:23+00:00\",\"breadcrumb\":{\"@id\":\"https:\\\/\\\/www.clie.cl\\\/index.php\\\/producto\\\/teclado-logitech-mx-keys-mini-ergonomic-design-inalambrico-espanol-grey-920-010477\\\/#breadcrumb\"},\"inLanguage\":\"es\",\"potentialAction\":[{\"@type\":\"ReadAction\",\"target\":[\"https:\\\/\\\/www.clie.cl\\\/index.php\\\/producto\\\/teclado-logitech-mx-keys-mini-ergonomic-design-inalambrico-espanol-grey-920-010477\\\/\"]}]},{\"@type\":\"ImageObject\",\"inLanguage\":\"es\",\"@id\":\"https:\\\/\\\/www.clie.cl\\\/index.php\\\/producto\\\/teclado-logitech-mx-keys-mini-ergonomic-design-inalambrico-espanol-grey-920-010477\\\/#primaryimage\",\"url\":\"https:\\\/\\\/www.clie.cl\\\/wp-content\\\/uploads\\\/2024\\\/06\\\/920-010477.jpg\",\"contentUrl\":\"https:\\\/\\\/www.clie.cl\\\/wp-content\\\/uploads\\\/2024\\\/06\\\/920-010477.jpg\",\"width\":2000,\"height\":2000},{\"@type\":\"BreadcrumbList\",\"@id\":\"https:\\\/\\\/www.clie.cl\\\/index.php\\\/producto\\\/teclado-logitech-mx-keys-mini-ergonomic-design-inalambrico-espanol-grey-920-010477\\\/#breadcrumb\",\"itemListElement\":[{\"@type\":\"ListItem\",\"position\":1,\"name\":\"Portada\",\"item\":\"https:\\\/\\\/www.clie.cl\\\/\"},{\"@type\":\"ListItem\",\"position\":2,\"name\":\"Productos\",\"item\":\"https:\\\/\\\/www.clie.cl\\\/index.php\\\/shop\\\/\"},{\"@type\":\"ListItem\",\"position\":3,\"name\":\"Teclado Logitech MX Keys Mini Ergonomic Design Inal\u00e1mbrico &#8211; Espa\u00f1ol &#8211; Grey 920-010477\"}]},{\"@type\":\"WebSite\",\"@id\":\"https:\\\/\\\/www.clie.cl\\\/#website\",\"url\":\"https:\\\/\\\/www.clie.cl\\\/\",\"name\":\"CLIE.cl\",\"description\":\"Clie Limitada\",\"publisher\":{\"@id\":\"https:\\\/\\\/www.clie.cl\\\/#organization\"},\"alternateName\":\"CLIE\",\"potentialAction\":[{\"@type\":\"SearchAction\",\"target\":{\"@type\":\"EntryPoint\",\"urlTemplate\":\"https:\\\/\\\/www.clie.cl\\\/?s={search_term_string}\"},\"query-input\":{\"@type\":\"PropertyValueSpecification\",\"valueRequired\":true,\"valueName\":\"search_term_string\"}}],\"inLanguage\":\"es\"},{\"@type\":\"Organization\",\"@id\":\"https:\\\/\\\/www.clie.cl\\\/#organization\",\"name\":\"CLIE LIMITADA\",\"url\":\"https:\\\/\\\/www.clie.cl\\\/\",\"logo\":{\"@type\":\"ImageObject\",\"inLanguage\":\"es\",\"@id\":\"https:\\\/\\\/www.clie.cl\\\/#\\\/schema\\\/logo\\\/image\\\/\",\"url\":\"https:\\\/\\\/www.clie.cl\\\/wp-content\\\/uploads\\\/2023\\\/10\\\/logo_clie_front_web_2023.png\",\"contentUrl\":\"https:\\\/\\\/www.clie.cl\\\/wp-content\\\/uploads\\\/2023\\\/10\\\/logo_clie_front_web_2023.png\",\"width\":139,\"height\":118,\"caption\":\"CLIE LIMITADA\"},\"image\":{\"@id\":\"https:\\\/\\\/www.clie.cl\\\/#\\\/schema\\\/logo\\\/image\\\/\"}}]}<\/script>\n<!-- \/ Yoast SEO plugin. -->","yoast_head_json":{"title":"Teclado Logitech MX Keys Mini Ergonomic Design Inal\u00e1mbrico - Espa\u00f1ol - Grey 920-010477 - CLIE LIMITADA","robots":{"index":"index","follow":"follow","max-snippet":"max-snippet:-1","max-image-preview":"max-image-preview:large","max-video-preview":"max-video-preview:-1"},"canonical":"https:\/\/www.clie.cl\/index.php\/producto\/teclado-logitech-mx-keys-mini-ergonomic-design-inalambrico-espanol-grey-920-010477\/","og_locale":"es_ES","og_type":"article","og_title":"Teclado Logitech MX Keys Mini Ergonomic Design Inal\u00e1mbrico - Espa\u00f1ol - Grey 920-010477 - CLIE LIMITADA","og_description":"Producto original.","og_url":"https:\/\/www.clie.cl\/index.php\/producto\/teclado-logitech-mx-keys-mini-ergonomic-design-inalambrico-espanol-grey-920-010477\/","og_site_name":"CLIE LIMITADA","article_modified_time":"2026-03-11T13:22:23+00:00","og_image":[{"width":2000,"height":2000,"url":"https:\/\/www.clie.cl\/wp-content\/uploads\/2024\/06\/920-010477.jpg","type":"image\/jpeg"}],"twitter_card":"summary_large_image","twitter_misc":{"Tiempo de lectura":"3 minutos"},"schema":{"@context":"https:\/\/schema.org","@graph":[{"@type":"WebPage","@id":"https:\/\/www.clie.cl\/index.php\/producto\/teclado-logitech-mx-keys-mini-ergonomic-design-inalambrico-espanol-grey-920-010477\/","url":"https:\/\/www.clie.cl\/index.php\/producto\/teclado-logitech-mx-keys-mini-ergonomic-design-inalambrico-espanol-grey-920-010477\/","name":"Teclado Logitech MX Keys Mini Ergonomic Design Inal\u00e1mbrico - Espa\u00f1ol - Grey 920-010477 - CLIE LIMITADA","isPartOf":{"@id":"https:\/\/www.clie.cl\/#website"},"primaryImageOfPage":{"@id":"https:\/\/www.clie.cl\/index.php\/producto\/teclado-logitech-mx-keys-mini-ergonomic-design-inalambrico-espanol-grey-920-010477\/#primaryimage"},"image":{"@id":"https:\/\/www.clie.cl\/index.php\/producto\/teclado-logitech-mx-keys-mini-ergonomic-design-inalambrico-espanol-grey-920-010477\/#primaryimage"},"thumbnailUrl":"https:\/\/www.clie.cl\/wp-content\/uploads\/2024\/06\/920-010477.jpg","datePublished":"2024-06-12T19:03:49+00:00","dateModified":"2026-03-11T13:22:23+00:00","breadcrumb":{"@id":"https:\/\/www.clie.cl\/index.php\/producto\/teclado-logitech-mx-keys-mini-ergonomic-design-inalambrico-espanol-grey-920-010477\/#breadcrumb"},"inLanguage":"es","potentialAction":[{"@type":"ReadAction","target":["https:\/\/www.clie.cl\/index.php\/producto\/teclado-logitech-mx-keys-mini-ergonomic-design-inalambrico-espanol-grey-920-010477\/"]}]},{"@type":"ImageObject","inLanguage":"es","@id":"https:\/\/www.clie.cl\/index.php\/producto\/teclado-logitech-mx-keys-mini-ergonomic-design-inalambrico-espanol-grey-920-010477\/#primaryimage","url":"https:\/\/www.clie.cl\/wp-content\/uploads\/2024\/06\/920-010477.jpg","contentUrl":"https:\/\/www.clie.cl\/wp-content\/uploads\/2024\/06\/920-010477.jpg","width":2000,"height":2000},{"@type":"BreadcrumbList","@id":"https:\/\/www.clie.cl\/index.php\/producto\/teclado-logitech-mx-keys-mini-ergonomic-design-inalambrico-espanol-grey-920-010477\/#breadcrumb","itemListElement":[{"@type":"ListItem","position":1,"name":"Portada","item":"https:\/\/www.clie.cl\/"},{"@type":"ListItem","position":2,"name":"Productos","item":"https:\/\/www.clie.cl\/index.php\/shop\/"},{"@type":"ListItem","position":3,"name":"Teclado Logitech MX Keys Mini Ergonomic Design Inal\u00e1mbrico &#8211; Espa\u00f1ol &#8211; Grey 920-010477"}]},{"@type":"WebSite","@id":"https:\/\/www.clie.cl\/#website","url":"https:\/\/www.clie.cl\/","name":"CLIE.cl","description":"Clie Limitada","publisher":{"@id":"https:\/\/www.clie.cl\/#organization"},"alternateName":"CLIE","potentialAction":[{"@type":"SearchAction","target":{"@type":"EntryPoint","urlTemplate":"https:\/\/www.clie.cl\/?s={search_term_string}"},"query-input":{"@type":"PropertyValueSpecification","valueRequired":true,"valueName":"search_term_string"}}],"inLanguage":"es"},{"@type":"Organization","@id":"https:\/\/www.clie.cl\/#organization","name":"CLIE LIMITADA","url":"https:\/\/www.clie.cl\/","logo":{"@type":"ImageObject","inLanguage":"es","@id":"https:\/\/www.clie.cl\/#\/schema\/logo\/image\/","url":"https:\/\/www.clie.cl\/wp-content\/uploads\/2023\/10\/logo_clie_front_web_2023.png","contentUrl":"https:\/\/www.clie.cl\/wp-content\/uploads\/2023\/10\/logo_clie_front_web_2023.png","width":139,"height":118,"caption":"CLIE LIMITADA"},"image":{"@id":"https:\/\/www.clie.cl\/#\/schema\/logo\/image\/"}}]}},"_links":{"self":[{"href":"https:\/\/www.clie.cl\/index.php\/wp-json\/wp\/v2\/product\/2498","targetHints":{"allow":["GET"]}}],"collection":[{"href":"https:\/\/www.clie.cl\/index.php\/wp-json\/wp\/v2\/product"}],"about":[{"href":"https:\/\/www.clie.cl\/index.php\/wp-json\/wp\/v2\/types\/product"}],"replies":[{"embeddable":true,"href":"https:\/\/www.clie.cl\/index.php\/wp-json\/wp\/v2\/comments?post=2498"}],"wp:featuredmedia":[{"embeddable":true,"href":"https:\/\/www.clie.cl\/index.php\/wp-json\/wp\/v2\/media\/4875"}],"wp:attachment":[{"href":"https:\/\/www.clie.cl\/index.php\/wp-json\/wp\/v2\/media?parent=2498"}],"wp:term":[{"taxonomy":"product_brand","embeddable":true,"href":"https:\/\/www.clie.cl\/index.php\/wp-json\/wp\/v2\/product_brand?post=2498"},{"taxonomy":"product_cat","embeddable":true,"href":"https:\/\/www.clie.cl\/index.php\/wp-json\/wp\/v2\/product_cat?post=2498"},{"taxonomy":"product_tag","embeddable":true,"href":"https:\/\/www.clie.cl\/index.php\/wp-json\/wp\/v2\/product_tag?post=2498"}],"curies":[{"name":"wp","href":"https:\/\/api.w.org\/{rel}","templated":true}]}}