{"id":2493,"date":"2024-06-12T14:37:25","date_gmt":"2024-06-12T18:37:25","guid":{"rendered":"https:\/\/clie.cl\/?post_type=product&#038;p=2493"},"modified":"2025-07-10T00:23:40","modified_gmt":"2025-07-10T04:23:40","slug":"mochila-hp-creator-de-16-1-6m5s3aa","status":"publish","type":"product","link":"https:\/\/www.clie.cl\/index.php\/producto\/mochila-hp-creator-de-16-1-6m5s3aa\/","title":{"rendered":"Mochila HP Creator de 16.1&#8243; 6M5S3AA"},"content":{"rendered":"<h4>Todo en su lugar<\/h4>\n<p>Proteja todos sus dispositivos, accesorios y proyectos en el lugar donde est\u00e9n. Personalice el compartimento principal en todas las formas y tama\u00f1os para que se ajuste a su equipo con los divisores acolchados extra\u00edbles. Gracias a la cubierta impermeable incorporada[1], podr\u00e1 moverse fluidamente por el mundo y estar listo para salir cuando le llegue la inspiraci\u00f3n, llueva o truene.<\/p>\n<h4>Sus ideas van a todas partes<\/h4>\n<p>Las resistentes correas de viaje, que son c\u00f3modas y livianas, lo mantienen c\u00f3modo dondequiera que est\u00e9. Las correas adicionales para la cintura y el estern\u00f3n mantienen el peso distribuido c\u00f3modamente. El compartimento de acceso r\u00e1pido para laptops de hasta 16,1 pulgadas es ideal para guardarlas r\u00e1pidamente y sacarlas aun m\u00e1s r\u00e1pido. Eso s\u00ed que es estar preparado para viajar.<\/p>\n<h4>Inspiraci\u00f3n: asegurada<\/h4>\n<p>Vuelva a hacer cosas geniales; lo dem\u00e1s est\u00e1 a salvo aqu\u00ed. Tiene un bolsillo con bloqueo RFID para mantener sus datos a salvo de los carteristas digitales, adem\u00e1s de cierres antirrobo que se pueden asegurar con un peque\u00f1o anillo de anclaje. Esta s\u00ed que es una mochila futurista.<\/p>\n<h4>Se ve bien. Funciona bien.<\/h4>\n<p>Llevar tu estudio a donde quiera que vayas nunca se ha sentido m\u00e1s ligero con una mochila cuyo material externo contiene pl\u00e1stico 100% reciclado. Ahora puedes crear cosas geniales sobre la marcha sabiendo que hay 13 botellas de pl\u00e1stico menos por ah\u00ed[2].<\/p>\n","protected":false},"excerpt":{"rendered":"<p>Producto original.<\/p>\n<div id=\"gtx-trans\" style=\"position: absolute;left: -5px;top: -3px\">\n<div class=\"gtx-trans-icon\">\u00a0<\/div>\n<\/div>\n","protected":false},"featured_media":4872,"comment_status":"open","ping_status":"closed","template":"","meta":{"site-sidebar-layout":"default","site-content-layout":"","ast-site-content-layout":"default","site-content-style":"default","site-sidebar-style":"default","ast-global-header-display":"","ast-banner-title-visibility":"","ast-main-header-display":"","ast-hfb-above-header-display":"","ast-hfb-below-header-display":"","ast-hfb-mobile-header-display":"","site-post-title":"","ast-breadcrumbs-content":"","ast-featured-img":"","footer-sml-layout":"","ast-disable-related-posts":"","theme-transparent-header-meta":"default","adv-header-id-meta":"","stick-header-meta":"default","header-above-stick-meta":"","header-main-stick-meta":"","header-below-stick-meta":"","astra-migrate-meta-layouts":"set","ast-page-background-enabled":"default","ast-page-background-meta":{"desktop":{"background-color":"var(--ast-global-color-4)","background-image":"","background-repeat":"repeat","background-position":"center center","background-size":"auto","background-attachment":"scroll","background-type":"","background-media":"","overlay-type":"","overlay-color":"","overlay-opacity":"","overlay-gradient":""},"tablet":{"background-color":"","background-image":"","background-repeat":"repeat","background-position":"center center","background-size":"auto","background-attachment":"scroll","background-type":"","background-media":"","overlay-type":"","overlay-color":"","overlay-opacity":"","overlay-gradient":""},"mobile":{"background-color":"","background-image":"","background-repeat":"repeat","background-position":"center center","background-size":"auto","background-attachment":"scroll","background-type":"","background-media":"","overlay-type":"","overlay-color":"","overlay-opacity":"","overlay-gradient":""}},"ast-content-background-meta":{"desktop":{"background-color":"var(--ast-global-color-5)","background-image":"","background-repeat":"repeat","background-position":"center center","background-size":"auto","background-attachment":"scroll","background-type":"","background-media":"","overlay-type":"","overlay-color":"","overlay-opacity":"","overlay-gradient":""},"tablet":{"background-color":"var(--ast-global-color-5)","background-image":"","background-repeat":"repeat","background-position":"center center","background-size":"auto","background-attachment":"scroll","background-type":"","background-media":"","overlay-type":"","overlay-color":"","overlay-opacity":"","overlay-gradient":""},"mobile":{"background-color":"var(--ast-global-color-5)","background-image":"","background-repeat":"repeat","background-position":"center center","background-size":"auto","background-attachment":"scroll","background-type":"","background-media":"","overlay-type":"","overlay-color":"","overlay-opacity":"","overlay-gradient":""}}},"product_brand":[967],"product_cat":[112,267],"product_tag":[738,268,739],"class_list":{"0":"post-2493","1":"product","2":"type-product","3":"status-publish","4":"has-post-thumbnail","6":"product_brand-hp","7":"product_cat-accesorios","8":"product_cat-mochilas-y-maletines","9":"product_tag-6m5s3aa","10":"product_tag-mochila","11":"product_tag-mochila-hp-creator-de-16-1-6m5s3aa","12":"desktop-align-left","13":"tablet-align-left","14":"mobile-align-left","15":"ast-product-gallery-layout-horizontal-slider","16":"ast-magnify-disabled","17":"ast-product-tabs-layout-horizontal","18":"ast-qv-on-image","20":"first","21":"outofstock","22":"sale","23":"taxable","24":"shipping-taxable","25":"purchasable","26":"product-type-simple"},"yoast_head":"<!-- This site is optimized with the Yoast SEO plugin v27.5 - https:\/\/yoast.com\/product\/yoast-seo-wordpress\/ -->\n<title>Mochila HP Creator de 16.1&quot; 6M5S3AA - CLIE LIMITADA<\/title>\n<meta name=\"robots\" content=\"index, follow, max-snippet:-1, max-image-preview:large, max-video-preview:-1\" \/>\n<link rel=\"canonical\" href=\"https:\/\/www.clie.cl\/index.php\/producto\/mochila-hp-creator-de-16-1-6m5s3aa\/\" \/>\n<meta property=\"og:locale\" content=\"es_ES\" \/>\n<meta property=\"og:type\" content=\"article\" \/>\n<meta property=\"og:title\" content=\"Mochila HP Creator de 16.1&quot; 6M5S3AA - CLIE LIMITADA\" \/>\n<meta property=\"og:description\" content=\"Producto original.\u00a0\" \/>\n<meta property=\"og:url\" content=\"https:\/\/www.clie.cl\/index.php\/producto\/mochila-hp-creator-de-16-1-6m5s3aa\/\" \/>\n<meta property=\"og:site_name\" content=\"CLIE LIMITADA\" \/>\n<meta property=\"article:modified_time\" content=\"2025-07-10T04:23:40+00:00\" \/>\n<meta property=\"og:image\" content=\"https:\/\/www.clie.cl\/wp-content\/uploads\/2024\/06\/6M5S3AA.jpg\" \/>\n\t<meta property=\"og:image:width\" content=\"2000\" \/>\n\t<meta property=\"og:image:height\" content=\"2000\" \/>\n\t<meta property=\"og:image:type\" content=\"image\/jpeg\" \/>\n<meta name=\"twitter:card\" content=\"summary_large_image\" \/>\n<meta name=\"twitter:label1\" content=\"Tiempo de lectura\" \/>\n\t<meta name=\"twitter:data1\" content=\"2 minutos\" \/>\n<script type=\"application\/ld+json\" class=\"yoast-schema-graph\">{\"@context\":\"https:\\\/\\\/schema.org\",\"@graph\":[{\"@type\":\"WebPage\",\"@id\":\"https:\\\/\\\/www.clie.cl\\\/index.php\\\/producto\\\/mochila-hp-creator-de-16-1-6m5s3aa\\\/\",\"url\":\"https:\\\/\\\/www.clie.cl\\\/index.php\\\/producto\\\/mochila-hp-creator-de-16-1-6m5s3aa\\\/\",\"name\":\"Mochila HP Creator de 16.1\\\" 6M5S3AA - CLIE LIMITADA\",\"isPartOf\":{\"@id\":\"https:\\\/\\\/www.clie.cl\\\/#website\"},\"primaryImageOfPage\":{\"@id\":\"https:\\\/\\\/www.clie.cl\\\/index.php\\\/producto\\\/mochila-hp-creator-de-16-1-6m5s3aa\\\/#primaryimage\"},\"image\":{\"@id\":\"https:\\\/\\\/www.clie.cl\\\/index.php\\\/producto\\\/mochila-hp-creator-de-16-1-6m5s3aa\\\/#primaryimage\"},\"thumbnailUrl\":\"https:\\\/\\\/www.clie.cl\\\/wp-content\\\/uploads\\\/2024\\\/06\\\/6M5S3AA.jpg\",\"datePublished\":\"2024-06-12T18:37:25+00:00\",\"dateModified\":\"2025-07-10T04:23:40+00:00\",\"breadcrumb\":{\"@id\":\"https:\\\/\\\/www.clie.cl\\\/index.php\\\/producto\\\/mochila-hp-creator-de-16-1-6m5s3aa\\\/#breadcrumb\"},\"inLanguage\":\"es\",\"potentialAction\":[{\"@type\":\"ReadAction\",\"target\":[\"https:\\\/\\\/www.clie.cl\\\/index.php\\\/producto\\\/mochila-hp-creator-de-16-1-6m5s3aa\\\/\"]}]},{\"@type\":\"ImageObject\",\"inLanguage\":\"es\",\"@id\":\"https:\\\/\\\/www.clie.cl\\\/index.php\\\/producto\\\/mochila-hp-creator-de-16-1-6m5s3aa\\\/#primaryimage\",\"url\":\"https:\\\/\\\/www.clie.cl\\\/wp-content\\\/uploads\\\/2024\\\/06\\\/6M5S3AA.jpg\",\"contentUrl\":\"https:\\\/\\\/www.clie.cl\\\/wp-content\\\/uploads\\\/2024\\\/06\\\/6M5S3AA.jpg\",\"width\":2000,\"height\":2000},{\"@type\":\"BreadcrumbList\",\"@id\":\"https:\\\/\\\/www.clie.cl\\\/index.php\\\/producto\\\/mochila-hp-creator-de-16-1-6m5s3aa\\\/#breadcrumb\",\"itemListElement\":[{\"@type\":\"ListItem\",\"position\":1,\"name\":\"Portada\",\"item\":\"https:\\\/\\\/www.clie.cl\\\/\"},{\"@type\":\"ListItem\",\"position\":2,\"name\":\"Productos\",\"item\":\"https:\\\/\\\/www.clie.cl\\\/index.php\\\/shop\\\/\"},{\"@type\":\"ListItem\",\"position\":3,\"name\":\"Mochila HP Creator de 16.1&#8243; 6M5S3AA\"}]},{\"@type\":\"WebSite\",\"@id\":\"https:\\\/\\\/www.clie.cl\\\/#website\",\"url\":\"https:\\\/\\\/www.clie.cl\\\/\",\"name\":\"CLIE.cl\",\"description\":\"Clie Limitada\",\"publisher\":{\"@id\":\"https:\\\/\\\/www.clie.cl\\\/#organization\"},\"alternateName\":\"CLIE\",\"potentialAction\":[{\"@type\":\"SearchAction\",\"target\":{\"@type\":\"EntryPoint\",\"urlTemplate\":\"https:\\\/\\\/www.clie.cl\\\/?s={search_term_string}\"},\"query-input\":{\"@type\":\"PropertyValueSpecification\",\"valueRequired\":true,\"valueName\":\"search_term_string\"}}],\"inLanguage\":\"es\"},{\"@type\":\"Organization\",\"@id\":\"https:\\\/\\\/www.clie.cl\\\/#organization\",\"name\":\"CLIE LIMITADA\",\"url\":\"https:\\\/\\\/www.clie.cl\\\/\",\"logo\":{\"@type\":\"ImageObject\",\"inLanguage\":\"es\",\"@id\":\"https:\\\/\\\/www.clie.cl\\\/#\\\/schema\\\/logo\\\/image\\\/\",\"url\":\"https:\\\/\\\/www.clie.cl\\\/wp-content\\\/uploads\\\/2023\\\/10\\\/logo_clie_front_web_2023.png\",\"contentUrl\":\"https:\\\/\\\/www.clie.cl\\\/wp-content\\\/uploads\\\/2023\\\/10\\\/logo_clie_front_web_2023.png\",\"width\":139,\"height\":118,\"caption\":\"CLIE LIMITADA\"},\"image\":{\"@id\":\"https:\\\/\\\/www.clie.cl\\\/#\\\/schema\\\/logo\\\/image\\\/\"}}]}<\/script>\n<!-- \/ Yoast SEO plugin. -->","yoast_head_json":{"title":"Mochila HP Creator de 16.1\" 6M5S3AA - CLIE LIMITADA","robots":{"index":"index","follow":"follow","max-snippet":"max-snippet:-1","max-image-preview":"max-image-preview:large","max-video-preview":"max-video-preview:-1"},"canonical":"https:\/\/www.clie.cl\/index.php\/producto\/mochila-hp-creator-de-16-1-6m5s3aa\/","og_locale":"es_ES","og_type":"article","og_title":"Mochila HP Creator de 16.1\" 6M5S3AA - CLIE LIMITADA","og_description":"Producto original.\u00a0","og_url":"https:\/\/www.clie.cl\/index.php\/producto\/mochila-hp-creator-de-16-1-6m5s3aa\/","og_site_name":"CLIE LIMITADA","article_modified_time":"2025-07-10T04:23:40+00:00","og_image":[{"width":2000,"height":2000,"url":"https:\/\/www.clie.cl\/wp-content\/uploads\/2024\/06\/6M5S3AA.jpg","type":"image\/jpeg"}],"twitter_card":"summary_large_image","twitter_misc":{"Tiempo de lectura":"2 minutos"},"schema":{"@context":"https:\/\/schema.org","@graph":[{"@type":"WebPage","@id":"https:\/\/www.clie.cl\/index.php\/producto\/mochila-hp-creator-de-16-1-6m5s3aa\/","url":"https:\/\/www.clie.cl\/index.php\/producto\/mochila-hp-creator-de-16-1-6m5s3aa\/","name":"Mochila HP Creator de 16.1\" 6M5S3AA - CLIE LIMITADA","isPartOf":{"@id":"https:\/\/www.clie.cl\/#website"},"primaryImageOfPage":{"@id":"https:\/\/www.clie.cl\/index.php\/producto\/mochila-hp-creator-de-16-1-6m5s3aa\/#primaryimage"},"image":{"@id":"https:\/\/www.clie.cl\/index.php\/producto\/mochila-hp-creator-de-16-1-6m5s3aa\/#primaryimage"},"thumbnailUrl":"https:\/\/www.clie.cl\/wp-content\/uploads\/2024\/06\/6M5S3AA.jpg","datePublished":"2024-06-12T18:37:25+00:00","dateModified":"2025-07-10T04:23:40+00:00","breadcrumb":{"@id":"https:\/\/www.clie.cl\/index.php\/producto\/mochila-hp-creator-de-16-1-6m5s3aa\/#breadcrumb"},"inLanguage":"es","potentialAction":[{"@type":"ReadAction","target":["https:\/\/www.clie.cl\/index.php\/producto\/mochila-hp-creator-de-16-1-6m5s3aa\/"]}]},{"@type":"ImageObject","inLanguage":"es","@id":"https:\/\/www.clie.cl\/index.php\/producto\/mochila-hp-creator-de-16-1-6m5s3aa\/#primaryimage","url":"https:\/\/www.clie.cl\/wp-content\/uploads\/2024\/06\/6M5S3AA.jpg","contentUrl":"https:\/\/www.clie.cl\/wp-content\/uploads\/2024\/06\/6M5S3AA.jpg","width":2000,"height":2000},{"@type":"BreadcrumbList","@id":"https:\/\/www.clie.cl\/index.php\/producto\/mochila-hp-creator-de-16-1-6m5s3aa\/#breadcrumb","itemListElement":[{"@type":"ListItem","position":1,"name":"Portada","item":"https:\/\/www.clie.cl\/"},{"@type":"ListItem","position":2,"name":"Productos","item":"https:\/\/www.clie.cl\/index.php\/shop\/"},{"@type":"ListItem","position":3,"name":"Mochila HP Creator de 16.1&#8243; 6M5S3AA"}]},{"@type":"WebSite","@id":"https:\/\/www.clie.cl\/#website","url":"https:\/\/www.clie.cl\/","name":"CLIE.cl","description":"Clie Limitada","publisher":{"@id":"https:\/\/www.clie.cl\/#organization"},"alternateName":"CLIE","potentialAction":[{"@type":"SearchAction","target":{"@type":"EntryPoint","urlTemplate":"https:\/\/www.clie.cl\/?s={search_term_string}"},"query-input":{"@type":"PropertyValueSpecification","valueRequired":true,"valueName":"search_term_string"}}],"inLanguage":"es"},{"@type":"Organization","@id":"https:\/\/www.clie.cl\/#organization","name":"CLIE LIMITADA","url":"https:\/\/www.clie.cl\/","logo":{"@type":"ImageObject","inLanguage":"es","@id":"https:\/\/www.clie.cl\/#\/schema\/logo\/image\/","url":"https:\/\/www.clie.cl\/wp-content\/uploads\/2023\/10\/logo_clie_front_web_2023.png","contentUrl":"https:\/\/www.clie.cl\/wp-content\/uploads\/2023\/10\/logo_clie_front_web_2023.png","width":139,"height":118,"caption":"CLIE LIMITADA"},"image":{"@id":"https:\/\/www.clie.cl\/#\/schema\/logo\/image\/"}}]}},"_links":{"self":[{"href":"https:\/\/www.clie.cl\/index.php\/wp-json\/wp\/v2\/product\/2493","targetHints":{"allow":["GET"]}}],"collection":[{"href":"https:\/\/www.clie.cl\/index.php\/wp-json\/wp\/v2\/product"}],"about":[{"href":"https:\/\/www.clie.cl\/index.php\/wp-json\/wp\/v2\/types\/product"}],"replies":[{"embeddable":true,"href":"https:\/\/www.clie.cl\/index.php\/wp-json\/wp\/v2\/comments?post=2493"}],"wp:featuredmedia":[{"embeddable":true,"href":"https:\/\/www.clie.cl\/index.php\/wp-json\/wp\/v2\/media\/4872"}],"wp:attachment":[{"href":"https:\/\/www.clie.cl\/index.php\/wp-json\/wp\/v2\/media?parent=2493"}],"wp:term":[{"taxonomy":"product_brand","embeddable":true,"href":"https:\/\/www.clie.cl\/index.php\/wp-json\/wp\/v2\/product_brand?post=2493"},{"taxonomy":"product_cat","embeddable":true,"href":"https:\/\/www.clie.cl\/index.php\/wp-json\/wp\/v2\/product_cat?post=2493"},{"taxonomy":"product_tag","embeddable":true,"href":"https:\/\/www.clie.cl\/index.php\/wp-json\/wp\/v2\/product_tag?post=2493"}],"curies":[{"name":"wp","href":"https:\/\/api.w.org\/{rel}","templated":true}]}}