{"id":2002,"date":"2024-05-30T14:54:52","date_gmt":"2024-05-30T18:54:52","guid":{"rendered":"https:\/\/clie.cl\/?post_type=product&#038;p=2002"},"modified":"2025-12-22T19:35:50","modified_gmt":"2025-12-22T23:35:50","slug":"proyector-epson-powerlite-w52-4000-lumenes-wxga-v11ha02021","status":"publish","type":"product","link":"https:\/\/www.clie.cl\/index.php\/producto\/proyector-epson-powerlite-w52-4000-lumenes-wxga-v11ha02021\/","title":{"rendered":"Proyector Epson Powerlite W52+ 4000 Lumenes WXGA V11HA02021"},"content":{"rendered":"<div>\n<div class=\"info-block\">\n<p>Epson PowerLite\u00ae W52+ 4.000 Lumenes<\/p>\n<p>El PowerLite\u00ae W52+ es el videoproyector ideal para negocios, ya que permite conectar varios dispositivos al mismo tiempo de forma inal\u00e1mbrica. Brinda una pantalla de m\u00e1s de 100&#8243; con calidad excepcional y excelente brillo para situaciones de gran luz ambiental o articial. La tecnolog\u00eda 3LCD ofrece im\u00e1genes claras, brillantes y llenas de color. Su luminosidad de 4.000 l\u00famenes en color1 y 4.000 l\u00famenes en blanco1 lo convierten en la mejor opci\u00f3n. Su resoluci\u00f3n WXGA de 1.280 px x 800 px es ideal para presentaciones de gran calidad. Su dise\u00f1o compacto y portable lo convierten en la mejor opci\u00f3n para los ejecutivos actuales.<\/p>\n<p>Videoproyector inal\u00e1mbrico portable, confiable y de gran resoluci\u00f3n<\/p>\n<p>El PowerLite\u00ae W52+ es el videoproyector ideal para negocios, ya que permite conectar varios dispositivos al mismo tiempo de forma inal\u00e1mbrica. Brinda una pantalla de m\u00e1s de 100&#8243; con calidad excepcional y excelente brillo para situaciones de gran luz ambiental o artificial.<\/p>\n<p>La tecnolog\u00eda 3LCD ofrece im\u00e1genes claras, brillantes y llenas de color. Su luminosidad de 4.000 l\u00famenes en color1y 4.000 l\u00famenes en blanco1 lo convierten en la mejor opci\u00f3n. Su resoluci\u00f3n WXGA de 1.280 px x 800 px es ideal para presentaciones de gran calidad. Su dise\u00f1o compacto y portable lo convierten en la mejor opci\u00f3n para los ejecutivos actuales.<\/p>\n<p>Excelente calidad: resoluci\u00f3n nativa WXGA (1.280 px x 800 px). Ideal para presentaciones multimedia.<\/p>\n<p>Ajustes de imagen simples e instant\u00e1neos: facilidad de uso del videoproyector, dise\u00f1ado con el usuario en mente.<\/p>\n<p>L\u00e1mpara con una duraci\u00f3n hasta de 12.000 horas3.<\/p>\n<p>Conectividad inal\u00e1mbrica: para dispositivos m\u00f3viles a trav\u00e9s de Epson iProjectionTM.<\/p>\n<p>Experiencia al natural: colores hasta 3 veces m\u00e1s brillantes2. La tecnolog\u00eda 3LCD permite un balance m\u00e1s exacto entre la luz blanca y la de color, para proyecciones realmente naturales.<\/p>\n<p>Caracter\u00edsticas ecoamigables4<\/p>\n<p>3 Chips 3LCD que ahorran energ\u00eda<br \/>L\u00e1mpara E-TORL que ahorra energ\u00eda<br \/>Bajo consumo de energ\u00eda, de 0,3 W en modo de espera<br \/>Dise\u00f1ados para f\u00e1cil reciclaje<br \/>Adheridos a las reglas RoHS<br \/>Que hay en la caja:<br \/>Videoproyector<br \/>Control remoto<br \/>Bater\u00edas control remoto AA x 2<br \/>Cable corriente (1,8 m)<br \/>Cable HDMI<br \/>Gu\u00eda de instalaci\u00f3n<br \/>Garant\u00eda<\/p>\n<p>Especificaciones del Proyector:<br \/>Sistema de Proyecci\u00f3n:<br \/>Tecnolog\u00eda Epson 3LCD de 3 chips<br \/>M\u00e9todo de Proyecci\u00f3n:<br \/>Frontal \/ Posterior \/ Techo<br \/>Pantalla LCD:<br \/>0,59-pulgadas (C2fine)<br \/>M\u00e9todo de visualizaci\u00f3n:<br \/>Poly-silicon TFT active matrix<br \/>N\u00famero de Pixeles:<br \/>1.024.000 pixeles (1280 x 800px) x 3<br \/>Luminosidad en Color:<br \/>4.000 L\u00famenes<br \/>Luminosidad en Blanco:<br \/>4.000 L\u00famenes<br \/>Relaci\u00f3n de Aspecto:<br \/>16:10<br \/>Resoluci\u00f3n Nativa:<br \/>WXGA<br \/>Tipo de L\u00e1mpara:<br \/>210W UHE<br \/>Vida \u00datil de la L\u00e1mpara:<br \/>6.000 horas (Normal)<br \/>12.000 horas (ECO)<br \/>Correcci\u00f3n de Trapecio:<br \/>Vertical: -30\u00b0 +30<br \/>Horizontal: -30\u00b0 +30\u00b0<br \/>Relaci\u00f3n de Contraste:<br \/>Hasta 16.000:1<br \/>Reproducci\u00f3n del Color:<br \/>Hasta 1 bill\u00f3n de colores<\/p>\n<p>Conectividad del Proyector:<br \/>Conectividad Est\u00e1ndar:<br \/>Entrada computadora x 1 D-sub15 pin<br \/>RCA Video In: Amarillo x 1<br \/>HDMI x 1<br \/>Entrada Audio RCA (Blanco x1, Rojo x1)<br \/>Usb Tipo A x 1 (para m\u00f3dulo inal\u00e1mbrico)<br \/>Usb Tipo B x 1 (para actualizaci\u00f3n Firmware)<br \/>M\u00f3dulo Inal\u00e1mbrico Integrado<\/p>\n<p>Energ\u00eda:<br \/>Voltaje de Fuente de Poder:<br \/>100 &#8211; 240 V AC +\/- 10%, 50\/60 Hz<br \/>Consumo de Energ\u00eda:<br \/>100V-120V: 345 (normal) &#8211; 235 (Eco)<br \/>220V-240V: 327 (normal) &#8211; 225 (Eco)<\/p>\n<\/div>\n<\/div>\n","protected":false},"excerpt":{"rendered":"<p>Producto original.<\/p>\n","protected":false},"featured_media":7133,"comment_status":"open","ping_status":"closed","template":"","meta":{"site-sidebar-layout":"default","site-content-layout":"","ast-site-content-layout":"default","site-content-style":"default","site-sidebar-style":"default","ast-global-header-display":"","ast-banner-title-visibility":"","ast-main-header-display":"","ast-hfb-above-header-display":"","ast-hfb-below-header-display":"","ast-hfb-mobile-header-display":"","site-post-title":"","ast-breadcrumbs-content":"","ast-featured-img":"","footer-sml-layout":"","ast-disable-related-posts":"","theme-transparent-header-meta":"default","adv-header-id-meta":"","stick-header-meta":"default","header-above-stick-meta":"","header-main-stick-meta":"","header-below-stick-meta":"","astra-migrate-meta-layouts":"set","ast-page-background-enabled":"default","ast-page-background-meta":{"desktop":{"background-color":"var(--ast-global-color-4)","background-image":"","background-repeat":"repeat","background-position":"center center","background-size":"auto","background-attachment":"scroll","background-type":"","background-media":"","overlay-type":"","overlay-color":"","overlay-opacity":"","overlay-gradient":""},"tablet":{"background-color":"","background-image":"","background-repeat":"repeat","background-position":"center center","background-size":"auto","background-attachment":"scroll","background-type":"","background-media":"","overlay-type":"","overlay-color":"","overlay-opacity":"","overlay-gradient":""},"mobile":{"background-color":"","background-image":"","background-repeat":"repeat","background-position":"center center","background-size":"auto","background-attachment":"scroll","background-type":"","background-media":"","overlay-type":"","overlay-color":"","overlay-opacity":"","overlay-gradient":""}},"ast-content-background-meta":{"desktop":{"background-color":"var(--ast-global-color-5)","background-image":"","background-repeat":"repeat","background-position":"center center","background-size":"auto","background-attachment":"scroll","background-type":"","background-media":"","overlay-type":"","overlay-color":"","overlay-opacity":"","overlay-gradient":""},"tablet":{"background-color":"var(--ast-global-color-5)","background-image":"","background-repeat":"repeat","background-position":"center center","background-size":"auto","background-attachment":"scroll","background-type":"","background-media":"","overlay-type":"","overlay-color":"","overlay-opacity":"","overlay-gradient":""},"mobile":{"background-color":"var(--ast-global-color-5)","background-image":"","background-repeat":"repeat","background-position":"center center","background-size":"auto","background-attachment":"scroll","background-type":"","background-media":"","overlay-type":"","overlay-color":"","overlay-opacity":"","overlay-gradient":""}}},"product_brand":[968],"product_cat":[55,56],"product_tag":[861,862],"class_list":{"0":"post-2002","1":"product","2":"type-product","3":"status-publish","4":"has-post-thumbnail","6":"product_brand-epson","7":"product_cat-audio-y-video","8":"product_cat-proyectores","9":"product_tag-proyector-epson-powerlite-w52","10":"product_tag-v11ha02021","11":"desktop-align-left","12":"tablet-align-left","13":"mobile-align-left","14":"ast-product-gallery-layout-horizontal-slider","15":"ast-magnify-disabled","16":"ast-product-tabs-layout-horizontal","17":"ast-qv-on-image","19":"first","20":"outofstock","21":"sale","22":"taxable","23":"shipping-taxable","24":"purchasable","25":"product-type-simple"},"yoast_head":"<!-- This site is optimized with the Yoast SEO plugin v27.5 - https:\/\/yoast.com\/product\/yoast-seo-wordpress\/ -->\n<title>Proyector Epson Powerlite W52+ 4000 Lumenes WXGA V11HA02021 - CLIE LIMITADA<\/title>\n<meta name=\"robots\" content=\"index, follow, max-snippet:-1, max-image-preview:large, max-video-preview:-1\" \/>\n<link rel=\"canonical\" href=\"https:\/\/www.clie.cl\/index.php\/producto\/proyector-epson-powerlite-w52-4000-lumenes-wxga-v11ha02021\/\" \/>\n<meta property=\"og:locale\" content=\"es_ES\" \/>\n<meta property=\"og:type\" content=\"article\" \/>\n<meta property=\"og:title\" content=\"Proyector Epson Powerlite W52+ 4000 Lumenes WXGA V11HA02021 - CLIE LIMITADA\" \/>\n<meta property=\"og:description\" content=\"Producto original.\" \/>\n<meta property=\"og:url\" content=\"https:\/\/www.clie.cl\/index.php\/producto\/proyector-epson-powerlite-w52-4000-lumenes-wxga-v11ha02021\/\" \/>\n<meta property=\"og:site_name\" content=\"CLIE LIMITADA\" \/>\n<meta property=\"article:modified_time\" content=\"2025-12-22T23:35:50+00:00\" \/>\n<meta property=\"og:image\" content=\"https:\/\/www.clie.cl\/wp-content\/uploads\/2025\/07\/Proyector_Epson_PowerLite_W52_clie.cl_.jpg\" \/>\n\t<meta property=\"og:image:width\" content=\"2000\" \/>\n\t<meta property=\"og:image:height\" content=\"2000\" \/>\n\t<meta property=\"og:image:type\" content=\"image\/jpeg\" \/>\n<meta name=\"twitter:card\" content=\"summary_large_image\" \/>\n<meta name=\"twitter:label1\" content=\"Tiempo de lectura\" \/>\n\t<meta name=\"twitter:data1\" content=\"3 minutos\" \/>\n<script type=\"application\/ld+json\" class=\"yoast-schema-graph\">{\"@context\":\"https:\\\/\\\/schema.org\",\"@graph\":[{\"@type\":\"WebPage\",\"@id\":\"https:\\\/\\\/www.clie.cl\\\/index.php\\\/producto\\\/proyector-epson-powerlite-w52-4000-lumenes-wxga-v11ha02021\\\/\",\"url\":\"https:\\\/\\\/www.clie.cl\\\/index.php\\\/producto\\\/proyector-epson-powerlite-w52-4000-lumenes-wxga-v11ha02021\\\/\",\"name\":\"Proyector Epson Powerlite W52+ 4000 Lumenes WXGA V11HA02021 - CLIE LIMITADA\",\"isPartOf\":{\"@id\":\"https:\\\/\\\/www.clie.cl\\\/#website\"},\"primaryImageOfPage\":{\"@id\":\"https:\\\/\\\/www.clie.cl\\\/index.php\\\/producto\\\/proyector-epson-powerlite-w52-4000-lumenes-wxga-v11ha02021\\\/#primaryimage\"},\"image\":{\"@id\":\"https:\\\/\\\/www.clie.cl\\\/index.php\\\/producto\\\/proyector-epson-powerlite-w52-4000-lumenes-wxga-v11ha02021\\\/#primaryimage\"},\"thumbnailUrl\":\"https:\\\/\\\/www.clie.cl\\\/wp-content\\\/uploads\\\/2025\\\/07\\\/Proyector_Epson_PowerLite_W52_clie.cl_.jpg\",\"datePublished\":\"2024-05-30T18:54:52+00:00\",\"dateModified\":\"2025-12-22T23:35:50+00:00\",\"breadcrumb\":{\"@id\":\"https:\\\/\\\/www.clie.cl\\\/index.php\\\/producto\\\/proyector-epson-powerlite-w52-4000-lumenes-wxga-v11ha02021\\\/#breadcrumb\"},\"inLanguage\":\"es\",\"potentialAction\":[{\"@type\":\"ReadAction\",\"target\":[\"https:\\\/\\\/www.clie.cl\\\/index.php\\\/producto\\\/proyector-epson-powerlite-w52-4000-lumenes-wxga-v11ha02021\\\/\"]}]},{\"@type\":\"ImageObject\",\"inLanguage\":\"es\",\"@id\":\"https:\\\/\\\/www.clie.cl\\\/index.php\\\/producto\\\/proyector-epson-powerlite-w52-4000-lumenes-wxga-v11ha02021\\\/#primaryimage\",\"url\":\"https:\\\/\\\/www.clie.cl\\\/wp-content\\\/uploads\\\/2025\\\/07\\\/Proyector_Epson_PowerLite_W52_clie.cl_.jpg\",\"contentUrl\":\"https:\\\/\\\/www.clie.cl\\\/wp-content\\\/uploads\\\/2025\\\/07\\\/Proyector_Epson_PowerLite_W52_clie.cl_.jpg\",\"width\":2000,\"height\":2000,\"caption\":\"Proyector_Epson_PowerLite_W52_clie.cl\"},{\"@type\":\"BreadcrumbList\",\"@id\":\"https:\\\/\\\/www.clie.cl\\\/index.php\\\/producto\\\/proyector-epson-powerlite-w52-4000-lumenes-wxga-v11ha02021\\\/#breadcrumb\",\"itemListElement\":[{\"@type\":\"ListItem\",\"position\":1,\"name\":\"Portada\",\"item\":\"https:\\\/\\\/www.clie.cl\\\/\"},{\"@type\":\"ListItem\",\"position\":2,\"name\":\"Productos\",\"item\":\"https:\\\/\\\/www.clie.cl\\\/index.php\\\/shop\\\/\"},{\"@type\":\"ListItem\",\"position\":3,\"name\":\"Proyector Epson Powerlite W52+ 4000 Lumenes WXGA V11HA02021\"}]},{\"@type\":\"WebSite\",\"@id\":\"https:\\\/\\\/www.clie.cl\\\/#website\",\"url\":\"https:\\\/\\\/www.clie.cl\\\/\",\"name\":\"CLIE.cl\",\"description\":\"Clie Limitada\",\"publisher\":{\"@id\":\"https:\\\/\\\/www.clie.cl\\\/#organization\"},\"alternateName\":\"CLIE\",\"potentialAction\":[{\"@type\":\"SearchAction\",\"target\":{\"@type\":\"EntryPoint\",\"urlTemplate\":\"https:\\\/\\\/www.clie.cl\\\/?s={search_term_string}\"},\"query-input\":{\"@type\":\"PropertyValueSpecification\",\"valueRequired\":true,\"valueName\":\"search_term_string\"}}],\"inLanguage\":\"es\"},{\"@type\":\"Organization\",\"@id\":\"https:\\\/\\\/www.clie.cl\\\/#organization\",\"name\":\"CLIE LIMITADA\",\"url\":\"https:\\\/\\\/www.clie.cl\\\/\",\"logo\":{\"@type\":\"ImageObject\",\"inLanguage\":\"es\",\"@id\":\"https:\\\/\\\/www.clie.cl\\\/#\\\/schema\\\/logo\\\/image\\\/\",\"url\":\"https:\\\/\\\/www.clie.cl\\\/wp-content\\\/uploads\\\/2023\\\/10\\\/logo_clie_front_web_2023.png\",\"contentUrl\":\"https:\\\/\\\/www.clie.cl\\\/wp-content\\\/uploads\\\/2023\\\/10\\\/logo_clie_front_web_2023.png\",\"width\":139,\"height\":118,\"caption\":\"CLIE LIMITADA\"},\"image\":{\"@id\":\"https:\\\/\\\/www.clie.cl\\\/#\\\/schema\\\/logo\\\/image\\\/\"}}]}<\/script>\n<!-- \/ Yoast SEO plugin. -->","yoast_head_json":{"title":"Proyector Epson Powerlite W52+ 4000 Lumenes WXGA V11HA02021 - CLIE LIMITADA","robots":{"index":"index","follow":"follow","max-snippet":"max-snippet:-1","max-image-preview":"max-image-preview:large","max-video-preview":"max-video-preview:-1"},"canonical":"https:\/\/www.clie.cl\/index.php\/producto\/proyector-epson-powerlite-w52-4000-lumenes-wxga-v11ha02021\/","og_locale":"es_ES","og_type":"article","og_title":"Proyector Epson Powerlite W52+ 4000 Lumenes WXGA V11HA02021 - CLIE LIMITADA","og_description":"Producto original.","og_url":"https:\/\/www.clie.cl\/index.php\/producto\/proyector-epson-powerlite-w52-4000-lumenes-wxga-v11ha02021\/","og_site_name":"CLIE LIMITADA","article_modified_time":"2025-12-22T23:35:50+00:00","og_image":[{"width":2000,"height":2000,"url":"https:\/\/www.clie.cl\/wp-content\/uploads\/2025\/07\/Proyector_Epson_PowerLite_W52_clie.cl_.jpg","type":"image\/jpeg"}],"twitter_card":"summary_large_image","twitter_misc":{"Tiempo de lectura":"3 minutos"},"schema":{"@context":"https:\/\/schema.org","@graph":[{"@type":"WebPage","@id":"https:\/\/www.clie.cl\/index.php\/producto\/proyector-epson-powerlite-w52-4000-lumenes-wxga-v11ha02021\/","url":"https:\/\/www.clie.cl\/index.php\/producto\/proyector-epson-powerlite-w52-4000-lumenes-wxga-v11ha02021\/","name":"Proyector Epson Powerlite W52+ 4000 Lumenes WXGA V11HA02021 - CLIE LIMITADA","isPartOf":{"@id":"https:\/\/www.clie.cl\/#website"},"primaryImageOfPage":{"@id":"https:\/\/www.clie.cl\/index.php\/producto\/proyector-epson-powerlite-w52-4000-lumenes-wxga-v11ha02021\/#primaryimage"},"image":{"@id":"https:\/\/www.clie.cl\/index.php\/producto\/proyector-epson-powerlite-w52-4000-lumenes-wxga-v11ha02021\/#primaryimage"},"thumbnailUrl":"https:\/\/www.clie.cl\/wp-content\/uploads\/2025\/07\/Proyector_Epson_PowerLite_W52_clie.cl_.jpg","datePublished":"2024-05-30T18:54:52+00:00","dateModified":"2025-12-22T23:35:50+00:00","breadcrumb":{"@id":"https:\/\/www.clie.cl\/index.php\/producto\/proyector-epson-powerlite-w52-4000-lumenes-wxga-v11ha02021\/#breadcrumb"},"inLanguage":"es","potentialAction":[{"@type":"ReadAction","target":["https:\/\/www.clie.cl\/index.php\/producto\/proyector-epson-powerlite-w52-4000-lumenes-wxga-v11ha02021\/"]}]},{"@type":"ImageObject","inLanguage":"es","@id":"https:\/\/www.clie.cl\/index.php\/producto\/proyector-epson-powerlite-w52-4000-lumenes-wxga-v11ha02021\/#primaryimage","url":"https:\/\/www.clie.cl\/wp-content\/uploads\/2025\/07\/Proyector_Epson_PowerLite_W52_clie.cl_.jpg","contentUrl":"https:\/\/www.clie.cl\/wp-content\/uploads\/2025\/07\/Proyector_Epson_PowerLite_W52_clie.cl_.jpg","width":2000,"height":2000,"caption":"Proyector_Epson_PowerLite_W52_clie.cl"},{"@type":"BreadcrumbList","@id":"https:\/\/www.clie.cl\/index.php\/producto\/proyector-epson-powerlite-w52-4000-lumenes-wxga-v11ha02021\/#breadcrumb","itemListElement":[{"@type":"ListItem","position":1,"name":"Portada","item":"https:\/\/www.clie.cl\/"},{"@type":"ListItem","position":2,"name":"Productos","item":"https:\/\/www.clie.cl\/index.php\/shop\/"},{"@type":"ListItem","position":3,"name":"Proyector Epson Powerlite W52+ 4000 Lumenes WXGA V11HA02021"}]},{"@type":"WebSite","@id":"https:\/\/www.clie.cl\/#website","url":"https:\/\/www.clie.cl\/","name":"CLIE.cl","description":"Clie Limitada","publisher":{"@id":"https:\/\/www.clie.cl\/#organization"},"alternateName":"CLIE","potentialAction":[{"@type":"SearchAction","target":{"@type":"EntryPoint","urlTemplate":"https:\/\/www.clie.cl\/?s={search_term_string}"},"query-input":{"@type":"PropertyValueSpecification","valueRequired":true,"valueName":"search_term_string"}}],"inLanguage":"es"},{"@type":"Organization","@id":"https:\/\/www.clie.cl\/#organization","name":"CLIE LIMITADA","url":"https:\/\/www.clie.cl\/","logo":{"@type":"ImageObject","inLanguage":"es","@id":"https:\/\/www.clie.cl\/#\/schema\/logo\/image\/","url":"https:\/\/www.clie.cl\/wp-content\/uploads\/2023\/10\/logo_clie_front_web_2023.png","contentUrl":"https:\/\/www.clie.cl\/wp-content\/uploads\/2023\/10\/logo_clie_front_web_2023.png","width":139,"height":118,"caption":"CLIE LIMITADA"},"image":{"@id":"https:\/\/www.clie.cl\/#\/schema\/logo\/image\/"}}]}},"_links":{"self":[{"href":"https:\/\/www.clie.cl\/index.php\/wp-json\/wp\/v2\/product\/2002","targetHints":{"allow":["GET"]}}],"collection":[{"href":"https:\/\/www.clie.cl\/index.php\/wp-json\/wp\/v2\/product"}],"about":[{"href":"https:\/\/www.clie.cl\/index.php\/wp-json\/wp\/v2\/types\/product"}],"replies":[{"embeddable":true,"href":"https:\/\/www.clie.cl\/index.php\/wp-json\/wp\/v2\/comments?post=2002"}],"wp:featuredmedia":[{"embeddable":true,"href":"https:\/\/www.clie.cl\/index.php\/wp-json\/wp\/v2\/media\/7133"}],"wp:attachment":[{"href":"https:\/\/www.clie.cl\/index.php\/wp-json\/wp\/v2\/media?parent=2002"}],"wp:term":[{"taxonomy":"product_brand","embeddable":true,"href":"https:\/\/www.clie.cl\/index.php\/wp-json\/wp\/v2\/product_brand?post=2002"},{"taxonomy":"product_cat","embeddable":true,"href":"https:\/\/www.clie.cl\/index.php\/wp-json\/wp\/v2\/product_cat?post=2002"},{"taxonomy":"product_tag","embeddable":true,"href":"https:\/\/www.clie.cl\/index.php\/wp-json\/wp\/v2\/product_tag?post=2002"}],"curies":[{"name":"wp","href":"https:\/\/api.w.org\/{rel}","templated":true}]}}