{"id":1965,"date":"2024-05-30T10:20:57","date_gmt":"2024-05-30T14:20:57","guid":{"rendered":"https:\/\/clie.cl\/?post_type=product&#038;p=1965"},"modified":"2026-02-06T08:02:46","modified_gmt":"2026-02-06T12:02:46","slug":"monitor-lg-22mr410-b-monitor-de-21-45-full-hd-con-amd-freesync","status":"publish","type":"product","link":"https:\/\/www.clie.cl\/index.php\/producto\/monitor-lg-22mr410-b-monitor-de-21-45-full-hd-con-amd-freesync\/","title":{"rendered":"Monitor LG 22MR410-B Monitor de 21.45\u201d Full HD con AMD FreeSync\u2122"},"content":{"rendered":"<div class=\"text font-m-normal-14 font-w-normal-20 c-text-contents__eyebrow title-width\">\n<div id=\"text-323ca44f09\" class=\"cmp-text \" style=\"box-sizing: border-box; font-family: 'LGEI Text', 'Segoe UI', 'Microsoft Sans Serif', sans-serif; background-clip: text; -webkit-background-clip: text; background-color: #ffffff;\" data-cmp-data-layer=\"{&quot;text-323ca44f09&quot;:{&quot;@type&quot;:&quot;lge\/components\/text&quot;,&quot;repo:modifyDate&quot;:&quot;2024-02-16T18:04:35Z&quot;,&quot;xdm:text&quot;:&quot;&lt;p&gt;Tasa de actualizaci\u00f3n de 100 Hz&lt;\/p&gt;\\r\\n&quot;}}\">\n<p><b>VA, Full HD, 100Hz, HDMI+VGA, FreeSync, Vesa<\/b><\/p>\n<h6>El monitor LG destaca el rendimiento de las pantallas de cristal l\u00edquido. La pantalla de 21.45 pulgdas con Full HD (1920&#215;1080) eleva la productividad laboral a trav\u00e9s de un color claro.<\/h6>\n<p>Tasa de actualizaci\u00f3n de 100 Hz<\/p>\n<\/div>\n<\/div>\n<div class=\"title font-w-light-56 font-m-light-28 c-text-contents__headline title-width\">\n<div id=\"title-26dc38c6b8\" class=\"cmp-title\" data-cmp-data-layer=\"{&quot;title-26dc38c6b8&quot;:{&quot;@type&quot;:&quot;core\/wcm\/components\/title\/v3\/title&quot;,&quot;repo:modifyDate&quot;:&quot;2024-02-16T18:04:41Z&quot;,&quot;dc:title&quot;:&quot;Visuales flu\u00eddas.Flujo de trabajo impecable.&quot;}}\">\n<h6 class=\"cmp-title__text\">Visuales flu\u00eddas.Flujo de trabajo impecable.<\/h6>\n<\/div>\n<\/div>\n<div class=\"text font-m-normal-16 title-width c-text-contents__bodycopy font-w-normal-16\">\n<div id=\"text-82b8507975\" class=\"cmp-text \" style=\"box-sizing: border-box; font-family: 'LGEI Text', 'Segoe UI', 'Microsoft Sans Serif', sans-serif; background-clip: text; -webkit-background-clip: text; background-color: #ffffff;\" data-cmp-data-layer=\"{&quot;text-82b8507975&quot;:{&quot;@type&quot;:&quot;lge\/components\/text&quot;,&quot;repo:modifyDate&quot;:&quot;2024-02-16T18:04:48Z&quot;,&quot;xdm:text&quot;:&quot;&lt;p&gt;Una rapidez de 100 HZ que ofrece una carga de fotogramas fluida en varios programas. Ademas, puedes disfrutar de una jugabilidad realista con menor parpadeo y efecto de movimiento.&lt;\/p&gt;\\r\\n&quot;}}\">\n<p>Una rapidez de 100 HZ que ofrece una carga de fotogramas fluida en varios programas. Ademas, puedes disfrutar de una jugabilidad realista con menor parpadeo y efecto de movimiento.<\/p>\n<div class=\"title font-w-light-36 font-m-light-28 c-text-contents__headline title-width\">\n<div id=\"title-e579360763\" class=\"cmp-title\" data-cmp-data-layer=\"{&quot;title-e579360763&quot;:{&quot;@type&quot;:&quot;core\/wcm\/components\/title\/v3\/title&quot;,&quot;repo:modifyDate&quot;:&quot;2024-02-16T18:05:50Z&quot;,&quot;dc:title&quot;:&quot;Modo Lectura&quot;}}\">\n<h6 class=\"cmp-title__text\">Modo Lectura<\/h6>\n<\/div>\n<\/div>\n<div class=\"text font-m-normal-16 font-w-normal-24 c-text-contents__bodycopy\">\n<div id=\"text-b7ada6ee58\" class=\"cmp-text \" style=\"box-sizing: border-box; font-family: 'LGEI Text', 'Segoe UI', 'Microsoft Sans Serif', sans-serif;\" data-cmp-data-layer=\"{&quot;text-b7ada6ee58&quot;:{&quot;@type&quot;:&quot;lge\/components\/text&quot;,&quot;repo:modifyDate&quot;:&quot;2024-02-16T18:05:59Z&quot;,&quot;xdm:text&quot;:&quot;&lt;p&gt;El Modo Lectura ajusta la temperatura de color y la luminosidad, lo cual admite una experiencia de visualizaci\u00f3na adecuada para leer en un monitor.&lt;\/p&gt;\\r\\n&quot;}}\">\n<p>El Modo Lectura ajusta la temperatura de color y la luminosidad, lo cual admite una experiencia de visualizaci\u00f3na adecuada para leer en un monitor.<\/p>\n<div class=\"title font-w-light-36 font-m-light-28 c-text-contents__headline title-width\">\n<div id=\"title-4758ff3737\" class=\"cmp-title\" data-cmp-data-layer=\"{&quot;title-4758ff3737&quot;:{&quot;@type&quot;:&quot;core\/wcm\/components\/title\/v3\/title&quot;,&quot;repo:modifyDate&quot;:&quot;2024-02-16T18:06:09Z&quot;,&quot;dc:title&quot;:&quot;Flicker Safe&quot;}}\">\n<h6 class=\"cmp-title__text\">Flicker Safe<\/h6>\n<\/div>\n<\/div>\n<div class=\"text font-m-normal-16 font-w-normal-24 c-text-contents__bodycopy\">\n<div id=\"text-c3ebc4cc3c\" class=\"cmp-text \" style=\"box-sizing: border-box; font-family: 'LGEI Text', 'Segoe UI', 'Microsoft Sans Serif', sans-serif;\" data-cmp-data-layer=\"{&quot;text-c3ebc4cc3c&quot;:{&quot;@type&quot;:&quot;lge\/components\/text&quot;,&quot;repo:modifyDate&quot;:&quot;2024-02-16T18:06:16Z&quot;,&quot;xdm:text&quot;:&quot;&lt;p&gt;Flicker Safe reduce el parpadeo invisible en la pantalla, y ayuda a ofrecer un entorno m\u00e1s c\u00f3modo de trabajo durante m\u00e1s tiempo.&lt;\/p&gt;\\r\\n&quot;}}\">\n<p>Flicker Safe reduce el parpadeo invisible en la pantalla, y ayuda a ofrecer un entorno m\u00e1s c\u00f3modo de trabajo durante m\u00e1s tiempo.<\/p>\n<div class=\"text font-m-normal-14 c-text-contents__eyebrow font-w-normal-16\">\n<div id=\"text-21f6f119b1\" class=\"cmp-text \" style=\"box-sizing: border-box; font-family: 'LGEI Text', 'Segoe UI', 'Microsoft Sans Serif', sans-serif;\" data-cmp-data-layer=\"{&quot;text-21f6f119b1&quot;:{&quot;@type&quot;:&quot;lge\/components\/text&quot;,&quot;repo:modifyDate&quot;:&quot;2023-09-21T08:20:32Z&quot;,&quot;xdm:text&quot;:&quot;&lt;p&gt;AMD FreeSync\u2122&lt;\/p&gt;\\r\\n&quot;}}\">\n<p>AMD FreeSync\u2122<\/p>\n<\/div>\n<\/div>\n<div class=\"title font-w-light-56 font-m-light-28 c-text-contents__headline title-width\">\n<div id=\"title-93fdd158c7\" class=\"cmp-title\" data-cmp-data-layer=\"{&quot;title-93fdd158c7&quot;:{&quot;@type&quot;:&quot;core\/wcm\/components\/title\/v3\/title&quot;,&quot;repo:modifyDate&quot;:&quot;2024-02-16T18:13:22Z&quot;,&quot;dc:title&quot;:&quot;Movimiento r\u00e1pido y fluido&quot;}}\">\n<h6 class=\"cmp-title__text\">Movimiento r\u00e1pido y fluido<\/h6>\n<\/div>\n<\/div>\n<div class=\"text font-m-normal-16 font-w-normal-20 c-text-contents__bodycopy\">\n<div id=\"text-b91d27cb6b\" class=\"cmp-text \" style=\"box-sizing: border-box; font-family: 'LGEI Text', 'Segoe UI', 'Microsoft Sans Serif', sans-serif;\" data-cmp-data-layer=\"{&quot;text-b91d27cb6b&quot;:{&quot;@type&quot;:&quot;lge\/components\/text&quot;,&quot;repo:modifyDate&quot;:&quot;2024-02-16T18:13:31Z&quot;,&quot;xdm:text&quot;:&quot;&lt;p&gt;Con la tecnolog\u00eda AMD FreeSync\u2122, los jugadores pueden disfrutar de un movimiento flu\u00eddo y claro en juegos de alta resoluci\u00f3n y ritmo r\u00e1pido. Elimina virtualmente el parpadeo y rasgado de la pantalla, ofreciendo una experiencia de juego inmersiva.&amp;nbsp;&lt;\/p&gt;\\r\\n&quot;}}\">\n<p>Con la tecnolog\u00eda AMD FreeSync\u2122, los jugadores pueden disfrutar de un movimiento flu\u00eddo y claro en juegos de alta resoluci\u00f3n y ritmo r\u00e1pido. Elimina virtualmente el parpadeo y rasgado de la pantalla, ofreciendo una experiencia de juego inmersiva.<\/p>\n<\/div>\n<div class=\"text c-text-contents__eyebrow\">\n<div id=\"text-6fcf6545f3\" class=\"cmp-text \" style=\"box-sizing: border-box; font-family: 'LGEI Text', 'Segoe UI', 'Microsoft Sans Serif', sans-serif;\" data-cmp-data-layer=\"{&quot;text-6fcf6545f3&quot;:{&quot;@type&quot;:&quot;lge\/components\/text&quot;,&quot;repo:modifyDate&quot;:&quot;2024-02-16T18:14:15Z&quot;,&quot;xdm:text&quot;:&quot;&lt;p&gt;Estabilizador de negros&lt;\/p&gt;\\r\\n&quot;}}\">\n<p>Estabilizador de negros<\/p>\n<\/div>\n<\/div>\n<div class=\"title font-w-light-56 font-m-light-28 c-text-contents__headline title-width\">\n<div id=\"title-157007e7f9\" class=\"cmp-title\" data-cmp-data-layer=\"{&quot;title-157007e7f9&quot;:{&quot;@type&quot;:&quot;core\/wcm\/components\/title\/v3\/title&quot;,&quot;repo:modifyDate&quot;:&quot;2024-02-16T18:14:20Z&quot;,&quot;dc:title&quot;:&quot;Avent\u00farate en la oscuridad&quot;}}\">\n<h6 class=\"cmp-title__text\">Avent\u00farate en la oscuridad<\/h6>\n<\/div>\n<\/div>\n<div class=\"text c-text-contents__bodycopy\">\n<div id=\"text-76a96609a1\" class=\"cmp-text \" style=\"box-sizing: border-box; font-family: 'LGEI Text', 'Segoe UI', 'Microsoft Sans Serif', sans-serif;\" data-cmp-data-layer=\"{&quot;text-76a96609a1&quot;:{&quot;@type&quot;:&quot;lge\/components\/text&quot;,&quot;repo:modifyDate&quot;:&quot;2024-02-16T18:14:32Z&quot;,&quot;xdm:text&quot;:&quot;&lt;p&gt;El Estabilizador de negros ayuda a los jugadores a detectar a los francotiradores que acechan desde esquinas oscuras y atravesar r\u00e1pidamente las explosiones brillantes.&lt;\/p&gt;\\r\\n&quot;}}\">\n<p>El Estabilizador de negros ayuda a los jugadores a detectar a los francotiradores que acechan desde esquinas oscuras y atravesar r\u00e1pidamente las explosiones brillantes.<\/p>\n<div class=\"text font-m-normal-14 font-w-normal-20 c-text-contents__eyebrow title-width\">\n<div id=\"text-a653d74753\" class=\"cmp-text \" style=\"box-sizing: border-box; font-family: 'LGEI Text', 'Segoe UI', 'Microsoft Sans Serif', sans-serif; background-clip: text; -webkit-background-clip: text; background-color: #ffffff;\" data-cmp-data-layer=\"{&quot;text-a653d74753&quot;:{&quot;@type&quot;:&quot;lge\/components\/text&quot;,&quot;repo:modifyDate&quot;:&quot;2024-02-16T18:20:48Z&quot;,&quot;xdm:text&quot;:&quot;&lt;p&gt;Control OnScreen&lt;\/p&gt;\\r\\n&quot;}}\">\n<p>Control OnScreen<\/p>\n<\/div>\n<\/div>\n<div class=\"title font-w-light-56 font-m-light-28 c-text-contents__headline title-width\">\n<div id=\"title-83e39c43f2\" class=\"cmp-title\" data-cmp-data-layer=\"{&quot;title-83e39c43f2&quot;:{&quot;@type&quot;:&quot;core\/wcm\/components\/title\/v3\/title&quot;,&quot;repo:modifyDate&quot;:&quot;2024-02-16T18:20:57Z&quot;,&quot;dc:title&quot;:&quot;\\n\\t\\n\\t\\n\\t\\n\\t\\tControl eficiente\\n\\t\\t\\n&quot;}}\">\n<h6 class=\"cmp-title__text\">Control eficiente<\/h6>\n<\/div>\n<\/div>\n<div class=\"text font-m-normal-16 title-width c-text-contents__bodycopy font-w-normal-16\">\n<div id=\"text-a8203943f4\" class=\"cmp-text \" style=\"box-sizing: border-box; font-family: 'LGEI Text', 'Segoe UI', 'Microsoft Sans Serif', sans-serif; background-clip: text; -webkit-background-clip: text; background-color: #ffffff;\" data-cmp-data-layer=\"{&quot;text-a8203943f4&quot;:{&quot;@type&quot;:&quot;lge\/components\/text&quot;,&quot;repo:modifyDate&quot;:&quot;2024-02-16T18:21:05Z&quot;,&quot;xdm:text&quot;:&quot;&lt;p&gt;Controla f\u00e1cilmente la configuraci\u00f3n de la pantalla con unos pocos clics gracias al software Control OnScreen. Tambi\u00e9n podr\u00e1s dividir f\u00e1cilmente toda el \u00e1rea de visualizaci\u00f3n con Divisi\u00f3n de la pantalla.&lt;\/p&gt;\\r\\n&quot;}}\">\n<p>Controla f\u00e1cilmente la configuraci\u00f3n de la pantalla con unos pocos clics gracias al software Control OnScreen. Tambi\u00e9n podr\u00e1s dividir f\u00e1cilmente toda el \u00e1rea de visualizaci\u00f3n con Divisi\u00f3n de la pantalla.<\/p>\n<div class=\"text font-m-semibold-18 font-w-semibold-24 c-text-contents__eyebrow\">\n<div id=\"text-65db35ec48\" class=\"cmp-text \" style=\"box-sizing: border-box; font-family: 'LGEI Text', 'Segoe UI', 'Microsoft Sans Serif', sans-serif;\" data-cmp-data-layer=\"{&quot;text-65db35ec48&quot;:{&quot;@type&quot;:&quot;lge\/components\/text&quot;,&quot;repo:modifyDate&quot;:&quot;2024-02-16T18:23:09Z&quot;,&quot;xdm:text&quot;:&quot;&lt;p&gt;Dise\u00f1o ergon\u00f3mico&lt;\/p&gt;\\r\\n&quot;}}\">\n<p>Dise\u00f1o ergon\u00f3mico<\/p>\n<\/div>\n<\/div>\n<div class=\"title font-w-light-56 font-m-light-28 c-text-contents__headline title-width\">\n<div id=\"title-133785b7dc\" class=\"cmp-title\" data-cmp-data-layer=\"{&quot;title-133785b7dc&quot;:{&quot;@type&quot;:&quot;core\/wcm\/components\/title\/v3\/title&quot;,&quot;repo:modifyDate&quot;:&quot;2024-02-16T18:23:13Z&quot;,&quot;dc:title&quot;:&quot;Soluci\u00f3n sencilla y c\u00f3moda&quot;}}\">\n<h6 class=\"cmp-title__text\">Soluci\u00f3n sencilla y c\u00f3moda<\/h6>\n<\/div>\n<\/div>\n<div class=\"text font-m-semibold-18 c-text-contents__interviewee-name font-w-semibold-24\">\n<div id=\"text-cf37de347b\" class=\"cmp-text \" style=\"box-sizing: border-box; font-family: 'LGEI Text', 'Segoe UI', 'Microsoft Sans Serif', sans-serif;\" data-cmp-data-layer=\"{&quot;text-cf37de347b&quot;:{&quot;@type&quot;:&quot;lge\/components\/text&quot;,&quot;repo:modifyDate&quot;:&quot;2024-02-16T18:23:20Z&quot;,&quot;xdm:text&quot;:&quot;&lt;p&gt;Esta pantalla tiene un aro delgado en tres lados, lo cual te permite crear un entorno de trabajo adecuado a trav\u00e9s de un ajuste de inclinaci\u00f3n conveniente.&lt;\/p&gt;\\r\\n&quot;}}\">\n<p>Esta pantalla tiene un aro delgado en tres lados, lo cual te permite crear un entorno de trabajo adecuado a trav\u00e9s de un ajuste de inclinaci\u00f3n conveniente.<\/p>\n<\/div>\n<\/div>\n<\/div>\n<\/div>\n<\/div>\n<\/div>\n<\/div>\n<\/div>\n<\/div>\n<\/div>\n<\/div>\n<\/div>\n<\/div>\n","protected":false},"excerpt":{"rendered":"<p>Producto original.<\/p>\n","protected":false},"featured_media":4877,"comment_status":"open","ping_status":"closed","template":"","meta":{"site-sidebar-layout":"default","site-content-layout":"","ast-site-content-layout":"default","site-content-style":"default","site-sidebar-style":"default","ast-global-header-display":"","ast-banner-title-visibility":"","ast-main-header-display":"","ast-hfb-above-header-display":"","ast-hfb-below-header-display":"","ast-hfb-mobile-header-display":"","site-post-title":"","ast-breadcrumbs-content":"","ast-featured-img":"","footer-sml-layout":"","ast-disable-related-posts":"","theme-transparent-header-meta":"default","adv-header-id-meta":"","stick-header-meta":"default","header-above-stick-meta":"","header-main-stick-meta":"","header-below-stick-meta":"","astra-migrate-meta-layouts":"set","ast-page-background-enabled":"default","ast-page-background-meta":{"desktop":{"background-color":"var(--ast-global-color-4)","background-image":"","background-repeat":"repeat","background-position":"center center","background-size":"auto","background-attachment":"scroll","background-type":"","background-media":"","overlay-type":"","overlay-color":"","overlay-opacity":"","overlay-gradient":""},"tablet":{"background-color":"","background-image":"","background-repeat":"repeat","background-position":"center center","background-size":"auto","background-attachment":"scroll","background-type":"","background-media":"","overlay-type":"","overlay-color":"","overlay-opacity":"","overlay-gradient":""},"mobile":{"background-color":"","background-image":"","background-repeat":"repeat","background-position":"center center","background-size":"auto","background-attachment":"scroll","background-type":"","background-media":"","overlay-type":"","overlay-color":"","overlay-opacity":"","overlay-gradient":""}},"ast-content-background-meta":{"desktop":{"background-color":"var(--ast-global-color-5)","background-image":"","background-repeat":"repeat","background-position":"center center","background-size":"auto","background-attachment":"scroll","background-type":"","background-media":"","overlay-type":"","overlay-color":"","overlay-opacity":"","overlay-gradient":""},"tablet":{"background-color":"var(--ast-global-color-5)","background-image":"","background-repeat":"repeat","background-position":"center center","background-size":"auto","background-attachment":"scroll","background-type":"","background-media":"","overlay-type":"","overlay-color":"","overlay-opacity":"","overlay-gradient":""},"mobile":{"background-color":"var(--ast-global-color-5)","background-image":"","background-repeat":"repeat","background-position":"center center","background-size":"auto","background-attachment":"scroll","background-type":"","background-media":"","overlay-type":"","overlay-color":"","overlay-opacity":"","overlay-gradient":""}}},"product_brand":[978],"product_cat":[55,198],"product_tag":[200],"class_list":{"0":"post-1965","1":"product","2":"type-product","3":"status-publish","4":"has-post-thumbnail","6":"product_brand-lg","7":"product_cat-audio-y-video","8":"product_cat-monitores","9":"product_tag-22mr410","10":"desktop-align-left","11":"tablet-align-left","12":"mobile-align-left","13":"ast-product-gallery-layout-horizontal-slider","14":"ast-product-gallery-with-no-image","15":"ast-magnify-disabled","16":"ast-product-tabs-layout-horizontal","17":"ast-qv-on-image","19":"first","20":"outofstock","21":"sale","22":"taxable","23":"shipping-taxable","24":"purchasable","25":"product-type-simple"},"yoast_head":"<!-- This site is optimized with the Yoast SEO plugin v27.5 - https:\/\/yoast.com\/product\/yoast-seo-wordpress\/ -->\n<title>Monitor LG 22MR410-B Monitor de 21.45\u201d Full HD con AMD FreeSync\u2122 - CLIE LIMITADA<\/title>\n<meta name=\"robots\" content=\"index, follow, max-snippet:-1, max-image-preview:large, max-video-preview:-1\" \/>\n<link rel=\"canonical\" href=\"https:\/\/www.clie.cl\/index.php\/producto\/monitor-lg-22mr410-b-monitor-de-21-45-full-hd-con-amd-freesync\/\" \/>\n<meta property=\"og:locale\" content=\"es_ES\" \/>\n<meta property=\"og:type\" content=\"article\" \/>\n<meta property=\"og:title\" content=\"Monitor LG 22MR410-B Monitor de 21.45\u201d Full HD con AMD FreeSync\u2122 - CLIE LIMITADA\" \/>\n<meta property=\"og:description\" content=\"Producto original.\" \/>\n<meta property=\"og:url\" content=\"https:\/\/www.clie.cl\/index.php\/producto\/monitor-lg-22mr410-b-monitor-de-21-45-full-hd-con-amd-freesync\/\" \/>\n<meta property=\"og:site_name\" content=\"CLIE LIMITADA\" \/>\n<meta property=\"article:modified_time\" content=\"2026-02-06T12:02:46+00:00\" \/>\n<meta property=\"og:image\" content=\"https:\/\/www.clie.cl\/wp-content\/uploads\/2024\/05\/22MR410-B.jpg\" \/>\n\t<meta property=\"og:image:width\" content=\"2000\" \/>\n\t<meta property=\"og:image:height\" content=\"2000\" \/>\n\t<meta property=\"og:image:type\" content=\"image\/jpeg\" \/>\n<meta name=\"twitter:card\" content=\"summary_large_image\" \/>\n<meta name=\"twitter:label1\" content=\"Tiempo de lectura\" \/>\n\t<meta name=\"twitter:data1\" content=\"3 minutos\" \/>\n<script type=\"application\/ld+json\" class=\"yoast-schema-graph\">{\"@context\":\"https:\\\/\\\/schema.org\",\"@graph\":[{\"@type\":\"WebPage\",\"@id\":\"https:\\\/\\\/www.clie.cl\\\/index.php\\\/producto\\\/monitor-lg-22mr410-b-monitor-de-21-45-full-hd-con-amd-freesync\\\/\",\"url\":\"https:\\\/\\\/www.clie.cl\\\/index.php\\\/producto\\\/monitor-lg-22mr410-b-monitor-de-21-45-full-hd-con-amd-freesync\\\/\",\"name\":\"Monitor LG 22MR410-B Monitor de 21.45\u201d Full HD con AMD FreeSync\u2122 - CLIE LIMITADA\",\"isPartOf\":{\"@id\":\"https:\\\/\\\/www.clie.cl\\\/#website\"},\"primaryImageOfPage\":{\"@id\":\"https:\\\/\\\/www.clie.cl\\\/index.php\\\/producto\\\/monitor-lg-22mr410-b-monitor-de-21-45-full-hd-con-amd-freesync\\\/#primaryimage\"},\"image\":{\"@id\":\"https:\\\/\\\/www.clie.cl\\\/index.php\\\/producto\\\/monitor-lg-22mr410-b-monitor-de-21-45-full-hd-con-amd-freesync\\\/#primaryimage\"},\"thumbnailUrl\":\"https:\\\/\\\/www.clie.cl\\\/wp-content\\\/uploads\\\/2024\\\/05\\\/22MR410-B.jpg\",\"datePublished\":\"2024-05-30T14:20:57+00:00\",\"dateModified\":\"2026-02-06T12:02:46+00:00\",\"breadcrumb\":{\"@id\":\"https:\\\/\\\/www.clie.cl\\\/index.php\\\/producto\\\/monitor-lg-22mr410-b-monitor-de-21-45-full-hd-con-amd-freesync\\\/#breadcrumb\"},\"inLanguage\":\"es\",\"potentialAction\":[{\"@type\":\"ReadAction\",\"target\":[\"https:\\\/\\\/www.clie.cl\\\/index.php\\\/producto\\\/monitor-lg-22mr410-b-monitor-de-21-45-full-hd-con-amd-freesync\\\/\"]}]},{\"@type\":\"ImageObject\",\"inLanguage\":\"es\",\"@id\":\"https:\\\/\\\/www.clie.cl\\\/index.php\\\/producto\\\/monitor-lg-22mr410-b-monitor-de-21-45-full-hd-con-amd-freesync\\\/#primaryimage\",\"url\":\"https:\\\/\\\/www.clie.cl\\\/wp-content\\\/uploads\\\/2024\\\/05\\\/22MR410-B.jpg\",\"contentUrl\":\"https:\\\/\\\/www.clie.cl\\\/wp-content\\\/uploads\\\/2024\\\/05\\\/22MR410-B.jpg\",\"width\":2000,\"height\":2000},{\"@type\":\"BreadcrumbList\",\"@id\":\"https:\\\/\\\/www.clie.cl\\\/index.php\\\/producto\\\/monitor-lg-22mr410-b-monitor-de-21-45-full-hd-con-amd-freesync\\\/#breadcrumb\",\"itemListElement\":[{\"@type\":\"ListItem\",\"position\":1,\"name\":\"Portada\",\"item\":\"https:\\\/\\\/www.clie.cl\\\/\"},{\"@type\":\"ListItem\",\"position\":2,\"name\":\"Productos\",\"item\":\"https:\\\/\\\/www.clie.cl\\\/index.php\\\/shop\\\/\"},{\"@type\":\"ListItem\",\"position\":3,\"name\":\"Monitor LG 22MR410-B Monitor de 21.45\u201d Full HD con AMD FreeSync\u2122\"}]},{\"@type\":\"WebSite\",\"@id\":\"https:\\\/\\\/www.clie.cl\\\/#website\",\"url\":\"https:\\\/\\\/www.clie.cl\\\/\",\"name\":\"CLIE.cl\",\"description\":\"Clie Limitada\",\"publisher\":{\"@id\":\"https:\\\/\\\/www.clie.cl\\\/#organization\"},\"alternateName\":\"CLIE\",\"potentialAction\":[{\"@type\":\"SearchAction\",\"target\":{\"@type\":\"EntryPoint\",\"urlTemplate\":\"https:\\\/\\\/www.clie.cl\\\/?s={search_term_string}\"},\"query-input\":{\"@type\":\"PropertyValueSpecification\",\"valueRequired\":true,\"valueName\":\"search_term_string\"}}],\"inLanguage\":\"es\"},{\"@type\":\"Organization\",\"@id\":\"https:\\\/\\\/www.clie.cl\\\/#organization\",\"name\":\"CLIE LIMITADA\",\"url\":\"https:\\\/\\\/www.clie.cl\\\/\",\"logo\":{\"@type\":\"ImageObject\",\"inLanguage\":\"es\",\"@id\":\"https:\\\/\\\/www.clie.cl\\\/#\\\/schema\\\/logo\\\/image\\\/\",\"url\":\"https:\\\/\\\/www.clie.cl\\\/wp-content\\\/uploads\\\/2023\\\/10\\\/logo_clie_front_web_2023.png\",\"contentUrl\":\"https:\\\/\\\/www.clie.cl\\\/wp-content\\\/uploads\\\/2023\\\/10\\\/logo_clie_front_web_2023.png\",\"width\":139,\"height\":118,\"caption\":\"CLIE LIMITADA\"},\"image\":{\"@id\":\"https:\\\/\\\/www.clie.cl\\\/#\\\/schema\\\/logo\\\/image\\\/\"}}]}<\/script>\n<!-- \/ Yoast SEO plugin. -->","yoast_head_json":{"title":"Monitor LG 22MR410-B Monitor de 21.45\u201d Full HD con AMD FreeSync\u2122 - CLIE LIMITADA","robots":{"index":"index","follow":"follow","max-snippet":"max-snippet:-1","max-image-preview":"max-image-preview:large","max-video-preview":"max-video-preview:-1"},"canonical":"https:\/\/www.clie.cl\/index.php\/producto\/monitor-lg-22mr410-b-monitor-de-21-45-full-hd-con-amd-freesync\/","og_locale":"es_ES","og_type":"article","og_title":"Monitor LG 22MR410-B Monitor de 21.45\u201d Full HD con AMD FreeSync\u2122 - CLIE LIMITADA","og_description":"Producto original.","og_url":"https:\/\/www.clie.cl\/index.php\/producto\/monitor-lg-22mr410-b-monitor-de-21-45-full-hd-con-amd-freesync\/","og_site_name":"CLIE LIMITADA","article_modified_time":"2026-02-06T12:02:46+00:00","og_image":[{"width":2000,"height":2000,"url":"https:\/\/www.clie.cl\/wp-content\/uploads\/2024\/05\/22MR410-B.jpg","type":"image\/jpeg"}],"twitter_card":"summary_large_image","twitter_misc":{"Tiempo de lectura":"3 minutos"},"schema":{"@context":"https:\/\/schema.org","@graph":[{"@type":"WebPage","@id":"https:\/\/www.clie.cl\/index.php\/producto\/monitor-lg-22mr410-b-monitor-de-21-45-full-hd-con-amd-freesync\/","url":"https:\/\/www.clie.cl\/index.php\/producto\/monitor-lg-22mr410-b-monitor-de-21-45-full-hd-con-amd-freesync\/","name":"Monitor LG 22MR410-B Monitor de 21.45\u201d Full HD con AMD FreeSync\u2122 - CLIE LIMITADA","isPartOf":{"@id":"https:\/\/www.clie.cl\/#website"},"primaryImageOfPage":{"@id":"https:\/\/www.clie.cl\/index.php\/producto\/monitor-lg-22mr410-b-monitor-de-21-45-full-hd-con-amd-freesync\/#primaryimage"},"image":{"@id":"https:\/\/www.clie.cl\/index.php\/producto\/monitor-lg-22mr410-b-monitor-de-21-45-full-hd-con-amd-freesync\/#primaryimage"},"thumbnailUrl":"https:\/\/www.clie.cl\/wp-content\/uploads\/2024\/05\/22MR410-B.jpg","datePublished":"2024-05-30T14:20:57+00:00","dateModified":"2026-02-06T12:02:46+00:00","breadcrumb":{"@id":"https:\/\/www.clie.cl\/index.php\/producto\/monitor-lg-22mr410-b-monitor-de-21-45-full-hd-con-amd-freesync\/#breadcrumb"},"inLanguage":"es","potentialAction":[{"@type":"ReadAction","target":["https:\/\/www.clie.cl\/index.php\/producto\/monitor-lg-22mr410-b-monitor-de-21-45-full-hd-con-amd-freesync\/"]}]},{"@type":"ImageObject","inLanguage":"es","@id":"https:\/\/www.clie.cl\/index.php\/producto\/monitor-lg-22mr410-b-monitor-de-21-45-full-hd-con-amd-freesync\/#primaryimage","url":"https:\/\/www.clie.cl\/wp-content\/uploads\/2024\/05\/22MR410-B.jpg","contentUrl":"https:\/\/www.clie.cl\/wp-content\/uploads\/2024\/05\/22MR410-B.jpg","width":2000,"height":2000},{"@type":"BreadcrumbList","@id":"https:\/\/www.clie.cl\/index.php\/producto\/monitor-lg-22mr410-b-monitor-de-21-45-full-hd-con-amd-freesync\/#breadcrumb","itemListElement":[{"@type":"ListItem","position":1,"name":"Portada","item":"https:\/\/www.clie.cl\/"},{"@type":"ListItem","position":2,"name":"Productos","item":"https:\/\/www.clie.cl\/index.php\/shop\/"},{"@type":"ListItem","position":3,"name":"Monitor LG 22MR410-B Monitor de 21.45\u201d Full HD con AMD FreeSync\u2122"}]},{"@type":"WebSite","@id":"https:\/\/www.clie.cl\/#website","url":"https:\/\/www.clie.cl\/","name":"CLIE.cl","description":"Clie Limitada","publisher":{"@id":"https:\/\/www.clie.cl\/#organization"},"alternateName":"CLIE","potentialAction":[{"@type":"SearchAction","target":{"@type":"EntryPoint","urlTemplate":"https:\/\/www.clie.cl\/?s={search_term_string}"},"query-input":{"@type":"PropertyValueSpecification","valueRequired":true,"valueName":"search_term_string"}}],"inLanguage":"es"},{"@type":"Organization","@id":"https:\/\/www.clie.cl\/#organization","name":"CLIE LIMITADA","url":"https:\/\/www.clie.cl\/","logo":{"@type":"ImageObject","inLanguage":"es","@id":"https:\/\/www.clie.cl\/#\/schema\/logo\/image\/","url":"https:\/\/www.clie.cl\/wp-content\/uploads\/2023\/10\/logo_clie_front_web_2023.png","contentUrl":"https:\/\/www.clie.cl\/wp-content\/uploads\/2023\/10\/logo_clie_front_web_2023.png","width":139,"height":118,"caption":"CLIE LIMITADA"},"image":{"@id":"https:\/\/www.clie.cl\/#\/schema\/logo\/image\/"}}]}},"_links":{"self":[{"href":"https:\/\/www.clie.cl\/index.php\/wp-json\/wp\/v2\/product\/1965","targetHints":{"allow":["GET"]}}],"collection":[{"href":"https:\/\/www.clie.cl\/index.php\/wp-json\/wp\/v2\/product"}],"about":[{"href":"https:\/\/www.clie.cl\/index.php\/wp-json\/wp\/v2\/types\/product"}],"replies":[{"embeddable":true,"href":"https:\/\/www.clie.cl\/index.php\/wp-json\/wp\/v2\/comments?post=1965"}],"wp:featuredmedia":[{"embeddable":true,"href":"https:\/\/www.clie.cl\/index.php\/wp-json\/wp\/v2\/media\/4877"}],"wp:attachment":[{"href":"https:\/\/www.clie.cl\/index.php\/wp-json\/wp\/v2\/media?parent=1965"}],"wp:term":[{"taxonomy":"product_brand","embeddable":true,"href":"https:\/\/www.clie.cl\/index.php\/wp-json\/wp\/v2\/product_brand?post=1965"},{"taxonomy":"product_cat","embeddable":true,"href":"https:\/\/www.clie.cl\/index.php\/wp-json\/wp\/v2\/product_cat?post=1965"},{"taxonomy":"product_tag","embeddable":true,"href":"https:\/\/www.clie.cl\/index.php\/wp-json\/wp\/v2\/product_tag?post=1965"}],"curies":[{"name":"wp","href":"https:\/\/api.w.org\/{rel}","templated":true}]}}