{"id":196,"date":"2023-11-01T20:05:09","date_gmt":"2023-11-01T20:05:09","guid":{"rendered":"https:\/\/clie.cl\/?post_type=product&#038;p=196"},"modified":"2025-11-14T12:35:44","modified_gmt":"2025-11-14T16:35:44","slug":"cartucho-de-mantenimiento-canon-mc-g01-original","status":"publish","type":"product","link":"https:\/\/www.clie.cl\/index.php\/producto\/cartucho-de-mantenimiento-canon-mc-g01-original\/","title":{"rendered":"Cartucho Mantenimiento Canon MC-G01 Original"},"content":{"rendered":"<p>Tipo de Producto: Cartucho de Mantenimiento Original MCG01<br \/>\nMC-G01<\/p>\n<p>Tecnolog\u00eda de Impresi\u00f3n: Inyecci\u00f3n de tinta<br \/>\nNombre de Marca: Canon<br \/>\nInformaci\u00f3n General<br \/>\nTipo de Producto: Cartucho de mantenimiento<br \/>\nC\u00f3digo de Fabricante: 4628C001<br \/>\nDirecci\u00f3n Web de Fabricante: http:\/\/www.canon.cl<br \/>\nFabricante: Canon, Inc<br \/>\nModelo de Producto: MC-G01<br \/>\nNombre de Producto: Cartucho de mantenimiento 4628C001<br \/>\nNombre de Marca: Canon<br \/>\nInformaci\u00f3n T\u00e9cnica<br \/>\nTecnolog\u00eda de Impresi\u00f3n: Inyecci\u00f3n de tinta<br \/>\nVarios<\/p>\n<p>Compatibilidad:<\/p>\n<p>GX7010<br \/>\nGX6010<br \/>\nGX5010<br \/>\nGX6030<br \/>\nGX7030<br \/>\nGX6040<br \/>\nGX7040<\/p>\n<p>GX7020<br \/>\nGX7030<br \/>\nGX6020<br \/>\nGX6030<br \/>\nGX6040<br \/>\nGX5520X<br \/>\nGX6021<br \/>\nGX7020X<br \/>\nGX7021<\/p>\n<div>\n<div id=\"ProductPageContainerRefreshArea\" class=\"dijitContentPane row\" lang=\"es\">\n<div class=\"wrapper productdisplay\">\n<div id=\"contentWrapper\">\n<div id=\"container_73701\" class=\"product_page_content rowContainer \" role=\"main\">\n<div class=\"row\">\n<div class=\"col12 acol12 ccol9 tabbedSlots9_10_11\">\n<div class=\"tabButtonContainer show-for-large\" role=\"tablist\">\n<div id=\"tab4Widget\" class=\"tab left hide-for-medium-down\" role=\"tabpanel\" data-slot-id=\"14\" aria-labelledby=\"tab4\">\n<div class=\"content\">MAXIFY GX7010<br \/>\nMAXIFY GX6010<br \/>\nMAXIFY GX5010<\/div>\n<div><\/div>\n<div class=\"content\">\n<p>013803333220<\/p>\n<div class=\"disclaimer\">\n<p>4549292173710<br \/>\nMC-G01 WW<br \/>\n4628C001<\/p>\n<\/div>\n<\/div>\n<\/div>\n<\/div>\n<\/div>\n<p>&nbsp;<\/p>\n<div class=\"col12 acol12 ccol3 left slot10 recommended-prod hidden-mobile\" data-slot-id=\"10\"><\/div>\n<\/div>\n<\/div>\n<\/div>\n<\/div>\n<\/div>\n<\/div>\n<div id=\"footerWrapper\">\n<p>&nbsp;<\/p>\n<div id=\"footer\" role=\"navigation\">\n<section id=\"footer-inner\">\n<div id=\"left_container\" class=\"container\">\n<p>&nbsp;<\/p>\n<div>\n<p>&nbsp;<\/p>\n<div id=\"ftr_espot_one\" class=\"ftr_espot\">\n<p>&nbsp;<\/p>\n<div id=\"contentRecommendationWidget_FOOTER_ESPOT1\" class=\"contentRecommendationWidget\">\n<p>&nbsp;<\/p>\n<div class=\"left_espot\">\n<p>&nbsp;<\/p>\n<div><\/div>\n<\/div>\n<\/div>\n<\/div>\n<\/div>\n<\/div>\n<\/section>\n<\/div>\n<\/div>\n<div id=\"gtx-trans\" style=\"position: absolute; left: 6px; top: 501.953px;\">\n<div class=\"gtx-trans-icon\"><\/div>\n<\/div>\n","protected":false},"excerpt":{"rendered":"<p>Producto original.<\/p>\n<div id=\"gtx-trans\" style=\"position: absolute;left: -55px;top: 45px\">\n<div class=\"gtx-trans-icon\">\u00a0<\/div>\n<\/div>\n","protected":false},"featured_media":204,"comment_status":"open","ping_status":"closed","template":"","meta":{"site-sidebar-layout":"default","site-content-layout":"","ast-site-content-layout":"default","site-content-style":"default","site-sidebar-style":"default","ast-global-header-display":"","ast-banner-title-visibility":"","ast-main-header-display":"","ast-hfb-above-header-display":"","ast-hfb-below-header-display":"","ast-hfb-mobile-header-display":"","site-post-title":"","ast-breadcrumbs-content":"","ast-featured-img":"","footer-sml-layout":"","ast-disable-related-posts":"","theme-transparent-header-meta":"default","adv-header-id-meta":"","stick-header-meta":"default","header-above-stick-meta":"","header-main-stick-meta":"","header-below-stick-meta":"","astra-migrate-meta-layouts":"set","ast-page-background-enabled":"default","ast-page-background-meta":{"desktop":{"background-color":"var(--ast-global-color-4)","background-image":"","background-repeat":"repeat","background-position":"center center","background-size":"auto","background-attachment":"scroll","background-type":"","background-media":"","overlay-type":"","overlay-color":"","overlay-opacity":"","overlay-gradient":""},"tablet":{"background-color":"","background-image":"","background-repeat":"repeat","background-position":"center center","background-size":"auto","background-attachment":"scroll","background-type":"","background-media":"","overlay-type":"","overlay-color":"","overlay-opacity":"","overlay-gradient":""},"mobile":{"background-color":"","background-image":"","background-repeat":"repeat","background-position":"center center","background-size":"auto","background-attachment":"scroll","background-type":"","background-media":"","overlay-type":"","overlay-color":"","overlay-opacity":"","overlay-gradient":""}},"ast-content-background-meta":{"desktop":{"background-color":"var(--ast-global-color-5)","background-image":"","background-repeat":"repeat","background-position":"center center","background-size":"auto","background-attachment":"scroll","background-type":"","background-media":"","overlay-type":"","overlay-color":"","overlay-opacity":"","overlay-gradient":""},"tablet":{"background-color":"var(--ast-global-color-5)","background-image":"","background-repeat":"repeat","background-position":"center center","background-size":"auto","background-attachment":"scroll","background-type":"","background-media":"","overlay-type":"","overlay-color":"","overlay-opacity":"","overlay-gradient":""},"mobile":{"background-color":"var(--ast-global-color-5)","background-image":"","background-repeat":"repeat","background-position":"center center","background-size":"auto","background-attachment":"scroll","background-type":"","background-media":"","overlay-type":"","overlay-color":"","overlay-opacity":"","overlay-gradient":""}}},"product_brand":[966],"product_cat":[22,52],"product_tag":[452,460,461,458,459],"class_list":{"0":"post-196","1":"product","2":"type-product","3":"status-publish","4":"has-post-thumbnail","6":"product_brand-canon","7":"product_cat-insumos","8":"product_cat-tanque-mantenimiento","9":"product_tag-canon","10":"product_tag-cartucho-mantenimiento","11":"product_tag-cartucho-mantenimiento-canon","12":"product_tag-mc-g01","13":"product_tag-mcg01","14":"desktop-align-left","15":"tablet-align-left","16":"mobile-align-left","17":"ast-product-gallery-layout-horizontal-slider","18":"ast-magnify-disabled","19":"ast-product-tabs-layout-horizontal","20":"ast-qv-on-image","22":"first","23":"instock","24":"sale","25":"taxable","26":"shipping-taxable","27":"purchasable","28":"product-type-simple"},"yoast_head":"<!-- This site is optimized with the Yoast SEO plugin v27.5 - https:\/\/yoast.com\/product\/yoast-seo-wordpress\/ -->\n<title>Cartucho Mantenimiento Canon MC-G01 Original - CLIE LIMITADA<\/title>\n<meta name=\"description\" content=\"Compra el Cartucho de Mantenimiento Canon MC-G01 original para obtener un rendimiento confiable y de alta calidad. Encuentra precios competitivos y env\u00edos r\u00e1pidos en CLIE.cl\" \/>\n<meta name=\"robots\" content=\"index, follow, max-snippet:-1, max-image-preview:large, max-video-preview:-1\" \/>\n<link rel=\"canonical\" href=\"https:\/\/www.clie.cl\/index.php\/producto\/cartucho-de-mantenimiento-canon-mc-g01-original\/\" \/>\n<meta property=\"og:locale\" content=\"es_ES\" \/>\n<meta property=\"og:type\" content=\"article\" \/>\n<meta property=\"og:title\" content=\"Cartucho Mantenimiento Canon MC-G01 Original - CLIE LIMITADA\" \/>\n<meta property=\"og:description\" content=\"Compra el Cartucho de Mantenimiento Canon MC-G01 original para obtener un rendimiento confiable y de alta calidad. Encuentra precios competitivos y env\u00edos r\u00e1pidos en CLIE.cl\" \/>\n<meta property=\"og:url\" content=\"https:\/\/www.clie.cl\/index.php\/producto\/cartucho-de-mantenimiento-canon-mc-g01-original\/\" \/>\n<meta property=\"og:site_name\" content=\"CLIE LIMITADA\" \/>\n<meta property=\"article:modified_time\" content=\"2025-11-14T16:35:44+00:00\" \/>\n<meta property=\"og:image\" content=\"https:\/\/www.clie.cl\/wp-content\/uploads\/2023\/11\/MC-G01.jpg\" \/>\n\t<meta property=\"og:image:width\" content=\"600\" \/>\n\t<meta property=\"og:image:height\" content=\"600\" \/>\n\t<meta property=\"og:image:type\" content=\"image\/jpeg\" \/>\n<meta name=\"twitter:card\" content=\"summary_large_image\" \/>\n<meta name=\"twitter:label1\" content=\"Tiempo de lectura\" \/>\n\t<meta name=\"twitter:data1\" content=\"1 minuto\" \/>\n<script type=\"application\/ld+json\" class=\"yoast-schema-graph\">{\"@context\":\"https:\\\/\\\/schema.org\",\"@graph\":[{\"@type\":\"WebPage\",\"@id\":\"https:\\\/\\\/www.clie.cl\\\/index.php\\\/producto\\\/cartucho-de-mantenimiento-canon-mc-g01-original\\\/\",\"url\":\"https:\\\/\\\/www.clie.cl\\\/index.php\\\/producto\\\/cartucho-de-mantenimiento-canon-mc-g01-original\\\/\",\"name\":\"Cartucho Mantenimiento Canon MC-G01 Original - CLIE LIMITADA\",\"isPartOf\":{\"@id\":\"https:\\\/\\\/www.clie.cl\\\/#website\"},\"primaryImageOfPage\":{\"@id\":\"https:\\\/\\\/www.clie.cl\\\/index.php\\\/producto\\\/cartucho-de-mantenimiento-canon-mc-g01-original\\\/#primaryimage\"},\"image\":{\"@id\":\"https:\\\/\\\/www.clie.cl\\\/index.php\\\/producto\\\/cartucho-de-mantenimiento-canon-mc-g01-original\\\/#primaryimage\"},\"thumbnailUrl\":\"https:\\\/\\\/www.clie.cl\\\/wp-content\\\/uploads\\\/2023\\\/11\\\/MC-G01.jpg\",\"datePublished\":\"2023-11-01T20:05:09+00:00\",\"dateModified\":\"2025-11-14T16:35:44+00:00\",\"description\":\"Compra el Cartucho de Mantenimiento Canon MC-G01 original para obtener un rendimiento confiable y de alta calidad. Encuentra precios competitivos y env\u00edos r\u00e1pidos en CLIE.cl\",\"breadcrumb\":{\"@id\":\"https:\\\/\\\/www.clie.cl\\\/index.php\\\/producto\\\/cartucho-de-mantenimiento-canon-mc-g01-original\\\/#breadcrumb\"},\"inLanguage\":\"es\",\"potentialAction\":[{\"@type\":\"ReadAction\",\"target\":[\"https:\\\/\\\/www.clie.cl\\\/index.php\\\/producto\\\/cartucho-de-mantenimiento-canon-mc-g01-original\\\/\"]}]},{\"@type\":\"ImageObject\",\"inLanguage\":\"es\",\"@id\":\"https:\\\/\\\/www.clie.cl\\\/index.php\\\/producto\\\/cartucho-de-mantenimiento-canon-mc-g01-original\\\/#primaryimage\",\"url\":\"https:\\\/\\\/www.clie.cl\\\/wp-content\\\/uploads\\\/2023\\\/11\\\/MC-G01.jpg\",\"contentUrl\":\"https:\\\/\\\/www.clie.cl\\\/wp-content\\\/uploads\\\/2023\\\/11\\\/MC-G01.jpg\",\"width\":600,\"height\":600},{\"@type\":\"BreadcrumbList\",\"@id\":\"https:\\\/\\\/www.clie.cl\\\/index.php\\\/producto\\\/cartucho-de-mantenimiento-canon-mc-g01-original\\\/#breadcrumb\",\"itemListElement\":[{\"@type\":\"ListItem\",\"position\":1,\"name\":\"Portada\",\"item\":\"https:\\\/\\\/www.clie.cl\\\/\"},{\"@type\":\"ListItem\",\"position\":2,\"name\":\"Productos\",\"item\":\"https:\\\/\\\/www.clie.cl\\\/index.php\\\/shop\\\/\"},{\"@type\":\"ListItem\",\"position\":3,\"name\":\"Cartucho Mantenimiento Canon MC-G01 Original\"}]},{\"@type\":\"WebSite\",\"@id\":\"https:\\\/\\\/www.clie.cl\\\/#website\",\"url\":\"https:\\\/\\\/www.clie.cl\\\/\",\"name\":\"CLIE.cl\",\"description\":\"Clie Limitada\",\"publisher\":{\"@id\":\"https:\\\/\\\/www.clie.cl\\\/#organization\"},\"alternateName\":\"CLIE\",\"potentialAction\":[{\"@type\":\"SearchAction\",\"target\":{\"@type\":\"EntryPoint\",\"urlTemplate\":\"https:\\\/\\\/www.clie.cl\\\/?s={search_term_string}\"},\"query-input\":{\"@type\":\"PropertyValueSpecification\",\"valueRequired\":true,\"valueName\":\"search_term_string\"}}],\"inLanguage\":\"es\"},{\"@type\":\"Organization\",\"@id\":\"https:\\\/\\\/www.clie.cl\\\/#organization\",\"name\":\"CLIE LIMITADA\",\"url\":\"https:\\\/\\\/www.clie.cl\\\/\",\"logo\":{\"@type\":\"ImageObject\",\"inLanguage\":\"es\",\"@id\":\"https:\\\/\\\/www.clie.cl\\\/#\\\/schema\\\/logo\\\/image\\\/\",\"url\":\"https:\\\/\\\/www.clie.cl\\\/wp-content\\\/uploads\\\/2023\\\/10\\\/logo_clie_front_web_2023.png\",\"contentUrl\":\"https:\\\/\\\/www.clie.cl\\\/wp-content\\\/uploads\\\/2023\\\/10\\\/logo_clie_front_web_2023.png\",\"width\":139,\"height\":118,\"caption\":\"CLIE LIMITADA\"},\"image\":{\"@id\":\"https:\\\/\\\/www.clie.cl\\\/#\\\/schema\\\/logo\\\/image\\\/\"}}]}<\/script>\n<!-- \/ Yoast SEO plugin. -->","yoast_head_json":{"title":"Cartucho Mantenimiento Canon MC-G01 Original - CLIE LIMITADA","description":"Compra el Cartucho de Mantenimiento Canon MC-G01 original para obtener un rendimiento confiable y de alta calidad. Encuentra precios competitivos y env\u00edos r\u00e1pidos en CLIE.cl","robots":{"index":"index","follow":"follow","max-snippet":"max-snippet:-1","max-image-preview":"max-image-preview:large","max-video-preview":"max-video-preview:-1"},"canonical":"https:\/\/www.clie.cl\/index.php\/producto\/cartucho-de-mantenimiento-canon-mc-g01-original\/","og_locale":"es_ES","og_type":"article","og_title":"Cartucho Mantenimiento Canon MC-G01 Original - CLIE LIMITADA","og_description":"Compra el Cartucho de Mantenimiento Canon MC-G01 original para obtener un rendimiento confiable y de alta calidad. Encuentra precios competitivos y env\u00edos r\u00e1pidos en CLIE.cl","og_url":"https:\/\/www.clie.cl\/index.php\/producto\/cartucho-de-mantenimiento-canon-mc-g01-original\/","og_site_name":"CLIE LIMITADA","article_modified_time":"2025-11-14T16:35:44+00:00","og_image":[{"width":600,"height":600,"url":"https:\/\/www.clie.cl\/wp-content\/uploads\/2023\/11\/MC-G01.jpg","type":"image\/jpeg"}],"twitter_card":"summary_large_image","twitter_misc":{"Tiempo de lectura":"1 minuto"},"schema":{"@context":"https:\/\/schema.org","@graph":[{"@type":"WebPage","@id":"https:\/\/www.clie.cl\/index.php\/producto\/cartucho-de-mantenimiento-canon-mc-g01-original\/","url":"https:\/\/www.clie.cl\/index.php\/producto\/cartucho-de-mantenimiento-canon-mc-g01-original\/","name":"Cartucho Mantenimiento Canon MC-G01 Original - CLIE LIMITADA","isPartOf":{"@id":"https:\/\/www.clie.cl\/#website"},"primaryImageOfPage":{"@id":"https:\/\/www.clie.cl\/index.php\/producto\/cartucho-de-mantenimiento-canon-mc-g01-original\/#primaryimage"},"image":{"@id":"https:\/\/www.clie.cl\/index.php\/producto\/cartucho-de-mantenimiento-canon-mc-g01-original\/#primaryimage"},"thumbnailUrl":"https:\/\/www.clie.cl\/wp-content\/uploads\/2023\/11\/MC-G01.jpg","datePublished":"2023-11-01T20:05:09+00:00","dateModified":"2025-11-14T16:35:44+00:00","description":"Compra el Cartucho de Mantenimiento Canon MC-G01 original para obtener un rendimiento confiable y de alta calidad. Encuentra precios competitivos y env\u00edos r\u00e1pidos en CLIE.cl","breadcrumb":{"@id":"https:\/\/www.clie.cl\/index.php\/producto\/cartucho-de-mantenimiento-canon-mc-g01-original\/#breadcrumb"},"inLanguage":"es","potentialAction":[{"@type":"ReadAction","target":["https:\/\/www.clie.cl\/index.php\/producto\/cartucho-de-mantenimiento-canon-mc-g01-original\/"]}]},{"@type":"ImageObject","inLanguage":"es","@id":"https:\/\/www.clie.cl\/index.php\/producto\/cartucho-de-mantenimiento-canon-mc-g01-original\/#primaryimage","url":"https:\/\/www.clie.cl\/wp-content\/uploads\/2023\/11\/MC-G01.jpg","contentUrl":"https:\/\/www.clie.cl\/wp-content\/uploads\/2023\/11\/MC-G01.jpg","width":600,"height":600},{"@type":"BreadcrumbList","@id":"https:\/\/www.clie.cl\/index.php\/producto\/cartucho-de-mantenimiento-canon-mc-g01-original\/#breadcrumb","itemListElement":[{"@type":"ListItem","position":1,"name":"Portada","item":"https:\/\/www.clie.cl\/"},{"@type":"ListItem","position":2,"name":"Productos","item":"https:\/\/www.clie.cl\/index.php\/shop\/"},{"@type":"ListItem","position":3,"name":"Cartucho Mantenimiento Canon MC-G01 Original"}]},{"@type":"WebSite","@id":"https:\/\/www.clie.cl\/#website","url":"https:\/\/www.clie.cl\/","name":"CLIE.cl","description":"Clie Limitada","publisher":{"@id":"https:\/\/www.clie.cl\/#organization"},"alternateName":"CLIE","potentialAction":[{"@type":"SearchAction","target":{"@type":"EntryPoint","urlTemplate":"https:\/\/www.clie.cl\/?s={search_term_string}"},"query-input":{"@type":"PropertyValueSpecification","valueRequired":true,"valueName":"search_term_string"}}],"inLanguage":"es"},{"@type":"Organization","@id":"https:\/\/www.clie.cl\/#organization","name":"CLIE LIMITADA","url":"https:\/\/www.clie.cl\/","logo":{"@type":"ImageObject","inLanguage":"es","@id":"https:\/\/www.clie.cl\/#\/schema\/logo\/image\/","url":"https:\/\/www.clie.cl\/wp-content\/uploads\/2023\/10\/logo_clie_front_web_2023.png","contentUrl":"https:\/\/www.clie.cl\/wp-content\/uploads\/2023\/10\/logo_clie_front_web_2023.png","width":139,"height":118,"caption":"CLIE LIMITADA"},"image":{"@id":"https:\/\/www.clie.cl\/#\/schema\/logo\/image\/"}}]}},"_links":{"self":[{"href":"https:\/\/www.clie.cl\/index.php\/wp-json\/wp\/v2\/product\/196","targetHints":{"allow":["GET"]}}],"collection":[{"href":"https:\/\/www.clie.cl\/index.php\/wp-json\/wp\/v2\/product"}],"about":[{"href":"https:\/\/www.clie.cl\/index.php\/wp-json\/wp\/v2\/types\/product"}],"replies":[{"embeddable":true,"href":"https:\/\/www.clie.cl\/index.php\/wp-json\/wp\/v2\/comments?post=196"}],"wp:featuredmedia":[{"embeddable":true,"href":"https:\/\/www.clie.cl\/index.php\/wp-json\/wp\/v2\/media\/204"}],"wp:attachment":[{"href":"https:\/\/www.clie.cl\/index.php\/wp-json\/wp\/v2\/media?parent=196"}],"wp:term":[{"taxonomy":"product_brand","embeddable":true,"href":"https:\/\/www.clie.cl\/index.php\/wp-json\/wp\/v2\/product_brand?post=196"},{"taxonomy":"product_cat","embeddable":true,"href":"https:\/\/www.clie.cl\/index.php\/wp-json\/wp\/v2\/product_cat?post=196"},{"taxonomy":"product_tag","embeddable":true,"href":"https:\/\/www.clie.cl\/index.php\/wp-json\/wp\/v2\/product_tag?post=196"}],"curies":[{"name":"wp","href":"https:\/\/api.w.org\/{rel}","templated":true}]}}