{"id":1939,"date":"2024-05-29T18:09:51","date_gmt":"2024-05-29T22:09:51","guid":{"rendered":"https:\/\/clie.cl\/?post_type=product&#038;p=1939"},"modified":"2026-03-30T13:19:08","modified_gmt":"2026-03-30T17:19:08","slug":"proyector-viewsonic-pa503s-4000-lumenes-svga","status":"publish","type":"product","link":"https:\/\/www.clie.cl\/index.php\/producto\/proyector-viewsonic-pa503s-4000-lumenes-svga\/","title":{"rendered":"Proyector Viewsonic PA503S 4000 Lumenes SVGA"},"content":{"rendered":"<p>El ViewSonic PA503S ofrece un rendimiento visual impresionante en salas de juntas de negocios y salones de tama\u00f1o peque\u00f1o. Con una luminosidad m\u00e1s alta y una mayor vida de la l\u00e1mpara, se garantiza que el proyector PA503S reproducir\u00e1 los detalles m\u00e1s finos en cualquier entorno durante mucho m\u00e1s tiempo. La tecnolog\u00eda SuperColour\u2122 exclusiva de ViewSonic ofrece un rango m\u00e1s amplio de color visualizable, asegurando una precisi\u00f3n de colores de gran realismo tanto en entornos brillantes como oscuros, sin sacrificar la calidad de la imagen. <\/p>\n<p>Los usuarios pueden seleccionar un modo de l\u00e1mpara distinto para extender la vida \u00fatil de esta. Cuando est\u00e1 activa la configuraci\u00f3n de Ahorro de energ\u00eda y no hay ninguna entrada de se\u00f1al, el proyector cambia autom\u00e1ticamente a los modos Eco y SuperEco \u2022 Modo Eco: Este proyector cambia autom\u00e1ticamente del modo Normal a Eco cada vez que est\u00e9 inactivo durante 5 minutos. \u2022 Modo SuperEco: Cuando el proyector no haya recibido una se\u00f1al de entrada por 20 minutos, las im\u00e1genes proyectadas se aten\u00faan al 70%, extendiendo la vida \u00fatil de la l\u00e1mpara hasta 15.000 horas en promedio. <\/p>\n<p>Temporizador de modo sleep autom\u00e1tico <\/p>\n<p>Olvidar apagar los proyectores es algo que ocurre com\u00fanmente, en especial en espacios p\u00fablicos como salones de clases y salas de juntas. El temporizador de modo sleep del PA503S le permite seleccionar un periodo de inactividad que determine cu\u00e1ndo debe el proyector ponerse en modo sleep (suspendido) autom\u00e1ticamente. <\/p>\n<p>Apagado autom\u00e1tico <\/p>\n<p>Cuando no se detecte ninguna se\u00f1al, el proyector se apagar\u00e1 autom\u00e1ticamente para conservar energ\u00eda y la vida de la l\u00e1mpara. <\/p>\n<p>Im\u00e1genes brillantes en cualquier entorno <\/p>\n<p>Los 4.000 l\u00famenes de intensidad de luz y la elevada relaci\u00f3n de contraste de 22000:1 garantizan la producci\u00f3n de im\u00e1genes brillantes en cualquier entorno, incluso en salas con elevado nivel de luz ambiental. <\/p>\n<p>Precisi\u00f3n crom\u00e1tica excelente <\/p>\n<p>La tecnolog\u00eda SuperColour\u2122 propietaria de ViewSonic ofrece una amplia gama de colores visibles, asegurando a los usuarios unos colores realistas y precisos en entornos claros y oscuros sin sacrificar la calidad de imagen. <\/p>\n<p>Visualizaci\u00f3n finamente calibrada <\/p>\n<p>Seleccione uno de 5 modos de visualizaci\u00f3n preestablecidos para proveer la mejor configuraci\u00f3n para su uso: <\/p>\n<p>Modo m\u00e1s brillante: Para entornos en los que se precisa el m\u00e1ximo nivel de brillo <br \/>Modo de presentaci\u00f3n: Nivel elevado de brillo y una relaci\u00f3n de contraste alta para presentaciones en entornos muy brillantes. <br \/>Modo est\u00e1ndar: Color mejorado, similar al de una PC o Notebook. <br \/>Modo fotogr\u00e1fico: Color natural para una visualizaci\u00f3n en general <br \/>Modo de pel\u00edcula: Color saturado para una mejor experiencia al ver pel\u00edculas en entornos oscuros. <br \/>Visualizaci\u00f3n 3D envolvente <\/p>\n<p>El puerto HDMI del PA503S permite a los usuarios proyectar contenido en 3D directamente de reproductores Blu-Ray 3D y dispositivos compatibles con HDMI, como laptops, tabletas y reproductores de medios. <\/p>\n<p>Activaci\u00f3n instant\u00e1nea <\/p>\n<p>Ponga a funcionar su proyector en un instante con dos ajustes simples: <\/p>\n<p>Encendido directo: Simplemente conecte el cable de alimentaci\u00f3n y comience; el proyector se encender\u00e1 autom\u00e1ticamente. <br \/>Encendido mediante se\u00f1al: El proyector se encender\u00e1 autom\u00e1ticamente al detectar una conexi\u00f3n mediante cable VGA. <br \/>Funcionalidad con control remoto <\/p>\n<p>Este proyector puede asignarse a 8 c\u00f3digos distintos de control remoto en el mismo lugar a trav\u00e9s de un solo control remoto, para facilitar la selecci\u00f3n, configuraci\u00f3n y operaci\u00f3n del proyector durante la clase o una junta. Tambi\u00e9n puede operar ciertos proyectores cuando los c\u00f3digos se instalan en el proyector y en el control remoto. <\/p>\n<p>Correcci\u00f3n de imagen avanzada <\/p>\n<p>La funci\u00f3n Vertical Keystone vertical le permite corregir y ajustar im\u00e1genes distorsionadas con facilidad para una instalaci\u00f3n flexible. <\/p>\n<p>Asistencia para la administraci\u00f3n del tiempo <\/p>\n<p>El Temporizador para el presentador es un temporizador integrado en la pantalla que ayuda a los usuarios a administrar el tiempo durante las presentaciones. Una vez que se alcance un l\u00edmite de tiempo especificado, el proyector lo indicar\u00e1 con un pitido, para que las presentaciones se realicen a tiempo. <\/p>\n<p>Capacidades de reorientaci\u00f3n de atenci\u00f3n <\/p>\n<p>Mediante el Temporizador en blanco del PA503S, el presentador puede reorientar la atenci\u00f3n de la audiencia hacia \u00e9l, ocultando la imagen de la pantalla en distintos puntos durante una presentaci\u00f3n. Adem\u00e1s, el Temporizador en blanco puede usarse como recordatorio para tomar descansos. <\/p>\n<p>Sistema de proyecci\u00f3n: 0.55&#8243; SVGA <br \/>Resolucion nativa: 800&#215;600 <br \/>Tipo DMD: DC3 <br \/>Brillo: 4000 ANSI Lumens <br \/>Relaci\u00f3n de contraste con modo SuperEco: 22000:1 <br \/>Display Color: 1.07 Billion Colors <br \/>Tipo de fuente de luz: Lamp <br \/>Light Source Life (hours) with Normal Mode: 5000 <br \/>Light Source Life (hours) with SuperEco Mode: 15000 <br \/>Vatios de la l\u00e1mpara: 190W <br \/>Lente: F=2.56-2.68, f=22-24.1mm <br \/>Compensaci\u00f3n de proyecci\u00f3n: 120%+\/-5% <br \/>Ratio de proyecci\u00f3n: 1.96-2.15 <br \/>Zoom \u00f3ptico: 1.1x <br \/>Zoom digital: 0.8x-2.0x <br \/>Tama\u00f1o de la imagen: 30&#8243;-300&#8243; <br \/>Distancia de proyecci\u00f3n: 1.19m-13.11m(100&#8243;@3.98m) <br \/>Keystone: +\/- 40\u00b0 (V) <br \/>Ruido audible (Normal): 31dB <br \/>Audible Noise (Eco): 27dB <br \/>Input Lag: 16ms <br \/>Resoluciones soportadas: VGA(640 x 480) to FullHD(1920 x 1080) <br \/>Compatibilidad con HDTV: 480i, 480p, 576i, 576p, 720p, 1080i, 1080p <br \/>Compatibilidad de v\u00eddeo: NTSC, PAL, SECAM <br \/>Frecuencia horizontal: 15K-102KHz <br \/>Velocidad de exploraci\u00f3n vertical: 23-120Hz <br \/>Entradas <\/p>\n<p>Entrada PC (compartido por componente): 2 <br \/>Compuesto: 1 <br \/>HDMI: 1 (HDMI 1.4\/ HDCP 1.4) <br \/>Entrada de audio (3.5 mm): 1 <br \/>Salidas <\/p>\n<p>Salida monitor: 1 <br \/>Audio-out (3.5mm): 1 <br \/>Altavoz: 2W <\/p>\n<p>\u00a0 <\/p>\n<p>Control <\/p>\n<p>RS232 (DB 9 pines macho): 1 <br \/>USB Tipo Mini B (Servicio): 1 <br \/>Otros <\/p>\n<p>Voltaje de la fuente de alimentaci\u00f3n: 100-240V+\/- 10%, 50\/60Hz (AC in) <br \/>Consumo de energ\u00eda: Normal: 260WStandby: &lt;0.5W <br \/>Temperatura de funcionamiento: 0~40\u2103 <br \/>Carton: Brown <br \/>Peso neto: 2.2kg <br \/>Gross Weight: 3.24Kg <br \/>Dimensiones (WxDxH) con pie de ajuste: 294x218x110mm <br \/>Packing Dimensions: 365x300x188mm <br \/>Idiomas OSD: English, French, Spanish, Thai, Korean, German, Italian, Russian, Swedish, Dutch, Polish, Czech, T-Chinese, S-Chinese, Japanese, Turkish, Portuguese, Finnish, Indonesian, India, Arabic, Vietnamese, Greek, Total 23 languages <br \/>User Guide Language: English, S-Chinese, T-Chinese, Finnish, French, German, Italian, Japanese, Korean, Polish, Portuguese, Russian, Spanish, Swedish, Turkish, Total 15 languages <br \/>Standard Accessory <\/p>\n<p>Cable de alimentaci\u00f3n: 1 <br \/>Cable VGA: 1 <br \/>Mando a distancia: 1 <br \/>QSG: Yes <br \/>Filtro de aire: Yes (CN Only) <br \/>Garant\u00eda: *Warranty offered may differ from market to market<\/p>\n","protected":false},"excerpt":{"rendered":"<p>Producto original.<\/p>\n","protected":false},"featured_media":7138,"comment_status":"open","ping_status":"closed","template":"","meta":{"site-sidebar-layout":"default","site-content-layout":"","ast-site-content-layout":"default","site-content-style":"default","site-sidebar-style":"default","ast-global-header-display":"","ast-banner-title-visibility":"","ast-main-header-display":"","ast-hfb-above-header-display":"","ast-hfb-below-header-display":"","ast-hfb-mobile-header-display":"","site-post-title":"","ast-breadcrumbs-content":"","ast-featured-img":"","footer-sml-layout":"","ast-disable-related-posts":"","theme-transparent-header-meta":"default","adv-header-id-meta":"","stick-header-meta":"default","header-above-stick-meta":"","header-main-stick-meta":"","header-below-stick-meta":"","astra-migrate-meta-layouts":"set","ast-page-background-enabled":"default","ast-page-background-meta":{"desktop":{"background-color":"var(--ast-global-color-4)","background-image":"","background-repeat":"repeat","background-position":"center center","background-size":"auto","background-attachment":"scroll","background-type":"","background-media":"","overlay-type":"","overlay-color":"","overlay-opacity":"","overlay-gradient":""},"tablet":{"background-color":"","background-image":"","background-repeat":"repeat","background-position":"center center","background-size":"auto","background-attachment":"scroll","background-type":"","background-media":"","overlay-type":"","overlay-color":"","overlay-opacity":"","overlay-gradient":""},"mobile":{"background-color":"","background-image":"","background-repeat":"repeat","background-position":"center center","background-size":"auto","background-attachment":"scroll","background-type":"","background-media":"","overlay-type":"","overlay-color":"","overlay-opacity":"","overlay-gradient":""}},"ast-content-background-meta":{"desktop":{"background-color":"var(--ast-global-color-5)","background-image":"","background-repeat":"repeat","background-position":"center center","background-size":"auto","background-attachment":"scroll","background-type":"","background-media":"","overlay-type":"","overlay-color":"","overlay-opacity":"","overlay-gradient":""},"tablet":{"background-color":"var(--ast-global-color-5)","background-image":"","background-repeat":"repeat","background-position":"center center","background-size":"auto","background-attachment":"scroll","background-type":"","background-media":"","overlay-type":"","overlay-color":"","overlay-opacity":"","overlay-gradient":""},"mobile":{"background-color":"var(--ast-global-color-5)","background-image":"","background-repeat":"repeat","background-position":"center center","background-size":"auto","background-attachment":"scroll","background-type":"","background-media":"","overlay-type":"","overlay-color":"","overlay-opacity":"","overlay-gradient":""}}},"product_brand":[984],"product_cat":[55,56],"product_tag":[871],"class_list":{"0":"post-1939","1":"product","2":"type-product","3":"status-publish","4":"has-post-thumbnail","6":"product_brand-viewsonic","7":"product_cat-audio-y-video","8":"product_cat-proyectores","9":"product_tag-proyector-viewsonic-pa503s","10":"desktop-align-left","11":"tablet-align-left","12":"mobile-align-left","13":"ast-product-gallery-layout-horizontal-slider","14":"ast-magnify-disabled","15":"ast-product-tabs-layout-horizontal","16":"ast-qv-on-image","18":"first","19":"outofstock","20":"sale","21":"taxable","22":"shipping-taxable","23":"purchasable","24":"product-type-simple"},"yoast_head":"<!-- This site is optimized with the Yoast SEO plugin v27.5 - https:\/\/yoast.com\/product\/yoast-seo-wordpress\/ -->\n<title>Proyector Viewsonic PA503S 4000 Lumenes SVGA - CLIE LIMITADA<\/title>\n<meta name=\"robots\" content=\"index, follow, max-snippet:-1, max-image-preview:large, max-video-preview:-1\" \/>\n<link rel=\"canonical\" href=\"https:\/\/www.clie.cl\/index.php\/producto\/proyector-viewsonic-pa503s-4000-lumenes-svga\/\" \/>\n<meta property=\"og:locale\" content=\"es_ES\" \/>\n<meta property=\"og:type\" content=\"article\" \/>\n<meta property=\"og:title\" content=\"Proyector Viewsonic PA503S 4000 Lumenes SVGA - CLIE LIMITADA\" \/>\n<meta property=\"og:description\" content=\"Producto original.\" \/>\n<meta property=\"og:url\" content=\"https:\/\/www.clie.cl\/index.php\/producto\/proyector-viewsonic-pa503s-4000-lumenes-svga\/\" \/>\n<meta property=\"og:site_name\" content=\"CLIE LIMITADA\" \/>\n<meta property=\"article:modified_time\" content=\"2026-03-30T17:19:08+00:00\" \/>\n<meta property=\"og:image\" content=\"https:\/\/www.clie.cl\/wp-content\/uploads\/2025\/07\/Proyector_Viewsonic_PA503S_clie.cl_.jpg\" \/>\n\t<meta property=\"og:image:width\" content=\"2000\" \/>\n\t<meta property=\"og:image:height\" content=\"2000\" \/>\n\t<meta property=\"og:image:type\" content=\"image\/jpeg\" \/>\n<meta name=\"twitter:card\" content=\"summary_large_image\" \/>\n<meta name=\"twitter:label1\" content=\"Tiempo de lectura\" \/>\n\t<meta name=\"twitter:data1\" content=\"5 minutos\" \/>\n<script type=\"application\/ld+json\" class=\"yoast-schema-graph\">{\"@context\":\"https:\\\/\\\/schema.org\",\"@graph\":[{\"@type\":\"WebPage\",\"@id\":\"https:\\\/\\\/www.clie.cl\\\/index.php\\\/producto\\\/proyector-viewsonic-pa503s-4000-lumenes-svga\\\/\",\"url\":\"https:\\\/\\\/www.clie.cl\\\/index.php\\\/producto\\\/proyector-viewsonic-pa503s-4000-lumenes-svga\\\/\",\"name\":\"Proyector Viewsonic PA503S 4000 Lumenes SVGA - CLIE LIMITADA\",\"isPartOf\":{\"@id\":\"https:\\\/\\\/www.clie.cl\\\/#website\"},\"primaryImageOfPage\":{\"@id\":\"https:\\\/\\\/www.clie.cl\\\/index.php\\\/producto\\\/proyector-viewsonic-pa503s-4000-lumenes-svga\\\/#primaryimage\"},\"image\":{\"@id\":\"https:\\\/\\\/www.clie.cl\\\/index.php\\\/producto\\\/proyector-viewsonic-pa503s-4000-lumenes-svga\\\/#primaryimage\"},\"thumbnailUrl\":\"https:\\\/\\\/www.clie.cl\\\/wp-content\\\/uploads\\\/2025\\\/07\\\/Proyector_Viewsonic_PA503S_clie.cl_.jpg\",\"datePublished\":\"2024-05-29T22:09:51+00:00\",\"dateModified\":\"2026-03-30T17:19:08+00:00\",\"breadcrumb\":{\"@id\":\"https:\\\/\\\/www.clie.cl\\\/index.php\\\/producto\\\/proyector-viewsonic-pa503s-4000-lumenes-svga\\\/#breadcrumb\"},\"inLanguage\":\"es\",\"potentialAction\":[{\"@type\":\"ReadAction\",\"target\":[\"https:\\\/\\\/www.clie.cl\\\/index.php\\\/producto\\\/proyector-viewsonic-pa503s-4000-lumenes-svga\\\/\"]}]},{\"@type\":\"ImageObject\",\"inLanguage\":\"es\",\"@id\":\"https:\\\/\\\/www.clie.cl\\\/index.php\\\/producto\\\/proyector-viewsonic-pa503s-4000-lumenes-svga\\\/#primaryimage\",\"url\":\"https:\\\/\\\/www.clie.cl\\\/wp-content\\\/uploads\\\/2025\\\/07\\\/Proyector_Viewsonic_PA503S_clie.cl_.jpg\",\"contentUrl\":\"https:\\\/\\\/www.clie.cl\\\/wp-content\\\/uploads\\\/2025\\\/07\\\/Proyector_Viewsonic_PA503S_clie.cl_.jpg\",\"width\":2000,\"height\":2000,\"caption\":\"Proyector_Viewsonic_PA503S_clie.cl\"},{\"@type\":\"BreadcrumbList\",\"@id\":\"https:\\\/\\\/www.clie.cl\\\/index.php\\\/producto\\\/proyector-viewsonic-pa503s-4000-lumenes-svga\\\/#breadcrumb\",\"itemListElement\":[{\"@type\":\"ListItem\",\"position\":1,\"name\":\"Portada\",\"item\":\"https:\\\/\\\/www.clie.cl\\\/\"},{\"@type\":\"ListItem\",\"position\":2,\"name\":\"Productos\",\"item\":\"https:\\\/\\\/www.clie.cl\\\/index.php\\\/shop\\\/\"},{\"@type\":\"ListItem\",\"position\":3,\"name\":\"Proyector Viewsonic PA503S 4000 Lumenes SVGA\"}]},{\"@type\":\"WebSite\",\"@id\":\"https:\\\/\\\/www.clie.cl\\\/#website\",\"url\":\"https:\\\/\\\/www.clie.cl\\\/\",\"name\":\"CLIE.cl\",\"description\":\"Clie Limitada\",\"publisher\":{\"@id\":\"https:\\\/\\\/www.clie.cl\\\/#organization\"},\"alternateName\":\"CLIE\",\"potentialAction\":[{\"@type\":\"SearchAction\",\"target\":{\"@type\":\"EntryPoint\",\"urlTemplate\":\"https:\\\/\\\/www.clie.cl\\\/?s={search_term_string}\"},\"query-input\":{\"@type\":\"PropertyValueSpecification\",\"valueRequired\":true,\"valueName\":\"search_term_string\"}}],\"inLanguage\":\"es\"},{\"@type\":\"Organization\",\"@id\":\"https:\\\/\\\/www.clie.cl\\\/#organization\",\"name\":\"CLIE LIMITADA\",\"url\":\"https:\\\/\\\/www.clie.cl\\\/\",\"logo\":{\"@type\":\"ImageObject\",\"inLanguage\":\"es\",\"@id\":\"https:\\\/\\\/www.clie.cl\\\/#\\\/schema\\\/logo\\\/image\\\/\",\"url\":\"https:\\\/\\\/www.clie.cl\\\/wp-content\\\/uploads\\\/2023\\\/10\\\/logo_clie_front_web_2023.png\",\"contentUrl\":\"https:\\\/\\\/www.clie.cl\\\/wp-content\\\/uploads\\\/2023\\\/10\\\/logo_clie_front_web_2023.png\",\"width\":139,\"height\":118,\"caption\":\"CLIE LIMITADA\"},\"image\":{\"@id\":\"https:\\\/\\\/www.clie.cl\\\/#\\\/schema\\\/logo\\\/image\\\/\"}}]}<\/script>\n<!-- \/ Yoast SEO plugin. -->","yoast_head_json":{"title":"Proyector Viewsonic PA503S 4000 Lumenes SVGA - CLIE LIMITADA","robots":{"index":"index","follow":"follow","max-snippet":"max-snippet:-1","max-image-preview":"max-image-preview:large","max-video-preview":"max-video-preview:-1"},"canonical":"https:\/\/www.clie.cl\/index.php\/producto\/proyector-viewsonic-pa503s-4000-lumenes-svga\/","og_locale":"es_ES","og_type":"article","og_title":"Proyector Viewsonic PA503S 4000 Lumenes SVGA - CLIE LIMITADA","og_description":"Producto original.","og_url":"https:\/\/www.clie.cl\/index.php\/producto\/proyector-viewsonic-pa503s-4000-lumenes-svga\/","og_site_name":"CLIE LIMITADA","article_modified_time":"2026-03-30T17:19:08+00:00","og_image":[{"width":2000,"height":2000,"url":"https:\/\/www.clie.cl\/wp-content\/uploads\/2025\/07\/Proyector_Viewsonic_PA503S_clie.cl_.jpg","type":"image\/jpeg"}],"twitter_card":"summary_large_image","twitter_misc":{"Tiempo de lectura":"5 minutos"},"schema":{"@context":"https:\/\/schema.org","@graph":[{"@type":"WebPage","@id":"https:\/\/www.clie.cl\/index.php\/producto\/proyector-viewsonic-pa503s-4000-lumenes-svga\/","url":"https:\/\/www.clie.cl\/index.php\/producto\/proyector-viewsonic-pa503s-4000-lumenes-svga\/","name":"Proyector Viewsonic PA503S 4000 Lumenes SVGA - CLIE LIMITADA","isPartOf":{"@id":"https:\/\/www.clie.cl\/#website"},"primaryImageOfPage":{"@id":"https:\/\/www.clie.cl\/index.php\/producto\/proyector-viewsonic-pa503s-4000-lumenes-svga\/#primaryimage"},"image":{"@id":"https:\/\/www.clie.cl\/index.php\/producto\/proyector-viewsonic-pa503s-4000-lumenes-svga\/#primaryimage"},"thumbnailUrl":"https:\/\/www.clie.cl\/wp-content\/uploads\/2025\/07\/Proyector_Viewsonic_PA503S_clie.cl_.jpg","datePublished":"2024-05-29T22:09:51+00:00","dateModified":"2026-03-30T17:19:08+00:00","breadcrumb":{"@id":"https:\/\/www.clie.cl\/index.php\/producto\/proyector-viewsonic-pa503s-4000-lumenes-svga\/#breadcrumb"},"inLanguage":"es","potentialAction":[{"@type":"ReadAction","target":["https:\/\/www.clie.cl\/index.php\/producto\/proyector-viewsonic-pa503s-4000-lumenes-svga\/"]}]},{"@type":"ImageObject","inLanguage":"es","@id":"https:\/\/www.clie.cl\/index.php\/producto\/proyector-viewsonic-pa503s-4000-lumenes-svga\/#primaryimage","url":"https:\/\/www.clie.cl\/wp-content\/uploads\/2025\/07\/Proyector_Viewsonic_PA503S_clie.cl_.jpg","contentUrl":"https:\/\/www.clie.cl\/wp-content\/uploads\/2025\/07\/Proyector_Viewsonic_PA503S_clie.cl_.jpg","width":2000,"height":2000,"caption":"Proyector_Viewsonic_PA503S_clie.cl"},{"@type":"BreadcrumbList","@id":"https:\/\/www.clie.cl\/index.php\/producto\/proyector-viewsonic-pa503s-4000-lumenes-svga\/#breadcrumb","itemListElement":[{"@type":"ListItem","position":1,"name":"Portada","item":"https:\/\/www.clie.cl\/"},{"@type":"ListItem","position":2,"name":"Productos","item":"https:\/\/www.clie.cl\/index.php\/shop\/"},{"@type":"ListItem","position":3,"name":"Proyector Viewsonic PA503S 4000 Lumenes SVGA"}]},{"@type":"WebSite","@id":"https:\/\/www.clie.cl\/#website","url":"https:\/\/www.clie.cl\/","name":"CLIE.cl","description":"Clie Limitada","publisher":{"@id":"https:\/\/www.clie.cl\/#organization"},"alternateName":"CLIE","potentialAction":[{"@type":"SearchAction","target":{"@type":"EntryPoint","urlTemplate":"https:\/\/www.clie.cl\/?s={search_term_string}"},"query-input":{"@type":"PropertyValueSpecification","valueRequired":true,"valueName":"search_term_string"}}],"inLanguage":"es"},{"@type":"Organization","@id":"https:\/\/www.clie.cl\/#organization","name":"CLIE LIMITADA","url":"https:\/\/www.clie.cl\/","logo":{"@type":"ImageObject","inLanguage":"es","@id":"https:\/\/www.clie.cl\/#\/schema\/logo\/image\/","url":"https:\/\/www.clie.cl\/wp-content\/uploads\/2023\/10\/logo_clie_front_web_2023.png","contentUrl":"https:\/\/www.clie.cl\/wp-content\/uploads\/2023\/10\/logo_clie_front_web_2023.png","width":139,"height":118,"caption":"CLIE LIMITADA"},"image":{"@id":"https:\/\/www.clie.cl\/#\/schema\/logo\/image\/"}}]}},"_links":{"self":[{"href":"https:\/\/www.clie.cl\/index.php\/wp-json\/wp\/v2\/product\/1939","targetHints":{"allow":["GET"]}}],"collection":[{"href":"https:\/\/www.clie.cl\/index.php\/wp-json\/wp\/v2\/product"}],"about":[{"href":"https:\/\/www.clie.cl\/index.php\/wp-json\/wp\/v2\/types\/product"}],"replies":[{"embeddable":true,"href":"https:\/\/www.clie.cl\/index.php\/wp-json\/wp\/v2\/comments?post=1939"}],"wp:featuredmedia":[{"embeddable":true,"href":"https:\/\/www.clie.cl\/index.php\/wp-json\/wp\/v2\/media\/7138"}],"wp:attachment":[{"href":"https:\/\/www.clie.cl\/index.php\/wp-json\/wp\/v2\/media?parent=1939"}],"wp:term":[{"taxonomy":"product_brand","embeddable":true,"href":"https:\/\/www.clie.cl\/index.php\/wp-json\/wp\/v2\/product_brand?post=1939"},{"taxonomy":"product_cat","embeddable":true,"href":"https:\/\/www.clie.cl\/index.php\/wp-json\/wp\/v2\/product_cat?post=1939"},{"taxonomy":"product_tag","embeddable":true,"href":"https:\/\/www.clie.cl\/index.php\/wp-json\/wp\/v2\/product_tag?post=1939"}],"curies":[{"name":"wp","href":"https:\/\/api.w.org\/{rel}","templated":true}]}}