{"id":1935,"date":"2024-05-29T17:49:17","date_gmt":"2024-05-29T21:49:17","guid":{"rendered":"https:\/\/clie.cl\/?post_type=product&#038;p=1935"},"modified":"2026-03-02T18:51:20","modified_gmt":"2026-03-02T22:51:20","slug":"proyector-viewsonic-pa503w-3800-lumenes-wxga","status":"publish","type":"product","link":"https:\/\/www.clie.cl\/index.php\/producto\/proyector-viewsonic-pa503w-3800-lumenes-wxga\/","title":{"rendered":"Proyector Viewsonic PA503W 3800 Lumenes WXGA"},"content":{"rendered":"<p>El ViewSonic PA503W ofrece un rendimiento visual impresionante en salas de juntas de negocios y salones de tama\u00f1o peque\u00f1o. Con una luminosidad m\u00e1s alta y una mayor vida de la l\u00e1mpara, se garantiza que el proyector PA503W reproducir\u00e1 los detalles m\u00e1s finos en cualquier entorno durante mucho m\u00e1s tiempo. La tecnolog\u00eda SuperColour\u2122 exclusiva de ViewSonic ofrece un rango m\u00e1s amplio de color visualizable, asegurando una precisi\u00f3n de colores de gran realismo tanto en entornos brillantes como oscuros, sin sacrificar la calidad de la imagen.<\/p>\n<ul>\n<li>3800 l\u00famenes con una relaci\u00f3n de contraste de 22.000:1 para presentaciones brillantes y n\u00edtidas<\/li>\n<li>Eficiencia energ\u00e9tica y hasta 15,000 horas de vida de la l\u00e1mpara (en modo SuperEco)<\/li>\n<li>La tecnolog\u00eda SuperColour\u2122 ofrece colores vivos y precisos<\/li>\n<li>5 modos de color para adaptarse a distintos escenarios de los usuarios<\/li>\n<li>La opci\u00f3n V Keystone permite ajustar la imagen f\u00e1cilmente<\/li>\n<\/ul>\n<ul class=\"spec-list\">\n<li class=\"spec-section\"><span class=\"spec-title\">ESPECIFICACIONES<\/span><br \/>\n<table class=\"spec-table\">\n<tbody>\n<tr>\n<td class=\"spec-group-label\">Sistema de proyecci\u00f3n:<\/td>\n<td class=\"spec-group-value\">0.65&#8243; WXGA<\/td>\n<\/tr>\n<tr>\n<td class=\"spec-group-label\">Resolucion nativa:<\/td>\n<td class=\"spec-group-value\">1280&#215;800<\/td>\n<\/tr>\n<tr>\n<td class=\"spec-group-label\">Tipo DMD:<\/td>\n<td class=\"spec-group-value\">DC3<\/td>\n<\/tr>\n<tr>\n<td class=\"spec-group-label\">Brillo:<\/td>\n<td class=\"spec-group-value\">3800 ANSI Lumens<\/td>\n<\/tr>\n<tr>\n<td class=\"spec-group-label\">Relaci\u00f3n de contraste con modo SuperEco:<\/td>\n<td class=\"spec-group-value\">22000:1<\/td>\n<\/tr>\n<tr>\n<td class=\"spec-group-label\">Display Color:<\/td>\n<td class=\"spec-group-value\">1.07 Billion Colors<\/td>\n<\/tr>\n<tr>\n<td class=\"spec-group-label\">Tipo de fuente de luz:<\/td>\n<td class=\"spec-group-value\">Lamp<\/td>\n<\/tr>\n<tr>\n<td class=\"spec-group-label\">Light Source Life (hours) with Normal Mode:<\/td>\n<td class=\"spec-group-value\">5000<\/td>\n<\/tr>\n<tr>\n<td class=\"spec-group-label\">Light Source Life (hours) with SuperEco Mode:<\/td>\n<td class=\"spec-group-value\">15000<\/td>\n<\/tr>\n<tr>\n<td class=\"spec-group-label\">Vatios de la l\u00e1mpara:<\/td>\n<td class=\"spec-group-value\">200W<\/td>\n<\/tr>\n<tr>\n<td class=\"spec-group-label\">Lente:<\/td>\n<td class=\"spec-group-value\">F=2.56-2.68, f=22-24.1mm<\/td>\n<\/tr>\n<tr>\n<td class=\"spec-group-label\">Compensaci\u00f3n de proyecci\u00f3n:<\/td>\n<td class=\"spec-group-value\">100%+\/-5%<\/td>\n<\/tr>\n<tr>\n<td class=\"spec-group-label\">Ratio de proyecci\u00f3n:<\/td>\n<td class=\"spec-group-value\">1.55-1.70<\/td>\n<\/tr>\n<tr>\n<td class=\"spec-group-label\">Zoom \u00f3ptico:<\/td>\n<td class=\"spec-group-value\">1.1x<\/td>\n<\/tr>\n<tr>\n<td class=\"spec-group-label\">Zoom digital:<\/td>\n<td class=\"spec-group-value\">0.8x-2.0x<\/td>\n<\/tr>\n<tr>\n<td class=\"spec-group-label\">Tama\u00f1o de la imagen:<\/td>\n<td class=\"spec-group-value\">30&#8243;-300&#8243;<\/td>\n<\/tr>\n<tr>\n<td class=\"spec-group-label\">Distancia de proyecci\u00f3n:<\/td>\n<td class=\"spec-group-value\">1m-10.98m(100&#8243;@3.34m)<\/td>\n<\/tr>\n<tr>\n<td class=\"spec-group-label\">Keystone:<\/td>\n<td class=\"spec-group-value\">+\/- 40\u00b0 (V)<\/td>\n<\/tr>\n<tr>\n<td class=\"spec-group-label\">Ruido audible (Normal):<\/td>\n<td class=\"spec-group-value\">31dB<\/td>\n<\/tr>\n<tr>\n<td class=\"spec-group-label\">Audible Noise (Eco):<\/td>\n<td class=\"spec-group-value\">27dB<\/td>\n<\/tr>\n<tr>\n<td class=\"spec-group-label\">Input Lag:<\/td>\n<td class=\"spec-group-value\">16ms<\/td>\n<\/tr>\n<tr>\n<td class=\"spec-group-label\">Resoluciones soportadas:<\/td>\n<td class=\"spec-group-value\">VGA(640 x 480) to FullHD(1920 x 1080)<\/td>\n<\/tr>\n<tr>\n<td class=\"spec-group-label\">Compatibilidad con HDTV:<\/td>\n<td class=\"spec-group-value\">480i, 480p, 576i, 576p, 720p, 1080i, 1080p<\/td>\n<\/tr>\n<tr>\n<td class=\"spec-group-label\">Compatibilidad de v\u00eddeo:<\/td>\n<td class=\"spec-group-value\">NTSC, PAL, SECAM<\/td>\n<\/tr>\n<tr>\n<td class=\"spec-group-label\">Frecuencia horizontal:<\/td>\n<td class=\"spec-group-value\">15K-102KHz<\/td>\n<\/tr>\n<tr>\n<td class=\"spec-group-label\">Velocidad de exploraci\u00f3n vertical:<\/td>\n<td class=\"spec-group-value\">23-120Hz<\/td>\n<\/tr>\n<\/tbody>\n<\/table>\n<\/li>\n<li class=\"spec-section\"><span class=\"spec-title\">ENTRADAS<\/span><br \/>\n<table class=\"spec-table\">\n<tbody>\n<tr>\n<td class=\"spec-group-label\">Entrada PC (compartido por componente):<\/td>\n<td class=\"spec-group-value\">2<\/td>\n<\/tr>\n<tr>\n<td class=\"spec-group-label\">Compuesto:<\/td>\n<td class=\"spec-group-value\">1<\/td>\n<\/tr>\n<tr>\n<td class=\"spec-group-label\">HDMI:<\/td>\n<td class=\"spec-group-value\">1 (HDMI 1.4\/ HDCP 1.4)<\/td>\n<\/tr>\n<tr>\n<td class=\"spec-group-label\">Entrada de audio (3.5 mm):<\/td>\n<td class=\"spec-group-value\">1<\/td>\n<\/tr>\n<\/tbody>\n<\/table>\n<\/li>\n<li class=\"spec-section\"><span class=\"spec-title\">SALIDAS<\/span><br \/>\n<table class=\"spec-table\">\n<tbody>\n<tr>\n<td class=\"spec-group-label\">Salida monitor:<\/td>\n<td class=\"spec-group-value\">1<\/td>\n<\/tr>\n<tr>\n<td class=\"spec-group-label\">Audio-out (3.5mm):<\/td>\n<td class=\"spec-group-value\">1<\/td>\n<\/tr>\n<tr>\n<td class=\"spec-group-label\">Altavoz:<\/td>\n<td class=\"spec-group-value\">2W<\/td>\n<\/tr>\n<\/tbody>\n<\/table>\n<\/li>\n<li class=\"spec-section\"><span class=\"spec-title\">CONTROL<\/span><br \/>\n<table class=\"spec-table\">\n<tbody>\n<tr>\n<td class=\"spec-group-label\">RS232 (DB 9 pines macho):<\/td>\n<td class=\"spec-group-value\">1<\/td>\n<\/tr>\n<tr>\n<td class=\"spec-group-label\">USB Tipo Mini B (Servicio):<\/td>\n<td class=\"spec-group-value\">1<\/td>\n<\/tr>\n<\/tbody>\n<\/table>\n<\/li>\n<li class=\"spec-section\"><span class=\"spec-title\">OTROS<\/span><br \/>\n<table class=\"spec-table\">\n<tbody>\n<tr>\n<td class=\"spec-group-label\">Voltaje de la fuente de alimentaci\u00f3n:<\/td>\n<td class=\"spec-group-value\">100-240V+\/- 10%, 50\/60Hz (AC in)<\/td>\n<\/tr>\n<tr>\n<td class=\"spec-group-label\">Consumo de energ\u00eda:<\/td>\n<td class=\"spec-group-value\">Normal: 260WStandby: &lt;0.5W<\/td>\n<\/tr>\n<tr>\n<td class=\"spec-group-label\">Temperatura de funcionamiento:<\/td>\n<td class=\"spec-group-value\">0~40\u2103<\/td>\n<\/tr>\n<tr>\n<td class=\"spec-group-label\">Carton:<\/td>\n<td class=\"spec-group-value\">Brown<\/td>\n<\/tr>\n<tr>\n<td class=\"spec-group-label\">Peso neto:<\/td>\n<td class=\"spec-group-value\">2.2kg<\/td>\n<\/tr>\n<tr>\n<td class=\"spec-group-label\">Gross Weight:<\/td>\n<td class=\"spec-group-value\">3.24Kg<\/td>\n<\/tr>\n<tr>\n<td class=\"spec-group-label\">Dimensiones (WxDxH) con pie de ajuste:<\/td>\n<td class=\"spec-group-value\">294x218x110mm<\/td>\n<\/tr>\n<tr>\n<td class=\"spec-group-label\">Packing Dimensions:<\/td>\n<td class=\"spec-group-value\">365x300x188mm<\/td>\n<\/tr>\n<tr>\n<td class=\"spec-group-label\">Idiomas OSD:<\/td>\n<td class=\"spec-group-value\">English, French, Spanish, Thai, Korean, German, Italian, Russian, Swedish, Dutch, Polish, Czech, T-Chinese, S-Chinese, Japanese, Turkish, Portuguese, Finnish, Indonesian, India, Arabic, Vietnamese, Total 22 languages<\/td>\n<\/tr>\n<tr>\n<td class=\"spec-group-label\">User Guide Language:<\/td>\n<td class=\"spec-group-value\">English, S-Chinese, T-Chinese, Finnish, French, German, Italian, Japanese, Korean, Polish, Portuguese, Russian, Spanish, Swedish, Turkish, Total 15 languages<\/td>\n<\/tr>\n<\/tbody>\n<\/table>\n<\/li>\n<\/ul>\n","protected":false},"excerpt":{"rendered":"<p>Producto original.<\/p>\n","protected":false},"featured_media":7140,"comment_status":"open","ping_status":"closed","template":"","meta":{"site-sidebar-layout":"default","site-content-layout":"","ast-site-content-layout":"default","site-content-style":"default","site-sidebar-style":"default","ast-global-header-display":"","ast-banner-title-visibility":"","ast-main-header-display":"","ast-hfb-above-header-display":"","ast-hfb-below-header-display":"","ast-hfb-mobile-header-display":"","site-post-title":"","ast-breadcrumbs-content":"","ast-featured-img":"","footer-sml-layout":"","ast-disable-related-posts":"","theme-transparent-header-meta":"default","adv-header-id-meta":"","stick-header-meta":"default","header-above-stick-meta":"","header-main-stick-meta":"","header-below-stick-meta":"","astra-migrate-meta-layouts":"set","ast-page-background-enabled":"default","ast-page-background-meta":{"desktop":{"background-color":"var(--ast-global-color-4)","background-image":"","background-repeat":"repeat","background-position":"center center","background-size":"auto","background-attachment":"scroll","background-type":"","background-media":"","overlay-type":"","overlay-color":"","overlay-opacity":"","overlay-gradient":""},"tablet":{"background-color":"","background-image":"","background-repeat":"repeat","background-position":"center center","background-size":"auto","background-attachment":"scroll","background-type":"","background-media":"","overlay-type":"","overlay-color":"","overlay-opacity":"","overlay-gradient":""},"mobile":{"background-color":"","background-image":"","background-repeat":"repeat","background-position":"center center","background-size":"auto","background-attachment":"scroll","background-type":"","background-media":"","overlay-type":"","overlay-color":"","overlay-opacity":"","overlay-gradient":""}},"ast-content-background-meta":{"desktop":{"background-color":"var(--ast-global-color-5)","background-image":"","background-repeat":"repeat","background-position":"center center","background-size":"auto","background-attachment":"scroll","background-type":"","background-media":"","overlay-type":"","overlay-color":"","overlay-opacity":"","overlay-gradient":""},"tablet":{"background-color":"var(--ast-global-color-5)","background-image":"","background-repeat":"repeat","background-position":"center center","background-size":"auto","background-attachment":"scroll","background-type":"","background-media":"","overlay-type":"","overlay-color":"","overlay-opacity":"","overlay-gradient":""},"mobile":{"background-color":"var(--ast-global-color-5)","background-image":"","background-repeat":"repeat","background-position":"center center","background-size":"auto","background-attachment":"scroll","background-type":"","background-media":"","overlay-type":"","overlay-color":"","overlay-opacity":"","overlay-gradient":""}}},"product_brand":[984],"product_cat":[55,56],"product_tag":[196],"class_list":{"0":"post-1935","1":"product","2":"type-product","3":"status-publish","4":"has-post-thumbnail","6":"product_brand-viewsonic","7":"product_cat-audio-y-video","8":"product_cat-proyectores","9":"product_tag-pa503w","10":"desktop-align-left","11":"tablet-align-left","12":"mobile-align-left","13":"ast-product-gallery-layout-horizontal-slider","14":"ast-magnify-disabled","15":"ast-product-tabs-layout-horizontal","16":"ast-qv-on-image","18":"first","19":"outofstock","20":"sale","21":"taxable","22":"shipping-taxable","23":"purchasable","24":"product-type-simple"},"yoast_head":"<!-- This site is optimized with the Yoast SEO plugin v27.5 - https:\/\/yoast.com\/product\/yoast-seo-wordpress\/ -->\n<title>Proyector Viewsonic PA503W 3800 Lumenes WXGA - CLIE LIMITADA<\/title>\n<meta name=\"robots\" content=\"index, follow, max-snippet:-1, max-image-preview:large, max-video-preview:-1\" \/>\n<link rel=\"canonical\" href=\"https:\/\/www.clie.cl\/index.php\/producto\/proyector-viewsonic-pa503w-3800-lumenes-wxga\/\" \/>\n<meta property=\"og:locale\" content=\"es_ES\" \/>\n<meta property=\"og:type\" content=\"article\" \/>\n<meta property=\"og:title\" content=\"Proyector Viewsonic PA503W 3800 Lumenes WXGA - CLIE LIMITADA\" \/>\n<meta property=\"og:description\" content=\"Producto original.\" \/>\n<meta property=\"og:url\" content=\"https:\/\/www.clie.cl\/index.php\/producto\/proyector-viewsonic-pa503w-3800-lumenes-wxga\/\" \/>\n<meta property=\"og:site_name\" content=\"CLIE LIMITADA\" \/>\n<meta property=\"article:modified_time\" content=\"2026-03-02T22:51:20+00:00\" \/>\n<meta property=\"og:image\" content=\"https:\/\/www.clie.cl\/wp-content\/uploads\/2025\/07\/Proyector_Viewsonic_PA503W_clie.cl_.jpg\" \/>\n\t<meta property=\"og:image:width\" content=\"2000\" \/>\n\t<meta property=\"og:image:height\" content=\"2000\" \/>\n\t<meta property=\"og:image:type\" content=\"image\/jpeg\" \/>\n<meta name=\"twitter:card\" content=\"summary_large_image\" \/>\n<meta name=\"twitter:label1\" content=\"Tiempo de lectura\" \/>\n\t<meta name=\"twitter:data1\" content=\"3 minutos\" \/>\n<script type=\"application\/ld+json\" class=\"yoast-schema-graph\">{\"@context\":\"https:\\\/\\\/schema.org\",\"@graph\":[{\"@type\":\"WebPage\",\"@id\":\"https:\\\/\\\/www.clie.cl\\\/index.php\\\/producto\\\/proyector-viewsonic-pa503w-3800-lumenes-wxga\\\/\",\"url\":\"https:\\\/\\\/www.clie.cl\\\/index.php\\\/producto\\\/proyector-viewsonic-pa503w-3800-lumenes-wxga\\\/\",\"name\":\"Proyector Viewsonic PA503W 3800 Lumenes WXGA - CLIE LIMITADA\",\"isPartOf\":{\"@id\":\"https:\\\/\\\/www.clie.cl\\\/#website\"},\"primaryImageOfPage\":{\"@id\":\"https:\\\/\\\/www.clie.cl\\\/index.php\\\/producto\\\/proyector-viewsonic-pa503w-3800-lumenes-wxga\\\/#primaryimage\"},\"image\":{\"@id\":\"https:\\\/\\\/www.clie.cl\\\/index.php\\\/producto\\\/proyector-viewsonic-pa503w-3800-lumenes-wxga\\\/#primaryimage\"},\"thumbnailUrl\":\"https:\\\/\\\/www.clie.cl\\\/wp-content\\\/uploads\\\/2025\\\/07\\\/Proyector_Viewsonic_PA503W_clie.cl_.jpg\",\"datePublished\":\"2024-05-29T21:49:17+00:00\",\"dateModified\":\"2026-03-02T22:51:20+00:00\",\"breadcrumb\":{\"@id\":\"https:\\\/\\\/www.clie.cl\\\/index.php\\\/producto\\\/proyector-viewsonic-pa503w-3800-lumenes-wxga\\\/#breadcrumb\"},\"inLanguage\":\"es\",\"potentialAction\":[{\"@type\":\"ReadAction\",\"target\":[\"https:\\\/\\\/www.clie.cl\\\/index.php\\\/producto\\\/proyector-viewsonic-pa503w-3800-lumenes-wxga\\\/\"]}]},{\"@type\":\"ImageObject\",\"inLanguage\":\"es\",\"@id\":\"https:\\\/\\\/www.clie.cl\\\/index.php\\\/producto\\\/proyector-viewsonic-pa503w-3800-lumenes-wxga\\\/#primaryimage\",\"url\":\"https:\\\/\\\/www.clie.cl\\\/wp-content\\\/uploads\\\/2025\\\/07\\\/Proyector_Viewsonic_PA503W_clie.cl_.jpg\",\"contentUrl\":\"https:\\\/\\\/www.clie.cl\\\/wp-content\\\/uploads\\\/2025\\\/07\\\/Proyector_Viewsonic_PA503W_clie.cl_.jpg\",\"width\":2000,\"height\":2000,\"caption\":\"Proyector_Viewsonic_PA503W_clie.cl\"},{\"@type\":\"BreadcrumbList\",\"@id\":\"https:\\\/\\\/www.clie.cl\\\/index.php\\\/producto\\\/proyector-viewsonic-pa503w-3800-lumenes-wxga\\\/#breadcrumb\",\"itemListElement\":[{\"@type\":\"ListItem\",\"position\":1,\"name\":\"Portada\",\"item\":\"https:\\\/\\\/www.clie.cl\\\/\"},{\"@type\":\"ListItem\",\"position\":2,\"name\":\"Productos\",\"item\":\"https:\\\/\\\/www.clie.cl\\\/index.php\\\/shop\\\/\"},{\"@type\":\"ListItem\",\"position\":3,\"name\":\"Proyector Viewsonic PA503W 3800 Lumenes WXGA\"}]},{\"@type\":\"WebSite\",\"@id\":\"https:\\\/\\\/www.clie.cl\\\/#website\",\"url\":\"https:\\\/\\\/www.clie.cl\\\/\",\"name\":\"CLIE.cl\",\"description\":\"Clie Limitada\",\"publisher\":{\"@id\":\"https:\\\/\\\/www.clie.cl\\\/#organization\"},\"alternateName\":\"CLIE\",\"potentialAction\":[{\"@type\":\"SearchAction\",\"target\":{\"@type\":\"EntryPoint\",\"urlTemplate\":\"https:\\\/\\\/www.clie.cl\\\/?s={search_term_string}\"},\"query-input\":{\"@type\":\"PropertyValueSpecification\",\"valueRequired\":true,\"valueName\":\"search_term_string\"}}],\"inLanguage\":\"es\"},{\"@type\":\"Organization\",\"@id\":\"https:\\\/\\\/www.clie.cl\\\/#organization\",\"name\":\"CLIE LIMITADA\",\"url\":\"https:\\\/\\\/www.clie.cl\\\/\",\"logo\":{\"@type\":\"ImageObject\",\"inLanguage\":\"es\",\"@id\":\"https:\\\/\\\/www.clie.cl\\\/#\\\/schema\\\/logo\\\/image\\\/\",\"url\":\"https:\\\/\\\/www.clie.cl\\\/wp-content\\\/uploads\\\/2023\\\/10\\\/logo_clie_front_web_2023.png\",\"contentUrl\":\"https:\\\/\\\/www.clie.cl\\\/wp-content\\\/uploads\\\/2023\\\/10\\\/logo_clie_front_web_2023.png\",\"width\":139,\"height\":118,\"caption\":\"CLIE LIMITADA\"},\"image\":{\"@id\":\"https:\\\/\\\/www.clie.cl\\\/#\\\/schema\\\/logo\\\/image\\\/\"}}]}<\/script>\n<!-- \/ Yoast SEO plugin. -->","yoast_head_json":{"title":"Proyector Viewsonic PA503W 3800 Lumenes WXGA - CLIE LIMITADA","robots":{"index":"index","follow":"follow","max-snippet":"max-snippet:-1","max-image-preview":"max-image-preview:large","max-video-preview":"max-video-preview:-1"},"canonical":"https:\/\/www.clie.cl\/index.php\/producto\/proyector-viewsonic-pa503w-3800-lumenes-wxga\/","og_locale":"es_ES","og_type":"article","og_title":"Proyector Viewsonic PA503W 3800 Lumenes WXGA - CLIE LIMITADA","og_description":"Producto original.","og_url":"https:\/\/www.clie.cl\/index.php\/producto\/proyector-viewsonic-pa503w-3800-lumenes-wxga\/","og_site_name":"CLIE LIMITADA","article_modified_time":"2026-03-02T22:51:20+00:00","og_image":[{"width":2000,"height":2000,"url":"https:\/\/www.clie.cl\/wp-content\/uploads\/2025\/07\/Proyector_Viewsonic_PA503W_clie.cl_.jpg","type":"image\/jpeg"}],"twitter_card":"summary_large_image","twitter_misc":{"Tiempo de lectura":"3 minutos"},"schema":{"@context":"https:\/\/schema.org","@graph":[{"@type":"WebPage","@id":"https:\/\/www.clie.cl\/index.php\/producto\/proyector-viewsonic-pa503w-3800-lumenes-wxga\/","url":"https:\/\/www.clie.cl\/index.php\/producto\/proyector-viewsonic-pa503w-3800-lumenes-wxga\/","name":"Proyector Viewsonic PA503W 3800 Lumenes WXGA - CLIE LIMITADA","isPartOf":{"@id":"https:\/\/www.clie.cl\/#website"},"primaryImageOfPage":{"@id":"https:\/\/www.clie.cl\/index.php\/producto\/proyector-viewsonic-pa503w-3800-lumenes-wxga\/#primaryimage"},"image":{"@id":"https:\/\/www.clie.cl\/index.php\/producto\/proyector-viewsonic-pa503w-3800-lumenes-wxga\/#primaryimage"},"thumbnailUrl":"https:\/\/www.clie.cl\/wp-content\/uploads\/2025\/07\/Proyector_Viewsonic_PA503W_clie.cl_.jpg","datePublished":"2024-05-29T21:49:17+00:00","dateModified":"2026-03-02T22:51:20+00:00","breadcrumb":{"@id":"https:\/\/www.clie.cl\/index.php\/producto\/proyector-viewsonic-pa503w-3800-lumenes-wxga\/#breadcrumb"},"inLanguage":"es","potentialAction":[{"@type":"ReadAction","target":["https:\/\/www.clie.cl\/index.php\/producto\/proyector-viewsonic-pa503w-3800-lumenes-wxga\/"]}]},{"@type":"ImageObject","inLanguage":"es","@id":"https:\/\/www.clie.cl\/index.php\/producto\/proyector-viewsonic-pa503w-3800-lumenes-wxga\/#primaryimage","url":"https:\/\/www.clie.cl\/wp-content\/uploads\/2025\/07\/Proyector_Viewsonic_PA503W_clie.cl_.jpg","contentUrl":"https:\/\/www.clie.cl\/wp-content\/uploads\/2025\/07\/Proyector_Viewsonic_PA503W_clie.cl_.jpg","width":2000,"height":2000,"caption":"Proyector_Viewsonic_PA503W_clie.cl"},{"@type":"BreadcrumbList","@id":"https:\/\/www.clie.cl\/index.php\/producto\/proyector-viewsonic-pa503w-3800-lumenes-wxga\/#breadcrumb","itemListElement":[{"@type":"ListItem","position":1,"name":"Portada","item":"https:\/\/www.clie.cl\/"},{"@type":"ListItem","position":2,"name":"Productos","item":"https:\/\/www.clie.cl\/index.php\/shop\/"},{"@type":"ListItem","position":3,"name":"Proyector Viewsonic PA503W 3800 Lumenes WXGA"}]},{"@type":"WebSite","@id":"https:\/\/www.clie.cl\/#website","url":"https:\/\/www.clie.cl\/","name":"CLIE.cl","description":"Clie Limitada","publisher":{"@id":"https:\/\/www.clie.cl\/#organization"},"alternateName":"CLIE","potentialAction":[{"@type":"SearchAction","target":{"@type":"EntryPoint","urlTemplate":"https:\/\/www.clie.cl\/?s={search_term_string}"},"query-input":{"@type":"PropertyValueSpecification","valueRequired":true,"valueName":"search_term_string"}}],"inLanguage":"es"},{"@type":"Organization","@id":"https:\/\/www.clie.cl\/#organization","name":"CLIE LIMITADA","url":"https:\/\/www.clie.cl\/","logo":{"@type":"ImageObject","inLanguage":"es","@id":"https:\/\/www.clie.cl\/#\/schema\/logo\/image\/","url":"https:\/\/www.clie.cl\/wp-content\/uploads\/2023\/10\/logo_clie_front_web_2023.png","contentUrl":"https:\/\/www.clie.cl\/wp-content\/uploads\/2023\/10\/logo_clie_front_web_2023.png","width":139,"height":118,"caption":"CLIE LIMITADA"},"image":{"@id":"https:\/\/www.clie.cl\/#\/schema\/logo\/image\/"}}]}},"_links":{"self":[{"href":"https:\/\/www.clie.cl\/index.php\/wp-json\/wp\/v2\/product\/1935","targetHints":{"allow":["GET"]}}],"collection":[{"href":"https:\/\/www.clie.cl\/index.php\/wp-json\/wp\/v2\/product"}],"about":[{"href":"https:\/\/www.clie.cl\/index.php\/wp-json\/wp\/v2\/types\/product"}],"replies":[{"embeddable":true,"href":"https:\/\/www.clie.cl\/index.php\/wp-json\/wp\/v2\/comments?post=1935"}],"wp:featuredmedia":[{"embeddable":true,"href":"https:\/\/www.clie.cl\/index.php\/wp-json\/wp\/v2\/media\/7140"}],"wp:attachment":[{"href":"https:\/\/www.clie.cl\/index.php\/wp-json\/wp\/v2\/media?parent=1935"}],"wp:term":[{"taxonomy":"product_brand","embeddable":true,"href":"https:\/\/www.clie.cl\/index.php\/wp-json\/wp\/v2\/product_brand?post=1935"},{"taxonomy":"product_cat","embeddable":true,"href":"https:\/\/www.clie.cl\/index.php\/wp-json\/wp\/v2\/product_cat?post=1935"},{"taxonomy":"product_tag","embeddable":true,"href":"https:\/\/www.clie.cl\/index.php\/wp-json\/wp\/v2\/product_tag?post=1935"}],"curies":[{"name":"wp","href":"https:\/\/api.w.org\/{rel}","templated":true}]}}