{"id":1562,"date":"2024-02-01T10:55:13","date_gmt":"2024-02-01T14:55:13","guid":{"rendered":"https:\/\/clie.cl\/?post_type=product&#038;p=1562"},"modified":"2026-04-06T13:16:35","modified_gmt":"2026-04-06T17:16:35","slug":"multifuncional-laser-monocromatica-dcp-l2540dw-dcpl2540dw-duplex-wifi","status":"publish","type":"product","link":"https:\/\/www.clie.cl\/index.php\/producto\/multifuncional-laser-monocromatica-dcp-l2540dw-dcpl2540dw-duplex-wifi\/","title":{"rendered":"Multifuncional Laser Monocromatica DCP-L2540DW DCPL2540DW Duplex, WIFI, L2540"},"content":{"rendered":"<p>El modelo DCP-L2540DW de Brother es una copiadora multifuncional l\u00e1ser monocrom\u00e1tica econ\u00f3mica que imprime y copia hasta 30 ppm en blanco y negro, y escanea a color. Viene con un alimentador autom\u00e1tico de documentos de 35 hojas, un d\u00faplex autom\u00e1tico para imprimir por ambas caras del papel, y cuenta adem\u00e1s con una interfaz para red Ethernet. Imprima desde dispositivos m\u00f3viles compatibles a trav\u00e9s de una red inal\u00e1mbrica y escanee documentos a una variedad de destinos.<\/p>\n<p>Caracter\u00edsticas:<\/p>\n<ul>\n<li>Escaneo en color vers\u00e1til y de alta calidad. Ofrece una resoluci\u00f3n (interpolada) de hasta 19.200 x 19.200 ppp y una variedad de opciones de destino de escaneo, como: correo electr\u00f3nico, archivo, imagen, OCR y SharePoint (PC).<\/li>\n<li>Copia independiente Sin necesidad de PC. Reduzca y agrande documentos de 25 a 400% en incrementos de 1% y ahorre papel con el copiado N en 1.<\/li>\n<li>Opciones de manejo de papel flexibles. La bandeja de papel ajustable con capacidad para 250 hojas permite utilizar papeles tama\u00f1o carta o legal. Adem\u00e1s, se incluye una ranura de alimentaci\u00f3n manual de una sola hoja para sobres, etiquetas o medios m\u00e1s gruesos.<\/li>\n<li>Obtenga f\u00e1cilmente impresiones a dos caras. Imprima folletos y documentos profesionales a dos caras mediante la funci\u00f3n de impresi\u00f3n d\u00faplex autom\u00e1tica. Adem\u00e1s, al realizar copias, puede crear documentos a dos caras a partir de originales a una cara. Esta funci\u00f3n ayuda a reducir el uso de papel y permite ahorrar dinero.<\/li>\n<li>Impresi\u00f3n y escaneo sencillos desde dispositivos m\u00f3viles. Imprima desde dispositivos m\u00f3viles mediante: AirPrint\u2122, Google Cloud Print\u2122, Brother\u2122 iPrint&amp;Scan, Cortado Workplace y Wi-Fi Direct\u00ae. Adem\u00e1s, escanee de forma inal\u00e1mbrica al dispositivo m\u00f3vil con la aplicaci\u00f3n Brother\u2122 iPrint&amp;Scan.<\/li>\n<li>Opciones de conectividad flexibles. Interfaces de red Ethernet e interfaces inal\u00e1mbricas 802.11b\/g\/n incorporadas para el uso compartido entre varios usuarios de la red o para conectarse localmente a un \u00fanico equipo a trav\u00e9s de la interfaz USB.<\/li>\n<li>Impresi\u00f3n y copia r\u00e1pidas. Aumente la productividad con velocidades de impresi\u00f3n y copia de hasta 30 ppm y obtenga documentos profesionales de 2400 x 600 ppp.<\/li>\n<li>Velocidades de copia e impresi\u00f3n de hasta 30 ppm<\/li>\n<li>Interfaces inal\u00e1mbrica 802.11b\/g\/n, Ethernet y USB 2.0 de alta velocidad<\/li>\n<li>Impresi\u00f3n d\u00faplex (a dos caras) autom\u00e1tica<\/li>\n<li>Alimentador autom\u00e1tico de documentos con capacidad para 35 p\u00e1ginas para documentos de varias p\u00e1ginas<\/li>\n<li>Bandeja de papel con capacidad para 250 hojas, para tama\u00f1o carta o legal<\/li>\n<\/ul>\n","protected":false},"excerpt":{"rendered":"<p>Producto original.<\/p>\n<div id=\"gtx-trans\" style=\"position: absolute;left: -10px;top: -3px\">\n<div class=\"gtx-trans-icon\">\u00a0<\/div>\n<\/div>\n","protected":false},"featured_media":1563,"comment_status":"open","ping_status":"closed","template":"","meta":{"site-sidebar-layout":"default","site-content-layout":"","ast-site-content-layout":"default","site-content-style":"default","site-sidebar-style":"default","ast-global-header-display":"","ast-banner-title-visibility":"","ast-main-header-display":"","ast-hfb-above-header-display":"","ast-hfb-below-header-display":"","ast-hfb-mobile-header-display":"","site-post-title":"","ast-breadcrumbs-content":"","ast-featured-img":"","footer-sml-layout":"","ast-disable-related-posts":"","theme-transparent-header-meta":"default","adv-header-id-meta":"","stick-header-meta":"default","header-above-stick-meta":"","header-main-stick-meta":"","header-below-stick-meta":"","astra-migrate-meta-layouts":"set","ast-page-background-enabled":"default","ast-page-background-meta":{"desktop":{"background-color":"var(--ast-global-color-4)","background-image":"","background-repeat":"repeat","background-position":"center center","background-size":"auto","background-attachment":"scroll","background-type":"","background-media":"","overlay-type":"","overlay-color":"","overlay-opacity":"","overlay-gradient":""},"tablet":{"background-color":"","background-image":"","background-repeat":"repeat","background-position":"center center","background-size":"auto","background-attachment":"scroll","background-type":"","background-media":"","overlay-type":"","overlay-color":"","overlay-opacity":"","overlay-gradient":""},"mobile":{"background-color":"","background-image":"","background-repeat":"repeat","background-position":"center center","background-size":"auto","background-attachment":"scroll","background-type":"","background-media":"","overlay-type":"","overlay-color":"","overlay-opacity":"","overlay-gradient":""}},"ast-content-background-meta":{"desktop":{"background-color":"var(--ast-global-color-5)","background-image":"","background-repeat":"repeat","background-position":"center center","background-size":"auto","background-attachment":"scroll","background-type":"","background-media":"","overlay-type":"","overlay-color":"","overlay-opacity":"","overlay-gradient":""},"tablet":{"background-color":"var(--ast-global-color-5)","background-image":"","background-repeat":"repeat","background-position":"center center","background-size":"auto","background-attachment":"scroll","background-type":"","background-media":"","overlay-type":"","overlay-color":"","overlay-opacity":"","overlay-gradient":""},"mobile":{"background-color":"var(--ast-global-color-5)","background-image":"","background-repeat":"repeat","background-position":"center center","background-size":"auto","background-attachment":"scroll","background-type":"","background-media":"","overlay-type":"","overlay-color":"","overlay-opacity":"","overlay-gradient":""}}},"product_brand":[965],"product_cat":[21,44],"product_tag":[158,150],"class_list":{"0":"post-1562","1":"product","2":"type-product","3":"status-publish","4":"has-post-thumbnail","6":"product_brand-brother","7":"product_cat-impresoras","8":"product_cat-multifuncional-laser-negro","9":"product_tag-158","10":"product_tag-l2540","11":"desktop-align-left","12":"tablet-align-left","13":"mobile-align-left","14":"ast-product-gallery-layout-horizontal-slider","15":"ast-product-gallery-with-no-image","16":"ast-magnify-disabled","17":"ast-product-tabs-layout-horizontal","18":"ast-qv-on-image","20":"first","21":"instock","22":"sale","23":"taxable","24":"shipping-taxable","25":"purchasable","26":"product-type-simple"},"yoast_head":"<!-- This site is optimized with the Yoast SEO plugin v27.5 - https:\/\/yoast.com\/product\/yoast-seo-wordpress\/ -->\n<title>Multifuncional Laser Monocromatica DCP-L2540DW DCPL2540DW Duplex, WIFI, L2540 - CLIE LIMITADA<\/title>\n<meta name=\"robots\" content=\"index, follow, max-snippet:-1, max-image-preview:large, max-video-preview:-1\" \/>\n<link rel=\"canonical\" href=\"https:\/\/www.clie.cl\/index.php\/producto\/multifuncional-laser-monocromatica-dcp-l2540dw-dcpl2540dw-duplex-wifi\/\" \/>\n<meta property=\"og:locale\" content=\"es_ES\" \/>\n<meta property=\"og:type\" content=\"article\" \/>\n<meta property=\"og:title\" content=\"Multifuncional Laser Monocromatica DCP-L2540DW DCPL2540DW Duplex, WIFI, L2540 - CLIE LIMITADA\" \/>\n<meta property=\"og:description\" content=\"Producto original.\u00a0\" \/>\n<meta property=\"og:url\" content=\"https:\/\/www.clie.cl\/index.php\/producto\/multifuncional-laser-monocromatica-dcp-l2540dw-dcpl2540dw-duplex-wifi\/\" \/>\n<meta property=\"og:site_name\" content=\"CLIE LIMITADA\" \/>\n<meta property=\"article:modified_time\" content=\"2026-04-06T17:16:35+00:00\" \/>\n<meta property=\"og:image\" content=\"https:\/\/www.clie.cl\/wp-content\/uploads\/2024\/02\/2540.jpg\" \/>\n\t<meta property=\"og:image:width\" content=\"600\" \/>\n\t<meta property=\"og:image:height\" content=\"600\" \/>\n\t<meta property=\"og:image:type\" content=\"image\/jpeg\" \/>\n<meta name=\"twitter:card\" content=\"summary_large_image\" \/>\n<meta name=\"twitter:label1\" content=\"Tiempo de lectura\" \/>\n\t<meta name=\"twitter:data1\" content=\"2 minutos\" \/>\n<script type=\"application\/ld+json\" class=\"yoast-schema-graph\">{\"@context\":\"https:\\\/\\\/schema.org\",\"@graph\":[{\"@type\":\"WebPage\",\"@id\":\"https:\\\/\\\/www.clie.cl\\\/index.php\\\/producto\\\/multifuncional-laser-monocromatica-dcp-l2540dw-dcpl2540dw-duplex-wifi\\\/\",\"url\":\"https:\\\/\\\/www.clie.cl\\\/index.php\\\/producto\\\/multifuncional-laser-monocromatica-dcp-l2540dw-dcpl2540dw-duplex-wifi\\\/\",\"name\":\"Multifuncional Laser Monocromatica DCP-L2540DW DCPL2540DW Duplex, WIFI, L2540 - CLIE LIMITADA\",\"isPartOf\":{\"@id\":\"https:\\\/\\\/www.clie.cl\\\/#website\"},\"primaryImageOfPage\":{\"@id\":\"https:\\\/\\\/www.clie.cl\\\/index.php\\\/producto\\\/multifuncional-laser-monocromatica-dcp-l2540dw-dcpl2540dw-duplex-wifi\\\/#primaryimage\"},\"image\":{\"@id\":\"https:\\\/\\\/www.clie.cl\\\/index.php\\\/producto\\\/multifuncional-laser-monocromatica-dcp-l2540dw-dcpl2540dw-duplex-wifi\\\/#primaryimage\"},\"thumbnailUrl\":\"https:\\\/\\\/www.clie.cl\\\/wp-content\\\/uploads\\\/2024\\\/02\\\/2540.jpg\",\"datePublished\":\"2024-02-01T14:55:13+00:00\",\"dateModified\":\"2026-04-06T17:16:35+00:00\",\"breadcrumb\":{\"@id\":\"https:\\\/\\\/www.clie.cl\\\/index.php\\\/producto\\\/multifuncional-laser-monocromatica-dcp-l2540dw-dcpl2540dw-duplex-wifi\\\/#breadcrumb\"},\"inLanguage\":\"es\",\"potentialAction\":[{\"@type\":\"ReadAction\",\"target\":[\"https:\\\/\\\/www.clie.cl\\\/index.php\\\/producto\\\/multifuncional-laser-monocromatica-dcp-l2540dw-dcpl2540dw-duplex-wifi\\\/\"]}]},{\"@type\":\"ImageObject\",\"inLanguage\":\"es\",\"@id\":\"https:\\\/\\\/www.clie.cl\\\/index.php\\\/producto\\\/multifuncional-laser-monocromatica-dcp-l2540dw-dcpl2540dw-duplex-wifi\\\/#primaryimage\",\"url\":\"https:\\\/\\\/www.clie.cl\\\/wp-content\\\/uploads\\\/2024\\\/02\\\/2540.jpg\",\"contentUrl\":\"https:\\\/\\\/www.clie.cl\\\/wp-content\\\/uploads\\\/2024\\\/02\\\/2540.jpg\",\"width\":600,\"height\":600},{\"@type\":\"BreadcrumbList\",\"@id\":\"https:\\\/\\\/www.clie.cl\\\/index.php\\\/producto\\\/multifuncional-laser-monocromatica-dcp-l2540dw-dcpl2540dw-duplex-wifi\\\/#breadcrumb\",\"itemListElement\":[{\"@type\":\"ListItem\",\"position\":1,\"name\":\"Portada\",\"item\":\"https:\\\/\\\/www.clie.cl\\\/\"},{\"@type\":\"ListItem\",\"position\":2,\"name\":\"Productos\",\"item\":\"https:\\\/\\\/www.clie.cl\\\/index.php\\\/shop\\\/\"},{\"@type\":\"ListItem\",\"position\":3,\"name\":\"Multifuncional Laser Monocromatica DCP-L2540DW DCPL2540DW Duplex, WIFI, L2540\"}]},{\"@type\":\"WebSite\",\"@id\":\"https:\\\/\\\/www.clie.cl\\\/#website\",\"url\":\"https:\\\/\\\/www.clie.cl\\\/\",\"name\":\"CLIE.cl\",\"description\":\"Clie Limitada\",\"publisher\":{\"@id\":\"https:\\\/\\\/www.clie.cl\\\/#organization\"},\"alternateName\":\"CLIE\",\"potentialAction\":[{\"@type\":\"SearchAction\",\"target\":{\"@type\":\"EntryPoint\",\"urlTemplate\":\"https:\\\/\\\/www.clie.cl\\\/?s={search_term_string}\"},\"query-input\":{\"@type\":\"PropertyValueSpecification\",\"valueRequired\":true,\"valueName\":\"search_term_string\"}}],\"inLanguage\":\"es\"},{\"@type\":\"Organization\",\"@id\":\"https:\\\/\\\/www.clie.cl\\\/#organization\",\"name\":\"CLIE LIMITADA\",\"url\":\"https:\\\/\\\/www.clie.cl\\\/\",\"logo\":{\"@type\":\"ImageObject\",\"inLanguage\":\"es\",\"@id\":\"https:\\\/\\\/www.clie.cl\\\/#\\\/schema\\\/logo\\\/image\\\/\",\"url\":\"https:\\\/\\\/www.clie.cl\\\/wp-content\\\/uploads\\\/2023\\\/10\\\/logo_clie_front_web_2023.png\",\"contentUrl\":\"https:\\\/\\\/www.clie.cl\\\/wp-content\\\/uploads\\\/2023\\\/10\\\/logo_clie_front_web_2023.png\",\"width\":139,\"height\":118,\"caption\":\"CLIE LIMITADA\"},\"image\":{\"@id\":\"https:\\\/\\\/www.clie.cl\\\/#\\\/schema\\\/logo\\\/image\\\/\"}}]}<\/script>\n<!-- \/ Yoast SEO plugin. -->","yoast_head_json":{"title":"Multifuncional Laser Monocromatica DCP-L2540DW DCPL2540DW Duplex, WIFI, L2540 - CLIE LIMITADA","robots":{"index":"index","follow":"follow","max-snippet":"max-snippet:-1","max-image-preview":"max-image-preview:large","max-video-preview":"max-video-preview:-1"},"canonical":"https:\/\/www.clie.cl\/index.php\/producto\/multifuncional-laser-monocromatica-dcp-l2540dw-dcpl2540dw-duplex-wifi\/","og_locale":"es_ES","og_type":"article","og_title":"Multifuncional Laser Monocromatica DCP-L2540DW DCPL2540DW Duplex, WIFI, L2540 - CLIE LIMITADA","og_description":"Producto original.\u00a0","og_url":"https:\/\/www.clie.cl\/index.php\/producto\/multifuncional-laser-monocromatica-dcp-l2540dw-dcpl2540dw-duplex-wifi\/","og_site_name":"CLIE LIMITADA","article_modified_time":"2026-04-06T17:16:35+00:00","og_image":[{"width":600,"height":600,"url":"https:\/\/www.clie.cl\/wp-content\/uploads\/2024\/02\/2540.jpg","type":"image\/jpeg"}],"twitter_card":"summary_large_image","twitter_misc":{"Tiempo de lectura":"2 minutos"},"schema":{"@context":"https:\/\/schema.org","@graph":[{"@type":"WebPage","@id":"https:\/\/www.clie.cl\/index.php\/producto\/multifuncional-laser-monocromatica-dcp-l2540dw-dcpl2540dw-duplex-wifi\/","url":"https:\/\/www.clie.cl\/index.php\/producto\/multifuncional-laser-monocromatica-dcp-l2540dw-dcpl2540dw-duplex-wifi\/","name":"Multifuncional Laser Monocromatica DCP-L2540DW DCPL2540DW Duplex, WIFI, L2540 - CLIE LIMITADA","isPartOf":{"@id":"https:\/\/www.clie.cl\/#website"},"primaryImageOfPage":{"@id":"https:\/\/www.clie.cl\/index.php\/producto\/multifuncional-laser-monocromatica-dcp-l2540dw-dcpl2540dw-duplex-wifi\/#primaryimage"},"image":{"@id":"https:\/\/www.clie.cl\/index.php\/producto\/multifuncional-laser-monocromatica-dcp-l2540dw-dcpl2540dw-duplex-wifi\/#primaryimage"},"thumbnailUrl":"https:\/\/www.clie.cl\/wp-content\/uploads\/2024\/02\/2540.jpg","datePublished":"2024-02-01T14:55:13+00:00","dateModified":"2026-04-06T17:16:35+00:00","breadcrumb":{"@id":"https:\/\/www.clie.cl\/index.php\/producto\/multifuncional-laser-monocromatica-dcp-l2540dw-dcpl2540dw-duplex-wifi\/#breadcrumb"},"inLanguage":"es","potentialAction":[{"@type":"ReadAction","target":["https:\/\/www.clie.cl\/index.php\/producto\/multifuncional-laser-monocromatica-dcp-l2540dw-dcpl2540dw-duplex-wifi\/"]}]},{"@type":"ImageObject","inLanguage":"es","@id":"https:\/\/www.clie.cl\/index.php\/producto\/multifuncional-laser-monocromatica-dcp-l2540dw-dcpl2540dw-duplex-wifi\/#primaryimage","url":"https:\/\/www.clie.cl\/wp-content\/uploads\/2024\/02\/2540.jpg","contentUrl":"https:\/\/www.clie.cl\/wp-content\/uploads\/2024\/02\/2540.jpg","width":600,"height":600},{"@type":"BreadcrumbList","@id":"https:\/\/www.clie.cl\/index.php\/producto\/multifuncional-laser-monocromatica-dcp-l2540dw-dcpl2540dw-duplex-wifi\/#breadcrumb","itemListElement":[{"@type":"ListItem","position":1,"name":"Portada","item":"https:\/\/www.clie.cl\/"},{"@type":"ListItem","position":2,"name":"Productos","item":"https:\/\/www.clie.cl\/index.php\/shop\/"},{"@type":"ListItem","position":3,"name":"Multifuncional Laser Monocromatica DCP-L2540DW DCPL2540DW Duplex, WIFI, L2540"}]},{"@type":"WebSite","@id":"https:\/\/www.clie.cl\/#website","url":"https:\/\/www.clie.cl\/","name":"CLIE.cl","description":"Clie Limitada","publisher":{"@id":"https:\/\/www.clie.cl\/#organization"},"alternateName":"CLIE","potentialAction":[{"@type":"SearchAction","target":{"@type":"EntryPoint","urlTemplate":"https:\/\/www.clie.cl\/?s={search_term_string}"},"query-input":{"@type":"PropertyValueSpecification","valueRequired":true,"valueName":"search_term_string"}}],"inLanguage":"es"},{"@type":"Organization","@id":"https:\/\/www.clie.cl\/#organization","name":"CLIE LIMITADA","url":"https:\/\/www.clie.cl\/","logo":{"@type":"ImageObject","inLanguage":"es","@id":"https:\/\/www.clie.cl\/#\/schema\/logo\/image\/","url":"https:\/\/www.clie.cl\/wp-content\/uploads\/2023\/10\/logo_clie_front_web_2023.png","contentUrl":"https:\/\/www.clie.cl\/wp-content\/uploads\/2023\/10\/logo_clie_front_web_2023.png","width":139,"height":118,"caption":"CLIE LIMITADA"},"image":{"@id":"https:\/\/www.clie.cl\/#\/schema\/logo\/image\/"}}]}},"_links":{"self":[{"href":"https:\/\/www.clie.cl\/index.php\/wp-json\/wp\/v2\/product\/1562","targetHints":{"allow":["GET"]}}],"collection":[{"href":"https:\/\/www.clie.cl\/index.php\/wp-json\/wp\/v2\/product"}],"about":[{"href":"https:\/\/www.clie.cl\/index.php\/wp-json\/wp\/v2\/types\/product"}],"replies":[{"embeddable":true,"href":"https:\/\/www.clie.cl\/index.php\/wp-json\/wp\/v2\/comments?post=1562"}],"wp:featuredmedia":[{"embeddable":true,"href":"https:\/\/www.clie.cl\/index.php\/wp-json\/wp\/v2\/media\/1563"}],"wp:attachment":[{"href":"https:\/\/www.clie.cl\/index.php\/wp-json\/wp\/v2\/media?parent=1562"}],"wp:term":[{"taxonomy":"product_brand","embeddable":true,"href":"https:\/\/www.clie.cl\/index.php\/wp-json\/wp\/v2\/product_brand?post=1562"},{"taxonomy":"product_cat","embeddable":true,"href":"https:\/\/www.clie.cl\/index.php\/wp-json\/wp\/v2\/product_cat?post=1562"},{"taxonomy":"product_tag","embeddable":true,"href":"https:\/\/www.clie.cl\/index.php\/wp-json\/wp\/v2\/product_tag?post=1562"}],"curies":[{"name":"wp","href":"https:\/\/api.w.org\/{rel}","templated":true}]}}