{"id":1129,"date":"2023-11-20T11:26:38","date_gmt":"2023-11-20T15:26:38","guid":{"rendered":"https:\/\/clie.cl\/?post_type=product&#038;p=1129"},"modified":"2025-07-10T00:25:09","modified_gmt":"2025-07-10T04:25:09","slug":"notebook-dell-latitude-5440-procesador-i7-1355u-k94ck","status":"publish","type":"product","link":"https:\/\/www.clie.cl\/producto\/notebook-dell-latitude-5440-procesador-i7-1355u-k94ck\/","title":{"rendered":"NOTEBOOK DELL LATITUDE 5440 Procesador i7-1355U K94CK"},"content":{"rendered":"<p>NOTEBOOK DELL Modelo LATITUDE 5440 Procesador i7-1355U Memoria RAM 16GB Disco Duro 512 Estado Solido Sistema Operativo Windows 11P Garant\u00eda 3 A\u00f1os<\/p>\n<p>Almacenamiento<br \/>\nTipo de Controlador: SSD<br \/>\nCapacidad Total de la Unidad de Estado S\u00f3lido (SSD): 512GB<br \/>\nFactor de forma de SSD: M.2<br \/>\nBasic<br \/>\nTipo de Producto: Port\u00e1til<br \/>\nN\u00famero de Celdas: 3-Celdas<br \/>\nResoluci\u00f3n de la Pantalla: 1920 x 1080<br \/>\nPeso (Aproximado): 1.36kg<br \/>\nSistema Operativo: Windows 11 Pro<br \/>\nChipset: Intel<br \/>\nTipo de Controlador: SSD<br \/>\nTipo de Procesador: Core i7<br \/>\nTama\u00f1o de Pantalla: 35.6cm (14&#8243;)<br \/>\nNombre de Marca: Dell<br \/>\nModo de Pantalla: Full HD<br \/>\nModelo de Procesador: i7-1355U<br \/>\nN\u00facleo del Procesador: Deca-core (10 Core)<br \/>\nPantalla T\u00e1ctil: No<br \/>\nFabricante de Procesador: Intel<br \/>\nFabricante de Controlador Gr\u00e1fico: Intel<br \/>\nBluetooth: S\u00ed<br \/>\nAccesibilidad de Memoria Gr\u00e1fica: Compartido<br \/>\nCompatibilidad con WWAN: No<br \/>\nEst\u00e1dar LAN sin Cable: IEEE 802.11ax<br \/>\nHDMI: S\u00ed<br \/>\nPotencia m\u00e1xima de alimentaci\u00f3n: 65W<br \/>\nFamilia de producto: Latitude<br \/>\nN\u00famero total de puertos USB: 2<br \/>\nTeclado retroiluminado: S\u00ed<br \/>\nCapacidad Total de la Unidad de Estado S\u00f3lido (SSD): 512GB<br \/>\nPlataforma del sistema operativo: Windows<br \/>\nLocalizaci\u00f3n de Teclado: Espa\u00f1ol<br \/>\nIdioma del Sistema Operativo: Ingl\u00e9s\/Espa\u00f1ol\/Franc\u00e9s\/Portugu\u00e9s Brasile\u00f1o<br \/>\nGeneraci\u00f3n del procesor: 13a Gen<br \/>\nDuraci\u00f3n de la garant\u00eda limitada: 3A\u00f1o(s)<br \/>\nColor del producto: Gris tit\u00e1n<br \/>\nMemoria Total del Sistema Instalada: 16GB<br \/>\nCaracter\u00edsticas F\u00edsicas<br \/>\nPeso (Aproximado): 1.36kg<br \/>\nAltura: 19.10mm<br \/>\nAnchura: 321.4mm<br \/>\nProfundidad: 212mm<br \/>\nColor del producto: Gris tit\u00e1n<br \/>\nChipset<br \/>\nFabricante de Chipset: Intel<br \/>\nDescripci\u00f3n de la Alimentaci\u00f3n<br \/>\nPotencia m\u00e1xima de alimentaci\u00f3n: 65W<br \/>\nTipo de enchufe de alimentaci\u00f3n: Tipo C<br \/>\nDispositivos Incorporados<br \/>\nC\u00e1mara Frontal\/C\u00e1mara Web: S\u00ed<br \/>\nDispositivos de Entrada<br \/>\nTeclado retroiluminado: S\u00ed<br \/>\nLocalizaci\u00f3n de Teclado: Espa\u00f1ol<br \/>\nInformaci\u00f3n General<br \/>\nTipo de Producto: Port\u00e1til<br \/>\nC\u00f3digo de Fabricante: K94CK<br \/>\nDirecci\u00f3n Web de Fabricante: http:\/\/www.delltechnologies.com<br \/>\nFabricante: Dell Technologies<br \/>\nModelo de Producto: 5440<br \/>\nNombre de Producto: Latitude 5440<br \/>\nL\u00ednea de Producto: Latitude<br \/>\nNombre de Marca: Dell<br \/>\nInformaci\u00f3n de Bater\u00edas<br \/>\nN\u00famero de Celdas: 3-Celdas<br \/>\nInterfaces\/Puertos<br \/>\nHDMI: S\u00ed<br \/>\nRed (RJ-45): S\u00ed<br \/>\nN\u00famero de salidas HDMI: 2<br \/>\nN\u00famero total de puertos USB: 2<br \/>\nN\u00famero de puertos Ethernet: 1<br \/>\nMemoria<br \/>\nN\u00famero de ranuras de memoria ocupadas: 2.0<br \/>\nMemoria Total del Sistema Instalada: 16GB<br \/>\nTecnolog\u00eda de memoria del sistema: DDR4 SDRAM<br \/>\nConfiguraci\u00f3n de memoria de ranura instalada: 2 x 8GB<br \/>\nPantalla y gr\u00e1ficos<br \/>\nResoluci\u00f3n de la Pantalla: 1920 x 1080<br \/>\nTama\u00f1o de Pantalla: 35.6cm (14&#8243;)<br \/>\nModo de Pantalla: Full HD<br \/>\nPantalla T\u00e1ctil: No<br \/>\n\u00cdndice de refresco est\u00e1ndar: 60Hz<br \/>\nFabricante de Controlador Gr\u00e1fico: Intel<br \/>\nTecnolog\u00eda de Memoria de Gr\u00e1ficos: DDR4 SDRAM<br \/>\nAccesibilidad de Memoria Gr\u00e1fica: Compartido<br \/>\nTecnolog\u00eda de Pantalla: Tecnolog\u00eda conmutaci\u00f3n en el mismo plano (In-plane Switching, IPS)<br \/>\nProcesador<br \/>\nTipo de Procesador: Core i7<br \/>\nModelo de Procesador: i7-1355U<br \/>\nN\u00facleo del Procesador: Deca-core (10 Core)<br \/>\nFabricante de Procesador: Intel<br \/>\nTecnolog\u00eda vPro: No<br \/>\nVelocidad Turbo M\u00e1xima: 5GHz<br \/>\nGeneraci\u00f3n del procesor: 13a Gen<br \/>\nRedes y Comunicaciones<br \/>\nBluetooth: S\u00ed<br \/>\nLAN inal\u00e1mbrica: S\u00ed<br \/>\nCompatibilidad con WWAN: No<br \/>\nEst\u00e1dar LAN sin Cable: IEEE 802.11ax<br \/>\nTecnolog\u00eda Ethernet: Ethernet<br \/>\nSistema Operativo<br \/>\nSistema Operativo: Windows 11 Pro<br \/>\nPlataforma del sistema operativo: Windows<br \/>\nIdioma del Sistema Operativo: Ingl\u00e9s\/Espa\u00f1ol\/Franc\u00e9s\/Portugu\u00e9s Brasile\u00f1o<\/p>\n","protected":false},"excerpt":{"rendered":"<p>Producto original.<\/p>\n<div id=\"gtx-trans\" style=\"position: absolute;left: -10px;top: -3px\">\n<div class=\"gtx-trans-icon\">\u00a0<\/div>\n<\/div>\n","protected":false},"featured_media":1130,"comment_status":"open","ping_status":"closed","template":"","meta":{"site-sidebar-layout":"default","site-content-layout":"","ast-site-content-layout":"default","site-content-style":"default","site-sidebar-style":"default","ast-global-header-display":"","ast-banner-title-visibility":"","ast-main-header-display":"","ast-hfb-above-header-display":"","ast-hfb-below-header-display":"","ast-hfb-mobile-header-display":"","site-post-title":"","ast-breadcrumbs-content":"","ast-featured-img":"","footer-sml-layout":"","ast-disable-related-posts":"","theme-transparent-header-meta":"default","adv-header-id-meta":"","stick-header-meta":"default","header-above-stick-meta":"","header-main-stick-meta":"","header-below-stick-meta":"","astra-migrate-meta-layouts":"set","ast-page-background-enabled":"default","ast-page-background-meta":{"desktop":{"background-color":"var(--ast-global-color-4)","background-image":"","background-repeat":"repeat","background-position":"center center","background-size":"auto","background-attachment":"scroll","background-type":"","background-media":"","overlay-type":"","overlay-color":"","overlay-opacity":"","overlay-gradient":""},"tablet":{"background-color":"","background-image":"","background-repeat":"repeat","background-position":"center center","background-size":"auto","background-attachment":"scroll","background-type":"","background-media":"","overlay-type":"","overlay-color":"","overlay-opacity":"","overlay-gradient":""},"mobile":{"background-color":"","background-image":"","background-repeat":"repeat","background-position":"center center","background-size":"auto","background-attachment":"scroll","background-type":"","background-media":"","overlay-type":"","overlay-color":"","overlay-opacity":"","overlay-gradient":""}},"ast-content-background-meta":{"desktop":{"background-color":"var(--ast-global-color-5)","background-image":"","background-repeat":"repeat","background-position":"center center","background-size":"auto","background-attachment":"scroll","background-type":"","background-media":"","overlay-type":"","overlay-color":"","overlay-opacity":"","overlay-gradient":""},"tablet":{"background-color":"var(--ast-global-color-5)","background-image":"","background-repeat":"repeat","background-position":"center center","background-size":"auto","background-attachment":"scroll","background-type":"","background-media":"","overlay-type":"","overlay-color":"","overlay-opacity":"","overlay-gradient":""},"mobile":{"background-color":"var(--ast-global-color-5)","background-image":"","background-repeat":"repeat","background-position":"center center","background-size":"auto","background-attachment":"scroll","background-type":"","background-media":"","overlay-type":"","overlay-color":"","overlay-opacity":"","overlay-gradient":""}}},"product_brand":[972],"product_cat":[54,102],"product_tag":[363,364,273],"class_list":{"0":"post-1129","1":"product","2":"type-product","3":"status-publish","4":"has-post-thumbnail","6":"product_brand-dell","7":"product_cat-computadores","8":"product_cat-notebooks","9":"product_tag-dell","10":"product_tag-k94ck","11":"product_tag-notebook","12":"desktop-align-left","13":"tablet-align-left","14":"mobile-align-left","15":"ast-product-gallery-layout-horizontal-slider","16":"ast-product-gallery-with-no-image","17":"ast-magnify-disabled","18":"ast-product-tabs-layout-horizontal","19":"ast-qv-on-image","21":"first","22":"outofstock","23":"sale","24":"taxable","25":"shipping-taxable","26":"purchasable","27":"product-type-simple"},"yoast_head":"<!-- This site is optimized with the Yoast SEO plugin v27.5 - https:\/\/yoast.com\/product\/yoast-seo-wordpress\/ -->\n<title>NOTEBOOK DELL LATITUDE 5440 Procesador i7-1355U K94CK - CLIE LIMITADA<\/title>\n<meta name=\"robots\" content=\"index, follow, max-snippet:-1, max-image-preview:large, max-video-preview:-1\" \/>\n<link rel=\"canonical\" href=\"https:\/\/www.clie.cl\/producto\/notebook-dell-latitude-5440-procesador-i7-1355u-k94ck\/\" \/>\n<meta property=\"og:locale\" content=\"es_ES\" \/>\n<meta property=\"og:type\" content=\"article\" \/>\n<meta property=\"og:title\" content=\"NOTEBOOK DELL LATITUDE 5440 Procesador i7-1355U K94CK - CLIE LIMITADA\" \/>\n<meta property=\"og:description\" content=\"Producto original.\u00a0\" \/>\n<meta property=\"og:url\" content=\"https:\/\/www.clie.cl\/producto\/notebook-dell-latitude-5440-procesador-i7-1355u-k94ck\/\" \/>\n<meta property=\"og:site_name\" content=\"CLIE LIMITADA\" \/>\n<meta property=\"article:modified_time\" content=\"2025-07-10T04:25:09+00:00\" \/>\n<meta property=\"og:image\" content=\"https:\/\/www.clie.cl\/wp-content\/uploads\/2023\/11\/K94CK.jpg\" \/>\n\t<meta property=\"og:image:width\" content=\"600\" \/>\n\t<meta property=\"og:image:height\" content=\"600\" \/>\n\t<meta property=\"og:image:type\" content=\"image\/jpeg\" \/>\n<meta name=\"twitter:card\" content=\"summary_large_image\" \/>\n<meta name=\"twitter:label1\" content=\"Tiempo de lectura\" \/>\n\t<meta name=\"twitter:data1\" content=\"3 minutos\" \/>\n<script type=\"application\/ld+json\" class=\"yoast-schema-graph\">{\"@context\":\"https:\\\/\\\/schema.org\",\"@graph\":[{\"@type\":\"WebPage\",\"@id\":\"https:\\\/\\\/www.clie.cl\\\/producto\\\/notebook-dell-latitude-5440-procesador-i7-1355u-k94ck\\\/\",\"url\":\"https:\\\/\\\/www.clie.cl\\\/producto\\\/notebook-dell-latitude-5440-procesador-i7-1355u-k94ck\\\/\",\"name\":\"NOTEBOOK DELL LATITUDE 5440 Procesador i7-1355U K94CK - CLIE LIMITADA\",\"isPartOf\":{\"@id\":\"https:\\\/\\\/www.clie.cl\\\/#website\"},\"primaryImageOfPage\":{\"@id\":\"https:\\\/\\\/www.clie.cl\\\/producto\\\/notebook-dell-latitude-5440-procesador-i7-1355u-k94ck\\\/#primaryimage\"},\"image\":{\"@id\":\"https:\\\/\\\/www.clie.cl\\\/producto\\\/notebook-dell-latitude-5440-procesador-i7-1355u-k94ck\\\/#primaryimage\"},\"thumbnailUrl\":\"https:\\\/\\\/www.clie.cl\\\/wp-content\\\/uploads\\\/2023\\\/11\\\/K94CK.jpg\",\"datePublished\":\"2023-11-20T15:26:38+00:00\",\"dateModified\":\"2025-07-10T04:25:09+00:00\",\"breadcrumb\":{\"@id\":\"https:\\\/\\\/www.clie.cl\\\/producto\\\/notebook-dell-latitude-5440-procesador-i7-1355u-k94ck\\\/#breadcrumb\"},\"inLanguage\":\"es\",\"potentialAction\":[{\"@type\":\"ReadAction\",\"target\":[\"https:\\\/\\\/www.clie.cl\\\/producto\\\/notebook-dell-latitude-5440-procesador-i7-1355u-k94ck\\\/\"]}]},{\"@type\":\"ImageObject\",\"inLanguage\":\"es\",\"@id\":\"https:\\\/\\\/www.clie.cl\\\/producto\\\/notebook-dell-latitude-5440-procesador-i7-1355u-k94ck\\\/#primaryimage\",\"url\":\"https:\\\/\\\/www.clie.cl\\\/wp-content\\\/uploads\\\/2023\\\/11\\\/K94CK.jpg\",\"contentUrl\":\"https:\\\/\\\/www.clie.cl\\\/wp-content\\\/uploads\\\/2023\\\/11\\\/K94CK.jpg\",\"width\":600,\"height\":600},{\"@type\":\"BreadcrumbList\",\"@id\":\"https:\\\/\\\/www.clie.cl\\\/producto\\\/notebook-dell-latitude-5440-procesador-i7-1355u-k94ck\\\/#breadcrumb\",\"itemListElement\":[{\"@type\":\"ListItem\",\"position\":1,\"name\":\"Portada\",\"item\":\"https:\\\/\\\/www.clie.cl\\\/\"},{\"@type\":\"ListItem\",\"position\":2,\"name\":\"Productos\",\"item\":\"https:\\\/\\\/www.clie.cl\\\/index.php\\\/shop\\\/\"},{\"@type\":\"ListItem\",\"position\":3,\"name\":\"NOTEBOOK DELL LATITUDE 5440 Procesador i7-1355U K94CK\"}]},{\"@type\":\"WebSite\",\"@id\":\"https:\\\/\\\/www.clie.cl\\\/#website\",\"url\":\"https:\\\/\\\/www.clie.cl\\\/\",\"name\":\"CLIE.cl\",\"description\":\"Clie Limitada\",\"publisher\":{\"@id\":\"https:\\\/\\\/www.clie.cl\\\/#organization\"},\"alternateName\":\"CLIE\",\"potentialAction\":[{\"@type\":\"SearchAction\",\"target\":{\"@type\":\"EntryPoint\",\"urlTemplate\":\"https:\\\/\\\/www.clie.cl\\\/?s={search_term_string}\"},\"query-input\":{\"@type\":\"PropertyValueSpecification\",\"valueRequired\":true,\"valueName\":\"search_term_string\"}}],\"inLanguage\":\"es\"},{\"@type\":\"Organization\",\"@id\":\"https:\\\/\\\/www.clie.cl\\\/#organization\",\"name\":\"CLIE LIMITADA\",\"url\":\"https:\\\/\\\/www.clie.cl\\\/\",\"logo\":{\"@type\":\"ImageObject\",\"inLanguage\":\"es\",\"@id\":\"https:\\\/\\\/www.clie.cl\\\/#\\\/schema\\\/logo\\\/image\\\/\",\"url\":\"https:\\\/\\\/www.clie.cl\\\/wp-content\\\/uploads\\\/2023\\\/10\\\/logo_clie_front_web_2023.png\",\"contentUrl\":\"https:\\\/\\\/www.clie.cl\\\/wp-content\\\/uploads\\\/2023\\\/10\\\/logo_clie_front_web_2023.png\",\"width\":139,\"height\":118,\"caption\":\"CLIE LIMITADA\"},\"image\":{\"@id\":\"https:\\\/\\\/www.clie.cl\\\/#\\\/schema\\\/logo\\\/image\\\/\"}}]}<\/script>\n<!-- \/ Yoast SEO plugin. -->","yoast_head_json":{"title":"NOTEBOOK DELL LATITUDE 5440 Procesador i7-1355U K94CK - CLIE LIMITADA","robots":{"index":"index","follow":"follow","max-snippet":"max-snippet:-1","max-image-preview":"max-image-preview:large","max-video-preview":"max-video-preview:-1"},"canonical":"https:\/\/www.clie.cl\/producto\/notebook-dell-latitude-5440-procesador-i7-1355u-k94ck\/","og_locale":"es_ES","og_type":"article","og_title":"NOTEBOOK DELL LATITUDE 5440 Procesador i7-1355U K94CK - CLIE LIMITADA","og_description":"Producto original.\u00a0","og_url":"https:\/\/www.clie.cl\/producto\/notebook-dell-latitude-5440-procesador-i7-1355u-k94ck\/","og_site_name":"CLIE LIMITADA","article_modified_time":"2025-07-10T04:25:09+00:00","og_image":[{"width":600,"height":600,"url":"https:\/\/www.clie.cl\/wp-content\/uploads\/2023\/11\/K94CK.jpg","type":"image\/jpeg"}],"twitter_card":"summary_large_image","twitter_misc":{"Tiempo de lectura":"3 minutos"},"schema":{"@context":"https:\/\/schema.org","@graph":[{"@type":"WebPage","@id":"https:\/\/www.clie.cl\/producto\/notebook-dell-latitude-5440-procesador-i7-1355u-k94ck\/","url":"https:\/\/www.clie.cl\/producto\/notebook-dell-latitude-5440-procesador-i7-1355u-k94ck\/","name":"NOTEBOOK DELL LATITUDE 5440 Procesador i7-1355U K94CK - CLIE LIMITADA","isPartOf":{"@id":"https:\/\/www.clie.cl\/#website"},"primaryImageOfPage":{"@id":"https:\/\/www.clie.cl\/producto\/notebook-dell-latitude-5440-procesador-i7-1355u-k94ck\/#primaryimage"},"image":{"@id":"https:\/\/www.clie.cl\/producto\/notebook-dell-latitude-5440-procesador-i7-1355u-k94ck\/#primaryimage"},"thumbnailUrl":"https:\/\/www.clie.cl\/wp-content\/uploads\/2023\/11\/K94CK.jpg","datePublished":"2023-11-20T15:26:38+00:00","dateModified":"2025-07-10T04:25:09+00:00","breadcrumb":{"@id":"https:\/\/www.clie.cl\/producto\/notebook-dell-latitude-5440-procesador-i7-1355u-k94ck\/#breadcrumb"},"inLanguage":"es","potentialAction":[{"@type":"ReadAction","target":["https:\/\/www.clie.cl\/producto\/notebook-dell-latitude-5440-procesador-i7-1355u-k94ck\/"]}]},{"@type":"ImageObject","inLanguage":"es","@id":"https:\/\/www.clie.cl\/producto\/notebook-dell-latitude-5440-procesador-i7-1355u-k94ck\/#primaryimage","url":"https:\/\/www.clie.cl\/wp-content\/uploads\/2023\/11\/K94CK.jpg","contentUrl":"https:\/\/www.clie.cl\/wp-content\/uploads\/2023\/11\/K94CK.jpg","width":600,"height":600},{"@type":"BreadcrumbList","@id":"https:\/\/www.clie.cl\/producto\/notebook-dell-latitude-5440-procesador-i7-1355u-k94ck\/#breadcrumb","itemListElement":[{"@type":"ListItem","position":1,"name":"Portada","item":"https:\/\/www.clie.cl\/"},{"@type":"ListItem","position":2,"name":"Productos","item":"https:\/\/www.clie.cl\/index.php\/shop\/"},{"@type":"ListItem","position":3,"name":"NOTEBOOK DELL LATITUDE 5440 Procesador i7-1355U K94CK"}]},{"@type":"WebSite","@id":"https:\/\/www.clie.cl\/#website","url":"https:\/\/www.clie.cl\/","name":"CLIE.cl","description":"Clie Limitada","publisher":{"@id":"https:\/\/www.clie.cl\/#organization"},"alternateName":"CLIE","potentialAction":[{"@type":"SearchAction","target":{"@type":"EntryPoint","urlTemplate":"https:\/\/www.clie.cl\/?s={search_term_string}"},"query-input":{"@type":"PropertyValueSpecification","valueRequired":true,"valueName":"search_term_string"}}],"inLanguage":"es"},{"@type":"Organization","@id":"https:\/\/www.clie.cl\/#organization","name":"CLIE LIMITADA","url":"https:\/\/www.clie.cl\/","logo":{"@type":"ImageObject","inLanguage":"es","@id":"https:\/\/www.clie.cl\/#\/schema\/logo\/image\/","url":"https:\/\/www.clie.cl\/wp-content\/uploads\/2023\/10\/logo_clie_front_web_2023.png","contentUrl":"https:\/\/www.clie.cl\/wp-content\/uploads\/2023\/10\/logo_clie_front_web_2023.png","width":139,"height":118,"caption":"CLIE LIMITADA"},"image":{"@id":"https:\/\/www.clie.cl\/#\/schema\/logo\/image\/"}}]}},"_links":{"self":[{"href":"https:\/\/www.clie.cl\/wp-json\/wp\/v2\/product\/1129","targetHints":{"allow":["GET"]}}],"collection":[{"href":"https:\/\/www.clie.cl\/wp-json\/wp\/v2\/product"}],"about":[{"href":"https:\/\/www.clie.cl\/wp-json\/wp\/v2\/types\/product"}],"replies":[{"embeddable":true,"href":"https:\/\/www.clie.cl\/wp-json\/wp\/v2\/comments?post=1129"}],"wp:featuredmedia":[{"embeddable":true,"href":"https:\/\/www.clie.cl\/wp-json\/wp\/v2\/media\/1130"}],"wp:attachment":[{"href":"https:\/\/www.clie.cl\/wp-json\/wp\/v2\/media?parent=1129"}],"wp:term":[{"taxonomy":"product_brand","embeddable":true,"href":"https:\/\/www.clie.cl\/wp-json\/wp\/v2\/product_brand?post=1129"},{"taxonomy":"product_cat","embeddable":true,"href":"https:\/\/www.clie.cl\/wp-json\/wp\/v2\/product_cat?post=1129"},{"taxonomy":"product_tag","embeddable":true,"href":"https:\/\/www.clie.cl\/wp-json\/wp\/v2\/product_tag?post=1129"}],"curies":[{"name":"wp","href":"https:\/\/api.w.org\/{rel}","templated":true}]}}