{"id":112,"date":"2023-11-01T18:37:29","date_gmt":"2023-11-01T18:37:29","guid":{"rendered":"https:\/\/clie.cl\/?post_type=product&#038;p=112"},"modified":"2026-05-06T21:27:18","modified_gmt":"2026-05-07T01:27:18","slug":"multifuncional-epson-l8180-a3","status":"publish","type":"product","link":"https:\/\/www.clie.cl\/index.php\/producto\/multifuncional-epson-l8180-a3\/","title":{"rendered":"Multifuncional Epson L8180 A3"},"content":{"rendered":"<p>Multifuncional Epson L8180 A3<\/p>\n<p>Antes de realizar la compra por favor revise el PDF: <a href=\"http:\/\/clie.cl\/wp-content\/uploads\/2023\/11\/L8180.pdf\" target=\"Blank\" rel=\"noopener\">L8180<\/a><\/p>\n<p>SCANEO:<br \/>\nArea M\u00e1xima de Escaneo cama Plana: 215,9 mm x 355,6 mm (21cms x 35cms)<\/p>\n<div class=\"description\">\n<ul>\n<li><strong>Excelente calidad de impresi\u00f3n:<\/strong> ofrece un rendimiento superior de fotograf\u00edas en color y en blanco y negro y textos de alta calidad gracias a las 6 tintas Claria ET, que incluyen gris y negro pigmentado.<\/li>\n<li><strong>Vers\u00e1til 3 en 1:<\/strong> imprime hasta A3 +, copia y escanea hasta Oficio con conectividad Wi-Fi 4 + Ethernet 10\/100 e impresi\u00f3n m\u00f3vil<\/li>\n<li><strong>Creatividad mejorada:<\/strong> maneja una variedad de medios con fuentes de medios de 5 v\u00edas, incluido el de paso directo para imprimir en medios gruesos de hasta 1,3 mm<\/li>\n<li><strong>Alta productividad:<\/strong> altas velocidades de impresi\u00f3n, d\u00faplex autom\u00e1tico (A4 \/ Carta) y rendimiento de hasta 2.300 fotos con botellas de repuesto de bajo costo<sup>9<\/sup>.<\/li>\n<li><strong>F\u00e1cil de conectar y compartir:<\/strong> con Wi-Fi 4, Wi-Fi Direct, Ethernet 10\/100 e impresi\u00f3n m\u00f3vil (Apple Airprint, Mopria, impresi\u00f3n desde Chromebook)<\/li>\n<li><strong>Cuenta con 5 entradas de papel:<\/strong> 2 bandejas frontales, incluida una bandeja de fotograf\u00edas dedicada de hasta 5 x 7&#8243;, CD \/ DVD, alimentaci\u00f3n de papel posterior (A3 +) y nuevo paso directo para imprimir papeles gruesos de hasta 1,3 mm<\/li>\n<li><strong>Alta productividad:<\/strong> velocidades m\u00e1ximas de impresi\u00f3n de hasta 32 ppm en negro y color y 25 segundos para imprimir una foto de 4&#215;6 en calidad est\u00e1ndar, con impresi\u00f3n autom\u00e1tica a doble cara (A4 \/ Carta)<\/li>\n<li><strong>Compatible con la nueva aplicaci\u00f3n Epson Smart Panel:<\/strong> para configurar y operar intuitivamente tu impresora, liberando todo su potencial desde la comodidad de tu dispositivo inteligente<\/li>\n<li><strong>Garant\u00eda limitada y extendida de 2 a\u00f1os con registro<\/strong><\/li>\n<\/ul>\n<p><strong>Tecnolog\u00eda de Impresi\u00f3n:<\/strong>Tecnolog\u00eda de inyecci\u00f3n de tinta MicroPiezo\u00ae Heat Free de 6 colores optimizada para impresi\u00f3n de fotograf\u00edas<br \/>\n<strong>Resoluci\u00f3n M\u00e1xima de Impresi\u00f3n:<\/strong>Hasta 5.760 dpi x 1.440 dpi de resoluci\u00f3n optimizada en varios tipos de papel<br \/>\n<strong>Velocidad de Impresi\u00f3n ISO:<\/strong>S\u00edmplex: negro 16 ppm y color 12 ppm (A4\/carta)<br \/>\n<strong>\u00c1rea M\u00e1xima de Impresi\u00f3n:<\/strong>329 mm x 2.000 mm (ancho x largo)<br \/>\n<strong>Velocidad de Impresi\u00f3n:<\/strong>S\u00edmplex: negro 32 ppm y color 32 ppm (borrador, A4\/carta). Fotos a color 4&#8243; x 6&#8243; (10 cm x 15 cm): 15 segundos (borrador)<br \/>\n<strong>Tama\u00f1o M\u00ednimo de la Gota de Tinta:<\/strong>1,5 picolitros<br \/>\n<strong>Tiempo de salida de la primera p\u00e1gina:<\/strong>Aprox. 9 segundos negro\/15 segundos color (A4\/carta)<\/p>\n<p><strong>Sistemas de Operaci\u00f3n:<\/strong>Windows Vista\u00ae\/7\/8\/8.1\/10 (32bit, 64bit), Windows Server\u00ae 2003 (SP2) o m\u00e1s reciente, Mac OS X\u00ae 10.7.5 o m\u00e1s reciente<br \/>\n<strong>Dimensiones:<\/strong>523 mm x 379 mm x 169 mm<br \/>\n<strong>Peso:<\/strong>11,1 kg<br \/>\n<strong>Pa\u00eds de Origen:<\/strong>Indonesia<br \/>\n<strong>Garant\u00eda:<\/strong>2 a\u00f1os con registro del producto<\/p>\n<p><strong>Conectividad Est\u00e1ndar:<\/strong>USB de alta velocidad (compatible con USB 2.0), Ethernet 10\/100 , Wi-Fi 4 (IEEE 802.11 b\/g\/n), Wi-Fi Direct\u00ae4 PictBridge<br \/>\n<strong>Tarjetas de Memoria Soportadas:<\/strong>Tarjeta SD<br \/>\n<strong>Protocolos de Impresi\u00f3n en Red:<\/strong>TCPP\/IPv4, TCP\/IPv6 y LDP, IPP, PORT9100, WSD<br \/>\n<strong>Protocolos de Manejo de Red:<\/strong>SNMP, HTTP, DHCP, BOOTP, APIPA, PING, DDNS, mDNS, SLP, WSD, LLTD<br \/>\n<strong>Seguridad WLAN:<\/strong>WEP (64-bit\/128-bit), WPA-PSK (TKIP), WPA2-PSK (AES), WPA3-SAE(AES)<\/p>\n<h4><strong>Impresi\u00f3n desde Dispositivos M\u00f3viles:<\/strong><\/h4>\n<hr \/>\n<p><strong>Epson Connect:<\/strong>Epson Smart Panel\u2122 App (iOSTM, Android\u2122), Epson Email Print\u00ae, Remote Print Driver<br \/>\n<strong>Otros:<\/strong>Apple AirPrint\u00ae, Chromebook Native Print, Mopria Print Service\u2122<\/p>\n<h4><strong>Manejo de Papel:<\/strong><\/h4>\n<hr \/>\n<p><strong>Soporte de Papel:<\/strong>A3+, A3, 11&#8243; x 17&#8243; (279 mm x 431,8 mm), 11&#8243; x 14&#8243; (279 mm x 355,6 mm), A4, carta, oficio (215,9 mm x 355,6 mm), oficio M\u00e9xico (215,9 mm x 340,4 mm), oficio (214,9 mm x 315 mm), 4&#8243; x 6&#8243; (10 cm x 15 cm), 5&#8243; x 7&#8243; (13 cm x 18 cm), 8&#8243; x 10&#8243; (10 cm x 25,4 cm), media carta, 8,5&#8243; x 13&#8243; (215,9 mm x 330,2 mm), A6, ejecutivo (184,2 mm x 266,7 mm), definido por usuario (54&#8243; x 86&#8243; hasta 329 mm x 2.000 mm)<br \/>\n<strong>Tipos de Papel:<\/strong>Papel normal, Bright White Paper, Presentation Paper Matte, Premium Presentation Paper Matte, Premium Presentation Paper Matte Double-Sided, Velvet Fine Art Paper, Premium Photo Paper Glossy, Premium Photo Paper Semi-gloss, Photo Paper Glossy, Ultra Premium Photo Paper Glossy, Value Glossy Photo Paper, Ultra Premium Photo Paper Luster, High Quality Ink Jet Paper, Iron-On Cool Peel Transfer, sobres<br \/>\n<strong>Tama\u00f1os sin M\u00e1rgenes:<\/strong>A3+, A3, A4, carta, oficio (215,9 mm x 355,6 mm), 11&#8243; x 17&#8243;, 11&#8243; x 14&#8243;, 8&#8243; x 10&#8243;, 5&#8243; x 7&#8243;, 4&#8243; x 6&#8243;, definido por el usuario (54&#8243; x 86&#8243; &#8211; 329 mm x 2.000 mm)<br \/>\n<strong>Ancho M\u00e1ximo de Papel:<\/strong>Bandeja frontal 1: 215,9 mm x 297 mm<br \/>\nBandeja frontal 2: 5&#8243; x 7&#8243; (13 cm x 18 cm)<br \/>\nAlimentaci\u00f3n trasera: 329 mm x 2.000 mm<br \/>\nAlimentaci\u00f3n de paso directo: 329 x 2.000 mm<br \/>\n<strong>Tipos de Sobres:<\/strong>N\u00ba 10 (10,5 cm x 24,1 cm)<br \/>\n<strong>Peso del Papel:<\/strong>Papel normal: 64 g\/m\u00b2 ~ 90 g\/m\u00b2 papel fotogr\u00e1fico: 102 g\/m\u00b2 ~ 300 g\/m\u00b2. Alimentaci\u00f3n de paso directo: 70 g\/m\u00b2 ~ 500 g\/m2 o 1,3 m<strong><br \/>\nCapacidad de Entrada de Papel:<\/strong>Bandeja frontal 1: hasta 100 hojas (A4\/LTR\/LGL); bandeja frontal 2: hasta 20 fotos (hasta 5&#8243; x 7&#8243;); alimentaci\u00f3n trasera: hasta 50 hojas (hasta A3+) papel normal y bond o 5 hojas en papel fotogr\u00e1fico. Alimentaci\u00f3n de paso directo: hasta 1 hoja, tama\u00f1o definido por el usuario (54&#8243; x 86&#8243; hasta 329 mm x 2.000 mm), bandeja para impresi\u00f3n de CD &amp; DVD<\/p>\n<h4><strong>Detalles de la Impresora:<\/strong><\/h4>\n<hr \/>\n<p><strong>Pantalla:<\/strong>4,3&#8243; t\u00e1ctil a color<br \/>\n<strong>Software Incluido:<\/strong>CD: Printer Driver, Epson Scan 2, Epson ScanSmart. Descarga Web: Epson Photo+ Epson Print Layout, Printer Driver Mac OS<\/p>\n<h4><strong>Energ\u00eda:<\/strong><\/h4>\n<hr \/>\n<p><strong>Voltaje Nominal:<\/strong>AC 100V &#8211; 120 V<br \/>\n<strong>Frecuencia Nominal:<\/strong>50 Hz &#8211; 60 Hz<br \/>\n<strong>Consumo de Energ\u00eda:<\/strong>17 W (en modo operaci\u00f3n)<\/p>\n<\/div>\n<p>010343963252<br \/>\n<span id=\"ctl00_PlaceHolderMain_pdTopControl_uc_ProductDetailsVPNSummaryControl_lab_VPN\">VPN<\/span><span id=\"ctl00_PlaceHolderMain_pdTopControl_uc_ProductDetailsVPNSummaryControl_lab_VPNValue\">: C11CJ21303<\/span><\/p>\n","protected":false},"excerpt":{"rendered":"<p>Producto original.<\/p>\n<div id=\"gtx-trans\" style=\"position: absolute;left: -55px;top: 45px\">\n<div class=\"gtx-trans-icon\">\u00a0<\/div>\n<\/div>\n","protected":false},"featured_media":114,"comment_status":"open","ping_status":"closed","template":"","meta":{"site-sidebar-layout":"default","site-content-layout":"","ast-site-content-layout":"default","site-content-style":"default","site-sidebar-style":"default","ast-global-header-display":"","ast-banner-title-visibility":"","ast-main-header-display":"","ast-hfb-above-header-display":"","ast-hfb-below-header-display":"","ast-hfb-mobile-header-display":"","site-post-title":"","ast-breadcrumbs-content":"","ast-featured-img":"","footer-sml-layout":"","ast-disable-related-posts":"","theme-transparent-header-meta":"default","adv-header-id-meta":"","stick-header-meta":"default","header-above-stick-meta":"","header-main-stick-meta":"","header-below-stick-meta":"","astra-migrate-meta-layouts":"set","ast-page-background-enabled":"default","ast-page-background-meta":{"desktop":{"background-color":"var(--ast-global-color-4)","background-image":"","background-repeat":"repeat","background-position":"center center","background-size":"auto","background-attachment":"scroll","background-type":"","background-media":"","overlay-type":"","overlay-color":"","overlay-opacity":"","overlay-gradient":""},"tablet":{"background-color":"","background-image":"","background-repeat":"repeat","background-position":"center center","background-size":"auto","background-attachment":"scroll","background-type":"","background-media":"","overlay-type":"","overlay-color":"","overlay-opacity":"","overlay-gradient":""},"mobile":{"background-color":"","background-image":"","background-repeat":"repeat","background-position":"center center","background-size":"auto","background-attachment":"scroll","background-type":"","background-media":"","overlay-type":"","overlay-color":"","overlay-opacity":"","overlay-gradient":""}},"ast-content-background-meta":{"desktop":{"background-color":"var(--ast-global-color-5)","background-image":"","background-repeat":"repeat","background-position":"center center","background-size":"auto","background-attachment":"scroll","background-type":"","background-media":"","overlay-type":"","overlay-color":"","overlay-opacity":"","overlay-gradient":""},"tablet":{"background-color":"var(--ast-global-color-5)","background-image":"","background-repeat":"repeat","background-position":"center center","background-size":"auto","background-attachment":"scroll","background-type":"","background-media":"","overlay-type":"","overlay-color":"","overlay-opacity":"","overlay-gradient":""},"mobile":{"background-color":"var(--ast-global-color-5)","background-image":"","background-repeat":"repeat","background-position":"center center","background-size":"auto","background-attachment":"scroll","background-type":"","background-media":"","overlay-type":"","overlay-color":"","overlay-opacity":"","overlay-gradient":""}}},"product_brand":[968],"product_cat":[21,46],"product_tag":[170,169],"class_list":{"0":"post-112","1":"product","2":"type-product","3":"status-publish","4":"has-post-thumbnail","6":"product_brand-epson","7":"product_cat-impresoras","8":"product_cat-multifuncional-a3","9":"product_tag-170","10":"product_tag-l8180","11":"desktop-align-left","12":"tablet-align-left","13":"mobile-align-left","14":"ast-product-gallery-layout-horizontal-slider","15":"ast-magnify-disabled","16":"ast-product-tabs-layout-horizontal","17":"ast-qv-on-image","19":"first","20":"instock","21":"sale","22":"taxable","23":"shipping-taxable","24":"purchasable","25":"product-type-simple"},"yoast_head":"<!-- This site is optimized with the Yoast SEO plugin v27.5 - https:\/\/yoast.com\/product\/yoast-seo-wordpress\/ -->\n<title>Multifuncional Epson L8180 A3 - CLIE LIMITADA<\/title>\n<meta name=\"description\" content=\"&quot;Descubre la Impresora Multifuncional Epson L8180 A3, perfecta para impresiones de gran formato con calidad profesional. Ideal para fot\u00f3grafos y creativos, ofrece impresi\u00f3n, escaneo y copiado en un solo dispositivo. \u00a1Obt\u00e9n resultados excepcionales con la tecnolog\u00eda de tinta Epson!&quot;\" \/>\n<meta name=\"robots\" content=\"index, follow, max-snippet:-1, max-image-preview:large, max-video-preview:-1\" \/>\n<link rel=\"canonical\" href=\"https:\/\/www.clie.cl\/index.php\/producto\/multifuncional-epson-l8180-a3\/\" \/>\n<meta property=\"og:locale\" content=\"es_ES\" \/>\n<meta property=\"og:type\" content=\"article\" \/>\n<meta property=\"og:title\" content=\"Multifuncional Epson L8180 A3 - CLIE LIMITADA\" \/>\n<meta property=\"og:description\" content=\"&quot;Descubre la Impresora Multifuncional Epson L8180 A3, perfecta para impresiones de gran formato con calidad profesional. Ideal para fot\u00f3grafos y creativos, ofrece impresi\u00f3n, escaneo y copiado en un solo dispositivo. \u00a1Obt\u00e9n resultados excepcionales con la tecnolog\u00eda de tinta Epson!&quot;\" \/>\n<meta property=\"og:url\" content=\"https:\/\/www.clie.cl\/index.php\/producto\/multifuncional-epson-l8180-a3\/\" \/>\n<meta property=\"og:site_name\" content=\"CLIE LIMITADA\" \/>\n<meta property=\"article:modified_time\" content=\"2026-05-07T01:27:18+00:00\" \/>\n<meta property=\"og:image\" content=\"https:\/\/www.clie.cl\/wp-content\/uploads\/2023\/11\/L8180.jpg\" \/>\n\t<meta property=\"og:image:width\" content=\"600\" \/>\n\t<meta property=\"og:image:height\" content=\"600\" \/>\n\t<meta property=\"og:image:type\" content=\"image\/jpeg\" \/>\n<meta name=\"twitter:card\" content=\"summary_large_image\" \/>\n<meta name=\"twitter:label1\" content=\"Tiempo de lectura\" \/>\n\t<meta name=\"twitter:data1\" content=\"5 minutos\" \/>\n<script type=\"application\/ld+json\" class=\"yoast-schema-graph\">{\"@context\":\"https:\\\/\\\/schema.org\",\"@graph\":[{\"@type\":\"WebPage\",\"@id\":\"https:\\\/\\\/www.clie.cl\\\/index.php\\\/producto\\\/multifuncional-epson-l8180-a3\\\/\",\"url\":\"https:\\\/\\\/www.clie.cl\\\/index.php\\\/producto\\\/multifuncional-epson-l8180-a3\\\/\",\"name\":\"Multifuncional Epson L8180 A3 - CLIE LIMITADA\",\"isPartOf\":{\"@id\":\"https:\\\/\\\/www.clie.cl\\\/#website\"},\"primaryImageOfPage\":{\"@id\":\"https:\\\/\\\/www.clie.cl\\\/index.php\\\/producto\\\/multifuncional-epson-l8180-a3\\\/#primaryimage\"},\"image\":{\"@id\":\"https:\\\/\\\/www.clie.cl\\\/index.php\\\/producto\\\/multifuncional-epson-l8180-a3\\\/#primaryimage\"},\"thumbnailUrl\":\"https:\\\/\\\/www.clie.cl\\\/wp-content\\\/uploads\\\/2023\\\/11\\\/L8180.jpg\",\"datePublished\":\"2023-11-01T18:37:29+00:00\",\"dateModified\":\"2026-05-07T01:27:18+00:00\",\"description\":\"\\\"Descubre la Impresora Multifuncional Epson L8180 A3, perfecta para impresiones de gran formato con calidad profesional. Ideal para fot\u00f3grafos y creativos, ofrece impresi\u00f3n, escaneo y copiado en un solo dispositivo. \u00a1Obt\u00e9n resultados excepcionales con la tecnolog\u00eda de tinta Epson!\\\"\",\"breadcrumb\":{\"@id\":\"https:\\\/\\\/www.clie.cl\\\/index.php\\\/producto\\\/multifuncional-epson-l8180-a3\\\/#breadcrumb\"},\"inLanguage\":\"es\",\"potentialAction\":[{\"@type\":\"ReadAction\",\"target\":[\"https:\\\/\\\/www.clie.cl\\\/index.php\\\/producto\\\/multifuncional-epson-l8180-a3\\\/\"]}]},{\"@type\":\"ImageObject\",\"inLanguage\":\"es\",\"@id\":\"https:\\\/\\\/www.clie.cl\\\/index.php\\\/producto\\\/multifuncional-epson-l8180-a3\\\/#primaryimage\",\"url\":\"https:\\\/\\\/www.clie.cl\\\/wp-content\\\/uploads\\\/2023\\\/11\\\/L8180.jpg\",\"contentUrl\":\"https:\\\/\\\/www.clie.cl\\\/wp-content\\\/uploads\\\/2023\\\/11\\\/L8180.jpg\",\"width\":600,\"height\":600,\"caption\":\"L8180 clie.cl\"},{\"@type\":\"BreadcrumbList\",\"@id\":\"https:\\\/\\\/www.clie.cl\\\/index.php\\\/producto\\\/multifuncional-epson-l8180-a3\\\/#breadcrumb\",\"itemListElement\":[{\"@type\":\"ListItem\",\"position\":1,\"name\":\"Portada\",\"item\":\"https:\\\/\\\/www.clie.cl\\\/\"},{\"@type\":\"ListItem\",\"position\":2,\"name\":\"Productos\",\"item\":\"https:\\\/\\\/www.clie.cl\\\/index.php\\\/shop\\\/\"},{\"@type\":\"ListItem\",\"position\":3,\"name\":\"Multifuncional Epson L8180 A3\"}]},{\"@type\":\"WebSite\",\"@id\":\"https:\\\/\\\/www.clie.cl\\\/#website\",\"url\":\"https:\\\/\\\/www.clie.cl\\\/\",\"name\":\"CLIE.cl\",\"description\":\"Clie Limitada\",\"publisher\":{\"@id\":\"https:\\\/\\\/www.clie.cl\\\/#organization\"},\"alternateName\":\"CLIE\",\"potentialAction\":[{\"@type\":\"SearchAction\",\"target\":{\"@type\":\"EntryPoint\",\"urlTemplate\":\"https:\\\/\\\/www.clie.cl\\\/?s={search_term_string}\"},\"query-input\":{\"@type\":\"PropertyValueSpecification\",\"valueRequired\":true,\"valueName\":\"search_term_string\"}}],\"inLanguage\":\"es\"},{\"@type\":\"Organization\",\"@id\":\"https:\\\/\\\/www.clie.cl\\\/#organization\",\"name\":\"CLIE LIMITADA\",\"url\":\"https:\\\/\\\/www.clie.cl\\\/\",\"logo\":{\"@type\":\"ImageObject\",\"inLanguage\":\"es\",\"@id\":\"https:\\\/\\\/www.clie.cl\\\/#\\\/schema\\\/logo\\\/image\\\/\",\"url\":\"https:\\\/\\\/www.clie.cl\\\/wp-content\\\/uploads\\\/2023\\\/10\\\/logo_clie_front_web_2023.png\",\"contentUrl\":\"https:\\\/\\\/www.clie.cl\\\/wp-content\\\/uploads\\\/2023\\\/10\\\/logo_clie_front_web_2023.png\",\"width\":139,\"height\":118,\"caption\":\"CLIE LIMITADA\"},\"image\":{\"@id\":\"https:\\\/\\\/www.clie.cl\\\/#\\\/schema\\\/logo\\\/image\\\/\"}}]}<\/script>\n<!-- \/ Yoast SEO plugin. -->","yoast_head_json":{"title":"Multifuncional Epson L8180 A3 - CLIE LIMITADA","description":"\"Descubre la Impresora Multifuncional Epson L8180 A3, perfecta para impresiones de gran formato con calidad profesional. Ideal para fot\u00f3grafos y creativos, ofrece impresi\u00f3n, escaneo y copiado en un solo dispositivo. \u00a1Obt\u00e9n resultados excepcionales con la tecnolog\u00eda de tinta Epson!\"","robots":{"index":"index","follow":"follow","max-snippet":"max-snippet:-1","max-image-preview":"max-image-preview:large","max-video-preview":"max-video-preview:-1"},"canonical":"https:\/\/www.clie.cl\/index.php\/producto\/multifuncional-epson-l8180-a3\/","og_locale":"es_ES","og_type":"article","og_title":"Multifuncional Epson L8180 A3 - CLIE LIMITADA","og_description":"\"Descubre la Impresora Multifuncional Epson L8180 A3, perfecta para impresiones de gran formato con calidad profesional. Ideal para fot\u00f3grafos y creativos, ofrece impresi\u00f3n, escaneo y copiado en un solo dispositivo. \u00a1Obt\u00e9n resultados excepcionales con la tecnolog\u00eda de tinta Epson!\"","og_url":"https:\/\/www.clie.cl\/index.php\/producto\/multifuncional-epson-l8180-a3\/","og_site_name":"CLIE LIMITADA","article_modified_time":"2026-05-07T01:27:18+00:00","og_image":[{"width":600,"height":600,"url":"https:\/\/www.clie.cl\/wp-content\/uploads\/2023\/11\/L8180.jpg","type":"image\/jpeg"}],"twitter_card":"summary_large_image","twitter_misc":{"Tiempo de lectura":"5 minutos"},"schema":{"@context":"https:\/\/schema.org","@graph":[{"@type":"WebPage","@id":"https:\/\/www.clie.cl\/index.php\/producto\/multifuncional-epson-l8180-a3\/","url":"https:\/\/www.clie.cl\/index.php\/producto\/multifuncional-epson-l8180-a3\/","name":"Multifuncional Epson L8180 A3 - CLIE LIMITADA","isPartOf":{"@id":"https:\/\/www.clie.cl\/#website"},"primaryImageOfPage":{"@id":"https:\/\/www.clie.cl\/index.php\/producto\/multifuncional-epson-l8180-a3\/#primaryimage"},"image":{"@id":"https:\/\/www.clie.cl\/index.php\/producto\/multifuncional-epson-l8180-a3\/#primaryimage"},"thumbnailUrl":"https:\/\/www.clie.cl\/wp-content\/uploads\/2023\/11\/L8180.jpg","datePublished":"2023-11-01T18:37:29+00:00","dateModified":"2026-05-07T01:27:18+00:00","description":"\"Descubre la Impresora Multifuncional Epson L8180 A3, perfecta para impresiones de gran formato con calidad profesional. Ideal para fot\u00f3grafos y creativos, ofrece impresi\u00f3n, escaneo y copiado en un solo dispositivo. \u00a1Obt\u00e9n resultados excepcionales con la tecnolog\u00eda de tinta Epson!\"","breadcrumb":{"@id":"https:\/\/www.clie.cl\/index.php\/producto\/multifuncional-epson-l8180-a3\/#breadcrumb"},"inLanguage":"es","potentialAction":[{"@type":"ReadAction","target":["https:\/\/www.clie.cl\/index.php\/producto\/multifuncional-epson-l8180-a3\/"]}]},{"@type":"ImageObject","inLanguage":"es","@id":"https:\/\/www.clie.cl\/index.php\/producto\/multifuncional-epson-l8180-a3\/#primaryimage","url":"https:\/\/www.clie.cl\/wp-content\/uploads\/2023\/11\/L8180.jpg","contentUrl":"https:\/\/www.clie.cl\/wp-content\/uploads\/2023\/11\/L8180.jpg","width":600,"height":600,"caption":"L8180 clie.cl"},{"@type":"BreadcrumbList","@id":"https:\/\/www.clie.cl\/index.php\/producto\/multifuncional-epson-l8180-a3\/#breadcrumb","itemListElement":[{"@type":"ListItem","position":1,"name":"Portada","item":"https:\/\/www.clie.cl\/"},{"@type":"ListItem","position":2,"name":"Productos","item":"https:\/\/www.clie.cl\/index.php\/shop\/"},{"@type":"ListItem","position":3,"name":"Multifuncional Epson L8180 A3"}]},{"@type":"WebSite","@id":"https:\/\/www.clie.cl\/#website","url":"https:\/\/www.clie.cl\/","name":"CLIE.cl","description":"Clie Limitada","publisher":{"@id":"https:\/\/www.clie.cl\/#organization"},"alternateName":"CLIE","potentialAction":[{"@type":"SearchAction","target":{"@type":"EntryPoint","urlTemplate":"https:\/\/www.clie.cl\/?s={search_term_string}"},"query-input":{"@type":"PropertyValueSpecification","valueRequired":true,"valueName":"search_term_string"}}],"inLanguage":"es"},{"@type":"Organization","@id":"https:\/\/www.clie.cl\/#organization","name":"CLIE LIMITADA","url":"https:\/\/www.clie.cl\/","logo":{"@type":"ImageObject","inLanguage":"es","@id":"https:\/\/www.clie.cl\/#\/schema\/logo\/image\/","url":"https:\/\/www.clie.cl\/wp-content\/uploads\/2023\/10\/logo_clie_front_web_2023.png","contentUrl":"https:\/\/www.clie.cl\/wp-content\/uploads\/2023\/10\/logo_clie_front_web_2023.png","width":139,"height":118,"caption":"CLIE LIMITADA"},"image":{"@id":"https:\/\/www.clie.cl\/#\/schema\/logo\/image\/"}}]}},"_links":{"self":[{"href":"https:\/\/www.clie.cl\/index.php\/wp-json\/wp\/v2\/product\/112","targetHints":{"allow":["GET"]}}],"collection":[{"href":"https:\/\/www.clie.cl\/index.php\/wp-json\/wp\/v2\/product"}],"about":[{"href":"https:\/\/www.clie.cl\/index.php\/wp-json\/wp\/v2\/types\/product"}],"replies":[{"embeddable":true,"href":"https:\/\/www.clie.cl\/index.php\/wp-json\/wp\/v2\/comments?post=112"}],"wp:featuredmedia":[{"embeddable":true,"href":"https:\/\/www.clie.cl\/index.php\/wp-json\/wp\/v2\/media\/114"}],"wp:attachment":[{"href":"https:\/\/www.clie.cl\/index.php\/wp-json\/wp\/v2\/media?parent=112"}],"wp:term":[{"taxonomy":"product_brand","embeddable":true,"href":"https:\/\/www.clie.cl\/index.php\/wp-json\/wp\/v2\/product_brand?post=112"},{"taxonomy":"product_cat","embeddable":true,"href":"https:\/\/www.clie.cl\/index.php\/wp-json\/wp\/v2\/product_cat?post=112"},{"taxonomy":"product_tag","embeddable":true,"href":"https:\/\/www.clie.cl\/index.php\/wp-json\/wp\/v2\/product_tag?post=112"}],"curies":[{"name":"wp","href":"https:\/\/api.w.org\/{rel}","templated":true}]}}